{"id":1763,"date":"2025-03-14T08:29:35","date_gmt":"2025-03-14T08:29:35","guid":{"rendered":"https:\/\/www.mcallenflatware.com\/?post_type=product&#038;p=1763"},"modified":"2025-03-14T12:06:12","modified_gmt":"2025-03-14T12:06:12","slug":"wholesale-kids-cutlery-2","status":"publish","type":"product","link":"https:\/\/www.mcallenflatware.com\/es\/product\/wholesale-kids-cutlery-2\/","title":{"rendered":"Mayorista Cubiertos Infantiles con Mango de Silicona, Cuchillos Tenedores Cucharas Granel"},"content":{"rendered":"<h2 class=\"wp-block-heading\">Cubiertos para ni\u00f1os Caracter\u00edsticas:<\/h2>\n\n\n\n<div class=\"wp-block-columns is-layout-flex wp-container-core-columns-is-layout-9d6595d7 wp-block-columns-is-layout-flex\">\n<div class=\"wp-block-column is-layout-flow wp-block-column-is-layout-flow\" style=\"flex-basis:66.66%\">\n<p><strong>Acero inoxidable de alta calidad<\/strong>: Fabricado en acero inoxidable 316 de calidad alimentaria, se utiliza a menudo en utensilios de cocina de gama alta, seguro y saludable para los ni\u00f1os.<\/p>\n\n\n\n<p><strong>Asa de silicona<\/strong>: El mango est\u00e1 hecho de silicona suave de grado alimenticio, c\u00f3modo, antideslizante y f\u00e1cil de sostener, ligero y f\u00e1cil de manejar.<\/p>\n\n\n\n<p><strong>Dise\u00f1o de bordes redondeados<\/strong>: Los bordes de los cubiertos infantiles son lisos y redondeados para evitar ara\u00f1azos en las delicadas bocas y manos de los ni\u00f1os.<\/p>\n\n\n\n<p><strong>F\u00e1cil de limpiar:<\/strong> kid es resistente a las altas temperaturas y a la corrosi\u00f3n, se puede meter directamente en el lavavajillas. El mango de silicona no es f\u00e1cil de criar bacterias.<\/p>\n\n\n\n<p><strong>Ricos colores:<\/strong> El mango de silicona proporciona una variedad de servicios de personalizaci\u00f3n de colores brillantes, admite diferentes colores para satisfacer las diversas necesidades.<\/p>\n\n\n\n<p><strong>Port\u00e1til y pr\u00e1ctico:<\/strong> El peso de una sola pieza de la vajilla es \u226450g, lo que se ajusta al rango de peso de las mu\u00f1ecas de los ni\u00f1os. El juego de cubiertos para ni\u00f1os es peque\u00f1o y port\u00e1til.<\/p>\n<\/div>\n\n\n\n<div class=\"wp-block-column is-layout-flow wp-block-column-is-layout-flow\" style=\"flex-basis:33.33%\"><div class=\"wp-block-image\">\n<figure class=\"aligncenter size-full\"><img decoding=\"async\" width=\"1200\" height=\"1657\" src=\"https:\/\/www.mcallenflatware.com\/wp-content\/uploads\/2025\/03\/wholesale-kids-cutlery-316-stainless-steel.webp\" alt=\"cubiertos para ni\u00f1os\" class=\"wp-image-1766\" style=\"object-fit:cover\" srcset=\"https:\/\/www.mcallenflatware.com\/wp-content\/uploads\/2025\/03\/wholesale-kids-cutlery-316-stainless-steel.webp 1200w, https:\/\/www.mcallenflatware.com\/wp-content\/uploads\/2025\/03\/wholesale-kids-cutlery-316-stainless-steel-768x1060.webp 768w, https:\/\/www.mcallenflatware.com\/wp-content\/uploads\/2025\/03\/wholesale-kids-cutlery-316-stainless-steel-9x12.webp 9w, https:\/\/www.mcallenflatware.com\/wp-content\/uploads\/2025\/03\/wholesale-kids-cutlery-316-stainless-steel-600x829.webp 600w\" sizes=\"(max-width: 1200px) 100vw, 1200px\" \/><\/figure>\n<\/div><\/div>\n<\/div>","protected":false},"excerpt":{"rendered":"<p>Bienvenido a personalizar y venta por mayor cubiertos de los ni\u00f1os, el mango de silicona es seguro y suave para los ni\u00f1os a utilizar, con colores lindos y un dise\u00f1o conveniente. \u00a1Es una opci\u00f3n ideal para el mercado de cubiertos de los ni\u00f1os! \u00a1Precio de f\u00e1brica, apoyo a las ventas de Amazon, bienvenido a contactar con nosotros para la investigaci\u00f3n libre!<\/p>\n<h2>Atributos de los cubiertos para ni\u00f1os<\/h2>\n<p><strong>Marca:<\/strong> Mcallen<br \/><strong>Material:<\/strong> Acero inoxidable<br \/><strong>Color: <\/strong> Naranja, Verde<br \/><strong>Pulido:<\/strong> Pulido espejo<br \/><strong>Dise\u00f1o<\/strong><strong>:<\/strong> con mango de silicona<br \/><strong>Plazo de entrega de la muestra:<\/strong> En 3 d\u00edas<br \/><strong>OEM\/ODM:<\/strong> Disponible<\/p>\n<h2>Cubiertos infantiles personalizados:<\/h2>\n<p><strong>Acero inoxidable:<\/strong> Acero inoxidable 18\/10, 304, 316, 410, 430, 420<br \/><strong>Logotipo:<\/strong> Grabado por l\u00e1ser, serigraf\u00eda, impresi\u00f3n UV, impresi\u00f3n por transferencia t\u00e9rmica, gofrado, etc.<br \/><strong>Embalaje:<\/strong> 4\/8\/12\/16\/20\/24\/45\/48\/72pcs set<br \/><strong>Acabados superficiales:<\/strong> Pulido espejo, mate, pulido al agua, capa de titanio<br \/><strong>Embalaje:<\/strong> A granel, bolsa opp, caja de color, caja de regalo, personalizado<\/p>","protected":false},"featured_media":1765,"template":"","meta":[],"product_brand":[],"product_cat":[23,28],"product_tag":[],"class_list":{"0":"post-1763","1":"product","2":"type-product","3":"status-publish","4":"has-post-thumbnail","6":"product_cat-wholesale-flatware","7":"product_cat-childrens-cutlery-set-wholesale","9":"first","10":"instock","11":"shipping-taxable","12":"product-type-simple"},"_links":{"self":[{"href":"https:\/\/www.mcallenflatware.com\/es\/wp-json\/wp\/v2\/product\/1763","targetHints":{"allow":["GET"]}}],"collection":[{"href":"https:\/\/www.mcallenflatware.com\/es\/wp-json\/wp\/v2\/product"}],"about":[{"href":"https:\/\/www.mcallenflatware.com\/es\/wp-json\/wp\/v2\/types\/product"}],"wp:featuredmedia":[{"embeddable":true,"href":"https:\/\/www.mcallenflatware.com\/es\/wp-json\/wp\/v2\/media\/1765"}],"wp:attachment":[{"href":"https:\/\/www.mcallenflatware.com\/es\/wp-json\/wp\/v2\/media?parent=1763"}],"wp:term":[{"taxonomy":"product_brand","embeddable":true,"href":"https:\/\/www.mcallenflatware.com\/es\/wp-json\/wp\/v2\/product_brand?post=1763"},{"taxonomy":"product_cat","embeddable":true,"href":"https:\/\/www.mcallenflatware.com\/es\/wp-json\/wp\/v2\/product_cat?post=1763"},{"taxonomy":"product_tag","embeddable":true,"href":"https:\/\/www.mcallenflatware.com\/es\/wp-json\/wp\/v2\/product_tag?post=1763"}],"curies":[{"name":"wp","href":"https:\/\/api.w.org\/{rel}","templated":true}]}}