{"id":1768,"date":"2025-09-24T10:26:25","date_gmt":"2025-09-24T10:26:25","guid":{"rendered":"https:\/\/www.mcallenflatware.com\/?post_type=product&#038;p=1768"},"modified":"2025-09-24T10:39:33","modified_gmt":"2025-09-24T10:39:33","slug":"wholesale-hammered-flatware","status":"publish","type":"product","link":"https:\/\/www.mcallenflatware.com\/es\/product\/wholesale-hammered-flatware\/","title":{"rendered":"Mayorista Cuberteria Martillada, Cuberteria Oro Plata Juego Granel"},"content":{"rendered":"<div class=\"wp-block-columns is-layout-flex wp-container-core-columns-is-layout-9d6595d7 wp-block-columns-is-layout-flex\">\n<div class=\"wp-block-column is-layout-flow wp-block-column-is-layout-flow\">\n<h2 class=\"wp-block-heading\">Cubiertos Martillados Caracter\u00edsticas:<\/h2>\n\n\n\n<p><strong>Acero inoxidable de alta calidad<\/strong>: Fabricado en acero inoxidable 304\/316 de calidad alimentaria, seguro y no t\u00f3xico, a prueba de \u00f3xido y resistente a la corrosi\u00f3n, dise\u00f1o engrosado, robusto y duradero.<\/p>\n\n\n\n<p><strong>Dise\u00f1o de martillos<\/strong>: El dise\u00f1o \u00fanico del patr\u00f3n del martillo combina estilos modernos y retro para realzar la textura y la sensaci\u00f3n, es elegante y hermoso, y realza el grado y el disfrute visual de la mesa de comedor.<\/p>\n\n\n\n<p><strong>Dise\u00f1o antideslizante<\/strong>: La superficie del patr\u00f3n de martillo proporciona un mejor agarre, antideslizante y anti-ca\u00edda, y es m\u00e1s conveniente para operar.<\/p>\n\n\n\n<p><strong>Dise\u00f1o ergon\u00f3mico<\/strong>: Peso moderado, dise\u00f1o ergon\u00f3mico, bordes lisos sin rayar, c\u00f3modo de sujetar.<\/p>\n\n\n\n<p><strong>M\u00faltiples opciones de color<\/strong>: Hay una variedad de colores como el oro y la plata para elegir, y se admite la personalizaci\u00f3n del color personalizado.<\/p>\n<\/div>\n\n\n\n<div class=\"wp-block-column is-layout-flow wp-block-column-is-layout-flow\"><div class=\"wp-block-image\">\n<figure class=\"aligncenter size-full\"><img decoding=\"async\" width=\"800\" height=\"800\" src=\"https:\/\/www.mcallenflatware.com\/wp-content\/uploads\/2025\/03\/wholesale-hammered-flatware-3.webp\" alt=\"venta al por mayor de cubiertos martillados 3\" class=\"wp-image-1772\" style=\"object-fit:cover\" srcset=\"https:\/\/www.mcallenflatware.com\/wp-content\/uploads\/2025\/03\/wholesale-hammered-flatware-3.webp 800w, https:\/\/www.mcallenflatware.com\/wp-content\/uploads\/2025\/03\/wholesale-hammered-flatware-3-150x150.webp 150w, https:\/\/www.mcallenflatware.com\/wp-content\/uploads\/2025\/03\/wholesale-hammered-flatware-3-768x768.webp 768w, https:\/\/www.mcallenflatware.com\/wp-content\/uploads\/2025\/03\/wholesale-hammered-flatware-3-12x12.webp 12w, https:\/\/www.mcallenflatware.com\/wp-content\/uploads\/2025\/03\/wholesale-hammered-flatware-3-600x600.webp 600w, https:\/\/www.mcallenflatware.com\/wp-content\/uploads\/2025\/03\/wholesale-hammered-flatware-3-300x300.webp 300w, https:\/\/www.mcallenflatware.com\/wp-content\/uploads\/2025\/03\/wholesale-hammered-flatware-3-100x100.webp 100w\" sizes=\"(max-width: 800px) 100vw, 800px\" \/><\/figure>\n<\/div><\/div>\n<\/div>\n\n\n\n<div class=\"wp-block-columns is-layout-flex wp-container-core-columns-is-layout-9d6595d7 wp-block-columns-is-layout-flex\">\n<div class=\"wp-block-column is-layout-flow wp-block-column-is-layout-flow\"><\/div>\n\n\n\n<div class=\"wp-block-column is-layout-flow wp-block-column-is-layout-flow\"><\/div>\n<\/div>","protected":false},"excerpt":{"rendered":"<p>Nuestros cubiertos martillados al por mayor est\u00e1n fabricados en acero inoxidable de alta calidad, y su dise\u00f1o \u00fanico mejora el atractivo visual y la experiencia del usuario. \u00a1Fabricaci\u00f3n de alta calidad, descuentos de personalizaci\u00f3n a granel! \u00a1Bienvenido a contactar con nosotros para la mejor soluci\u00f3n!<\/p>\n<h2>Atributos de la Cuberter\u00eda Martillada<\/h2>\n<p><strong>Marca:<\/strong> Mcallen<br \/><strong>Material:<\/strong> Acero inoxidable<br \/><strong>Color:<\/strong> Oro, Plata<br \/><strong>Dise\u00f1o:<\/strong> Dise\u00f1o martillado<br \/><strong>Plazo de entrega de la muestra:<\/strong> En 3 d\u00edas<br \/><strong>OEM\/ODM:<\/strong> Disponible<\/p>\n<h2>Cubiertos martillados personalizados:<\/h2>\n<p><strong>Acero inoxidable:<\/strong> Acero inoxidable 18\/10, 304, 316, 410, 430, 420<br \/><strong>Logotipo:<\/strong> Grabado por l\u00e1ser, serigraf\u00eda, impresi\u00f3n UV, impresi\u00f3n por transferencia t\u00e9rmica, gofrado, etc.<br \/><strong>Embalaje:<\/strong> 4\/8\/12\/16\/20\/24\/45\/48\/72pcs set<br \/><strong>Acabados superficiales:<\/strong> Pulido espejo, mate, pulido al agua, capa de titanio<br \/><strong>Embalaje:<\/strong> A granel, bolsa opp, caja de color, caja de regalo, personalizado<\/p>","protected":false},"featured_media":1770,"template":"","meta":[],"product_brand":[],"product_cat":[23,29],"product_tag":[],"class_list":{"0":"post-1768","1":"product","2":"type-product","3":"status-publish","4":"has-post-thumbnail","6":"product_cat-wholesale-flatware","7":"product_cat-bulk-flatware","9":"first","10":"instock","11":"shipping-taxable","12":"product-type-simple"},"_links":{"self":[{"href":"https:\/\/www.mcallenflatware.com\/es\/wp-json\/wp\/v2\/product\/1768","targetHints":{"allow":["GET"]}}],"collection":[{"href":"https:\/\/www.mcallenflatware.com\/es\/wp-json\/wp\/v2\/product"}],"about":[{"href":"https:\/\/www.mcallenflatware.com\/es\/wp-json\/wp\/v2\/types\/product"}],"wp:featuredmedia":[{"embeddable":true,"href":"https:\/\/www.mcallenflatware.com\/es\/wp-json\/wp\/v2\/media\/1770"}],"wp:attachment":[{"href":"https:\/\/www.mcallenflatware.com\/es\/wp-json\/wp\/v2\/media?parent=1768"}],"wp:term":[{"taxonomy":"product_brand","embeddable":true,"href":"https:\/\/www.mcallenflatware.com\/es\/wp-json\/wp\/v2\/product_brand?post=1768"},{"taxonomy":"product_cat","embeddable":true,"href":"https:\/\/www.mcallenflatware.com\/es\/wp-json\/wp\/v2\/product_cat?post=1768"},{"taxonomy":"product_tag","embeddable":true,"href":"https:\/\/www.mcallenflatware.com\/es\/wp-json\/wp\/v2\/product_tag?post=1768"}],"curies":[{"name":"wp","href":"https:\/\/api.w.org\/{rel}","templated":true}]}}