{"id":1797,"date":"2025-03-20T01:33:53","date_gmt":"2025-03-20T01:33:53","guid":{"rendered":"https:\/\/www.mcallenflatware.com\/?post_type=product&#038;p=1797"},"modified":"2025-03-26T08:30:51","modified_gmt":"2025-03-26T08:30:51","slug":"custom-square-handle-flatware","status":"publish","type":"product","link":"https:\/\/www.mcallenflatware.com\/es\/product\/custom-square-handle-flatware\/","title":{"rendered":"Cubiertos con mango cuadrado a medida, Cubiertos de oro a granel"},"content":{"rendered":"<div class=\"wp-block-columns is-layout-flex wp-container-core-columns-is-layout-9d6595d7 wp-block-columns-is-layout-flex\">\n<div class=\"wp-block-column is-layout-flow wp-block-column-is-layout-flow\">\n<h2 class=\"wp-block-heading\">Cubiertos con mango cuadrado Caracter\u00edsticas:<\/h2>\n\n\n\n<p><strong>Material de alta calidad:<\/strong> Fabricado en acero inoxidable de calidad alimentaria, antioxidante y resistente a la corrosi\u00f3n, duradero y resistente.<\/p>\n\n\n\n<p><strong>Chapado en oro de lujo:<\/strong> Gracias a la tecnolog\u00eda de revestimiento al vac\u00edo, el color es uniforme y duradero, resistente a los ara\u00f1azos y al desgaste.<\/p>\n\n\n\n<p><strong>Dise\u00f1o de asa cuadrada: <\/strong>Dise\u00f1o de mango cuadrado, es simple y elegante, c\u00f3modo de sostener.<\/p>\n\n\n\n<p><strong>Pulido espejo: <\/strong>La superficie es lisa y brillante, f\u00e1cil de limpiar, y presenta una textura de alta gama.<\/p>\n\n\n\n<p><strong>Varias opciones de color: <\/strong>Ofreciendo cl\u00e1sico oro y plata, negro\uff0celegante oro rosa, y varios colores, colores m\u00e1s personalizados son bienvenidos a ser personalizado.<\/p>\n<\/div>\n\n\n\n<div class=\"wp-block-column is-layout-flow wp-block-column-is-layout-flow\"><div class=\"wp-block-image\">\n<figure class=\"aligncenter size-full\"><img decoding=\"async\" width=\"800\" height=\"800\" src=\"https:\/\/www.mcallenflatware.com\/wp-content\/uploads\/2025\/03\/Square-handle-flatware-bulk-2.webp\" alt=\"Cubiertos con mango cuadrado a granel (2)\" class=\"wp-image-1800\" style=\"aspect-ratio:1;object-fit:cover\" srcset=\"https:\/\/www.mcallenflatware.com\/wp-content\/uploads\/2025\/03\/Square-handle-flatware-bulk-2.webp 800w, https:\/\/www.mcallenflatware.com\/wp-content\/uploads\/2025\/03\/Square-handle-flatware-bulk-2-150x150.webp 150w, https:\/\/www.mcallenflatware.com\/wp-content\/uploads\/2025\/03\/Square-handle-flatware-bulk-2-768x768.webp 768w, https:\/\/www.mcallenflatware.com\/wp-content\/uploads\/2025\/03\/Square-handle-flatware-bulk-2-12x12.webp 12w, https:\/\/www.mcallenflatware.com\/wp-content\/uploads\/2025\/03\/Square-handle-flatware-bulk-2-600x600.webp 600w, https:\/\/www.mcallenflatware.com\/wp-content\/uploads\/2025\/03\/Square-handle-flatware-bulk-2-300x300.webp 300w, https:\/\/www.mcallenflatware.com\/wp-content\/uploads\/2025\/03\/Square-handle-flatware-bulk-2-100x100.webp 100w\" sizes=\"(max-width: 800px) 100vw, 800px\" \/><\/figure>\n<\/div><\/div>\n<\/div>","protected":false},"excerpt":{"rendered":"<p>Bienvenido a la costumbre y al por mayor cubiertos mango cuadrado, de acero inoxidable de alta calidad, con varios colores y aspecto mate moderno. Ventas directas de f\u00e1brica, apoyo OEM &amp; ODM! Bienvenido a contactar con nosotros hoy para obtener la mejor soluci\u00f3n!<\/p>\n<h2>Cubiertos con mango cuadrado Atributos:<\/h2>\n<p><strong>Marca:<\/strong> Mcallen<br \/><strong>Material:<\/strong> Acero inoxidable<br \/><strong>Color:<\/strong> Oro, plata, negro, oro rosa, color arco iris<br \/><strong>Dise\u00f1o:<\/strong> Mango cuadrado<br \/><strong>Plazo de entrega de la muestra:<\/strong> En 3 d\u00edas<br \/><strong>OEM\/ODM:<\/strong> Disponible<\/p>\n<h2>Cubiertos con mango cuadrado personalizados<\/h2>\n<p><strong>Acero inoxidable:<\/strong> Acero inoxidable 18\/10, 304, 316, 410, 430, 420<br \/><strong>Logotipo:<\/strong> Grabado por l\u00e1ser, serigraf\u00eda, impresi\u00f3n UV, impresi\u00f3n por transferencia t\u00e9rmica, gofrado, etc.<br \/><strong>Embalaje:<\/strong> 4\/8\/12\/16\/20\/24\/45\/48\/72pcs set<br \/><strong>Acabados superficiales:<\/strong> Pulido espejo, mate, pulido al agua, capa de titanio<br \/><strong>Embalaje:<\/strong> A granel, bolsa opp, caja de color, caja de regalo, personalizado<\/p>","protected":false},"featured_media":1800,"template":"","meta":[],"product_brand":[],"product_cat":[23,29],"product_tag":[],"class_list":{"0":"post-1797","1":"product","2":"type-product","3":"status-publish","4":"has-post-thumbnail","6":"product_cat-wholesale-flatware","7":"product_cat-bulk-flatware","9":"first","10":"instock","11":"shipping-taxable","12":"product-type-simple"},"_links":{"self":[{"href":"https:\/\/www.mcallenflatware.com\/es\/wp-json\/wp\/v2\/product\/1797","targetHints":{"allow":["GET"]}}],"collection":[{"href":"https:\/\/www.mcallenflatware.com\/es\/wp-json\/wp\/v2\/product"}],"about":[{"href":"https:\/\/www.mcallenflatware.com\/es\/wp-json\/wp\/v2\/types\/product"}],"wp:featuredmedia":[{"embeddable":true,"href":"https:\/\/www.mcallenflatware.com\/es\/wp-json\/wp\/v2\/media\/1800"}],"wp:attachment":[{"href":"https:\/\/www.mcallenflatware.com\/es\/wp-json\/wp\/v2\/media?parent=1797"}],"wp:term":[{"taxonomy":"product_brand","embeddable":true,"href":"https:\/\/www.mcallenflatware.com\/es\/wp-json\/wp\/v2\/product_brand?post=1797"},{"taxonomy":"product_cat","embeddable":true,"href":"https:\/\/www.mcallenflatware.com\/es\/wp-json\/wp\/v2\/product_cat?post=1797"},{"taxonomy":"product_tag","embeddable":true,"href":"https:\/\/www.mcallenflatware.com\/es\/wp-json\/wp\/v2\/product_tag?post=1797"}],"curies":[{"name":"wp","href":"https:\/\/api.w.org\/{rel}","templated":true}]}}