{"id":1811,"date":"2025-03-20T03:36:49","date_gmt":"2025-03-20T03:36:49","guid":{"rendered":"https:\/\/www.mcallenflatware.com\/?post_type=product&#038;p=1811"},"modified":"2025-03-26T07:53:23","modified_gmt":"2025-03-26T07:53:23","slug":"wholesale-wood-handle-flatware","status":"publish","type":"product","link":"https:\/\/www.mcallenflatware.com\/es\/product\/wholesale-wood-handle-flatware\/","title":{"rendered":"Mayorista Cubiertos con Mango de Madera, Cubiertos de Acero Inoxidable a Granel"},"content":{"rendered":"<div class=\"wp-block-columns is-layout-flex wp-container-core-columns-is-layout-9d6595d7 wp-block-columns-is-layout-flex\">\n<div class=\"wp-block-column is-layout-flow wp-block-column-is-layout-flow\">\n<h2 class=\"wp-block-heading\">Cubiertos con mango de madera Caracter\u00edsticas:<\/h2>\n\n\n\n<p><strong>Acero inoxidable de alta calidad:<\/strong> Fabricada en acero inoxidable 18\/10 de calidad alimentaria, es resistente al desgaste y apta para el uso diario.<\/p>\n\n\n\n<p><strong>Mango de madera:<\/strong> Con dise\u00f1o de textura de madera, agarre suave y c\u00f3modo, natural y r\u00fastico, mejora la experiencia de uso<\/p>\n\n\n\n<p><strong>Acabado mate: <\/strong>Artesan\u00eda mate, estilo moderno, no deja marcas<\/p>\n\n\n\n<p><strong>Opciones personalizables: <\/strong>Se pueden hacer pedidos al por mayor y personalizar la marca.<\/p>\n<\/div>\n\n\n\n<div class=\"wp-block-column is-layout-flow wp-block-column-is-layout-flow\"><div class=\"wp-block-image\">\n<figure class=\"aligncenter size-full\"><img decoding=\"async\" width=\"800\" height=\"800\" src=\"https:\/\/www.mcallenflatware.com\/wp-content\/uploads\/2025\/03\/Wholesale-Wood-Handle-Flatware-3.webp\" alt=\"Mayorista Cubiertos Mango Madera (3)\" class=\"wp-image-1815\" style=\"object-fit:cover\" srcset=\"https:\/\/www.mcallenflatware.com\/wp-content\/uploads\/2025\/03\/Wholesale-Wood-Handle-Flatware-3.webp 800w, https:\/\/www.mcallenflatware.com\/wp-content\/uploads\/2025\/03\/Wholesale-Wood-Handle-Flatware-3-150x150.webp 150w, https:\/\/www.mcallenflatware.com\/wp-content\/uploads\/2025\/03\/Wholesale-Wood-Handle-Flatware-3-768x768.webp 768w, https:\/\/www.mcallenflatware.com\/wp-content\/uploads\/2025\/03\/Wholesale-Wood-Handle-Flatware-3-12x12.webp 12w, https:\/\/www.mcallenflatware.com\/wp-content\/uploads\/2025\/03\/Wholesale-Wood-Handle-Flatware-3-600x600.webp 600w, https:\/\/www.mcallenflatware.com\/wp-content\/uploads\/2025\/03\/Wholesale-Wood-Handle-Flatware-3-300x300.webp 300w, https:\/\/www.mcallenflatware.com\/wp-content\/uploads\/2025\/03\/Wholesale-Wood-Handle-Flatware-3-100x100.webp 100w\" sizes=\"(max-width: 800px) 100vw, 800px\" \/><\/figure>\n<\/div><\/div>\n<\/div>","protected":false},"excerpt":{"rendered":"<p>Cubiertos con mango de madera al por mayor de f\u00e1brica, acabado mate, r\u00fastico y elegante, adecuado para uso dom\u00e9stico restaurante. \u00a1Servicio personalizado y precio competitivo est\u00e1n disponibles, recepci\u00f3n a consultar ahora!<\/p>\n<h2 id=\"block-792b966c-c506-49fa-b3c8-9881ee38a4f5\" class=\"block-editor-rich-text__editable block-editor-block-list__block wp-block is-selected wp-block-heading rich-text\" role=\"document\" contenteditable=\"true\" aria-multiline=\"true\" aria-label=\"Bloque: R\u00fabrica\" data-block=\"792b966c-c506-49fa-b3c8-9881ee38a4f5\" data-type=\"core\/heading\" data-title=\"Heading\" data-wp-block-attribute-key=\"content\">Cubiertos con mango de madera Atributos<\/h2>\n<p><strong>Marca:<\/strong> Mcallen<br \/><strong>Material:<\/strong> Acero inoxidable<br \/><strong>Color:<\/strong>\u00a0 Plata<br \/><strong>Dise\u00f1o:<\/strong> Mango de madera<br \/><strong>Plazo de entrega de la muestra:<\/strong> En 3 d\u00edas<br \/><strong>OEM\/ODM:<\/strong> Disponible<\/p>\n<h2>Cubiertos con mango de madera personalizados\uff1a<\/h2>\n<p><strong>Acero inoxidable:<\/strong> Acero inoxidable 18\/10, 304, 316, 410, 430, 420<br \/><strong>Logotipo:<\/strong> Grabado por l\u00e1ser, impresi\u00f3n por serigraf\u00eda\/UV\/transferencia t\u00e9rmica, gofrado, etc.<br \/><strong>Embalaje:<\/strong> 4\/8\/12\/16\/20\/24\/45\/48\/72pcs set<br \/><strong>Acabados superficiales:<\/strong> Pulido espejo, mate, pulido al agua, capa de titanio<br \/><strong>Embalaje:<\/strong> A granel, bolsa opp, caja de color, caja de regalo, personalizado<\/p>","protected":false},"featured_media":1813,"template":"","meta":[],"product_brand":[],"product_cat":[23,29],"product_tag":[],"class_list":{"0":"post-1811","1":"product","2":"type-product","3":"status-publish","4":"has-post-thumbnail","6":"product_cat-wholesale-flatware","7":"product_cat-bulk-flatware","9":"first","10":"instock","11":"shipping-taxable","12":"product-type-simple"},"_links":{"self":[{"href":"https:\/\/www.mcallenflatware.com\/es\/wp-json\/wp\/v2\/product\/1811","targetHints":{"allow":["GET"]}}],"collection":[{"href":"https:\/\/www.mcallenflatware.com\/es\/wp-json\/wp\/v2\/product"}],"about":[{"href":"https:\/\/www.mcallenflatware.com\/es\/wp-json\/wp\/v2\/types\/product"}],"wp:featuredmedia":[{"embeddable":true,"href":"https:\/\/www.mcallenflatware.com\/es\/wp-json\/wp\/v2\/media\/1813"}],"wp:attachment":[{"href":"https:\/\/www.mcallenflatware.com\/es\/wp-json\/wp\/v2\/media?parent=1811"}],"wp:term":[{"taxonomy":"product_brand","embeddable":true,"href":"https:\/\/www.mcallenflatware.com\/es\/wp-json\/wp\/v2\/product_brand?post=1811"},{"taxonomy":"product_cat","embeddable":true,"href":"https:\/\/www.mcallenflatware.com\/es\/wp-json\/wp\/v2\/product_cat?post=1811"},{"taxonomy":"product_tag","embeddable":true,"href":"https:\/\/www.mcallenflatware.com\/es\/wp-json\/wp\/v2\/product_tag?post=1811"}],"curies":[{"name":"wp","href":"https:\/\/api.w.org\/{rel}","templated":true}]}}