{"id":1829,"date":"2025-03-26T08:24:09","date_gmt":"2025-03-26T08:24:09","guid":{"rendered":"https:\/\/www.mcallenflatware.com\/?post_type=product&#038;p=1829"},"modified":"2025-04-10T11:21:27","modified_gmt":"2025-04-10T11:21:27","slug":"bulk-flatware-for-wedding","status":"publish","type":"product","link":"https:\/\/www.mcallenflatware.com\/es\/product\/bulk-flatware-for-wedding\/","title":{"rendered":"Cubiertos a Granel para Bodas, Juegos de Cubiertos de Oro y Plata Personalizados"},"content":{"rendered":"<div class=\"wp-block-columns is-layout-flex wp-container-core-columns-is-layout-9d6595d7 wp-block-columns-is-layout-flex\">\n<div class=\"wp-block-column is-layout-flow wp-block-column-is-layout-flow\">\n<h2 class=\"wp-block-heading\">Caracter\u00edsticas de los cubiertos para bodas:<\/h2>\n\n\n\n<p><strong>Material de acero inoxidable: <\/strong>Hecho de acero inoxidable de alta calidad, seguro y no t\u00f3xico, uso a largo plazo como nuevo.<\/p>\n\n\n\n<p><strong>Pulido exquisito:<\/strong> Cada pieza de cuberter\u00eda est\u00e1 finamente pulida, con una superficie lisa y bordes afilados para garantizar una experiencia de corte.<\/p>\n\n\n\n<p><strong>Dise\u00f1o moderno y minimalista: <\/strong>L\u00edneas elegantes y bellas, dise\u00f1o minimalista brillante, tacto suave, que a\u00f1ade elegancia y modernidad al servicio de mesa, adecuado para bodas, restaurantes, etc.<\/p>\n\n\n\n<p><strong>Mango ergon\u00f3mico:<\/strong> El dise\u00f1o del mango se ajusta a los principios de la ergonom\u00eda, es c\u00f3modo de sujetar y f\u00e1cil de manejar.<\/p>\n\n\n\n<p><strong>Servicios de personalizaci\u00f3n diversificados: <\/strong>Admite servicios OEM&amp;ODM, y puede dise\u00f1ar estilos espec\u00edficos, grabados, logotipos de marca, etc. seg\u00fan las necesidades del cliente.<\/p>\n<\/div>\n\n\n\n<div class=\"wp-block-column is-layout-flow wp-block-column-is-layout-flow\"><div class=\"wp-block-image\">\n<figure class=\"aligncenter size-full\"><img decoding=\"async\" width=\"1200\" height=\"1200\" src=\"https:\/\/www.mcallenflatware.com\/wp-content\/uploads\/2025\/03\/bulk-flatware-for-wedding\uff0c-stainless-steel-silver-cutlery-sets-custom-1.webp\" alt=\"cubiertos a granel para boda\uff0c acero inoxidable plata cubiertos conjuntos personalizados (1)\" class=\"wp-image-1835\" style=\"object-fit:cover\" srcset=\"https:\/\/www.mcallenflatware.com\/wp-content\/uploads\/2025\/03\/bulk-flatware-for-wedding\uff0c-stainless-steel-silver-cutlery-sets-custom-1.webp 1200w, https:\/\/www.mcallenflatware.com\/wp-content\/uploads\/2025\/03\/bulk-flatware-for-wedding\uff0c-stainless-steel-silver-cutlery-sets-custom-1-150x150.webp 150w, https:\/\/www.mcallenflatware.com\/wp-content\/uploads\/2025\/03\/bulk-flatware-for-wedding\uff0c-stainless-steel-silver-cutlery-sets-custom-1-768x768.webp 768w, https:\/\/www.mcallenflatware.com\/wp-content\/uploads\/2025\/03\/bulk-flatware-for-wedding\uff0c-stainless-steel-silver-cutlery-sets-custom-1-12x12.webp 12w, https:\/\/www.mcallenflatware.com\/wp-content\/uploads\/2025\/03\/bulk-flatware-for-wedding\uff0c-stainless-steel-silver-cutlery-sets-custom-1-600x600.webp 600w, https:\/\/www.mcallenflatware.com\/wp-content\/uploads\/2025\/03\/bulk-flatware-for-wedding\uff0c-stainless-steel-silver-cutlery-sets-custom-1-300x300.webp 300w, https:\/\/www.mcallenflatware.com\/wp-content\/uploads\/2025\/03\/bulk-flatware-for-wedding\uff0c-stainless-steel-silver-cutlery-sets-custom-1-100x100.webp 100w\" sizes=\"(max-width: 1200px) 100vw, 1200px\" \/><\/figure>\n<\/div><\/div>\n<\/div>\n\n\n\n<div class=\"wp-block-columns is-layout-flex wp-container-core-columns-is-layout-9d6595d7 wp-block-columns-is-layout-flex\">\n<div class=\"wp-block-column is-layout-flow wp-block-column-is-layout-flow\">\n<figure class=\"wp-block-image size-full\"><img decoding=\"async\" width=\"800\" height=\"800\" src=\"https:\/\/www.mcallenflatware.com\/wp-content\/uploads\/2025\/04\/bulk-flatware-for-wedding\uff0c-stainless-steel-silver-cutlery-sets-custom-7.webp\" alt=\"cubiertos a granel para boda\uff0c acero inoxidable plata cubiertos conjuntos personalizados (7)\" class=\"wp-image-1947\" srcset=\"https:\/\/www.mcallenflatware.com\/wp-content\/uploads\/2025\/04\/bulk-flatware-for-wedding\uff0c-stainless-steel-silver-cutlery-sets-custom-7.webp 800w, https:\/\/www.mcallenflatware.com\/wp-content\/uploads\/2025\/04\/bulk-flatware-for-wedding\uff0c-stainless-steel-silver-cutlery-sets-custom-7-150x150.webp 150w, https:\/\/www.mcallenflatware.com\/wp-content\/uploads\/2025\/04\/bulk-flatware-for-wedding\uff0c-stainless-steel-silver-cutlery-sets-custom-7-768x768.webp 768w, https:\/\/www.mcallenflatware.com\/wp-content\/uploads\/2025\/04\/bulk-flatware-for-wedding\uff0c-stainless-steel-silver-cutlery-sets-custom-7-12x12.webp 12w, https:\/\/www.mcallenflatware.com\/wp-content\/uploads\/2025\/04\/bulk-flatware-for-wedding\uff0c-stainless-steel-silver-cutlery-sets-custom-7-600x600.webp 600w, https:\/\/www.mcallenflatware.com\/wp-content\/uploads\/2025\/04\/bulk-flatware-for-wedding\uff0c-stainless-steel-silver-cutlery-sets-custom-7-300x300.webp 300w, https:\/\/www.mcallenflatware.com\/wp-content\/uploads\/2025\/04\/bulk-flatware-for-wedding\uff0c-stainless-steel-silver-cutlery-sets-custom-7-100x100.webp 100w\" sizes=\"(max-width: 800px) 100vw, 800px\" \/><\/figure>\n<\/div>\n\n\n\n<div class=\"wp-block-column is-layout-flow wp-block-column-is-layout-flow\">\n<figure class=\"wp-block-image size-full\"><img decoding=\"async\" width=\"800\" height=\"800\" src=\"https:\/\/www.mcallenflatware.com\/wp-content\/uploads\/2025\/04\/bulk-flatware-for-wedding\uff0c-stainless-steel-silver-cutlery-sets-custom-5.webp\" alt=\"cubiertos a granel para boda\uff0c acero inoxidable plata cubiertos conjuntos personalizados (5)\" class=\"wp-image-1946\" srcset=\"https:\/\/www.mcallenflatware.com\/wp-content\/uploads\/2025\/04\/bulk-flatware-for-wedding\uff0c-stainless-steel-silver-cutlery-sets-custom-5.webp 800w, https:\/\/www.mcallenflatware.com\/wp-content\/uploads\/2025\/04\/bulk-flatware-for-wedding\uff0c-stainless-steel-silver-cutlery-sets-custom-5-150x150.webp 150w, https:\/\/www.mcallenflatware.com\/wp-content\/uploads\/2025\/04\/bulk-flatware-for-wedding\uff0c-stainless-steel-silver-cutlery-sets-custom-5-768x768.webp 768w, https:\/\/www.mcallenflatware.com\/wp-content\/uploads\/2025\/04\/bulk-flatware-for-wedding\uff0c-stainless-steel-silver-cutlery-sets-custom-5-12x12.webp 12w, https:\/\/www.mcallenflatware.com\/wp-content\/uploads\/2025\/04\/bulk-flatware-for-wedding\uff0c-stainless-steel-silver-cutlery-sets-custom-5-600x600.webp 600w, https:\/\/www.mcallenflatware.com\/wp-content\/uploads\/2025\/04\/bulk-flatware-for-wedding\uff0c-stainless-steel-silver-cutlery-sets-custom-5-300x300.webp 300w, https:\/\/www.mcallenflatware.com\/wp-content\/uploads\/2025\/04\/bulk-flatware-for-wedding\uff0c-stainless-steel-silver-cutlery-sets-custom-5-100x100.webp 100w\" sizes=\"(max-width: 800px) 100vw, 800px\" \/><\/figure>\n<\/div>\n\n\n\n<div class=\"wp-block-column is-layout-flow wp-block-column-is-layout-flow\">\n<figure class=\"wp-block-image size-full\"><img decoding=\"async\" width=\"800\" height=\"800\" src=\"https:\/\/www.mcallenflatware.com\/wp-content\/uploads\/2025\/04\/bulk-flatware-for-wedding\uff0c-stainless-steel-silver-cutlery-sets-custom-6.webp\" alt=\"cubiertos a granel para boda\uff0c acero inoxidable plata cubiertos conjuntos personalizados (6)\" class=\"wp-image-1941\" srcset=\"https:\/\/www.mcallenflatware.com\/wp-content\/uploads\/2025\/04\/bulk-flatware-for-wedding\uff0c-stainless-steel-silver-cutlery-sets-custom-6.webp 800w, https:\/\/www.mcallenflatware.com\/wp-content\/uploads\/2025\/04\/bulk-flatware-for-wedding\uff0c-stainless-steel-silver-cutlery-sets-custom-6-150x150.webp 150w, https:\/\/www.mcallenflatware.com\/wp-content\/uploads\/2025\/04\/bulk-flatware-for-wedding\uff0c-stainless-steel-silver-cutlery-sets-custom-6-768x768.webp 768w, https:\/\/www.mcallenflatware.com\/wp-content\/uploads\/2025\/04\/bulk-flatware-for-wedding\uff0c-stainless-steel-silver-cutlery-sets-custom-6-12x12.webp 12w, https:\/\/www.mcallenflatware.com\/wp-content\/uploads\/2025\/04\/bulk-flatware-for-wedding\uff0c-stainless-steel-silver-cutlery-sets-custom-6-600x600.webp 600w, https:\/\/www.mcallenflatware.com\/wp-content\/uploads\/2025\/04\/bulk-flatware-for-wedding\uff0c-stainless-steel-silver-cutlery-sets-custom-6-300x300.webp 300w, https:\/\/www.mcallenflatware.com\/wp-content\/uploads\/2025\/04\/bulk-flatware-for-wedding\uff0c-stainless-steel-silver-cutlery-sets-custom-6-100x100.webp 100w\" sizes=\"(max-width: 800px) 100vw, 800px\" \/><\/figure>\n<\/div>\n<\/div>","protected":false},"excerpt":{"rendered":"<p>Cubiertos a granel para bodas, fabricados en acero inoxidable de alta calidad, con una superficie lisa y brillante y un moderno dise\u00f1o minimalista. Es adecuado para bodas, cenas diarias, restaurantes de hoteles y cualquier ocasi\u00f3n. \u00a1Apoyamos cubiertos conjunto personalizado y estable y suministro a granel, por favor p\u00f3ngase en contacto con nosotros para una cotizaci\u00f3n!<\/p>\n<h2 id=\"block-792b966c-c506-49fa-b3c8-9881ee38a4f5\" class=\"block-editor-rich-text__editable block-editor-block-list__block wp-block is-selected wp-block-heading rich-text\" role=\"document\" contenteditable=\"true\" aria-multiline=\"true\" aria-label=\"Bloque: R\u00fabrica\" data-block=\"792b966c-c506-49fa-b3c8-9881ee38a4f5\" data-type=\"core\/heading\" data-title=\"Heading\" data-wp-block-attribute-key=\"content\">Atributos de los cubiertos para bodas:<\/h2>\n<p><strong>Marca:<\/strong> Mcallen<br \/><strong>Material:<\/strong> Acero inoxidable<br \/><strong>Color:<\/strong>\u00a0 Plata, Oro<br \/><strong>Dise\u00f1o:<\/strong> Pulido espejo<br \/><strong>Plazo de entrega de la muestra:<\/strong> En 3 d\u00edas<br \/><strong>OEM\/ODM:<\/strong> Disponible<\/p>\n<h2>Juegos de cubiertos de acero inoxidable personalizados:<\/h2>\n<p><strong>Acero inoxidable:<\/strong> Acero inoxidable 18\/10, 304, 316, 410, 430, 420<br \/><strong>Logotipo:<\/strong> Grabado por l\u00e1ser, serigraf\u00eda\/impresi\u00f3n por transferencia UV\/t\u00e9rmica, gofrado, etc.<br \/><strong>Embalaje:<\/strong> 4\/8\/12\/16\/20\/24\/45\/48\/72pcs set<br \/><strong>Acabados superficiales:<\/strong> Pulido espejo, mate, pulido al agua, capa de titanio<br \/><strong>Embalaje:<\/strong> A granel, bolsa OPP, caja de color, caja de regalo, personalizado<\/p>","protected":false},"featured_media":1835,"template":"","meta":[],"product_brand":[],"product_cat":[23,29],"product_tag":[],"class_list":{"0":"post-1829","1":"product","2":"type-product","3":"status-publish","4":"has-post-thumbnail","6":"product_cat-wholesale-flatware","7":"product_cat-bulk-flatware","9":"first","10":"instock","11":"shipping-taxable","12":"product-type-simple"},"_links":{"self":[{"href":"https:\/\/www.mcallenflatware.com\/es\/wp-json\/wp\/v2\/product\/1829","targetHints":{"allow":["GET"]}}],"collection":[{"href":"https:\/\/www.mcallenflatware.com\/es\/wp-json\/wp\/v2\/product"}],"about":[{"href":"https:\/\/www.mcallenflatware.com\/es\/wp-json\/wp\/v2\/types\/product"}],"wp:featuredmedia":[{"embeddable":true,"href":"https:\/\/www.mcallenflatware.com\/es\/wp-json\/wp\/v2\/media\/1835"}],"wp:attachment":[{"href":"https:\/\/www.mcallenflatware.com\/es\/wp-json\/wp\/v2\/media?parent=1829"}],"wp:term":[{"taxonomy":"product_brand","embeddable":true,"href":"https:\/\/www.mcallenflatware.com\/es\/wp-json\/wp\/v2\/product_brand?post=1829"},{"taxonomy":"product_cat","embeddable":true,"href":"https:\/\/www.mcallenflatware.com\/es\/wp-json\/wp\/v2\/product_cat?post=1829"},{"taxonomy":"product_tag","embeddable":true,"href":"https:\/\/www.mcallenflatware.com\/es\/wp-json\/wp\/v2\/product_tag?post=1829"}],"curies":[{"name":"wp","href":"https:\/\/api.w.org\/{rel}","templated":true}]}}