{"id":1852,"date":"2025-03-27T02:28:56","date_gmt":"2025-03-27T02:28:56","guid":{"rendered":"https:\/\/www.mcallenflatware.com\/?post_type=product&#038;p=1852"},"modified":"2025-04-10T10:41:11","modified_gmt":"2025-04-10T10:41:11","slug":"wholesale-stainless-cutlery-set","status":"publish","type":"product","link":"https:\/\/www.mcallenflatware.com\/es\/product\/wholesale-stainless-cutlery-set\/","title":{"rendered":"Mayorista Cuberteria Inoxidable, Cuberteria Moderna Martillada al por mayor"},"content":{"rendered":"<div class=\"wp-block-columns is-layout-flex wp-container-core-columns-is-layout-9d6595d7 wp-block-columns-is-layout-flex\">\n<div class=\"wp-block-column is-layout-flow wp-block-column-is-layout-flow\">\n<h2 class=\"wp-block-heading\">Juego de cubiertos inoxidables Caracter\u00edsticas:<\/h2>\n\n\n\n<p><strong>Dise\u00f1o \u00fanico de escamas de pez: <\/strong>El mango adopta un exquisito dise\u00f1o de escama de pescado, que hace que el juego de cubiertos de acero inoxidable sea m\u00e1s exclusivo, atractivo y c\u00f3modo al tacto, mejorando la experiencia gastron\u00f3mica.<\/p>\n\n\n\n<p><strong>Material de acero inoxidable 3041: <\/strong>Seleccione acero inoxidable de alta calidad y excelente durabilidad para garantizar un uso prolongado.<\/p>\n\n\n\n<p><strong>Ofrezca varias opciones de color: <\/strong>elegante oro rosa, plata cl\u00e1sica, negro moderno y colores arco iris personalizados, etc., admiten la personalizaci\u00f3n del color<\/p>\n\n\n\n<p><strong>Superficie pulida brillante:<\/strong> El juego de cubiertos de acero inoxidable tiene una superficie lisa, bonita y f\u00e1cil de limpiar, y se puede lavar en el lavavajillas.<\/p>\n\n\n\n<p><strong>Amplia aplicabilidad: <\/strong>Vajilla al por mayor del mismo dise\u00f1o, adecuada para diversos lugares como hoteles, restaurantes, cafeter\u00edas, etc., especialmente indicada para necesidades de compra al por mayor en el sector de la restauraci\u00f3n.<\/p>\n\n\n\n<p><strong><span style=\"box-sizing: border-box; margin: 0px; padding: 0px;\">Personalizado<\/span> servicio<\/strong>: Proporcionamos una gran variedad de estilos y servicios personalizados, y llevamos a cabo la personalizaci\u00f3n, como el grabado y el embalaje, de acuerdo con las necesidades de los mayoristas.<\/p>\n<\/div>\n\n\n\n<div class=\"wp-block-column is-layout-flow wp-block-column-is-layout-flow\"><div class=\"wp-block-image\">\n<figure class=\"aligncenter size-full\"><img decoding=\"async\" width=\"800\" height=\"800\" src=\"https:\/\/www.mcallenflatware.com\/wp-content\/uploads\/2025\/03\/bulk-flatware-for-wedding\uff0c-stainless-steel-silver-cutlery-sets-custom-5.webp\" alt=\"cubiertos a granel para boda\uff0c acero inoxidable plata cubiertos conjuntos personalizados (5)\" class=\"wp-image-1839\" style=\"object-fit:cover\" srcset=\"https:\/\/www.mcallenflatware.com\/wp-content\/uploads\/2025\/03\/bulk-flatware-for-wedding\uff0c-stainless-steel-silver-cutlery-sets-custom-5.webp 800w, https:\/\/www.mcallenflatware.com\/wp-content\/uploads\/2025\/03\/bulk-flatware-for-wedding\uff0c-stainless-steel-silver-cutlery-sets-custom-5-150x150.webp 150w, https:\/\/www.mcallenflatware.com\/wp-content\/uploads\/2025\/03\/bulk-flatware-for-wedding\uff0c-stainless-steel-silver-cutlery-sets-custom-5-768x768.webp 768w, https:\/\/www.mcallenflatware.com\/wp-content\/uploads\/2025\/03\/bulk-flatware-for-wedding\uff0c-stainless-steel-silver-cutlery-sets-custom-5-12x12.webp 12w, https:\/\/www.mcallenflatware.com\/wp-content\/uploads\/2025\/03\/bulk-flatware-for-wedding\uff0c-stainless-steel-silver-cutlery-sets-custom-5-600x600.webp 600w, https:\/\/www.mcallenflatware.com\/wp-content\/uploads\/2025\/03\/bulk-flatware-for-wedding\uff0c-stainless-steel-silver-cutlery-sets-custom-5-300x300.webp 300w, https:\/\/www.mcallenflatware.com\/wp-content\/uploads\/2025\/03\/bulk-flatware-for-wedding\uff0c-stainless-steel-silver-cutlery-sets-custom-5-100x100.webp 100w\" sizes=\"(max-width: 800px) 100vw, 800px\" \/><\/figure>\n<\/div><\/div>\n<\/div>\n\n\n\n<div class=\"wp-block-columns is-layout-flex wp-container-core-columns-is-layout-9d6595d7 wp-block-columns-is-layout-flex\">\n<div class=\"wp-block-column is-layout-flow wp-block-column-is-layout-flow\">\n<figure class=\"wp-block-image size-full\"><img decoding=\"async\" width=\"1600\" height=\"1600\" src=\"https:\/\/www.mcallenflatware.com\/wp-content\/uploads\/2025\/04\/Wholesale-Stainless-Cutlery-Set-Modern-Dinnerware-Sets-in-Bulk-3.webp\" alt=\"Mayorista Cuberteria Inoxidable Vajilla Moderna al por mayor (3)\" class=\"wp-image-1952\" srcset=\"https:\/\/www.mcallenflatware.com\/wp-content\/uploads\/2025\/04\/Wholesale-Stainless-Cutlery-Set-Modern-Dinnerware-Sets-in-Bulk-3.webp 1600w, https:\/\/www.mcallenflatware.com\/wp-content\/uploads\/2025\/04\/Wholesale-Stainless-Cutlery-Set-Modern-Dinnerware-Sets-in-Bulk-3-150x150.webp 150w, https:\/\/www.mcallenflatware.com\/wp-content\/uploads\/2025\/04\/Wholesale-Stainless-Cutlery-Set-Modern-Dinnerware-Sets-in-Bulk-3-768x768.webp 768w, https:\/\/www.mcallenflatware.com\/wp-content\/uploads\/2025\/04\/Wholesale-Stainless-Cutlery-Set-Modern-Dinnerware-Sets-in-Bulk-3-12x12.webp 12w, https:\/\/www.mcallenflatware.com\/wp-content\/uploads\/2025\/04\/Wholesale-Stainless-Cutlery-Set-Modern-Dinnerware-Sets-in-Bulk-3-1200x1200.webp 1200w, https:\/\/www.mcallenflatware.com\/wp-content\/uploads\/2025\/04\/Wholesale-Stainless-Cutlery-Set-Modern-Dinnerware-Sets-in-Bulk-3-600x600.webp 600w, https:\/\/www.mcallenflatware.com\/wp-content\/uploads\/2025\/04\/Wholesale-Stainless-Cutlery-Set-Modern-Dinnerware-Sets-in-Bulk-3-300x300.webp 300w, https:\/\/www.mcallenflatware.com\/wp-content\/uploads\/2025\/04\/Wholesale-Stainless-Cutlery-Set-Modern-Dinnerware-Sets-in-Bulk-3-100x100.webp 100w\" sizes=\"(max-width: 1600px) 100vw, 1600px\" \/><\/figure>\n<\/div>\n\n\n\n<div class=\"wp-block-column is-layout-flow wp-block-column-is-layout-flow\">\n<figure class=\"wp-block-image size-full\"><img decoding=\"async\" width=\"1600\" height=\"1600\" src=\"https:\/\/www.mcallenflatware.com\/wp-content\/uploads\/2025\/04\/Wholesale-Stainless-Cutlery-Set-Modern-Dinnerware-Sets-in-Bulk-2.webp\" alt=\"Mayorista Cuberteria Inoxidable Vajilla Moderna al por mayor (2)\" class=\"wp-image-1951\" srcset=\"https:\/\/www.mcallenflatware.com\/wp-content\/uploads\/2025\/04\/Wholesale-Stainless-Cutlery-Set-Modern-Dinnerware-Sets-in-Bulk-2.webp 1600w, https:\/\/www.mcallenflatware.com\/wp-content\/uploads\/2025\/04\/Wholesale-Stainless-Cutlery-Set-Modern-Dinnerware-Sets-in-Bulk-2-150x150.webp 150w, https:\/\/www.mcallenflatware.com\/wp-content\/uploads\/2025\/04\/Wholesale-Stainless-Cutlery-Set-Modern-Dinnerware-Sets-in-Bulk-2-768x768.webp 768w, https:\/\/www.mcallenflatware.com\/wp-content\/uploads\/2025\/04\/Wholesale-Stainless-Cutlery-Set-Modern-Dinnerware-Sets-in-Bulk-2-12x12.webp 12w, https:\/\/www.mcallenflatware.com\/wp-content\/uploads\/2025\/04\/Wholesale-Stainless-Cutlery-Set-Modern-Dinnerware-Sets-in-Bulk-2-1200x1200.webp 1200w, https:\/\/www.mcallenflatware.com\/wp-content\/uploads\/2025\/04\/Wholesale-Stainless-Cutlery-Set-Modern-Dinnerware-Sets-in-Bulk-2-600x600.webp 600w, https:\/\/www.mcallenflatware.com\/wp-content\/uploads\/2025\/04\/Wholesale-Stainless-Cutlery-Set-Modern-Dinnerware-Sets-in-Bulk-2-300x300.webp 300w, https:\/\/www.mcallenflatware.com\/wp-content\/uploads\/2025\/04\/Wholesale-Stainless-Cutlery-Set-Modern-Dinnerware-Sets-in-Bulk-2-100x100.webp 100w\" sizes=\"(max-width: 1600px) 100vw, 1600px\" \/><\/figure>\n<\/div>\n<\/div>","protected":false},"excerpt":{"rendered":"<p>\u00a1Bienvenido a la venta al por mayor juego de cubiertos de acero inoxidable, el dise\u00f1o de escamas de pescado es hermoso y pr\u00e1ctico, se adapta a diversas escenas de comedor .Apoyar la personalizaci\u00f3n y descuentos al por mayor! \u00a1P\u00f3ngase en contacto con nosotros para obtener una cotizaci\u00f3n!<\/p>\n<h2>Juego de cubiertos de acero inoxidable Atributos<\/h2>\n<p><strong>Marca:<\/strong> Mcallen<br \/><strong>Material:<\/strong> Acero inoxidable<br \/><strong>Color:<\/strong> Oro, plata, negro, oro rosa, color arco iris<br \/><strong>Dise\u00f1o:<\/strong> Dise\u00f1o de escamas de pez<br \/><strong>Plazo de entrega de la muestra:<\/strong> En 3 d\u00edas<br \/><strong>OEM\/ODM:<\/strong> Disponible<\/p>\n<h2>Juego de cubiertos inoxidables personalizados:<\/h2>\n<p><strong>Acero inoxidable:<\/strong> Acero inoxidable 18\/10, 304, 316, 410, 430, 420<br \/><strong>Logotipo:<\/strong> Grabado por l\u00e1ser, serigraf\u00eda, impresi\u00f3n UV, impresi\u00f3n por transferencia t\u00e9rmica, gofrado, etc.<br \/><strong>Embalaje:<\/strong> 4\/8\/12\/16\/20\/24\/45\/48\/72pcs set<br \/><strong>Acabados superficiales:<\/strong> Pulido espejo, mate, pulido al agua, capa de titanio<br \/><strong>Embalaje:<\/strong> A granel, bolsa opp, caja de color, caja de regalo, personalizado<\/p>","protected":false},"featured_media":1955,"template":"","meta":[],"product_brand":[],"product_cat":[23,29],"product_tag":[],"class_list":{"0":"post-1852","1":"product","2":"type-product","3":"status-publish","4":"has-post-thumbnail","6":"product_cat-wholesale-flatware","7":"product_cat-bulk-flatware","9":"first","10":"instock","11":"shipping-taxable","12":"product-type-simple"},"_links":{"self":[{"href":"https:\/\/www.mcallenflatware.com\/es\/wp-json\/wp\/v2\/product\/1852","targetHints":{"allow":["GET"]}}],"collection":[{"href":"https:\/\/www.mcallenflatware.com\/es\/wp-json\/wp\/v2\/product"}],"about":[{"href":"https:\/\/www.mcallenflatware.com\/es\/wp-json\/wp\/v2\/types\/product"}],"wp:featuredmedia":[{"embeddable":true,"href":"https:\/\/www.mcallenflatware.com\/es\/wp-json\/wp\/v2\/media\/1955"}],"wp:attachment":[{"href":"https:\/\/www.mcallenflatware.com\/es\/wp-json\/wp\/v2\/media?parent=1852"}],"wp:term":[{"taxonomy":"product_brand","embeddable":true,"href":"https:\/\/www.mcallenflatware.com\/es\/wp-json\/wp\/v2\/product_brand?post=1852"},{"taxonomy":"product_cat","embeddable":true,"href":"https:\/\/www.mcallenflatware.com\/es\/wp-json\/wp\/v2\/product_cat?post=1852"},{"taxonomy":"product_tag","embeddable":true,"href":"https:\/\/www.mcallenflatware.com\/es\/wp-json\/wp\/v2\/product_tag?post=1852"}],"curies":[{"name":"wp","href":"https:\/\/api.w.org\/{rel}","templated":true}]}}