{"id":1855,"date":"2025-03-27T07:21:02","date_gmt":"2025-03-27T07:21:02","guid":{"rendered":"https:\/\/www.mcallenflatware.com\/?post_type=product&#038;p=1855"},"modified":"2025-04-21T02:18:49","modified_gmt":"2025-04-21T02:18:49","slug":"wholesale-high-end-flatware","status":"publish","type":"product","link":"https:\/\/www.mcallenflatware.com\/es\/product\/wholesale-high-end-flatware\/","title":{"rendered":"Mayorista Cubiertos de Alta Gama, Cubiertos de Plata Oro Negro Set a Granel"},"content":{"rendered":"<div class=\"wp-block-columns is-layout-flex wp-container-core-columns-is-layout-9d6595d7 wp-block-columns-is-layout-flex\">\n<div class=\"wp-block-column is-vertically-aligned-center is-layout-flow wp-block-column-is-layout-flow\">\n<h2 class=\"wp-block-heading\">Cubiertos de alta gama Caracter\u00edsticas:<\/h2>\n\n\n\n<p><strong>Acero inoxidable de alta calidad: <\/strong>Hecho de acero inoxidable 304 de calidad alimentaria, seguro y no t\u00f3xico, dise\u00f1o engrosado, uso a largo plazo como nuevo.<\/p>\n\n\n\n<p><strong>Dise\u00f1o de escamas de serpiente de doble cara: <\/strong>El mango adopta un dise\u00f1o \u00fanico de escamas de serpiente de doble cara, que muestra un fino sentido del arte y mejora el agarre<\/p>\n\n\n\n<p><strong>M\u00faltiples colores disponibles: <\/strong>Ofrecemos una variedad de colores de superficie \u00fanicos, como negro, oro rosa, plata, colores del arco iris, etc.<\/p>\n\n\n\n<p><strong>M\u00faltiples juegos de combinaciones:<\/strong> Proporcionan el mismo dise\u00f1o de cuchillo, tenedor, cuchara, cuchara sopera, cuchara de servicio, etc., adecuados para diferentes necesidades de catering<\/p>\n\n\n\n<p><strong>Servicio de personalizaci\u00f3n<\/strong>: Apoyo a la personalizaci\u00f3n, tales como logotipo de la marca o el patr\u00f3n especial y dise\u00f1o de envases, etc, que puede mejorar a\u00fan m\u00e1s la imagen de marca y la singularidad de los cubiertos.<\/p>\n<\/div>\n\n\n\n<div class=\"wp-block-column is-layout-flow wp-block-column-is-layout-flow\"><div class=\"wp-block-image\">\n<figure class=\"aligncenter size-full\"><img decoding=\"async\" width=\"800\" height=\"800\" src=\"https:\/\/www.mcallenflatware.com\/wp-content\/uploads\/2025\/03\/Wholesale-High-end-Flatware-Black-Gold-Silver-Cutlery-Set-Bulk-1.webp\" alt=\"Mayorista Cubiertos de Alta Gama, Cubiertos de Plata Oro Negro Juego a Granel (1)\" class=\"wp-image-1856\" style=\"object-fit:cover\" srcset=\"https:\/\/www.mcallenflatware.com\/wp-content\/uploads\/2025\/03\/Wholesale-High-end-Flatware-Black-Gold-Silver-Cutlery-Set-Bulk-1.webp 800w, https:\/\/www.mcallenflatware.com\/wp-content\/uploads\/2025\/03\/Wholesale-High-end-Flatware-Black-Gold-Silver-Cutlery-Set-Bulk-1-150x150.webp 150w, https:\/\/www.mcallenflatware.com\/wp-content\/uploads\/2025\/03\/Wholesale-High-end-Flatware-Black-Gold-Silver-Cutlery-Set-Bulk-1-768x768.webp 768w, https:\/\/www.mcallenflatware.com\/wp-content\/uploads\/2025\/03\/Wholesale-High-end-Flatware-Black-Gold-Silver-Cutlery-Set-Bulk-1-12x12.webp 12w, https:\/\/www.mcallenflatware.com\/wp-content\/uploads\/2025\/03\/Wholesale-High-end-Flatware-Black-Gold-Silver-Cutlery-Set-Bulk-1-600x600.webp 600w, https:\/\/www.mcallenflatware.com\/wp-content\/uploads\/2025\/03\/Wholesale-High-end-Flatware-Black-Gold-Silver-Cutlery-Set-Bulk-1-300x300.webp 300w, https:\/\/www.mcallenflatware.com\/wp-content\/uploads\/2025\/03\/Wholesale-High-end-Flatware-Black-Gold-Silver-Cutlery-Set-Bulk-1-100x100.webp 100w\" sizes=\"(max-width: 800px) 100vw, 800px\" \/><\/figure>\n<\/div><\/div>\n<\/div>","protected":false},"excerpt":{"rendered":"<p>Nuestros cubiertos al por mayor de gama alta est\u00e1n fabricados en acero inoxidable de alta calidad, y los mangos tienen un dise\u00f1o de escamas de serpiente de doble cara para realzar el atractivo visual. Venta al por mayor al por mayor, servicio de log\u00edstica de comercio electr\u00f3nico. P\u00f3ngase en contacto con nosotros para solicitar un presupuesto.<\/p>\n<h2>Atributos de los cubiertos de gama alta<\/h2>\n<p><strong>Marca:<\/strong> Mcallen<br \/><strong>Material:<\/strong> Acero inoxidable<br \/><strong>Color:<\/strong> Negro, Oro, Plata, Arco iris<br \/><strong>Dise\u00f1o:\u00a0 <\/strong> Mango con dise\u00f1o de escamas de serpiente\u00a0<br \/><strong>Plazo de entrega de la muestra:<\/strong> En 3 d\u00edas<br \/><strong>OEM\/ODM:<\/strong> Disponible<\/p>\n<h2>Cubiertos de alta gama personalizados:<\/h2>\n<p><strong>Acero inoxidable:<\/strong> Acero inoxidable 18\/10, 304, 316, 410, 430, 420<br \/><strong>Logotipo:<\/strong> Grabado por l\u00e1ser, serigraf\u00eda, impresi\u00f3n UV, impresi\u00f3n por transferencia t\u00e9rmica, gofrado, etc.<br \/><strong>Embalaje:<\/strong> 4\/8\/12\/16\/20\/24\/45\/48\/72pcs set<br \/><strong>Acabados superficiales:<\/strong> Pulido espejo, mate, pulido al agua, capa de titanio<br \/><strong>Embalaje:<\/strong> A granel, bolsa OPP, caja de color, caja de regalo, personalizado<\/p>","protected":false},"featured_media":2035,"template":"","meta":[],"product_brand":[],"product_cat":[23,29],"product_tag":[],"class_list":{"0":"post-1855","1":"product","2":"type-product","3":"status-publish","4":"has-post-thumbnail","6":"product_cat-wholesale-flatware","7":"product_cat-bulk-flatware","9":"first","10":"instock","11":"shipping-taxable","12":"product-type-simple"},"_links":{"self":[{"href":"https:\/\/www.mcallenflatware.com\/es\/wp-json\/wp\/v2\/product\/1855","targetHints":{"allow":["GET"]}}],"collection":[{"href":"https:\/\/www.mcallenflatware.com\/es\/wp-json\/wp\/v2\/product"}],"about":[{"href":"https:\/\/www.mcallenflatware.com\/es\/wp-json\/wp\/v2\/types\/product"}],"wp:featuredmedia":[{"embeddable":true,"href":"https:\/\/www.mcallenflatware.com\/es\/wp-json\/wp\/v2\/media\/2035"}],"wp:attachment":[{"href":"https:\/\/www.mcallenflatware.com\/es\/wp-json\/wp\/v2\/media?parent=1855"}],"wp:term":[{"taxonomy":"product_brand","embeddable":true,"href":"https:\/\/www.mcallenflatware.com\/es\/wp-json\/wp\/v2\/product_brand?post=1855"},{"taxonomy":"product_cat","embeddable":true,"href":"https:\/\/www.mcallenflatware.com\/es\/wp-json\/wp\/v2\/product_cat?post=1855"},{"taxonomy":"product_tag","embeddable":true,"href":"https:\/\/www.mcallenflatware.com\/es\/wp-json\/wp\/v2\/product_tag?post=1855"}],"curies":[{"name":"wp","href":"https:\/\/api.w.org\/{rel}","templated":true}]}}