{"id":1874,"date":"2025-04-19T11:47:33","date_gmt":"2025-04-19T11:47:33","guid":{"rendered":"https:\/\/www.mcallenflatware.com\/?post_type=product&#038;p=1874"},"modified":"2025-04-19T11:47:35","modified_gmt":"2025-04-19T11:47:35","slug":"bulk-stainless-steel-flatware","status":"publish","type":"product","link":"https:\/\/www.mcallenflatware.com\/es\/product\/bulk-stainless-steel-flatware\/","title":{"rendered":"Cubiertos de Acero Inoxidable a Granel, Juego de Cubiertos de Oro Plateado al por Mayor"},"content":{"rendered":"<div class=\"wp-block-columns is-layout-flex wp-container-core-columns-is-layout-9d6595d7 wp-block-columns-is-layout-flex\">\n<div class=\"wp-block-column is-layout-flow wp-block-column-is-layout-flow\">\n<h2 class=\"wp-block-heading\">Cubiertos de acero inoxidable Caracter\u00edsticas:<\/h2>\n\n\n\n<p><strong>Material de acero inoxidable de alta calidad: <\/strong>Fabricado en acero inoxidable 304 o 420 de calidad alimentaria, no es f\u00e1cil de deformar, es seguro y duradero.<\/p>\n\n\n\n<p><strong>Proceso de espejo pulido: <\/strong>Con una exquisita tecnolog\u00eda de pulido, la superficie de la vajilla es brillante y lisa, el aspecto es lujoso y la textura de la cuberter\u00eda se realza.<\/p>\n\n\n\n<p><strong>Fusi\u00f3n de est\u00e9tica moderna y real:<\/strong> La singular l\u00ednea de tallado del mango hace que el producto sea \u00fanico y moderno, retro, adecuado para una variedad de estilos de restaurante<\/p>\n\n\n\n<p><strong>Mango c\u00f3modo:<\/strong> Dise\u00f1o ergon\u00f3mico aerodin\u00e1mico de una pieza, agarre c\u00f3modo, ideal para bodas, hoteles, restaurantes y cenas en casa.<\/p>\n\n\n\n<p><strong>F\u00e1cil de limpiar y mantener<\/strong>: El tratamiento de alto brillo de la superficie hace que la vajilla sea m\u00e1s resistente a las manchas y muy f\u00e1cil de limpiar. Adecuada para lugares comerciales con limpieza frecuente.<\/p>\n\n\n\n<p><strong>Opciones personalizables: <\/strong>Se pueden realizar pedidos a granel y admitir opciones de personalizaci\u00f3n de la marca.<\/p>\n<\/div>\n\n\n\n<div class=\"wp-block-column is-layout-flow wp-block-column-is-layout-flow\">\n<figure class=\"wp-block-image size-full\"><img decoding=\"async\" width=\"790\" height=\"790\" src=\"https:\/\/www.mcallenflatware.com\/wp-content\/uploads\/2025\/04\/wholesale-gold-flatware-sets-for-restaurant-7-edited.webp\" alt=\"juegos de cubiertos de oro al por mayor para restaurantes-7\" class=\"wp-image-2019\" style=\"object-fit:cover\" srcset=\"https:\/\/www.mcallenflatware.com\/wp-content\/uploads\/2025\/04\/wholesale-gold-flatware-sets-for-restaurant-7-edited.webp 790w, https:\/\/www.mcallenflatware.com\/wp-content\/uploads\/2025\/04\/wholesale-gold-flatware-sets-for-restaurant-7-edited-150x150.webp 150w, https:\/\/www.mcallenflatware.com\/wp-content\/uploads\/2025\/04\/wholesale-gold-flatware-sets-for-restaurant-7-edited-768x768.webp 768w, https:\/\/www.mcallenflatware.com\/wp-content\/uploads\/2025\/04\/wholesale-gold-flatware-sets-for-restaurant-7-edited-12x12.webp 12w, https:\/\/www.mcallenflatware.com\/wp-content\/uploads\/2025\/04\/wholesale-gold-flatware-sets-for-restaurant-7-edited-600x600.webp 600w, https:\/\/www.mcallenflatware.com\/wp-content\/uploads\/2025\/04\/wholesale-gold-flatware-sets-for-restaurant-7-edited-300x300.webp 300w, https:\/\/www.mcallenflatware.com\/wp-content\/uploads\/2025\/04\/wholesale-gold-flatware-sets-for-restaurant-7-edited-100x100.webp 100w\" sizes=\"(max-width: 790px) 100vw, 790px\" \/><\/figure>\n<\/div>\n<\/div>","protected":false},"excerpt":{"rendered":"<p>Cubiertos de acero inoxidable a granel, dise\u00f1o moderno y real, adecuados para cualquier restaurante. Personalizable logotipo, color y embalaje. Suministro estable de la f\u00e1brica de Mcallen, proporcionando precio al por mayor para distribuidores, mayoristas, etc. \u00a1Bienvenido a preguntar!<\/p>\n<h2 id=\"block-792b966c-c506-49fa-b3c8-9881ee38a4f5\" class=\"block-editor-rich-text__editable block-editor-block-list__block wp-block is-selected wp-block-heading rich-text\" role=\"document\" aria-label=\"Bloque: R\u00fabrica\" data-block=\"792b966c-c506-49fa-b3c8-9881ee38a4f5\" data-type=\"core\/heading\" data-title=\"Heading\" data-wp-block-attribute-key=\"content\">Cubiertos de acero inoxidable Atributos:<\/h2>\n<p><strong>Marca:<\/strong> Mcallen<br \/><strong>Material:<\/strong> Acero inoxidable<br \/><strong>Color:<\/strong>\u00a0 Plata, Oro<br \/><strong>Dise\u00f1o:<\/strong>Mango moderno y real<br \/><strong>Plazo de entrega de la muestra:<\/strong> En 3 d\u00edas<br \/><strong>OEM\/ODM:<\/strong> Disponible<\/p>\n<h2>Cubiertos de acero inoxidable personalizados:<\/h2>\n<p><strong>Acero inoxidable:<\/strong> Acero inoxidable 18\/10, 304, 316, 410, 430, 420<br \/><strong>Logotipo:<\/strong> Grabado por l\u00e1ser, serigraf\u00eda\/impresi\u00f3n por transferencia UV\/t\u00e9rmica, gofrado, etc.<br \/><strong>Embalaje:<\/strong> 4\/8\/12\/16\/20\/24\/45\/48\/72pcs set<br \/><strong>Acabados superficiales:<\/strong> Pulido espejo, mate, pulido al agua, capa de titanio<br \/><strong>Embalaje:<\/strong> A granel, bolsa OPP, caja de color, caja de regalo, personalizado<\/p>","protected":false},"featured_media":2020,"template":"","meta":[],"product_brand":[],"product_cat":[23,29],"product_tag":[],"class_list":{"0":"post-1874","1":"product","2":"type-product","3":"status-publish","4":"has-post-thumbnail","6":"product_cat-wholesale-flatware","7":"product_cat-bulk-flatware","9":"first","10":"instock","11":"shipping-taxable","12":"product-type-simple"},"_links":{"self":[{"href":"https:\/\/www.mcallenflatware.com\/es\/wp-json\/wp\/v2\/product\/1874","targetHints":{"allow":["GET"]}}],"collection":[{"href":"https:\/\/www.mcallenflatware.com\/es\/wp-json\/wp\/v2\/product"}],"about":[{"href":"https:\/\/www.mcallenflatware.com\/es\/wp-json\/wp\/v2\/types\/product"}],"wp:featuredmedia":[{"embeddable":true,"href":"https:\/\/www.mcallenflatware.com\/es\/wp-json\/wp\/v2\/media\/2020"}],"wp:attachment":[{"href":"https:\/\/www.mcallenflatware.com\/es\/wp-json\/wp\/v2\/media?parent=1874"}],"wp:term":[{"taxonomy":"product_brand","embeddable":true,"href":"https:\/\/www.mcallenflatware.com\/es\/wp-json\/wp\/v2\/product_brand?post=1874"},{"taxonomy":"product_cat","embeddable":true,"href":"https:\/\/www.mcallenflatware.com\/es\/wp-json\/wp\/v2\/product_cat?post=1874"},{"taxonomy":"product_tag","embeddable":true,"href":"https:\/\/www.mcallenflatware.com\/es\/wp-json\/wp\/v2\/product_tag?post=1874"}],"curies":[{"name":"wp","href":"https:\/\/api.w.org\/{rel}","templated":true}]}}