{"id":1882,"date":"2025-04-24T16:24:57","date_gmt":"2025-04-24T16:24:57","guid":{"rendered":"https:\/\/www.mcallenflatware.com\/?post_type=product&#038;p=1882"},"modified":"2025-04-24T16:24:58","modified_gmt":"2025-04-24T16:24:58","slug":"wholesale-18-10-cutlery-set","status":"publish","type":"product","link":"https:\/\/www.mcallenflatware.com\/es\/product\/wholesale-18-10-cutlery-set\/","title":{"rendered":"Mayorista 18\/10 Cubiertos Acero Inoxidable, Martillado Cubiertos para Restaurante"},"content":{"rendered":"<div class=\"wp-block-columns is-layout-flex wp-container-core-columns-is-layout-9d6595d7 wp-block-columns-is-layout-flex\">\n<div class=\"wp-block-column is-layout-flow wp-block-column-is-layout-flow\">\n<h2 class=\"wp-block-heading\">Juego de cubiertos 18\/10 Caracter\u00edsticas:<\/h2>\n\n\n\n<p><strong>Elegante dise\u00f1o vintage<\/strong>: Los cubiertos presentan un acabado martillado y asas de estilo barroco, que a\u00f1aden un toque de elegancia antigua y sofisticaci\u00f3n a cualquier entorno de comedor.<\/p>\n\n\n\n<p><strong>Adecuado para diversas ocasiones:<\/strong> Tanto si se trata de un banquete de alto nivel, una celebraci\u00f3n nupcial, una fiesta tem\u00e1tica o un regalo de lujo, esta vajilla puede soportarlo f\u00e1cilmente y mostrar un estilo \u00fanico.<\/p>\n\n\n\n<p><strong>Materia de alta calidad<\/strong>l: Este juego de cubiertos martillados fabricado en acero inoxidable 18\/10 de alta calidad, garantiza durabilidad, seguridad y un aspecto lujoso, perfecto tanto para el uso diario como para ocasiones especiales.<\/p>\n\n\n\n<p><strong>Artesan\u00eda de precisi\u00f3n<\/strong>: Cada pieza est\u00e1 meticulosamente elaborada con una superficie pulida para una limpieza f\u00e1cil y un brillo duradero, garantizando funcionalidad y estilo.<\/p>\n\n\n\n<p><strong>Opciones personalizables: <\/strong>Se pueden realizar pedidos a granel y admitir opciones de personalizaci\u00f3n de la marca.<\/p>\n<\/div>\n\n\n\n<div class=\"wp-block-column is-layout-flow wp-block-column-is-layout-flow\"><div class=\"wp-block-image\">\n<figure class=\"aligncenter size-full\"><img decoding=\"async\" width=\"1400\" height=\"1322\" src=\"https:\/\/www.mcallenflatware.com\/wp-content\/uploads\/2025\/04\/bespoken-hammered-silverware-set-for-wedding-3.webp\" alt=\"juego de cubiertos martillados para boda-3\" class=\"wp-image-1885\" style=\"object-fit:cover\" srcset=\"https:\/\/www.mcallenflatware.com\/wp-content\/uploads\/2025\/04\/bespoken-hammered-silverware-set-for-wedding-3.webp 1400w, https:\/\/www.mcallenflatware.com\/wp-content\/uploads\/2025\/04\/bespoken-hammered-silverware-set-for-wedding-3-768x725.webp 768w, https:\/\/www.mcallenflatware.com\/wp-content\/uploads\/2025\/04\/bespoken-hammered-silverware-set-for-wedding-3-13x12.webp 13w, https:\/\/www.mcallenflatware.com\/wp-content\/uploads\/2025\/04\/bespoken-hammered-silverware-set-for-wedding-3-1200x1133.webp 1200w, https:\/\/www.mcallenflatware.com\/wp-content\/uploads\/2025\/04\/bespoken-hammered-silverware-set-for-wedding-3-600x567.webp 600w\" sizes=\"(max-width: 1400px) 100vw, 1400px\" \/><\/figure>\n<\/div><\/div>\n<\/div>","protected":false},"excerpt":{"rendered":"<p>Juego de cubiertos 18\/10 al por mayor con mango martillado \u00fanico, lujoso y decorativo, adecuado para bodas de alta gama, restaurantes, regalos, etc. Ofrecemos servicios personalizados al por mayor para ayudar a los clientes de comercio electr\u00f3nico de Amazon a crear r\u00e1pidamente productos de marca. \u00a1Bienvenido a preguntar ahora!<\/p>\n<h2 id=\"block-792b966c-c506-49fa-b3c8-9881ee38a4f5\" class=\"block-editor-rich-text__editable block-editor-block-list__block wp-block is-selected wp-block-heading rich-text\" role=\"document\" aria-label=\"Bloque: R\u00fabrica\" data-block=\"792b966c-c506-49fa-b3c8-9881ee38a4f5\" data-type=\"core\/heading\" data-title=\"Heading\" data-wp-block-attribute-key=\"content\">Juego de cubiertos 18\/10 Atributos:<\/h2>\n<p><strong>Marca:<\/strong> Mcallen<br \/><strong>Material:<\/strong> Acero inoxidable<br \/><strong>Color:<\/strong>\u00a0 Plata, Oro<br \/><strong>Dise\u00f1o: <\/strong>con mango martillado<br \/><strong>Plazo de entrega de la muestra:<\/strong> En 3 d\u00edas<br \/><strong>OEM\/ODM:<\/strong> Disponible<\/p>\n<h2>Juego de cubiertos personalizados 18\/10:<\/h2>\n<p><strong>Acero inoxidable:<\/strong> Acero inoxidable 18\/10, 304, 316, 410, 430, 420<br \/><strong>Logotipo:<\/strong> Grabado por l\u00e1ser, serigraf\u00eda\/impresi\u00f3n por transferencia UV\/t\u00e9rmica, gofrado, etc.<br \/><strong>Embalaje:<\/strong> 4\/8\/12\/16\/20\/24\/45\/48\/72pcs set<br \/><strong>Acabados superficiales:<\/strong> Pulido espejo, mate, pulido al agua, capa de titanio<br \/><strong>Embalaje:<\/strong> A granel, bolsa OPP, caja de color, caja de regalo, personalizado<\/p>","protected":false},"featured_media":1883,"template":"","meta":[],"product_brand":[],"product_cat":[23,29],"product_tag":[],"class_list":{"0":"post-1882","1":"product","2":"type-product","3":"status-publish","4":"has-post-thumbnail","6":"product_cat-wholesale-flatware","7":"product_cat-bulk-flatware","9":"first","10":"instock","11":"shipping-taxable","12":"product-type-simple"},"_links":{"self":[{"href":"https:\/\/www.mcallenflatware.com\/es\/wp-json\/wp\/v2\/product\/1882","targetHints":{"allow":["GET"]}}],"collection":[{"href":"https:\/\/www.mcallenflatware.com\/es\/wp-json\/wp\/v2\/product"}],"about":[{"href":"https:\/\/www.mcallenflatware.com\/es\/wp-json\/wp\/v2\/types\/product"}],"wp:featuredmedia":[{"embeddable":true,"href":"https:\/\/www.mcallenflatware.com\/es\/wp-json\/wp\/v2\/media\/1883"}],"wp:attachment":[{"href":"https:\/\/www.mcallenflatware.com\/es\/wp-json\/wp\/v2\/media?parent=1882"}],"wp:term":[{"taxonomy":"product_brand","embeddable":true,"href":"https:\/\/www.mcallenflatware.com\/es\/wp-json\/wp\/v2\/product_brand?post=1882"},{"taxonomy":"product_cat","embeddable":true,"href":"https:\/\/www.mcallenflatware.com\/es\/wp-json\/wp\/v2\/product_cat?post=1882"},{"taxonomy":"product_tag","embeddable":true,"href":"https:\/\/www.mcallenflatware.com\/es\/wp-json\/wp\/v2\/product_tag?post=1882"}],"curies":[{"name":"wp","href":"https:\/\/api.w.org\/{rel}","templated":true}]}}