{"id":1904,"date":"2025-04-06T03:25:58","date_gmt":"2025-04-06T03:25:58","guid":{"rendered":"https:\/\/www.mcallenflatware.com\/?post_type=product&#038;p=1904"},"modified":"2025-04-24T16:04:24","modified_gmt":"2025-04-24T16:04:24","slug":"bulk-cheese-knife-set","status":"publish","type":"product","link":"https:\/\/www.mcallenflatware.com\/es\/product\/bulk-cheese-knife-set\/","title":{"rendered":"Juego de Cuchillos de Queso a Granel con Mango de Bamb\u00fa Cuchillos de Acero Inoxidable al por Mayor"},"content":{"rendered":"<div class=\"wp-block-columns is-layout-flex wp-container-core-columns-is-layout-9d6595d7 wp-block-columns-is-layout-flex\">\n<div class=\"wp-block-column is-layout-flow wp-block-column-is-layout-flow\">\n<h2 class=\"wp-block-heading\">Juego de cuchillos para queso Caracter\u00edsticas:<\/h2>\n\n\n\n<p><strong>Mango de bamb\u00fa respetuoso con el medio ambiente:<\/strong> El mango es de bamb\u00fa natural, con un aspecto natural y \u00fanico, que transmite el concepto de protecci\u00f3n del medio ambiente.<\/p>\n\n\n\n<p><strong>Acero inoxidable de alta calidad: <\/strong>La cuchilla es de acero inoxidable apto para uso alimentario, duradero y adecuado para un uso prolongado.<\/p>\n\n\n\n<p><strong>Proceso de pulido:<\/strong> Cada cuchillo y tenedor est\u00e1 pulido, liso y sin rebabas, lo que garantiza un uso seguro y una experiencia de corte de alta calidad.<\/p>\n\n\n\n<p><strong>Combinaci\u00f3n funcional de cinco piezas<\/strong>: El juego incluye una cortadora, un cuchillo para virutas, una esp\u00e1tula, un tenedor y un cuchillo para agujeros, que satisfacen las diversas necesidades de procesamiento de quesos blandos y duros, flexibles y c\u00f3modos.<\/p>\n\n\n\n<p><strong>Aplicaci\u00f3n multiescena<\/strong>: Este juego de cuchillo y tenedor es adecuado para el queso, as\u00ed como diversos ingredientes blandos como mantequilla, chocolate, frutos secos, etc. <\/p>\n\n\n\n<p><strong>Dise\u00f1o port\u00e1til<\/strong>: Cada herramienta est\u00e1 dise\u00f1ada para ser ligero y f\u00e1cil de sostener, adecuado para el uso diario y llevar cuando se viaja.<\/p>\n<\/div>\n\n\n\n<div class=\"wp-block-column is-layout-flow wp-block-column-is-layout-flow\">\n<figure class=\"wp-block-image size-full\"><img decoding=\"async\" width=\"800\" height=\"800\" src=\"https:\/\/www.mcallenflatware.com\/wp-content\/uploads\/2025\/04\/Custom-Cheese-Knives-with-Natural-Bamboo-Handle-Stainless-Steel-Cutlery-Set-Wholesale-4.webp\" alt=\"Cuchillos de Queso Personalizados con Mango de Bamb\u00fa Natural Set de Cubiertos de Acero Inoxidable al por Mayor (4)\" class=\"wp-image-1913\" srcset=\"https:\/\/www.mcallenflatware.com\/wp-content\/uploads\/2025\/04\/Custom-Cheese-Knives-with-Natural-Bamboo-Handle-Stainless-Steel-Cutlery-Set-Wholesale-4.webp 800w, https:\/\/www.mcallenflatware.com\/wp-content\/uploads\/2025\/04\/Custom-Cheese-Knives-with-Natural-Bamboo-Handle-Stainless-Steel-Cutlery-Set-Wholesale-4-150x150.webp 150w, https:\/\/www.mcallenflatware.com\/wp-content\/uploads\/2025\/04\/Custom-Cheese-Knives-with-Natural-Bamboo-Handle-Stainless-Steel-Cutlery-Set-Wholesale-4-768x768.webp 768w, https:\/\/www.mcallenflatware.com\/wp-content\/uploads\/2025\/04\/Custom-Cheese-Knives-with-Natural-Bamboo-Handle-Stainless-Steel-Cutlery-Set-Wholesale-4-12x12.webp 12w, https:\/\/www.mcallenflatware.com\/wp-content\/uploads\/2025\/04\/Custom-Cheese-Knives-with-Natural-Bamboo-Handle-Stainless-Steel-Cutlery-Set-Wholesale-4-600x600.webp 600w, https:\/\/www.mcallenflatware.com\/wp-content\/uploads\/2025\/04\/Custom-Cheese-Knives-with-Natural-Bamboo-Handle-Stainless-Steel-Cutlery-Set-Wholesale-4-300x300.webp 300w, https:\/\/www.mcallenflatware.com\/wp-content\/uploads\/2025\/04\/Custom-Cheese-Knives-with-Natural-Bamboo-Handle-Stainless-Steel-Cutlery-Set-Wholesale-4-100x100.webp 100w\" sizes=\"(max-width: 800px) 100vw, 800px\" \/><\/figure>\n<\/div>\n<\/div>","protected":false},"excerpt":{"rendered":"<p>Juego de cuchillos de queso al por mayor a granel con mango de bamb\u00fa, combinaci\u00f3n de acero inoxidable y material de bamb\u00fa, duradero y hermoso. Combinaci\u00f3n multi-cuchillo respetuoso del medio ambiente, conveniente para el hogar, el restaurante, y el uso del hotel. Directo de f\u00e1brica, proporcionar servicios personalizados, apoyar las ventas de Amazon. \u00a1Bienvenido a contactar con nosotros para consultas!<\/p>\n<h2>Juego de cuchillos para queso Atributos:<\/h2>\n<p><strong>Marca:<\/strong> Mcallen<br \/><strong>Material:<\/strong> Bamb\u00fa, acero inoxidable<br \/><strong>Color:<\/strong> Plata<br \/><strong>Pulido:<\/strong> Pulido espejo<br \/><strong>Plazo de entrega de la muestra:<\/strong> En 3 d\u00edas<br \/><strong>OEM\/ODM:<\/strong> Disponible<\/p>\n<h2>Juego de cuchillos para queso personalizados:<\/h2>\n<p><strong>Acero inoxidable:<\/strong> Acero inoxidable 18\/10, 304, 316, 410, 430, 420<br \/><strong>Logotipo:<\/strong> Grabado por l\u00e1ser, serigraf\u00eda, impresi\u00f3n UV, impresi\u00f3n por transferencia t\u00e9rmica, gofrado, etc.<br \/><strong>Acabados superficiales:<\/strong> Pulido espejo, mate.<br \/><strong>Embalaje:<\/strong> A granel, bolsa OPP, caja de color, caja de regalo, personalizado<\/p>","protected":false},"featured_media":1914,"template":"","meta":[],"product_brand":[],"product_cat":[24,31],"product_tag":[],"class_list":{"0":"post-1904","1":"product","2":"type-product","3":"status-publish","4":"has-post-thumbnail","6":"product_cat-wholesale-kitchen-utensils","7":"product_cat-wholesale-serving-utensils","9":"first","10":"instock","11":"shipping-taxable","12":"product-type-simple"},"_links":{"self":[{"href":"https:\/\/www.mcallenflatware.com\/es\/wp-json\/wp\/v2\/product\/1904","targetHints":{"allow":["GET"]}}],"collection":[{"href":"https:\/\/www.mcallenflatware.com\/es\/wp-json\/wp\/v2\/product"}],"about":[{"href":"https:\/\/www.mcallenflatware.com\/es\/wp-json\/wp\/v2\/types\/product"}],"wp:featuredmedia":[{"embeddable":true,"href":"https:\/\/www.mcallenflatware.com\/es\/wp-json\/wp\/v2\/media\/1914"}],"wp:attachment":[{"href":"https:\/\/www.mcallenflatware.com\/es\/wp-json\/wp\/v2\/media?parent=1904"}],"wp:term":[{"taxonomy":"product_brand","embeddable":true,"href":"https:\/\/www.mcallenflatware.com\/es\/wp-json\/wp\/v2\/product_brand?post=1904"},{"taxonomy":"product_cat","embeddable":true,"href":"https:\/\/www.mcallenflatware.com\/es\/wp-json\/wp\/v2\/product_cat?post=1904"},{"taxonomy":"product_tag","embeddable":true,"href":"https:\/\/www.mcallenflatware.com\/es\/wp-json\/wp\/v2\/product_tag?post=1904"}],"curies":[{"name":"wp","href":"https:\/\/api.w.org\/{rel}","templated":true}]}}