{"id":1905,"date":"2025-04-06T07:18:13","date_gmt":"2025-04-06T07:18:13","guid":{"rendered":"https:\/\/www.mcallenflatware.com\/?post_type=product&#038;p=1905"},"modified":"2025-04-24T16:16:41","modified_gmt":"2025-04-24T16:16:41","slug":"wholesale-quality-flatware","status":"publish","type":"product","link":"https:\/\/www.mcallenflatware.com\/es\/product\/wholesale-quality-flatware\/","title":{"rendered":"Mayorista de Cubiertos de Calidad, Acero Inoxidable Cuberteria Moderna Juego Personalizado"},"content":{"rendered":"<div class=\"wp-block-columns is-layout-flex wp-container-core-columns-is-layout-9d6595d7 wp-block-columns-is-layout-flex\">\n<div class=\"wp-block-column is-layout-flow wp-block-column-is-layout-flow\">\n<h2 class=\"wp-block-heading\">Cubiertos de calidad Caracter\u00edsticas:<\/h2>\n\n\n\n<p><strong>Dise\u00f1o moderno y minimalista: <\/strong>Dise\u00f1o de mango aerodin\u00e1mico y delgado, agarre c\u00f3modo y bella apariencia.<\/p>\n\n\n\n<p><strong>Acero inoxidable 304: <\/strong>Acero inoxidable de calidad alimentaria, resistente al desgaste y a la oxidaci\u00f3n, conforme a las normas internacionales de seguridad en restauraci\u00f3n.<\/p>\n\n\n\n<p><strong>Acabado pulido espejo:<\/strong> pulido espejo general, brillante y suave, que aporta una textura visual de alta gama.<\/p>\n\n\n\n<p><strong>Ofrezca varias opciones de color:<\/strong> oro, plata, negro, cobre, arco iris, rojo y verde, desde tonos cl\u00e1sicos y lujosos hasta opciones de color personalizadas y \u00fanicas, y admiten personalizaci\u00f3n<\/p>\n\n\n\n<p><strong>Proporcionar soluciones de envasado: <\/strong>apoyar LOGO personalizado (grabado l\u00e1ser, relieve y otros procesos), proporcionar cajas de color, papel kraft, bolsas de OPP y otras soluciones de embalaje para satisfacer las necesidades de promoci\u00f3n de marca, regalo o exportaci\u00f3n.<\/p>\n\n\n\n<p><strong>Suministro directo al por mayor, suministro estable: <\/strong>F\u00e1brica propia, admite pedidos de gran volumen, ciclo de entrega estable, precio preferencial, adecuado para establecer una cooperaci\u00f3n a largo plazo con propietarios de marcas, distribuidores y mayoristas.<\/p>\n<\/div>\n\n\n\n<div class=\"wp-block-column is-layout-flow wp-block-column-is-layout-flow\"><div class=\"wp-block-image\">\n<figure class=\"aligncenter size-full\"><img decoding=\"async\" width=\"800\" height=\"800\" src=\"https:\/\/www.mcallenflatware.com\/wp-content\/uploads\/2025\/04\/wholesale-quality-flatwarestainless-steel-cutlery-set-custom-4.webp\" alt=\"venta al por mayor cubiertos de calidad, cubiertos de acero inoxidable conjunto personalizado (4)\" class=\"wp-image-1911\" srcset=\"https:\/\/www.mcallenflatware.com\/wp-content\/uploads\/2025\/04\/wholesale-quality-flatwarestainless-steel-cutlery-set-custom-4.webp 800w, https:\/\/www.mcallenflatware.com\/wp-content\/uploads\/2025\/04\/wholesale-quality-flatwarestainless-steel-cutlery-set-custom-4-150x150.webp 150w, https:\/\/www.mcallenflatware.com\/wp-content\/uploads\/2025\/04\/wholesale-quality-flatwarestainless-steel-cutlery-set-custom-4-768x768.webp 768w, https:\/\/www.mcallenflatware.com\/wp-content\/uploads\/2025\/04\/wholesale-quality-flatwarestainless-steel-cutlery-set-custom-4-12x12.webp 12w, https:\/\/www.mcallenflatware.com\/wp-content\/uploads\/2025\/04\/wholesale-quality-flatwarestainless-steel-cutlery-set-custom-4-600x600.webp 600w, https:\/\/www.mcallenflatware.com\/wp-content\/uploads\/2025\/04\/wholesale-quality-flatwarestainless-steel-cutlery-set-custom-4-300x300.webp 300w, https:\/\/www.mcallenflatware.com\/wp-content\/uploads\/2025\/04\/wholesale-quality-flatwarestainless-steel-cutlery-set-custom-4-100x100.webp 100w\" sizes=\"(max-width: 800px) 100vw, 800px\" \/><\/figure>\n<\/div><\/div>\n<\/div>","protected":false},"excerpt":{"rendered":"<p>Juego de cubiertos de acero inoxidable de calidad al por mayor, pulidos a espejo, de moderna forma aerodin\u00e1mica con varias opciones de color, adecuados para diversas escenas de catering. Soporta la personalizaci\u00f3n de logotipo y embalaje. \u00a1Suministro directo de f\u00e1brica, recepci\u00f3n para entrarnos en contacto con para una cita!<\/p>\n<h2 id=\"block-792b966c-c506-49fa-b3c8-9881ee38a4f5\" class=\"block-editor-rich-text__editable block-editor-block-list__block wp-block is-selected wp-block-heading rich-text\" role=\"document\" aria-label=\"Bloque: R\u00fabrica\" data-block=\"792b966c-c506-49fa-b3c8-9881ee38a4f5\" data-type=\"core\/heading\" data-title=\"Heading\" data-wp-block-attribute-key=\"content\">Cubiertos de calidad Atributos :<\/h2>\n<p><strong>Marca:<\/strong> Mcallen<br \/><strong>Material:<\/strong> Acero inoxidable<br \/><strong>Color:<\/strong>\u00a0 Plata, oro, negro, cobre, arco iris, rojo y verde<br \/><strong>Dise\u00f1o: <\/strong> Acabado moderno y pulido espejo<br \/><strong>Plazo de entrega de la muestra:<\/strong> En 3 d\u00edas<br \/><strong>OEM\/ODM:<\/strong> Disponible<\/p>\n<h2>Cubiertos de calidad a medida:<\/h2>\n<p><strong>Acero inoxidable:<\/strong> Acero inoxidable 18\/10, 304, 316, 410, 430, 420<br \/><strong>Logotipo:<\/strong> Grabado por l\u00e1ser, serigraf\u00eda\/impresi\u00f3n por transferencia UV\/t\u00e9rmica, gofrado, etc.<br \/><strong>Embalaje:<\/strong> 4\/8\/12\/16\/20\/24\/45\/48\/72pcs set<br \/><strong>Acabados superficiales:<\/strong> Pulido espejo, mate, pulido al agua, capa de titanio<br \/><strong>Embalaje:<\/strong> A granel, bolsa OPP, caja de color, caja de regalo, personalizado<\/p>","protected":false},"featured_media":1908,"template":"","meta":[],"product_brand":[],"product_cat":[23,29],"product_tag":[],"class_list":{"0":"post-1905","1":"product","2":"type-product","3":"status-publish","4":"has-post-thumbnail","6":"product_cat-wholesale-flatware","7":"product_cat-bulk-flatware","9":"first","10":"instock","11":"shipping-taxable","12":"product-type-simple"},"_links":{"self":[{"href":"https:\/\/www.mcallenflatware.com\/es\/wp-json\/wp\/v2\/product\/1905","targetHints":{"allow":["GET"]}}],"collection":[{"href":"https:\/\/www.mcallenflatware.com\/es\/wp-json\/wp\/v2\/product"}],"about":[{"href":"https:\/\/www.mcallenflatware.com\/es\/wp-json\/wp\/v2\/types\/product"}],"wp:featuredmedia":[{"embeddable":true,"href":"https:\/\/www.mcallenflatware.com\/es\/wp-json\/wp\/v2\/media\/1908"}],"wp:attachment":[{"href":"https:\/\/www.mcallenflatware.com\/es\/wp-json\/wp\/v2\/media?parent=1905"}],"wp:term":[{"taxonomy":"product_brand","embeddable":true,"href":"https:\/\/www.mcallenflatware.com\/es\/wp-json\/wp\/v2\/product_brand?post=1905"},{"taxonomy":"product_cat","embeddable":true,"href":"https:\/\/www.mcallenflatware.com\/es\/wp-json\/wp\/v2\/product_cat?post=1905"},{"taxonomy":"product_tag","embeddable":true,"href":"https:\/\/www.mcallenflatware.com\/es\/wp-json\/wp\/v2\/product_tag?post=1905"}],"curies":[{"name":"wp","href":"https:\/\/api.w.org\/{rel}","templated":true}]}}