{"id":1917,"date":"2025-09-24T10:28:25","date_gmt":"2025-09-24T10:28:25","guid":{"rendered":"https:\/\/www.mcallenflatware.com\/?post_type=product&#038;p=1917"},"modified":"2025-09-24T10:39:15","modified_gmt":"2025-09-24T10:39:15","slug":"wholesale-round-spoon","status":"publish","type":"product","link":"https:\/\/www.mcallenflatware.com\/es\/product\/wholesale-round-spoon\/","title":{"rendered":"Mayorista Cuchara Redonda, Cucharas de Servir de Acero Inoxidable al por Mayor"},"content":{"rendered":"<div class=\"wp-block-columns is-layout-flex wp-container-core-columns-is-layout-9d6595d7 wp-block-columns-is-layout-flex\">\n<div class=\"wp-block-column is-layout-flow wp-block-column-is-layout-flow\">\n<h2 class=\"wp-block-heading\">Cuchara redonda Caracter\u00edsticas:<\/h2>\n\n\n\n<p><strong>Brillante dise\u00f1o de asa martillada:<\/strong> El mango redondo de la cuchara est\u00e1 martillado y resplandece con plata, igual que las estrellas brillantes, lo que resulta muy lujoso y deslumbrante.<\/p>\n\n\n\n<p><strong>Material de alta calidad: <\/strong>Fabricado en acero inoxidable duradero, es seguro y no t\u00f3xico, resistente a altas temperaturas y al desgaste, y apto para lavavajillas.<\/p>\n\n\n\n<p><strong>Proceso de pulido de la superficie brillante:<\/strong> La cuchara redonda adopta un proceso de pulido de alto espejo, la superficie es pulida, duradera y brillante, f\u00e1cil de limpiar, y tiene tanto sentido pr\u00e1ctico como de moda.<\/p>\n\n\n\n<p><strong>Uso multifuncional: <\/strong>Adem\u00e1s de para servir comida a diario, gracias a su aspecto \u00fanico, tambi\u00e9n puede utilizarse para servir comida en lugares como cafeter\u00edas para realzar el ambiente de la cena.<\/p>\n\n\n\n<p><strong>Personalizaci\u00f3n masiva:<\/strong> Ofrezca una amplia gama de opciones de personalizaci\u00f3n y precios al por mayor para crear una serie de cubiertos al por mayor \u00fanica y atractiva.<\/p>\n<\/div>\n\n\n\n<div class=\"wp-block-column is-layout-flow wp-block-column-is-layout-flow\"><div class=\"wp-block-image\">\n<figure class=\"aligncenter size-full\"><img decoding=\"async\" width=\"800\" height=\"800\" src=\"https:\/\/www.mcallenflatware.com\/wp-content\/uploads\/2025\/04\/Wholesale-Stainless-Steel-Soup-Spoon-8.webp\" alt=\"\" class=\"wp-image-1925\" style=\"object-fit:cover\" srcset=\"https:\/\/www.mcallenflatware.com\/wp-content\/uploads\/2025\/04\/Wholesale-Stainless-Steel-Soup-Spoon-8.webp 800w, https:\/\/www.mcallenflatware.com\/wp-content\/uploads\/2025\/04\/Wholesale-Stainless-Steel-Soup-Spoon-8-150x150.webp 150w, https:\/\/www.mcallenflatware.com\/wp-content\/uploads\/2025\/04\/Wholesale-Stainless-Steel-Soup-Spoon-8-768x768.webp 768w, https:\/\/www.mcallenflatware.com\/wp-content\/uploads\/2025\/04\/Wholesale-Stainless-Steel-Soup-Spoon-8-12x12.webp 12w, https:\/\/www.mcallenflatware.com\/wp-content\/uploads\/2025\/04\/Wholesale-Stainless-Steel-Soup-Spoon-8-600x600.webp 600w, https:\/\/www.mcallenflatware.com\/wp-content\/uploads\/2025\/04\/Wholesale-Stainless-Steel-Soup-Spoon-8-300x300.webp 300w, https:\/\/www.mcallenflatware.com\/wp-content\/uploads\/2025\/04\/Wholesale-Stainless-Steel-Soup-Spoon-8-100x100.webp 100w\" sizes=\"(max-width: 800px) 100vw, 800px\" \/><\/figure>\n<\/div><\/div>\n<\/div>\n\n\n\n<div class=\"wp-block-columns is-layout-flex wp-container-core-columns-is-layout-9d6595d7 wp-block-columns-is-layout-flex\">\n<div class=\"wp-block-column is-layout-flow wp-block-column-is-layout-flow\">\n<figure class=\"wp-block-image size-full\"><img decoding=\"async\" width=\"800\" height=\"800\" src=\"https:\/\/www.mcallenflatware.com\/wp-content\/uploads\/2025\/04\/Wholesale-Stainless-Steel-Soup-Spoon-4.webp\" alt=\"Cuchara de acero inoxidable al por mayor\" class=\"wp-image-1921\" srcset=\"https:\/\/www.mcallenflatware.com\/wp-content\/uploads\/2025\/04\/Wholesale-Stainless-Steel-Soup-Spoon-4.webp 800w, https:\/\/www.mcallenflatware.com\/wp-content\/uploads\/2025\/04\/Wholesale-Stainless-Steel-Soup-Spoon-4-150x150.webp 150w, https:\/\/www.mcallenflatware.com\/wp-content\/uploads\/2025\/04\/Wholesale-Stainless-Steel-Soup-Spoon-4-768x768.webp 768w, https:\/\/www.mcallenflatware.com\/wp-content\/uploads\/2025\/04\/Wholesale-Stainless-Steel-Soup-Spoon-4-12x12.webp 12w, https:\/\/www.mcallenflatware.com\/wp-content\/uploads\/2025\/04\/Wholesale-Stainless-Steel-Soup-Spoon-4-600x600.webp 600w, https:\/\/www.mcallenflatware.com\/wp-content\/uploads\/2025\/04\/Wholesale-Stainless-Steel-Soup-Spoon-4-300x300.webp 300w, https:\/\/www.mcallenflatware.com\/wp-content\/uploads\/2025\/04\/Wholesale-Stainless-Steel-Soup-Spoon-4-100x100.webp 100w\" sizes=\"(max-width: 800px) 100vw, 800px\" \/><\/figure>\n<\/div>\n\n\n\n<div class=\"wp-block-column is-layout-flow wp-block-column-is-layout-flow\">\n<figure class=\"wp-block-image size-full\"><img decoding=\"async\" width=\"800\" height=\"800\" src=\"https:\/\/www.mcallenflatware.com\/wp-content\/uploads\/2025\/04\/Wholesale-Stainless-Steel-Soup-Spoon-3.webp\" alt=\"Cuchara de acero inoxidable al por mayor\" class=\"wp-image-1920\" srcset=\"https:\/\/www.mcallenflatware.com\/wp-content\/uploads\/2025\/04\/Wholesale-Stainless-Steel-Soup-Spoon-3.webp 800w, https:\/\/www.mcallenflatware.com\/wp-content\/uploads\/2025\/04\/Wholesale-Stainless-Steel-Soup-Spoon-3-150x150.webp 150w, https:\/\/www.mcallenflatware.com\/wp-content\/uploads\/2025\/04\/Wholesale-Stainless-Steel-Soup-Spoon-3-768x768.webp 768w, https:\/\/www.mcallenflatware.com\/wp-content\/uploads\/2025\/04\/Wholesale-Stainless-Steel-Soup-Spoon-3-12x12.webp 12w, https:\/\/www.mcallenflatware.com\/wp-content\/uploads\/2025\/04\/Wholesale-Stainless-Steel-Soup-Spoon-3-600x600.webp 600w, https:\/\/www.mcallenflatware.com\/wp-content\/uploads\/2025\/04\/Wholesale-Stainless-Steel-Soup-Spoon-3-300x300.webp 300w, https:\/\/www.mcallenflatware.com\/wp-content\/uploads\/2025\/04\/Wholesale-Stainless-Steel-Soup-Spoon-3-100x100.webp 100w\" sizes=\"(max-width: 800px) 100vw, 800px\" \/><\/figure>\n<\/div>\n\n\n\n<div class=\"wp-block-column is-layout-flow wp-block-column-is-layout-flow\">\n<figure class=\"wp-block-image size-full\"><img decoding=\"async\" width=\"800\" height=\"800\" src=\"https:\/\/www.mcallenflatware.com\/wp-content\/uploads\/2025\/04\/Wholesale-Stainless-Steel-Soup-Spoon-2.webp\" alt=\"Cuchara de acero inoxidable al por mayor\" class=\"wp-image-1919\" srcset=\"https:\/\/www.mcallenflatware.com\/wp-content\/uploads\/2025\/04\/Wholesale-Stainless-Steel-Soup-Spoon-2.webp 800w, https:\/\/www.mcallenflatware.com\/wp-content\/uploads\/2025\/04\/Wholesale-Stainless-Steel-Soup-Spoon-2-150x150.webp 150w, https:\/\/www.mcallenflatware.com\/wp-content\/uploads\/2025\/04\/Wholesale-Stainless-Steel-Soup-Spoon-2-768x768.webp 768w, https:\/\/www.mcallenflatware.com\/wp-content\/uploads\/2025\/04\/Wholesale-Stainless-Steel-Soup-Spoon-2-12x12.webp 12w, https:\/\/www.mcallenflatware.com\/wp-content\/uploads\/2025\/04\/Wholesale-Stainless-Steel-Soup-Spoon-2-600x600.webp 600w, https:\/\/www.mcallenflatware.com\/wp-content\/uploads\/2025\/04\/Wholesale-Stainless-Steel-Soup-Spoon-2-300x300.webp 300w, https:\/\/www.mcallenflatware.com\/wp-content\/uploads\/2025\/04\/Wholesale-Stainless-Steel-Soup-Spoon-2-100x100.webp 100w\" sizes=\"(max-width: 800px) 100vw, 800px\" \/><\/figure>\n<\/div>\n<\/div>","protected":false},"excerpt":{"rendered":"<p>Bienvenido a personalizar al por mayor cucharas redondas, exquisita talla martillo, manejar como imagen de diamante brillante, lujoso y de moda, adecuado para postres, helados, etc. \u00a1Precio de f\u00e1brica, apoyo OEM y ODM, bienvenido a preguntar para obtener muestras gratis!<\/p>\n<h2>Cuchara redonda Atributos:<\/h2>\n<p><strong>Marca:<\/strong> Mcallen<br \/><strong>Material:<\/strong> Acero inoxidable<br \/><strong>Color: <\/strong>Plata<br \/><strong>Dise\u00f1o:<\/strong> Asa martillada<br \/><strong>Plazo de entrega de la muestra:<\/strong> En 3 d\u00edas<br \/><strong>OEM\/ODM:<\/strong> Disponible<\/p>\n<h2>Cuchara redonda personalizada:<\/h2>\n<p><strong>Acero inoxidable:<\/strong> Acero inoxidable 18\/10, 304, 316, 410, 430, 420<br \/><strong>Logotipo:<\/strong> Grabado por l\u00e1ser, serigraf\u00eda, impresi\u00f3n UV, impresi\u00f3n por transferencia t\u00e9rmica, gofrado, etc.<br \/><strong>Embalaje:<\/strong> 4\/8\/12\/16\/20\/24\/45\/48\/72pcs set<br \/><strong>Acabados superficiales:<\/strong> Pulido espejo, mate, pulido al agua, capa de titanio<br \/><strong>Embalaje:<\/strong> A granel, bolsa opp, caja de color, caja de regalo, personalizado<\/p>","protected":false},"featured_media":1921,"template":"","meta":[],"product_brand":[],"product_cat":[23,38],"product_tag":[],"class_list":{"0":"post-1917","1":"product","2":"type-product","3":"status-publish","4":"has-post-thumbnail","6":"product_cat-wholesale-flatware","7":"product_cat-stainless-steel-spoons-wholesale","9":"first","10":"instock","11":"shipping-taxable","12":"product-type-simple"},"_links":{"self":[{"href":"https:\/\/www.mcallenflatware.com\/es\/wp-json\/wp\/v2\/product\/1917","targetHints":{"allow":["GET"]}}],"collection":[{"href":"https:\/\/www.mcallenflatware.com\/es\/wp-json\/wp\/v2\/product"}],"about":[{"href":"https:\/\/www.mcallenflatware.com\/es\/wp-json\/wp\/v2\/types\/product"}],"wp:featuredmedia":[{"embeddable":true,"href":"https:\/\/www.mcallenflatware.com\/es\/wp-json\/wp\/v2\/media\/1921"}],"wp:attachment":[{"href":"https:\/\/www.mcallenflatware.com\/es\/wp-json\/wp\/v2\/media?parent=1917"}],"wp:term":[{"taxonomy":"product_brand","embeddable":true,"href":"https:\/\/www.mcallenflatware.com\/es\/wp-json\/wp\/v2\/product_brand?post=1917"},{"taxonomy":"product_cat","embeddable":true,"href":"https:\/\/www.mcallenflatware.com\/es\/wp-json\/wp\/v2\/product_cat?post=1917"},{"taxonomy":"product_tag","embeddable":true,"href":"https:\/\/www.mcallenflatware.com\/es\/wp-json\/wp\/v2\/product_tag?post=1917"}],"curies":[{"name":"wp","href":"https:\/\/api.w.org\/{rel}","templated":true}]}}