{"id":1973,"date":"2025-04-19T10:30:14","date_gmt":"2025-04-19T10:30:14","guid":{"rendered":"https:\/\/www.mcallenflatware.com\/?post_type=product&#038;p=1973"},"modified":"2025-04-19T10:36:49","modified_gmt":"2025-04-19T10:36:49","slug":"wholesale-ice-cream-spoons","status":"publish","type":"product","link":"https:\/\/www.mcallenflatware.com\/es\/product\/wholesale-ice-cream-spoons\/","title":{"rendered":"Mayorista Cucharas de Helado, Tenedor de Postre Acero Inoxidable a Granel"},"content":{"rendered":"<div class=\"wp-block-columns is-layout-flex wp-container-core-columns-is-layout-9d6595d7 wp-block-columns-is-layout-flex\">\n<div class=\"wp-block-column is-layout-flow wp-block-column-is-layout-flow\">\n<h2 class=\"wp-block-heading\">Cucharas para helado Caracter\u00edsticas:<\/h2>\n\n\n\n<p><strong>Brillante dise\u00f1o de asa martillada:<\/strong> El mango de la cuchara de caf\u00e9 est\u00e1 martillado y resplandece con plata, igual que las estrellas brillantes, lo que resulta muy lujoso y deslumbrante.<\/p>\n\n\n\n<p><strong>Material de alta calidad: <\/strong>Fabricado en acero inoxidable duradero, es seguro y no t\u00f3xico, resistente a altas temperaturas y al desgaste, y apto para lavavajillas.<\/p>\n\n\n\n<p><strong>Proceso de pulido de la superficie brillante:<\/strong> La cuchara de caf\u00e9 adopta un proceso de pulido de alto espejo, la superficie es pulida, duradera y brillante, f\u00e1cil de limpiar, y tiene tanto sentido pr\u00e1ctico como de moda.<\/p>\n\n\n\n<p><strong>Uso multifuncional: <\/strong>Adem\u00e1s de para servir comida a diario, gracias a su aspecto \u00fanico, tambi\u00e9n puede utilizarse para servir comida en lugares como cafeter\u00edas para realzar el ambiente de la cena.<\/p>\n\n\n\n<p><strong>Personalizaci\u00f3n masiva:<\/strong> Ofrezca una amplia gama de opciones de personalizaci\u00f3n y precios al por mayor para crear una serie de cubiertos al por mayor \u00fanica y atractiva.<\/p>\n<\/div>\n\n\n\n<div class=\"wp-block-column is-layout-flow wp-block-column-is-layout-flow\"><div class=\"wp-block-image\">\n<figure class=\"aligncenter size-full\"><img decoding=\"async\" width=\"800\" height=\"800\" src=\"https:\/\/www.mcallenflatware.com\/wp-content\/uploads\/2025\/04\/Hammered-Wholesale-Japanese-Stainless-Steel-Dessert-Spoon-Set-1.webp\" alt=\"Hammered-Mayorista-Japon\u00e9s-Acero inoxidable-Cuchara de postre-Set-1\" class=\"wp-image-1974\" style=\"object-fit:cover\" srcset=\"https:\/\/www.mcallenflatware.com\/wp-content\/uploads\/2025\/04\/Hammered-Wholesale-Japanese-Stainless-Steel-Dessert-Spoon-Set-1.webp 800w, https:\/\/www.mcallenflatware.com\/wp-content\/uploads\/2025\/04\/Hammered-Wholesale-Japanese-Stainless-Steel-Dessert-Spoon-Set-1-150x150.webp 150w, https:\/\/www.mcallenflatware.com\/wp-content\/uploads\/2025\/04\/Hammered-Wholesale-Japanese-Stainless-Steel-Dessert-Spoon-Set-1-768x768.webp 768w, https:\/\/www.mcallenflatware.com\/wp-content\/uploads\/2025\/04\/Hammered-Wholesale-Japanese-Stainless-Steel-Dessert-Spoon-Set-1-12x12.webp 12w, https:\/\/www.mcallenflatware.com\/wp-content\/uploads\/2025\/04\/Hammered-Wholesale-Japanese-Stainless-Steel-Dessert-Spoon-Set-1-600x600.webp 600w, https:\/\/www.mcallenflatware.com\/wp-content\/uploads\/2025\/04\/Hammered-Wholesale-Japanese-Stainless-Steel-Dessert-Spoon-Set-1-300x300.webp 300w, https:\/\/www.mcallenflatware.com\/wp-content\/uploads\/2025\/04\/Hammered-Wholesale-Japanese-Stainless-Steel-Dessert-Spoon-Set-1-100x100.webp 100w\" sizes=\"(max-width: 800px) 100vw, 800px\" \/><\/figure>\n<\/div><\/div>\n<\/div>\n\n\n\n<div class=\"wp-block-columns is-layout-flex wp-container-core-columns-is-layout-9d6595d7 wp-block-columns-is-layout-flex\">\n<div class=\"wp-block-column is-layout-flow wp-block-column-is-layout-flow\">\n<figure class=\"wp-block-image size-full\"><img decoding=\"async\" width=\"800\" height=\"800\" src=\"https:\/\/www.mcallenflatware.com\/wp-content\/uploads\/2025\/04\/Hammered-Wholesale-Japanese-Stainless-Steel-Dessert-Spoon-Set-5.webp\" alt=\"Hammered-Mayorista-Japon\u00e9s-Acero inoxidable-Cuchara de postre-Set-5\" class=\"wp-image-1978\" srcset=\"https:\/\/www.mcallenflatware.com\/wp-content\/uploads\/2025\/04\/Hammered-Wholesale-Japanese-Stainless-Steel-Dessert-Spoon-Set-5.webp 800w, https:\/\/www.mcallenflatware.com\/wp-content\/uploads\/2025\/04\/Hammered-Wholesale-Japanese-Stainless-Steel-Dessert-Spoon-Set-5-150x150.webp 150w, https:\/\/www.mcallenflatware.com\/wp-content\/uploads\/2025\/04\/Hammered-Wholesale-Japanese-Stainless-Steel-Dessert-Spoon-Set-5-768x768.webp 768w, https:\/\/www.mcallenflatware.com\/wp-content\/uploads\/2025\/04\/Hammered-Wholesale-Japanese-Stainless-Steel-Dessert-Spoon-Set-5-12x12.webp 12w, https:\/\/www.mcallenflatware.com\/wp-content\/uploads\/2025\/04\/Hammered-Wholesale-Japanese-Stainless-Steel-Dessert-Spoon-Set-5-600x600.webp 600w, https:\/\/www.mcallenflatware.com\/wp-content\/uploads\/2025\/04\/Hammered-Wholesale-Japanese-Stainless-Steel-Dessert-Spoon-Set-5-300x300.webp 300w, https:\/\/www.mcallenflatware.com\/wp-content\/uploads\/2025\/04\/Hammered-Wholesale-Japanese-Stainless-Steel-Dessert-Spoon-Set-5-100x100.webp 100w\" sizes=\"(max-width: 800px) 100vw, 800px\" \/><\/figure>\n<\/div>\n\n\n\n<div class=\"wp-block-column is-layout-flow wp-block-column-is-layout-flow\">\n<figure class=\"wp-block-image size-full\"><img decoding=\"async\" width=\"800\" height=\"800\" src=\"https:\/\/www.mcallenflatware.com\/wp-content\/uploads\/2025\/04\/Hammered-Wholesale-Japanese-Stainless-Steel-Dessert-Spoon-Set-2.webp\" alt=\"Mayorista Cucharas Helado Tenedor Postre Acero Inoxidable Granel\" class=\"wp-image-1975\" style=\"aspect-ratio:1;object-fit:cover\" srcset=\"https:\/\/www.mcallenflatware.com\/wp-content\/uploads\/2025\/04\/Hammered-Wholesale-Japanese-Stainless-Steel-Dessert-Spoon-Set-2.webp 800w, https:\/\/www.mcallenflatware.com\/wp-content\/uploads\/2025\/04\/Hammered-Wholesale-Japanese-Stainless-Steel-Dessert-Spoon-Set-2-150x150.webp 150w, https:\/\/www.mcallenflatware.com\/wp-content\/uploads\/2025\/04\/Hammered-Wholesale-Japanese-Stainless-Steel-Dessert-Spoon-Set-2-768x768.webp 768w, https:\/\/www.mcallenflatware.com\/wp-content\/uploads\/2025\/04\/Hammered-Wholesale-Japanese-Stainless-Steel-Dessert-Spoon-Set-2-12x12.webp 12w, https:\/\/www.mcallenflatware.com\/wp-content\/uploads\/2025\/04\/Hammered-Wholesale-Japanese-Stainless-Steel-Dessert-Spoon-Set-2-600x600.webp 600w, https:\/\/www.mcallenflatware.com\/wp-content\/uploads\/2025\/04\/Hammered-Wholesale-Japanese-Stainless-Steel-Dessert-Spoon-Set-2-300x300.webp 300w, https:\/\/www.mcallenflatware.com\/wp-content\/uploads\/2025\/04\/Hammered-Wholesale-Japanese-Stainless-Steel-Dessert-Spoon-Set-2-100x100.webp 100w\" sizes=\"(max-width: 800px) 100vw, 800px\" \/><\/figure>\n<\/div>\n\n\n\n<div class=\"wp-block-column is-layout-flow wp-block-column-is-layout-flow\">\n<figure class=\"wp-block-image size-full\"><img decoding=\"async\" width=\"763\" height=\"1017\" src=\"https:\/\/www.mcallenflatware.com\/wp-content\/uploads\/2025\/04\/Hammered-Wholesale-Japanese-Stainless-Steel-Dessert-Spoon-Set-8-edited.webp\" alt=\"Mayorista Cucharas Helado Tenedor Postre Acero Inoxidable Granel\" class=\"wp-image-1983\" style=\"aspect-ratio:1;object-fit:cover\" srcset=\"https:\/\/www.mcallenflatware.com\/wp-content\/uploads\/2025\/04\/Hammered-Wholesale-Japanese-Stainless-Steel-Dessert-Spoon-Set-8-edited.webp 763w, https:\/\/www.mcallenflatware.com\/wp-content\/uploads\/2025\/04\/Hammered-Wholesale-Japanese-Stainless-Steel-Dessert-Spoon-Set-8-edited-9x12.webp 9w, https:\/\/www.mcallenflatware.com\/wp-content\/uploads\/2025\/04\/Hammered-Wholesale-Japanese-Stainless-Steel-Dessert-Spoon-Set-8-edited-600x800.webp 600w\" sizes=\"(max-width: 763px) 100vw, 763px\" \/><\/figure>\n<\/div>\n<\/div>","protected":false},"excerpt":{"rendered":"<p>Bienvenido a personalizar al por mayor cucharas de helado y tenedores de postre, el dise\u00f1o de talla martillo mango brilla como un diamante, lujoso y de moda, adecuado para el postre, helado, fruta, etc. \u00a1Precio de f\u00e1brica, soporte OEM y ODM, bienvenido a preguntar por muestras gratis!<\/p>\n<h2>Cucharas para helado Atributos:<\/h2>\n<p><strong>Marca:<\/strong> Mcallen<br \/><strong>Material:<\/strong> Acero inoxidable<br \/><strong>Color: <\/strong>Plata,Glod<br \/><strong>Dise\u00f1o:<\/strong> Asa martillada<br \/><strong>Plazo de entrega de la muestra:<\/strong> En 3 d\u00edas<br \/><strong>OEM\/ODM:<\/strong> Disponible<\/p>\n<h2>Cucharas de helado personalizadas:<\/h2>\n<p><strong>Acero inoxidable:<\/strong> Acero inoxidable 18\/10, 304, 316, 410, 430, 420<br \/><strong>Logotipo:<\/strong> Grabado por l\u00e1ser, serigraf\u00eda, impresi\u00f3n UV, impresi\u00f3n por transferencia t\u00e9rmica, gofrado, etc.<br \/><strong>Acabados superficiales:<\/strong> Pulido espejo, mate, pulido al agua, capa de titanio<br \/><strong>Embalaje:<\/strong> A granel, bolsa opp, caja de color, caja de regalo, personalizado<\/p>","protected":false},"featured_media":1976,"template":"","meta":[],"product_brand":[],"product_cat":[23,38],"product_tag":[],"class_list":{"0":"post-1973","1":"product","2":"type-product","3":"status-publish","4":"has-post-thumbnail","6":"product_cat-wholesale-flatware","7":"product_cat-stainless-steel-spoons-wholesale","9":"first","10":"instock","11":"shipping-taxable","12":"product-type-simple"},"_links":{"self":[{"href":"https:\/\/www.mcallenflatware.com\/es\/wp-json\/wp\/v2\/product\/1973","targetHints":{"allow":["GET"]}}],"collection":[{"href":"https:\/\/www.mcallenflatware.com\/es\/wp-json\/wp\/v2\/product"}],"about":[{"href":"https:\/\/www.mcallenflatware.com\/es\/wp-json\/wp\/v2\/types\/product"}],"wp:featuredmedia":[{"embeddable":true,"href":"https:\/\/www.mcallenflatware.com\/es\/wp-json\/wp\/v2\/media\/1976"}],"wp:attachment":[{"href":"https:\/\/www.mcallenflatware.com\/es\/wp-json\/wp\/v2\/media?parent=1973"}],"wp:term":[{"taxonomy":"product_brand","embeddable":true,"href":"https:\/\/www.mcallenflatware.com\/es\/wp-json\/wp\/v2\/product_brand?post=1973"},{"taxonomy":"product_cat","embeddable":true,"href":"https:\/\/www.mcallenflatware.com\/es\/wp-json\/wp\/v2\/product_cat?post=1973"},{"taxonomy":"product_tag","embeddable":true,"href":"https:\/\/www.mcallenflatware.com\/es\/wp-json\/wp\/v2\/product_tag?post=1973"}],"curies":[{"name":"wp","href":"https:\/\/api.w.org\/{rel}","templated":true}]}}