{"id":1985,"date":"2025-04-19T10:11:54","date_gmt":"2025-04-19T10:11:54","guid":{"rendered":"https:\/\/www.mcallenflatware.com\/?post_type=product&#038;p=1985"},"modified":"2025-04-19T10:11:55","modified_gmt":"2025-04-19T10:11:55","slug":"wholesale-luxury-cutlery-set","status":"publish","type":"product","link":"https:\/\/www.mcallenflatware.com\/es\/product\/wholesale-luxury-cutlery-set\/","title":{"rendered":"Mayorista Cuberteria de Lujo, Cubiertos de Acero Inoxidable Personalizados"},"content":{"rendered":"<div class=\"wp-block-columns is-layout-flex wp-container-core-columns-is-layout-9d6595d7 wp-block-columns-is-layout-flex\">\n<div class=\"wp-block-column is-layout-flow wp-block-column-is-layout-flow\">\n<div class=\"wp-block-columns is-layout-flex wp-container-core-columns-is-layout-9d6595d7 wp-block-columns-is-layout-flex\">\n<div class=\"wp-block-column is-layout-flow wp-block-column-is-layout-flow\">\n<h2 class=\"wp-block-heading\">Juego de cubiertos de lujo Caracter\u00edsticas:<\/h2>\n\n\n\n<p><strong>Lujoso dise\u00f1o grabado: <\/strong>El mango est\u00e1 exquisitamente grabado con l\u00edneas lujosas, con envoltura y adornos dorados, lo que hace que el juego de cubiertos sea m\u00e1s lujoso y de gama alta.<\/p>\n\n\n\n<p><strong>Material de acero inoxidable de calidad alimentaria: <\/strong>Fabricado en acero inoxidable 304, tiene una excelente resistencia a la corrosi\u00f3n y a la oxidaci\u00f3n, y cumple las normas internacionales de seguridad en restauraci\u00f3n.<\/p>\n\n\n\n<p><strong>Pulido espejo:<\/strong> La superficie general est\u00e1 pulida a espejo, la superficie brillante es lisa y aporta una textura visual de alta gama.<\/p>\n\n\n\n<p><strong>Opciones cl\u00e1sicas en oro y plata: <\/strong>Con lujosas opciones en dorado y moderno plateado, es adecuado para ocasiones de catering tem\u00e1ticas de diversos estilos.<\/p>\n\n\n\n<p><strong>Servicios personalizados OEM y ODM: <\/strong>Admite LOGO personalizado (grabado l\u00e1ser, relieve, etc.), proporciona cajas de color, papel kraft, bolsas OPP y otras soluciones de embalaje para satisfacer las necesidades de promoci\u00f3n de la marca, regalo o exportaci\u00f3n.<\/p>\n\n\n\n<p><strong>Suministro directo al por mayor, plazo de entrega estable: <\/strong>Con su propia f\u00e1brica, soporta pedidos de gran volumen, ciclo de entrega estable, precio competitivo, adecuado para la cooperaci\u00f3n a largo plazo con marcas, distribuidores y mayoristas.<\/p>\n<\/div>\n\n\n\n<div class=\"wp-block-column is-layout-flow wp-block-column-is-layout-flow\">\n<figure class=\"wp-block-image size-full\"><img decoding=\"async\" width=\"1200\" height=\"1362\" src=\"https:\/\/www.mcallenflatware.com\/wp-content\/uploads\/2025\/04\/Wholasale-Luxury-Stainless-Steel-Gold-Silverware-Bulk-1.webp\" alt=\"Wholasale-Lujo-Acero inoxidable-Oro-Plata-Granel-1\" class=\"wp-image-1986\" srcset=\"https:\/\/www.mcallenflatware.com\/wp-content\/uploads\/2025\/04\/Wholasale-Luxury-Stainless-Steel-Gold-Silverware-Bulk-1.webp 1200w, https:\/\/www.mcallenflatware.com\/wp-content\/uploads\/2025\/04\/Wholasale-Luxury-Stainless-Steel-Gold-Silverware-Bulk-1-768x872.webp 768w, https:\/\/www.mcallenflatware.com\/wp-content\/uploads\/2025\/04\/Wholasale-Luxury-Stainless-Steel-Gold-Silverware-Bulk-1-11x12.webp 11w, https:\/\/www.mcallenflatware.com\/wp-content\/uploads\/2025\/04\/Wholasale-Luxury-Stainless-Steel-Gold-Silverware-Bulk-1-600x681.webp 600w\" sizes=\"(max-width: 1200px) 100vw, 1200px\" \/><\/figure>\n<\/div>\n<\/div>\n\n\n\n<div class=\"wp-block-columns is-layout-flex wp-container-core-columns-is-layout-9d6595d7 wp-block-columns-is-layout-flex\">\n<div class=\"wp-block-column is-layout-flow wp-block-column-is-layout-flow\">\n<figure class=\"wp-block-image size-full\"><img decoding=\"async\" width=\"1200\" height=\"1136\" src=\"https:\/\/www.mcallenflatware.com\/wp-content\/uploads\/2025\/04\/Wholasale-Luxury-Stainless-Steel-Gold-Silverware-Bulk-9.webp\" alt=\"Wholasale-Lujo-Acero inoxidable-Oro-Plata-Bulk-9\" class=\"wp-image-1993\" style=\"aspect-ratio:1;object-fit:cover\" srcset=\"https:\/\/www.mcallenflatware.com\/wp-content\/uploads\/2025\/04\/Wholasale-Luxury-Stainless-Steel-Gold-Silverware-Bulk-9.webp 1200w, https:\/\/www.mcallenflatware.com\/wp-content\/uploads\/2025\/04\/Wholasale-Luxury-Stainless-Steel-Gold-Silverware-Bulk-9-768x727.webp 768w, https:\/\/www.mcallenflatware.com\/wp-content\/uploads\/2025\/04\/Wholasale-Luxury-Stainless-Steel-Gold-Silverware-Bulk-9-13x12.webp 13w, https:\/\/www.mcallenflatware.com\/wp-content\/uploads\/2025\/04\/Wholasale-Luxury-Stainless-Steel-Gold-Silverware-Bulk-9-600x568.webp 600w\" sizes=\"(max-width: 1200px) 100vw, 1200px\" \/><\/figure>\n<\/div>\n\n\n\n<div class=\"wp-block-column is-layout-flow wp-block-column-is-layout-flow\">\n<figure class=\"wp-block-image size-full\"><img decoding=\"async\" width=\"1200\" height=\"1200\" src=\"https:\/\/www.mcallenflatware.com\/wp-content\/uploads\/2025\/04\/Wholasale-Luxury-Stainless-Steel-Gold-Silverware-Bulk-2.webp\" alt=\"Wholasale-Lujo-Acero inoxidable-Oro-Plata-Granel-2\" class=\"wp-image-1987\" srcset=\"https:\/\/www.mcallenflatware.com\/wp-content\/uploads\/2025\/04\/Wholasale-Luxury-Stainless-Steel-Gold-Silverware-Bulk-2.webp 1200w, https:\/\/www.mcallenflatware.com\/wp-content\/uploads\/2025\/04\/Wholasale-Luxury-Stainless-Steel-Gold-Silverware-Bulk-2-150x150.webp 150w, https:\/\/www.mcallenflatware.com\/wp-content\/uploads\/2025\/04\/Wholasale-Luxury-Stainless-Steel-Gold-Silverware-Bulk-2-768x768.webp 768w, https:\/\/www.mcallenflatware.com\/wp-content\/uploads\/2025\/04\/Wholasale-Luxury-Stainless-Steel-Gold-Silverware-Bulk-2-12x12.webp 12w, https:\/\/www.mcallenflatware.com\/wp-content\/uploads\/2025\/04\/Wholasale-Luxury-Stainless-Steel-Gold-Silverware-Bulk-2-600x600.webp 600w, https:\/\/www.mcallenflatware.com\/wp-content\/uploads\/2025\/04\/Wholasale-Luxury-Stainless-Steel-Gold-Silverware-Bulk-2-300x300.webp 300w, https:\/\/www.mcallenflatware.com\/wp-content\/uploads\/2025\/04\/Wholasale-Luxury-Stainless-Steel-Gold-Silverware-Bulk-2-100x100.webp 100w\" sizes=\"(max-width: 1200px) 100vw, 1200px\" \/><\/figure>\n<\/div>\n\n\n\n<div class=\"wp-block-column is-layout-flow wp-block-column-is-layout-flow\">\n<figure class=\"wp-block-image size-full\"><img decoding=\"async\" width=\"1200\" height=\"1152\" src=\"https:\/\/www.mcallenflatware.com\/wp-content\/uploads\/2025\/04\/Wholasale-Luxury-Stainless-Steel-Gold-Silverware-Bulk-5.webp\" alt=\"Wholasale-Lujo-Acero inoxidable-Oro-Plata-Granel-5\" class=\"wp-image-1990\" style=\"aspect-ratio:1;object-fit:cover\" srcset=\"https:\/\/www.mcallenflatware.com\/wp-content\/uploads\/2025\/04\/Wholasale-Luxury-Stainless-Steel-Gold-Silverware-Bulk-5.webp 1200w, https:\/\/www.mcallenflatware.com\/wp-content\/uploads\/2025\/04\/Wholasale-Luxury-Stainless-Steel-Gold-Silverware-Bulk-5-768x737.webp 768w, https:\/\/www.mcallenflatware.com\/wp-content\/uploads\/2025\/04\/Wholasale-Luxury-Stainless-Steel-Gold-Silverware-Bulk-5-13x12.webp 13w, https:\/\/www.mcallenflatware.com\/wp-content\/uploads\/2025\/04\/Wholasale-Luxury-Stainless-Steel-Gold-Silverware-Bulk-5-600x576.webp 600w\" sizes=\"(max-width: 1200px) 100vw, 1200px\" \/><\/figure>\n<\/div>\n<\/div>\n<\/div>\n<\/div>","protected":false},"excerpt":{"rendered":"<p>Bienvenido a la venta al por mayor y personalizar juegos de cubiertos de lujo, manejar dise\u00f1o de l\u00ednea \u00fanica, opciones de oro y plata, adecuado para restaurantes, hoteles, uso dom\u00e9stico, etc. Apoyo LOGO personalizado y embalaje para mejorar la personalizaci\u00f3n de la marca. Venta directa de f\u00e1brica, suministro global, recepci\u00f3n para entrarnos en contacto con para una cita.<\/p>\n<h2 id=\"block-792b966c-c506-49fa-b3c8-9881ee38a4f5\" class=\"block-editor-rich-text__editable block-editor-block-list__block wp-block is-selected wp-block-heading rich-text\" role=\"document\" aria-label=\"Bloque: R\u00fabrica\" data-block=\"792b966c-c506-49fa-b3c8-9881ee38a4f5\" data-type=\"core\/heading\" data-title=\"Heading\" data-wp-block-attribute-key=\"content\">Juego de cubiertos de lujo Atributos :<\/h2>\n<p><strong>Marca:<\/strong> Mcallen<br \/><strong>Material:<\/strong> Acero inoxidable<br \/><strong>Color:<\/strong>\u00a0 Plata, Oro<br \/><strong>Plazo de entrega de la muestra:<\/strong> En 3 d\u00edas<br \/><strong>OEM\/ODM:<\/strong> Disponible<\/p>\n<h2>Juego de cubiertos de lujo personalizados:<\/h2>\n<p><strong>Acero inoxidable:<\/strong> Acero inoxidable 18\/10, 304, 316, 410, 430, 420<br \/><strong>Logotipo:<\/strong> Grabado por l\u00e1ser, serigraf\u00eda\/impresi\u00f3n por transferencia UV\/t\u00e9rmica, gofrado, etc.<br \/><strong>Embalaje:<\/strong> 4\/8\/12\/16\/20\/24\/45\/48\/72pcs set<br \/><strong>Acabados superficiales:<\/strong> Pulido espejo, mate, pulido al agua, capa de titanio<br \/><strong>Embalaje:<\/strong> A granel, bolsa OPP, caja de color, caja de regalo, personalizado<\/p>","protected":false},"featured_media":1987,"template":"","meta":[],"product_brand":[],"product_cat":[23,29],"product_tag":[],"class_list":{"0":"post-1985","1":"product","2":"type-product","3":"status-publish","4":"has-post-thumbnail","6":"product_cat-wholesale-flatware","7":"product_cat-bulk-flatware","9":"first","10":"instock","11":"shipping-taxable","12":"product-type-simple"},"_links":{"self":[{"href":"https:\/\/www.mcallenflatware.com\/es\/wp-json\/wp\/v2\/product\/1985","targetHints":{"allow":["GET"]}}],"collection":[{"href":"https:\/\/www.mcallenflatware.com\/es\/wp-json\/wp\/v2\/product"}],"about":[{"href":"https:\/\/www.mcallenflatware.com\/es\/wp-json\/wp\/v2\/types\/product"}],"wp:featuredmedia":[{"embeddable":true,"href":"https:\/\/www.mcallenflatware.com\/es\/wp-json\/wp\/v2\/media\/1987"}],"wp:attachment":[{"href":"https:\/\/www.mcallenflatware.com\/es\/wp-json\/wp\/v2\/media?parent=1985"}],"wp:term":[{"taxonomy":"product_brand","embeddable":true,"href":"https:\/\/www.mcallenflatware.com\/es\/wp-json\/wp\/v2\/product_brand?post=1985"},{"taxonomy":"product_cat","embeddable":true,"href":"https:\/\/www.mcallenflatware.com\/es\/wp-json\/wp\/v2\/product_cat?post=1985"},{"taxonomy":"product_tag","embeddable":true,"href":"https:\/\/www.mcallenflatware.com\/es\/wp-json\/wp\/v2\/product_tag?post=1985"}],"curies":[{"name":"wp","href":"https:\/\/api.w.org\/{rel}","templated":true}]}}