{"id":2118,"date":"2025-06-03T06:15:20","date_gmt":"2025-06-03T06:15:20","guid":{"rendered":"https:\/\/www.mcallenflatware.com\/?post_type=product&#038;p=2118"},"modified":"2025-11-24T04:08:29","modified_gmt":"2025-11-24T04:08:29","slug":"wholesale-measuring-spoons","status":"publish","type":"product","link":"https:\/\/www.mcallenflatware.com\/es\/product\/wholesale-measuring-spoons\/","title":{"rendered":"Mayorista Cucharas Medidoras Acero Inoxidable 304 Oro Plata 6 Tama\u00f1os Personalizadas"},"content":{"rendered":"<h2 class=\"wp-block-heading\">Cucharas Medidoras Caracter\u00edsticas:<\/h2>\n\n\n\n<div class=\"wp-block-columns is-layout-flex wp-container-core-columns-is-layout-9d6595d7 wp-block-columns-is-layout-flex\">\n<div class=\"wp-block-column is-layout-flow wp-block-column-is-layout-flow\" style=\"flex-basis:66.66%\">\n<p><strong>Material de acero inoxidable de alta calidad<\/strong>l: Hecho de acero inoxidable de grado alimenticio, es seguro, resistente a la corrosi\u00f3n y no es f\u00e1cil de oxidar, adecuado para uso a largo plazo.<\/p>\n\n\n\n<p><strong>Dise\u00f1o de asa gruesa<\/strong>n: El mango es m\u00e1s grueso, tiene un tacto firme, evita que se doble y se deforme, y mejora la durabilidad y la profesionalidad.<\/p>\n\n\n\n<p><strong>Pulido de espejos<\/strong>: La superficie es lisa y brillante, muy texturizada, f\u00e1cil de limpiar y no deja residuos ni olores.<\/p>\n\n\n\n<p><strong>Seis especificaciones precisas<\/strong>: Contiene 6 especificaciones de uso com\u00fan (como de 1 cucharada a 2 cucharadas), que satisfacen las necesidades de medici\u00f3n precisa de condimentos, reposter\u00eda o caf\u00e9.<\/p>\n\n\n\n<p><strong>Proceso de moldeo en una sola pieza<\/strong>: Sin huecos de soldadura, resistente y duradero, no oculta la suciedad y cumple las normas de higiene m\u00e1s estrictas.<\/p>\n\n\n\n<p><strong>Dise\u00f1o de almacenamiento anidado<\/strong>: Se puede apilar para su almacenamiento, ahorrando espacio, adecuado para cocinas comerciales, cocinas caseras y distribuci\u00f3n y venta al por mayor.<\/p>\n\n\n\n<p><strong>Aplicable a m\u00faltiples escenarios<\/strong>: Adecuada para cafeter\u00edas, panader\u00edas y cocinas de catering, etc., admite personalizaci\u00f3n en masa y servicios OEM\/ODM.<\/p>\n<\/div>\n\n\n\n<div class=\"wp-block-column is-layout-flow wp-block-column-is-layout-flow\" style=\"flex-basis:33.33%\">\n<figure class=\"wp-block-image size-full\"><img decoding=\"async\" width=\"800\" height=\"800\" src=\"https:\/\/www.mcallenflatware.com\/wp-content\/uploads\/2025\/06\/Wholesale-Measuring-Spoons-304-Stainless-Steel-Glod-Sliver-6-Size-Custom-5.webp\" alt=\"Mayorista Cucharas Medidoras Acero Inoxidable 304 Glod Sliver 6 Tama\u00f1os Personalizadas (5)\" class=\"wp-image-2123\" srcset=\"https:\/\/www.mcallenflatware.com\/wp-content\/uploads\/2025\/06\/Wholesale-Measuring-Spoons-304-Stainless-Steel-Glod-Sliver-6-Size-Custom-5.webp 800w, https:\/\/www.mcallenflatware.com\/wp-content\/uploads\/2025\/06\/Wholesale-Measuring-Spoons-304-Stainless-Steel-Glod-Sliver-6-Size-Custom-5-150x150.webp 150w, https:\/\/www.mcallenflatware.com\/wp-content\/uploads\/2025\/06\/Wholesale-Measuring-Spoons-304-Stainless-Steel-Glod-Sliver-6-Size-Custom-5-768x768.webp 768w, https:\/\/www.mcallenflatware.com\/wp-content\/uploads\/2025\/06\/Wholesale-Measuring-Spoons-304-Stainless-Steel-Glod-Sliver-6-Size-Custom-5-12x12.webp 12w, https:\/\/www.mcallenflatware.com\/wp-content\/uploads\/2025\/06\/Wholesale-Measuring-Spoons-304-Stainless-Steel-Glod-Sliver-6-Size-Custom-5-600x600.webp 600w, https:\/\/www.mcallenflatware.com\/wp-content\/uploads\/2025\/06\/Wholesale-Measuring-Spoons-304-Stainless-Steel-Glod-Sliver-6-Size-Custom-5-300x300.webp 300w, https:\/\/www.mcallenflatware.com\/wp-content\/uploads\/2025\/06\/Wholesale-Measuring-Spoons-304-Stainless-Steel-Glod-Sliver-6-Size-Custom-5-100x100.webp 100w\" sizes=\"(max-width: 800px) 100vw, 800px\" \/><\/figure>\n<\/div>\n<\/div>","protected":false},"excerpt":{"rendered":"<p>Juego de cucharas medidoras al por mayor, fabricadas en acero inoxidable de calidad alimentaria, pulidas a espejo, seis especificaciones comunes, adecuadas para cocina, caf\u00e9, reposter\u00eda, etc. Ofrecemos el mejor descuento para pedidos al por mayor. \u00a1Bienvenido a preguntar!<\/p>\n<h2>Cucharas medidoras Atributos<\/h2>\n<p><strong>Marca:<\/strong> Mcallen<br \/><strong>Material:<\/strong> Acero inoxidable<br \/><strong>Color:<\/strong> Oro, plata o personalizado<br \/><strong>Pulido:<\/strong> Pulido espejo<br \/><strong>Plazo de entrega de la muestra:<\/strong> En 3 d\u00edas<br \/><strong>OEM\/ODM:<\/strong> Disponible<\/p>\n<h2>Cucharas medidoras personalizadas:<\/h2>\n<p><strong>Acero inoxidable:<\/strong> Acero inoxidable 18\/10, 304, 316, 410, 430, 420<br \/><strong>Logotipo:<\/strong> Grabado por l\u00e1ser, serigraf\u00eda, impresi\u00f3n UV, impresi\u00f3n por transferencia t\u00e9rmica, gofrado, etc.<br \/><strong>Acabados superficiales:<\/strong> Pulido espejo, mate.<br \/><strong>Embalaje:<\/strong> A granel, bolsa opp, caja de color, caja de regalo, personalizado<\/p>","protected":false},"featured_media":2119,"template":"","meta":[],"product_brand":[],"product_cat":[24,32],"product_tag":[],"class_list":{"0":"post-2118","1":"product","2":"type-product","3":"status-publish","4":"has-post-thumbnail","6":"product_cat-wholesale-kitchen-utensils","7":"product_cat-custom-baking-tools-utensils","9":"first","10":"instock","11":"shipping-taxable","12":"product-type-simple"},"_links":{"self":[{"href":"https:\/\/www.mcallenflatware.com\/es\/wp-json\/wp\/v2\/product\/2118","targetHints":{"allow":["GET"]}}],"collection":[{"href":"https:\/\/www.mcallenflatware.com\/es\/wp-json\/wp\/v2\/product"}],"about":[{"href":"https:\/\/www.mcallenflatware.com\/es\/wp-json\/wp\/v2\/types\/product"}],"wp:featuredmedia":[{"embeddable":true,"href":"https:\/\/www.mcallenflatware.com\/es\/wp-json\/wp\/v2\/media\/2119"}],"wp:attachment":[{"href":"https:\/\/www.mcallenflatware.com\/es\/wp-json\/wp\/v2\/media?parent=2118"}],"wp:term":[{"taxonomy":"product_brand","embeddable":true,"href":"https:\/\/www.mcallenflatware.com\/es\/wp-json\/wp\/v2\/product_brand?post=2118"},{"taxonomy":"product_cat","embeddable":true,"href":"https:\/\/www.mcallenflatware.com\/es\/wp-json\/wp\/v2\/product_cat?post=2118"},{"taxonomy":"product_tag","embeddable":true,"href":"https:\/\/www.mcallenflatware.com\/es\/wp-json\/wp\/v2\/product_tag?post=2118"}],"curies":[{"name":"wp","href":"https:\/\/api.w.org\/{rel}","templated":true}]}}