{"id":2124,"date":"2025-06-03T06:40:18","date_gmt":"2025-06-03T06:40:18","guid":{"rendered":"https:\/\/www.mcallenflatware.com\/?post_type=product&#038;p=2124"},"modified":"2025-06-21T01:48:34","modified_gmt":"2025-06-21T01:48:34","slug":"custom-measuring-spoons","status":"publish","type":"product","link":"https:\/\/www.mcallenflatware.com\/es\/product\/custom-measuring-spoons\/","title":{"rendered":"Cucharas Medidoras Personalizadas Cuadradas Acero Inoxidable Pulido Espejo a Granel"},"content":{"rendered":"<h2 class=\"wp-block-heading\">Cuchara Medidora Cuadrada Caracter\u00edsticas:<\/h2>\n\n\n\n<div class=\"wp-block-columns is-layout-flex wp-container-core-columns-is-layout-9d6595d7 wp-block-columns-is-layout-flex\">\n<div class=\"wp-block-column is-layout-flow wp-block-column-is-layout-flow\" style=\"flex-basis:66.66%\">\n<p><strong>Material de alta calidad<\/strong>: Hecho de acero inoxidable de calidad alimentaria, es resistente a la corrosi\u00f3n, a prueba de \u00f3xido, duradero, seguro e inodoro, adecuado para todo tipo de escenas de cocina.<\/p>\n\n\n\n<p><strong>Dise\u00f1o de cabeza de cuchara cuadrada<\/strong>Forma \u00fanica, f\u00e1cil de tomar los ingredientes de la botella de condimentos, m\u00e1s ahorro de espacio, f\u00e1cil de raspar los ingredientes en polvo.<\/p>\n\n\n\n<p><strong>Pulido de espejos<\/strong>: textura de alto brillo, f\u00e1cil de limpiar sin dejar residuos, realza el sentido visual general de la cocina.<\/p>\n\n\n\n<p><strong>Mango grueso moldeado de una pieza<\/strong>Tacto s\u00f3lido, ergon\u00f3mico, no se dobla ni se deforma con facilidad y ahorra mano de obra.<\/p>\n\n\n\n<p><strong>Combinaci\u00f3n de conjuntos de especificaciones m\u00faltiples:<\/strong> Capacidad convencional como 1 cucharada (15 ml), 1 cucharadita (5 ml), 1\/2 cucharadita (2,5 ml), etc., medici\u00f3n precisa para satisfacer diferentes necesidades de medici\u00f3n.<\/p>\n\n\n\n<p><strong>Escala l\u00e1ser<\/strong>: Cada cuchara medidora tiene una clara marca de escala l\u00e1ser, que marca la capacidad en mililitros\/ml y cucharaditas\/tsp unidades duales, que sigue siendo clara y legible despu\u00e9s de un uso prolongado.<\/p>\n\n\n\n<p><strong>Una varie<\/strong><em><strong>t<\/strong><\/em><strong>y de colores disponibles<\/strong>oro, negro, oro rosa, plata y otros colores de galvanoplastia para satisfacer los diferentes estilos de marca.<\/p>\n<\/div>\n\n\n\n<div class=\"wp-block-column is-layout-flow wp-block-column-is-layout-flow\" style=\"flex-basis:33.33%\">\n<figure class=\"wp-block-image size-full\"><img decoding=\"async\" width=\"800\" height=\"800\" src=\"https:\/\/www.mcallenflatware.com\/wp-content\/uploads\/2025\/06\/Custom-Measuring-Spoons-Square-Stainless-Steel-Mirror-Polish-in-Bulk-4.webp\" alt=\"Cucharas Medidoras Personalizadas Cuadradas Acero Inoxidable Pulido Espejo a Granel (4)\" class=\"wp-image-2128\" srcset=\"https:\/\/www.mcallenflatware.com\/wp-content\/uploads\/2025\/06\/Custom-Measuring-Spoons-Square-Stainless-Steel-Mirror-Polish-in-Bulk-4.webp 800w, https:\/\/www.mcallenflatware.com\/wp-content\/uploads\/2025\/06\/Custom-Measuring-Spoons-Square-Stainless-Steel-Mirror-Polish-in-Bulk-4-150x150.webp 150w, https:\/\/www.mcallenflatware.com\/wp-content\/uploads\/2025\/06\/Custom-Measuring-Spoons-Square-Stainless-Steel-Mirror-Polish-in-Bulk-4-768x768.webp 768w, https:\/\/www.mcallenflatware.com\/wp-content\/uploads\/2025\/06\/Custom-Measuring-Spoons-Square-Stainless-Steel-Mirror-Polish-in-Bulk-4-12x12.webp 12w, https:\/\/www.mcallenflatware.com\/wp-content\/uploads\/2025\/06\/Custom-Measuring-Spoons-Square-Stainless-Steel-Mirror-Polish-in-Bulk-4-600x600.webp 600w, https:\/\/www.mcallenflatware.com\/wp-content\/uploads\/2025\/06\/Custom-Measuring-Spoons-Square-Stainless-Steel-Mirror-Polish-in-Bulk-4-300x300.webp 300w, https:\/\/www.mcallenflatware.com\/wp-content\/uploads\/2025\/06\/Custom-Measuring-Spoons-Square-Stainless-Steel-Mirror-Polish-in-Bulk-4-100x100.webp 100w\" sizes=\"(max-width: 800px) 100vw, 800px\" \/><\/figure>\n<\/div>\n<\/div>","protected":false},"excerpt":{"rendered":"<p>Cucharas de medici\u00f3n personalizadas, dise\u00f1os de cabeza de cuchara cuadrada, m\u00faltiples especificaciones y colores est\u00e1n disponibles, ampliamente utilizado en la cocci\u00f3n, condimentos, caf\u00e9 y otras necesidades de medici\u00f3n precisa. Fuente directa de la f\u00e1brica, recepci\u00f3n para conseguir citas libres.<\/p>\n<h2>Cuchara Medidora Cuadrada Atributos:<\/h2>\n<p><strong>Marca:<\/strong> Mcallen<br \/><strong>Material:<\/strong> Acero inoxidable<br \/><strong>Color:<\/strong> Plata, oro, negro, oro rosa, etc.<br \/><strong>Pulido:<\/strong> Pulido espejo<br \/><strong>Tama\u00f1o:<\/strong> 0,63ML, 1,25ML, 2,5ml, 3,75ml, 5ml,15ml<br \/><strong>Plazo de entrega de la muestra:<\/strong> En 3 d\u00edas<br \/><strong>OEM\/ODM:<\/strong> Disponible<\/p>\n<h2>Cuchara medidora cuadrada personalizada:<\/h2>\n<p><strong>Acero inoxidable:<\/strong> Acero inoxidable 18\/10, 304, 316, 410, 430, 420<br \/><strong>Logotipo:<\/strong> Grabado por l\u00e1ser, serigraf\u00eda, impresi\u00f3n UV, impresi\u00f3n por transferencia t\u00e9rmica, gofrado, etc.<br \/><strong>Color:<\/strong> Oro, plata o personalizado<br \/><strong>Embalaje:<\/strong> A granel, bolsa OPP, caja de color, caja de regalo, personalizado<\/p>","protected":false},"featured_media":2126,"template":"","meta":[],"product_brand":[],"product_cat":[24,32],"product_tag":[],"class_list":{"0":"post-2124","1":"product","2":"type-product","3":"status-publish","4":"has-post-thumbnail","6":"product_cat-wholesale-kitchen-utensils","7":"product_cat-custom-baking-tools-utensils","9":"first","10":"instock","11":"shipping-taxable","12":"product-type-simple"},"_links":{"self":[{"href":"https:\/\/www.mcallenflatware.com\/es\/wp-json\/wp\/v2\/product\/2124","targetHints":{"allow":["GET"]}}],"collection":[{"href":"https:\/\/www.mcallenflatware.com\/es\/wp-json\/wp\/v2\/product"}],"about":[{"href":"https:\/\/www.mcallenflatware.com\/es\/wp-json\/wp\/v2\/types\/product"}],"wp:featuredmedia":[{"embeddable":true,"href":"https:\/\/www.mcallenflatware.com\/es\/wp-json\/wp\/v2\/media\/2126"}],"wp:attachment":[{"href":"https:\/\/www.mcallenflatware.com\/es\/wp-json\/wp\/v2\/media?parent=2124"}],"wp:term":[{"taxonomy":"product_brand","embeddable":true,"href":"https:\/\/www.mcallenflatware.com\/es\/wp-json\/wp\/v2\/product_brand?post=2124"},{"taxonomy":"product_cat","embeddable":true,"href":"https:\/\/www.mcallenflatware.com\/es\/wp-json\/wp\/v2\/product_cat?post=2124"},{"taxonomy":"product_tag","embeddable":true,"href":"https:\/\/www.mcallenflatware.com\/es\/wp-json\/wp\/v2\/product_tag?post=2124"}],"curies":[{"name":"wp","href":"https:\/\/api.w.org\/{rel}","templated":true}]}}