{"id":2142,"date":"2025-06-10T06:26:20","date_gmt":"2025-06-10T06:26:20","guid":{"rendered":"https:\/\/www.mcallenflatware.com\/?post_type=product&#038;p=2142"},"modified":"2025-06-21T01:54:50","modified_gmt":"2025-06-21T01:54:50","slug":"wholesale-childrens-flatware","status":"publish","type":"product","link":"https:\/\/www.mcallenflatware.com\/es\/product\/wholesale-childrens-flatware\/","title":{"rendered":"Mayorista Cubiertos Infantiles con Mango de Silicona y Caja al por Mayor"},"content":{"rendered":"<h2 class=\"wp-block-heading\">Cubiertos para ni\u00f1os Caracter\u00edsticas:<\/h2>\n\n\n\n<div class=\"wp-block-columns is-layout-flex wp-container-core-columns-is-layout-9d6595d7 wp-block-columns-is-layout-flex\">\n<div class=\"wp-block-column is-layout-flow wp-block-column-is-layout-flow\" style=\"flex-basis:66.66%\">\n<p><strong>Acero inoxidable 316 de alta calidad<\/strong><br>Est\u00e1 fabricado en acero inoxidable 316 de calidad alimentaria, m\u00e1s resistente a la corrosi\u00f3n y m\u00e1s seguro para un uso prolongado. Est\u00e1 especialmente dise\u00f1ado para vajillas infantiles.<\/p>\n\n\n\n<p><strong>Mango de silicona suave y antideslizante<\/strong><br>El mango est\u00e1 recubierto de suave silicona, antideslizante y antiescaras. Se adapta a las peque\u00f1as manos del beb\u00e9 y es m\u00e1s f\u00e1cil de agarrar, lo que ayuda al beb\u00e9 a desarrollar la capacidad de comer de forma independiente.<\/p>\n\n\n\n<p><strong>El dise\u00f1o de esquinas redondeadas es m\u00e1s seguro<\/strong><br>Todos los bordes est\u00e1n pulidos y redondeados, sin esquinas afiladas, para evitar que el beb\u00e9 se ara\u00f1e la boca o las enc\u00edas durante las comidas.<\/p>\n\n\n\n<p><strong>Un bonito dise\u00f1o de colores a juego atrae a los beb\u00e9s<\/strong><br>Los colores vivos y las formas de dibujos animados estimulan el inter\u00e9s del beb\u00e9 por la comida y hacen que comer sea m\u00e1s interesante.<\/p>\n\n\n\n<p><strong>F\u00e1cil de limpiar y apto para lavavajillas<\/strong><br>La superficie de acero inoxidable es lisa y no tiende a oxidarse. El mango de silicona es resistente al calor y f\u00e1cil de limpiar. Se puede meter directamente en el lavavajillas para limpiarlo, ahorrando preocupaciones y esfuerzo.<\/p>\n\n\n\n<p><strong>Servicios personalizados OEM\/ODM<\/strong><br>LOGO, color, patr\u00f3n y embalaje se pueden personalizar seg\u00fan las necesidades del cliente, adecuado para muchos tipos de clientes, como marcas materno-infantiles, plataformas de comercio electr\u00f3nico, canales de supermercados, etc.<\/p>\n<\/div>\n\n\n\n<div class=\"wp-block-column is-layout-flow wp-block-column-is-layout-flow\" style=\"flex-basis:33.33%\">\n<figure class=\"wp-block-image size-full\"><img decoding=\"async\" width=\"700\" height=\"700\" src=\"https:\/\/www.mcallenflatware.com\/wp-content\/uploads\/2025\/06\/Wholesale-Childrens-Cutlery-Gift-Set-Stainless-Steel-with-Silicone-Handle-3.webp\" alt=\"Mayorista Cuchiller\u00eda Infantil Set de Regalo Acero Inoxidable con Mango de Silicona (3)\" class=\"wp-image-2145\" srcset=\"https:\/\/www.mcallenflatware.com\/wp-content\/uploads\/2025\/06\/Wholesale-Childrens-Cutlery-Gift-Set-Stainless-Steel-with-Silicone-Handle-3.webp 700w, https:\/\/www.mcallenflatware.com\/wp-content\/uploads\/2025\/06\/Wholesale-Childrens-Cutlery-Gift-Set-Stainless-Steel-with-Silicone-Handle-3-150x150.webp 150w, https:\/\/www.mcallenflatware.com\/wp-content\/uploads\/2025\/06\/Wholesale-Childrens-Cutlery-Gift-Set-Stainless-Steel-with-Silicone-Handle-3-12x12.webp 12w, https:\/\/www.mcallenflatware.com\/wp-content\/uploads\/2025\/06\/Wholesale-Childrens-Cutlery-Gift-Set-Stainless-Steel-with-Silicone-Handle-3-600x600.webp 600w, https:\/\/www.mcallenflatware.com\/wp-content\/uploads\/2025\/06\/Wholesale-Childrens-Cutlery-Gift-Set-Stainless-Steel-with-Silicone-Handle-3-300x300.webp 300w, https:\/\/www.mcallenflatware.com\/wp-content\/uploads\/2025\/06\/Wholesale-Childrens-Cutlery-Gift-Set-Stainless-Steel-with-Silicone-Handle-3-100x100.webp 100w\" sizes=\"(max-width: 700px) 100vw, 700px\" \/><\/figure>\n<\/div>\n<\/div>","protected":false},"excerpt":{"rendered":"<p>Bienvenido a la venta al por mayor de cubiertos para ni\u00f1os, utilizando acero inoxidable 316 de calidad alimentaria y mangos de silicona, seguros y duraderos. Con colores ricos, es un producto de venta caliente en el mercado de cubiertos de los ni\u00f1os. Venta directa de f\u00e1brica, calidad confiable, precio al por mayor, personalizaci\u00f3n de apoyo, p\u00f3ngase en contacto con nosotros para consultas\uff01.<\/p>\n<h2>Cubiertos para ni\u00f1os Atributos<\/h2>\n<p><strong>Marca:<\/strong> Mcallen<br \/><strong>Material:<\/strong> Acero inoxidable<br \/><strong>Color:<\/strong> Verde, naranja, asa de colores<br \/><strong>Pulido:<\/strong> Pulido espejo<br \/><strong>Dise\u00f1o:<\/strong> Bonito asa para bloques de construcci\u00f3n<br \/><strong>Plazo de entrega de la muestra:<\/strong> En 3 d\u00edas<br \/><strong>OEM\/ODM:<\/strong> Disponible<\/p>\n<h2>Cubiertos personalizados para ni\u00f1os:<\/h2>\n<p><strong>Acero inoxidable:<\/strong> Acero inoxidable 18\/10, 304, 316, 410, 430, 420<br \/><strong>Logotipo:<\/strong> Grabado por l\u00e1ser, serigraf\u00eda, impresi\u00f3n UV, impresi\u00f3n por transferencia t\u00e9rmica, gofrado, etc.<br \/><strong>Embalaje:<\/strong> 4\/8\/12\/16\/20\/24\/45\/48\/72pcs set<br \/><strong>Acabados superficiales:<\/strong> Pulido espejo, mate, pulido al agua, capa de titanio<br \/><strong>Embalaje:<\/strong> A granel, bolsa opp, caja de color, caja de regalo, personalizado<\/p>","protected":false},"featured_media":2143,"template":"","meta":[],"product_brand":[],"product_cat":[23,28],"product_tag":[],"class_list":{"0":"post-2142","1":"product","2":"type-product","3":"status-publish","4":"has-post-thumbnail","6":"product_cat-wholesale-flatware","7":"product_cat-childrens-cutlery-set-wholesale","9":"first","10":"instock","11":"shipping-taxable","12":"product-type-simple"},"_links":{"self":[{"href":"https:\/\/www.mcallenflatware.com\/es\/wp-json\/wp\/v2\/product\/2142","targetHints":{"allow":["GET"]}}],"collection":[{"href":"https:\/\/www.mcallenflatware.com\/es\/wp-json\/wp\/v2\/product"}],"about":[{"href":"https:\/\/www.mcallenflatware.com\/es\/wp-json\/wp\/v2\/types\/product"}],"wp:featuredmedia":[{"embeddable":true,"href":"https:\/\/www.mcallenflatware.com\/es\/wp-json\/wp\/v2\/media\/2143"}],"wp:attachment":[{"href":"https:\/\/www.mcallenflatware.com\/es\/wp-json\/wp\/v2\/media?parent=2142"}],"wp:term":[{"taxonomy":"product_brand","embeddable":true,"href":"https:\/\/www.mcallenflatware.com\/es\/wp-json\/wp\/v2\/product_brand?post=2142"},{"taxonomy":"product_cat","embeddable":true,"href":"https:\/\/www.mcallenflatware.com\/es\/wp-json\/wp\/v2\/product_cat?post=2142"},{"taxonomy":"product_tag","embeddable":true,"href":"https:\/\/www.mcallenflatware.com\/es\/wp-json\/wp\/v2\/product_tag?post=2142"}],"curies":[{"name":"wp","href":"https:\/\/api.w.org\/{rel}","templated":true}]}}