{"id":2154,"date":"2025-06-16T06:27:27","date_gmt":"2025-06-16T06:27:27","guid":{"rendered":"https:\/\/www.mcallenflatware.com\/?post_type=product&#038;p=2154"},"modified":"2025-11-24T04:12:40","modified_gmt":"2025-11-24T04:12:40","slug":"wholesale-kids-cutlery-set","status":"publish","type":"product","link":"https:\/\/www.mcallenflatware.com\/es\/product\/wholesale-kids-cutlery-set\/","title":{"rendered":"Mayorista Juego De Cubiertos Para Ni\u00f1os De Acero Inoxidable, Cubiertos Para Ni\u00f1os Con Mango De Silicona Personalizados"},"content":{"rendered":"<h2 class=\"wp-block-heading\">Juego de cubiertos para ni\u00f1os Caracter\u00edsticas:<\/h2>\n\n\n\n<div class=\"wp-block-columns is-layout-flex wp-container-core-columns-is-layout-9d6595d7 wp-block-columns-is-layout-flex\">\n<div class=\"wp-block-column is-layout-flow wp-block-column-is-layout-flow\" style=\"flex-basis:66.66%\">\n<p><strong>Material de acero inoxidable de calidad alimentaria<\/strong>: Acero inoxidable 304 de alta calidad, no f\u00e1cil de oxidar, resistente a los \u00e1cidos, adecuado para el uso diario de beb\u00e9s y ni\u00f1os, garantizando su salud y tranquilidad.<\/p>\n\n\n\n<p><strong>Mango de silicona grueso y antideslizante<\/strong>: dise\u00f1o ergon\u00f3mico, el mango es suave y grueso, se adapta a las manos de los ni\u00f1os, antideslizante y antiescaras, ayuda a los beb\u00e9s a practicar la alimentaci\u00f3n de forma independiente y mejora la comodidad.<\/p>\n\n\n\n<p><strong>Bordes redondeados<\/strong>: Los filos de los cuchillos, tenedores y cucharas son redondeados, sin rebabas ni ara\u00f1azos, lo que los hace m\u00e1s seguros de usar y evita que los beb\u00e9s se ara\u00f1en la boca o las enc\u00edas.<\/p>\n\n\n\n<p><strong>Colores suaves y llamativos: <\/strong>una variedad de combinaciones de colores suaves, como el verde oliva y el naranja c\u00e1lido, tienen un<strong> <\/strong>fuerte afinidad visual, son m\u00e1s f\u00e1ciles de atraer la atenci\u00f3n del beb\u00e9 y mejoran la experiencia gastron\u00f3mica.<\/p>\n\n\n\n<p><strong>Caja port\u00e1til de pl\u00e1stico respetuosa con el medio ambiente<\/strong>: Cada juego de cubiertos para ni\u00f1os est\u00e1 equipado con una caja de almacenamiento de pl\u00e1stico PP de grado alimenticio, que es conveniente para viajar y jard\u00edn de infantes, limpio e higi\u00e9nico.<\/p>\n\n\n\n<p><strong>Apoyo a la personalizaci\u00f3n<\/strong>: Proporcionar servicios de OEM \/ ODM, y personalizar los colores, patrones, LOGO y embalaje de la caja de regalo de acuerdo a las necesidades del cliente, etc, adecuado para la madre y el ni\u00f1o marcas, plataformas de comercio electr\u00f3nico, los clientes de regalo y otros canales.<\/p>\n<\/div>\n\n\n\n<div class=\"wp-block-column is-layout-flow wp-block-column-is-layout-flow\" style=\"flex-basis:33.33%\"><div class=\"wp-block-image\">\n<figure class=\"aligncenter size-full\"><img decoding=\"async\" width=\"800\" height=\"800\" src=\"https:\/\/www.mcallenflatware.com\/wp-content\/uploads\/2025\/06\/Wholesale-Kids-Cutlery-Set-Stainless-Steel-3.webp\" alt=\"Mayorista Juego De Cubiertos Para Ni\u00f1os Acero Inoxidable (3)\" class=\"wp-image-2155\" style=\"object-fit:cover\" srcset=\"https:\/\/www.mcallenflatware.com\/wp-content\/uploads\/2025\/06\/Wholesale-Kids-Cutlery-Set-Stainless-Steel-3.webp 800w, https:\/\/www.mcallenflatware.com\/wp-content\/uploads\/2025\/06\/Wholesale-Kids-Cutlery-Set-Stainless-Steel-3-150x150.webp 150w, https:\/\/www.mcallenflatware.com\/wp-content\/uploads\/2025\/06\/Wholesale-Kids-Cutlery-Set-Stainless-Steel-3-768x768.webp 768w, https:\/\/www.mcallenflatware.com\/wp-content\/uploads\/2025\/06\/Wholesale-Kids-Cutlery-Set-Stainless-Steel-3-12x12.webp 12w, https:\/\/www.mcallenflatware.com\/wp-content\/uploads\/2025\/06\/Wholesale-Kids-Cutlery-Set-Stainless-Steel-3-600x600.webp 600w, https:\/\/www.mcallenflatware.com\/wp-content\/uploads\/2025\/06\/Wholesale-Kids-Cutlery-Set-Stainless-Steel-3-300x300.webp 300w, https:\/\/www.mcallenflatware.com\/wp-content\/uploads\/2025\/06\/Wholesale-Kids-Cutlery-Set-Stainless-Steel-3-100x100.webp 100w\" sizes=\"(max-width: 800px) 100vw, 800px\" \/><\/figure>\n<\/div><\/div>\n<\/div>","protected":false},"excerpt":{"rendered":"<p>El juego de cubiertos para ni\u00f1os al por mayor, de acero inoxidable 304 con mangos de silicona suave, bordes redondeados seguros y dise\u00f1o port\u00e1til, es una opci\u00f3n ideal para el mercado de cubiertos para ni\u00f1os. Admite personalizaci\u00f3n, \u00a1investigaciones bienvenidas!<\/p>\n<h2>Juego de cubiertos para ni\u00f1os Atributos<\/h2>\n<p><strong>Marca:<\/strong> Mcallen<br \/><strong>Material:<\/strong> Acero inoxidable<br \/><strong>Color: <\/strong> Color naranja, verde y crema<br \/><strong>Pulido:<\/strong> Pulido espejo<br \/><strong>Dise\u00f1o<\/strong><strong>:<\/strong> con mango de silicona<br \/><strong>Plazo de entrega de la muestra:<\/strong> En 3 d\u00edas<br \/><strong>OEM\/ODM:<\/strong> Disponible<\/p>\n<h2>Juego de cubiertos personalizados para ni\u00f1os:<\/h2>\n<p><strong>Acero inoxidable:<\/strong> Acero inoxidable 18\/10, 304, 316, 410, 430, 420<br \/><strong>Logotipo:<\/strong> Grabado por l\u00e1ser, serigraf\u00eda, impresi\u00f3n UV, impresi\u00f3n por transferencia t\u00e9rmica, gofrado, etc.<br \/><strong>Embalaje:<\/strong> 4\/8\/12\/16\/20\/24\/45\/48\/72pcs set<br \/><strong>Acabados superficiales:<\/strong> Pulido espejo, mate, pulido al agua, capa de titanio<br \/><strong>Embalaje:<\/strong> A granel, bolsa OPP, caja de color, caja de regalo, personalizado<\/p>","protected":false},"featured_media":2161,"template":"","meta":[],"product_brand":[],"product_cat":[23,28],"product_tag":[],"class_list":{"0":"post-2154","1":"product","2":"type-product","3":"status-publish","4":"has-post-thumbnail","6":"product_cat-wholesale-flatware","7":"product_cat-childrens-cutlery-set-wholesale","9":"first","10":"instock","11":"shipping-taxable","12":"product-type-simple"},"_links":{"self":[{"href":"https:\/\/www.mcallenflatware.com\/es\/wp-json\/wp\/v2\/product\/2154","targetHints":{"allow":["GET"]}}],"collection":[{"href":"https:\/\/www.mcallenflatware.com\/es\/wp-json\/wp\/v2\/product"}],"about":[{"href":"https:\/\/www.mcallenflatware.com\/es\/wp-json\/wp\/v2\/types\/product"}],"wp:featuredmedia":[{"embeddable":true,"href":"https:\/\/www.mcallenflatware.com\/es\/wp-json\/wp\/v2\/media\/2161"}],"wp:attachment":[{"href":"https:\/\/www.mcallenflatware.com\/es\/wp-json\/wp\/v2\/media?parent=2154"}],"wp:term":[{"taxonomy":"product_brand","embeddable":true,"href":"https:\/\/www.mcallenflatware.com\/es\/wp-json\/wp\/v2\/product_brand?post=2154"},{"taxonomy":"product_cat","embeddable":true,"href":"https:\/\/www.mcallenflatware.com\/es\/wp-json\/wp\/v2\/product_cat?post=2154"},{"taxonomy":"product_tag","embeddable":true,"href":"https:\/\/www.mcallenflatware.com\/es\/wp-json\/wp\/v2\/product_tag?post=2154"}],"curies":[{"name":"wp","href":"https:\/\/api.w.org\/{rel}","templated":true}]}}