{"id":2163,"date":"2025-06-16T06:46:54","date_gmt":"2025-06-16T06:46:54","guid":{"rendered":"https:\/\/www.mcallenflatware.com\/?post_type=product&#038;p=2163"},"modified":"2025-06-21T02:08:42","modified_gmt":"2025-06-21T02:08:42","slug":"bulk-flatware-sets","status":"publish","type":"product","link":"https:\/\/www.mcallenflatware.com\/es\/product\/bulk-flatware-sets\/","title":{"rendered":"Cubiertos a Granel con Mango Cuadrado, Cubiertos de Acero Inoxidable al por Mayor"},"content":{"rendered":"<div class=\"wp-block-columns is-layout-flex wp-container-core-columns-is-layout-9d6595d7 wp-block-columns-is-layout-flex\">\n<div class=\"wp-block-column is-layout-flow wp-block-column-is-layout-flow\">\n<h2 class=\"wp-block-heading\">Juegos de cubiertos Caracter\u00edsticas:<\/h2>\n\n\n\n<p><strong>Estilo minimalista a la moda<\/strong>: l\u00edneas sencillas y depuradas, colores modernos y vers\u00e1tiles, adecuados para restaurantes modernos o viviendas de estilo minimalista.<\/p>\n\n\n\n<p><strong>Material de alta calidad<\/strong>: Hecho de acero inoxidable 304 de calidad alimentaria, seguro y no t\u00f3xico, fuerte resistencia a la corrosi\u00f3n, adecuado para uso a largo plazo.<\/p>\n\n\n\n<p><strong>Tecnolog\u00eda de superficie avanzada<\/strong>Tratamiento cepillado cl\u00e1sico, textura de alta calidad, no deja huellas dactilares, resaltando el estilo de lujo discreto.<\/p>\n\n\n\n<p><strong>Dise\u00f1o ergon\u00f3mico<\/strong>Mango cuadrado: el cuchillo, el tenedor y la cuchara tienen l\u00edneas suaves, proporciones coordinadas, mangos c\u00f3modos y f\u00e1ciles de usar.<\/p>\n\n\n\n<p><strong>Aplicable a m\u00faltiples escenas<\/strong>: Es ideal para la vida familiar diaria, restaurantes de alta gama, hoteles con estrellas, personalizaci\u00f3n de banquetes de boda, regalos de empresa y otras escenas.<\/p>\n\n\n\n<p><strong>F\u00e1cil de limpiar<\/strong>: La superficie lisa no es f\u00e1cil de ocultar la suciedad, y admite el lavado a mano y la limpieza en lavavajillas, que es conveniente y sin preocupaciones.<\/p>\n\n\n\n<p><strong>Apoyo a la personalizaci\u00f3n<\/strong>: LOGO, embalaje, color y combinaci\u00f3n pueden personalizarse seg\u00fan las necesidades para satisfacer las diversas necesidades de las marcas de restauraci\u00f3n, distribuci\u00f3n, etc.<\/p>\n<\/div>\n\n\n\n<div class=\"wp-block-column is-layout-flow wp-block-column-is-layout-flow\"><div class=\"wp-block-image\">\n<figure class=\"aligncenter size-full\"><img decoding=\"async\" width=\"800\" height=\"800\" src=\"https:\/\/www.mcallenflatware.com\/wp-content\/uploads\/2025\/06\/Wholesale-Square-Handle-Flatware-Stainless-Steel-Silver-Plate-Flatware-Bulk.webp\" alt=\"Mayorista Cubiertos Mango Cuadrado, Cubiertos Plateados Acero Inoxidable Granel\" class=\"wp-image-2169\" style=\"aspect-ratio:1;object-fit:cover\" srcset=\"https:\/\/www.mcallenflatware.com\/wp-content\/uploads\/2025\/06\/Wholesale-Square-Handle-Flatware-Stainless-Steel-Silver-Plate-Flatware-Bulk.webp 800w, https:\/\/www.mcallenflatware.com\/wp-content\/uploads\/2025\/06\/Wholesale-Square-Handle-Flatware-Stainless-Steel-Silver-Plate-Flatware-Bulk-150x150.webp 150w, https:\/\/www.mcallenflatware.com\/wp-content\/uploads\/2025\/06\/Wholesale-Square-Handle-Flatware-Stainless-Steel-Silver-Plate-Flatware-Bulk-768x768.webp 768w, https:\/\/www.mcallenflatware.com\/wp-content\/uploads\/2025\/06\/Wholesale-Square-Handle-Flatware-Stainless-Steel-Silver-Plate-Flatware-Bulk-12x12.webp 12w, https:\/\/www.mcallenflatware.com\/wp-content\/uploads\/2025\/06\/Wholesale-Square-Handle-Flatware-Stainless-Steel-Silver-Plate-Flatware-Bulk-600x600.webp 600w, https:\/\/www.mcallenflatware.com\/wp-content\/uploads\/2025\/06\/Wholesale-Square-Handle-Flatware-Stainless-Steel-Silver-Plate-Flatware-Bulk-300x300.webp 300w, https:\/\/www.mcallenflatware.com\/wp-content\/uploads\/2025\/06\/Wholesale-Square-Handle-Flatware-Stainless-Steel-Silver-Plate-Flatware-Bulk-100x100.webp 100w\" sizes=\"(max-width: 800px) 100vw, 800px\" \/><\/figure>\n<\/div><\/div>\n<\/div>","protected":false},"excerpt":{"rendered":"<p>Bienvenido a los juegos de cubiertos al por mayor con asas cuadradas, material de acero inoxidable, dise\u00f1o pulido moderno, disponible en oro, plata, negro, y otras opciones, adecuado para diversas ocasiones de comedor. \u00a1Suministro de f\u00e1brica, soporte OEM\/ODM! \u00a1P\u00f3ngase en contacto con nosotros hoy para obtener la mejor soluci\u00f3n!<\/p>\n<h2>Cubiertos Atributos:<\/h2>\n<p><strong>Marca:<\/strong> Mcallen<br \/><strong>Material:<\/strong> Acero inoxidable<br \/><strong>Color:<\/strong> Oro, plata, negro, oro rosa, etc.<br \/><strong>Dise\u00f1o:<\/strong> Mango cuadrado<br \/><strong>Plazo de entrega de la muestra:<\/strong> En 3 d\u00edas<br \/><strong>OEM\/ODM:<\/strong> Disponible<\/p>\n<h2>Cubiertos personalizados<\/h2>\n<p><strong>Acero inoxidable:<\/strong> Acero inoxidable 18\/10, 304, 316, 410, 430, 420<br \/><strong>Logotipo:<\/strong> Grabado por l\u00e1ser, serigraf\u00eda, impresi\u00f3n UV, impresi\u00f3n por transferencia t\u00e9rmica, gofrado, etc.<br \/><strong>Embalaje:<\/strong> 4\/8\/12\/16\/20\/24\/45\/48\/72pcs set<br \/><strong>Acabados superficiales:<\/strong> Pulido espejo, mate, pulido al agua, capa de titanio<br \/><strong>Embalaje:<\/strong> A granel, bolsa OPP, caja de color, caja de regalo, personalizado<\/p>","protected":false},"featured_media":2169,"template":"","meta":[],"product_brand":[],"product_cat":[23,29],"product_tag":[],"class_list":{"0":"post-2163","1":"product","2":"type-product","3":"status-publish","4":"has-post-thumbnail","6":"product_cat-wholesale-flatware","7":"product_cat-bulk-flatware","9":"first","10":"instock","11":"shipping-taxable","12":"product-type-simple"},"_links":{"self":[{"href":"https:\/\/www.mcallenflatware.com\/es\/wp-json\/wp\/v2\/product\/2163","targetHints":{"allow":["GET"]}}],"collection":[{"href":"https:\/\/www.mcallenflatware.com\/es\/wp-json\/wp\/v2\/product"}],"about":[{"href":"https:\/\/www.mcallenflatware.com\/es\/wp-json\/wp\/v2\/types\/product"}],"wp:featuredmedia":[{"embeddable":true,"href":"https:\/\/www.mcallenflatware.com\/es\/wp-json\/wp\/v2\/media\/2169"}],"wp:attachment":[{"href":"https:\/\/www.mcallenflatware.com\/es\/wp-json\/wp\/v2\/media?parent=2163"}],"wp:term":[{"taxonomy":"product_brand","embeddable":true,"href":"https:\/\/www.mcallenflatware.com\/es\/wp-json\/wp\/v2\/product_brand?post=2163"},{"taxonomy":"product_cat","embeddable":true,"href":"https:\/\/www.mcallenflatware.com\/es\/wp-json\/wp\/v2\/product_cat?post=2163"},{"taxonomy":"product_tag","embeddable":true,"href":"https:\/\/www.mcallenflatware.com\/es\/wp-json\/wp\/v2\/product_tag?post=2163"}],"curies":[{"name":"wp","href":"https:\/\/api.w.org\/{rel}","templated":true}]}}