{"id":2426,"date":"2025-10-24T03:48:19","date_gmt":"2025-10-24T03:48:19","guid":{"rendered":"https:\/\/www.mcallenflatware.com\/?post_type=product&#038;p=2426"},"modified":"2025-10-24T03:48:21","modified_gmt":"2025-10-24T03:48:21","slug":"bulk-measuring-spoons","status":"publish","type":"product","link":"https:\/\/www.mcallenflatware.com\/es\/product\/bulk-measuring-spoons\/","title":{"rendered":"Cucharas Medidoras a Granel 20ml, Juego de Cucharas de Acero Inoxidable de Colores Personalizados"},"content":{"rendered":"<div class=\"wp-block-columns is-layout-flex wp-container-core-columns-is-layout-9d6595d7 wp-block-columns-is-layout-flex\">\n<div class=\"wp-block-column is-layout-flow wp-block-column-is-layout-flow\">\n<h2 class=\"wp-block-heading\">Cuchara Medidora Caracter\u00edsticas:<\/h2>\n\n\n\n<p><strong>Materiales seguros para uso alimentario:<\/strong> Fabricado en acero inoxidable 304 de alta calidad, es duradero, resistente a la corrosi\u00f3n y al \u00f3xido, y cumple plenamente las normas de seguridad para el contacto con alimentos para un uso seguro.<\/p>\n\n\n\n<p><strong>Varias opciones de color: <\/strong>plata, marr\u00f3n, morado, azul, amarillo, verde, etc. para romper el estilo tradicional, hacerlo m\u00e1s vivo e interesante y realzar el atractivo del producto.<\/p>\n\n\n\n<p><strong>Capacidad precisa de 20 ml: <\/strong>Capacidad precisa de 20 ml con un error de medici\u00f3n m\u00ednimo, perfecta para hornear, cocinar y trabajar en el laboratorio.<\/p>\n\n\n\n<p><strong>Dise\u00f1o de cuchara redondeada: <\/strong>La forma lisa y redondeada de la cuchara facilita el vaciado de ingredientes en polvo (como harina y az\u00facar) o pegajosos (como miel y salsas), a la vez que simplifica el vertido y la limpieza.<\/p>\n\n\n\n<p><strong>F\u00e1cil de limpiar: <\/strong>El proceso de moldeado en una sola pieza (superficie finamente pulida) garantiza una superficie lisa y resistente a las manchas. Se puede lavar directamente o en el lavavajillas para un uso duradero.<\/p>\n\n\n\n<p><strong>Suministro a granel y personalizaci\u00f3n flexible: <\/strong>Como fabricante profesional, apoyamos las compras de grandes vol\u00famenes y ofrecemos precios muy competitivos. Tambi\u00e9n ofrecemos servicios de personalizaci\u00f3n OEM\/ODM (como la impresi\u00f3n de logotipos) para satisfacer sus diversas necesidades empresariales.<\/p>\n<\/div>\n\n\n\n<div class=\"wp-block-column is-layout-flow wp-block-column-is-layout-flow\">\n<figure class=\"wp-block-image size-full\"><img decoding=\"async\" width=\"1000\" height=\"1000\" src=\"https:\/\/www.mcallenflatware.com\/wp-content\/uploads\/2025\/09\/Custom-Measuring-Spoons-4.webp\" alt=\"Cucharas medidoras personalizadas a granel\" class=\"wp-image-2431\" srcset=\"https:\/\/www.mcallenflatware.com\/wp-content\/uploads\/2025\/09\/Custom-Measuring-Spoons-4.webp 1000w, https:\/\/www.mcallenflatware.com\/wp-content\/uploads\/2025\/09\/Custom-Measuring-Spoons-4-150x150.webp 150w, https:\/\/www.mcallenflatware.com\/wp-content\/uploads\/2025\/09\/Custom-Measuring-Spoons-4-768x768.webp 768w, https:\/\/www.mcallenflatware.com\/wp-content\/uploads\/2025\/09\/Custom-Measuring-Spoons-4-12x12.webp 12w, https:\/\/www.mcallenflatware.com\/wp-content\/uploads\/2025\/09\/Custom-Measuring-Spoons-4-600x600.webp 600w, https:\/\/www.mcallenflatware.com\/wp-content\/uploads\/2025\/09\/Custom-Measuring-Spoons-4-300x300.webp 300w, https:\/\/www.mcallenflatware.com\/wp-content\/uploads\/2025\/09\/Custom-Measuring-Spoons-4-100x100.webp 100w\" sizes=\"(max-width: 1000px) 100vw, 1000px\" \/><\/figure>\n<\/div>\n<\/div>","protected":false},"excerpt":{"rendered":"<p id=\"tw-target-text\" class=\"tw-data-text tw-text-large tw-ta\" dir=\"ltr\" role=\"text\" data-placeholder=\"\u7ffb\u8bd1\" data-ved=\"2ahUKEwiyhqC54PWPAxUs1jQHHZXjJswQ3ewLegQIFBAW\" aria-label=\"\u8bd1\u6587\uff1aEsta cuchara medidora de acero inoxidable de 20 ml es uno de nuestros productos estrella, dise\u00f1ado para quienes valoran la precisi\u00f3n y la comodidad. Fabricada en acero inoxidable 304 de alta calidad para uso alimentario, es duradera, segura e higi\u00e9nica. Su precisa capacidad de 20 ml y su exclusivo dise\u00f1o redondeado le permiten medir ingredientes para hornear, preparar bebidas y realizar otras mediciones precisas con facilidad, evitando derrames. Ofrecemos descuentos por compras al por mayor y flexibilidad de personalizaci\u00f3n.\">Las cucharas medidoras a granel, disponibles en varios colores, est\u00e1n fabricadas en acero inoxidable pulido para ofrecer un acabado suave y f\u00e1cil de limpiar. Este atractivo juego de cucharas medidoras es perfecto para hornear, cocinar, preparar alimentos y mucho m\u00e1s. Directo de f\u00e1brica, ofrecemos opciones de personalizaci\u00f3n a precios al por mayor. \u00a1Pregunte ahora!<\/p>\n<p><strong>Marca:<\/strong> Mcallen<br \/><strong>Material:<\/strong> Acero inoxidable<br \/><strong>Color:<\/strong> Plata, marr\u00f3n, morado, azul, amarillo, verde, etc.<br \/><strong>Tama\u00f1o:<\/strong> 20ML<br \/><strong>Plazo de entrega de la muestra:<\/strong> En 3 d\u00edas<br \/><strong>OEM\/ODM:<\/strong> Disponible<\/p>\n<h2>Cuchara medidora personalizada:<\/h2>\n<p><strong>Acero inoxidable:<\/strong> Acero inoxidable 18\/10, 304, 316, 410, 430, 420<br \/><strong>Logotipo:<\/strong> Grabado por l\u00e1ser, serigraf\u00eda, impresi\u00f3n UV, impresi\u00f3n por transferencia t\u00e9rmica, gofrado, etc.<br \/><strong>Color:<\/strong> Oro, plata o personalizado<br \/><strong>Embalaje:<\/strong> A granel, bolsa OPP, caja de color, caja de regalo, personalizado<\/p>","protected":false},"featured_media":2427,"template":"","meta":[],"product_brand":[],"product_cat":[24,32],"product_tag":[],"class_list":{"0":"post-2426","1":"product","2":"type-product","3":"status-publish","4":"has-post-thumbnail","6":"product_cat-wholesale-kitchen-utensils","7":"product_cat-custom-baking-tools-utensils","9":"first","10":"instock","11":"shipping-taxable","12":"product-type-simple"},"_links":{"self":[{"href":"https:\/\/www.mcallenflatware.com\/es\/wp-json\/wp\/v2\/product\/2426","targetHints":{"allow":["GET"]}}],"collection":[{"href":"https:\/\/www.mcallenflatware.com\/es\/wp-json\/wp\/v2\/product"}],"about":[{"href":"https:\/\/www.mcallenflatware.com\/es\/wp-json\/wp\/v2\/types\/product"}],"wp:featuredmedia":[{"embeddable":true,"href":"https:\/\/www.mcallenflatware.com\/es\/wp-json\/wp\/v2\/media\/2427"}],"wp:attachment":[{"href":"https:\/\/www.mcallenflatware.com\/es\/wp-json\/wp\/v2\/media?parent=2426"}],"wp:term":[{"taxonomy":"product_brand","embeddable":true,"href":"https:\/\/www.mcallenflatware.com\/es\/wp-json\/wp\/v2\/product_brand?post=2426"},{"taxonomy":"product_cat","embeddable":true,"href":"https:\/\/www.mcallenflatware.com\/es\/wp-json\/wp\/v2\/product_cat?post=2426"},{"taxonomy":"product_tag","embeddable":true,"href":"https:\/\/www.mcallenflatware.com\/es\/wp-json\/wp\/v2\/product_tag?post=2426"}],"curies":[{"name":"wp","href":"https:\/\/api.w.org\/{rel}","templated":true}]}}