{"id":2451,"date":"2025-10-24T04:05:30","date_gmt":"2025-10-24T04:05:30","guid":{"rendered":"https:\/\/www.mcallenflatware.com\/?post_type=product&#038;p=2451"},"modified":"2025-10-24T04:06:49","modified_gmt":"2025-10-24T04:06:49","slug":"measuring-spoons-bulk","status":"publish","type":"product","link":"https:\/\/www.mcallenflatware.com\/es\/product\/measuring-spoons-bulk\/","title":{"rendered":"Cucharas Medidoras con Mango Redondo a Granel, Juego de Cucharas Medidoras de Acero Inoxidable Personalizadas"},"content":{"rendered":"<div class=\"wp-block-columns is-layout-flex wp-container-core-columns-is-layout-9d6595d7 wp-block-columns-is-layout-flex\">\n<div class=\"wp-block-column is-layout-flow wp-block-column-is-layout-flow\">\n<h2 class=\"wp-block-heading\">Cuchara Medidora con Mango Redondo Caracter\u00edsticas:<\/h2>\n\n\n\n<p><strong>Acero inoxidable 304 de calidad alimentaria:<\/strong> Fabricado en acero inoxidable 304 de alta calidad (acero inoxidable 18\/8), es duradero, resistente al \u00f3xido y a la corrosi\u00f3n, y cumple las normas de seguridad alimentaria. Es inodoro y f\u00e1cil de limpiar y desinfectar.<\/p>\n\n\n\n<p><strong>Asa redonda:<\/strong> El elegante y pr\u00e1ctico mango redondo ofrece un agarre c\u00f3modo y seguro, lo que facilita su uso.<\/p>\n\n\n\n<p><strong>Conexi\u00f3n circular: <\/strong>El exclusivo dise\u00f1o circular permite encadenar, apilar o guardar f\u00e1cilmente las cucharas medidoras, ahorrando espacio y manteniendo ordenada y organizada la cocina o la encimera.<\/p>\n\n\n\n<p><strong>Escala de medici\u00f3n precisa: <\/strong>La b\u00e1scula tiene los tama\u00f1os habituales y es f\u00e1cil de leer, lo que garantiza mediciones precisas para hornear, cocinar y preparar comidas<\/p>\n\n\n\n<p><strong>Ventaja de la venta al por mayor a granel:<\/strong> Ofrecemos una opci\u00f3n de compra a granel para satisfacer las necesidades de restaurantes, panader\u00edas, cafeter\u00edas, personalizaci\u00f3n de regalos y distribuidores, ofreciendo rentabilidad y un suministro estable.<\/p>\n\n\n\n<figure class=\"wp-block-image size-full\"><img decoding=\"async\" width=\"1500\" height=\"1500\" src=\"https:\/\/www.mcallenflatware.com\/wp-content\/uploads\/2025\/10\/Wholesale-Round-handle-Measuring-Spoon-5.webp\" alt=\"Mayorista Cucharas medidoras con mango redondo\" class=\"wp-image-2456\" srcset=\"https:\/\/www.mcallenflatware.com\/wp-content\/uploads\/2025\/10\/Wholesale-Round-handle-Measuring-Spoon-5.webp 1500w, https:\/\/www.mcallenflatware.com\/wp-content\/uploads\/2025\/10\/Wholesale-Round-handle-Measuring-Spoon-5-150x150.webp 150w, https:\/\/www.mcallenflatware.com\/wp-content\/uploads\/2025\/10\/Wholesale-Round-handle-Measuring-Spoon-5-768x768.webp 768w, https:\/\/www.mcallenflatware.com\/wp-content\/uploads\/2025\/10\/Wholesale-Round-handle-Measuring-Spoon-5-12x12.webp 12w, https:\/\/www.mcallenflatware.com\/wp-content\/uploads\/2025\/10\/Wholesale-Round-handle-Measuring-Spoon-5-1200x1200.webp 1200w, https:\/\/www.mcallenflatware.com\/wp-content\/uploads\/2025\/10\/Wholesale-Round-handle-Measuring-Spoon-5-600x600.webp 600w, https:\/\/www.mcallenflatware.com\/wp-content\/uploads\/2025\/10\/Wholesale-Round-handle-Measuring-Spoon-5-300x300.webp 300w, https:\/\/www.mcallenflatware.com\/wp-content\/uploads\/2025\/10\/Wholesale-Round-handle-Measuring-Spoon-5-100x100.webp 100w\" sizes=\"(max-width: 1500px) 100vw, 1500px\" \/><\/figure>\n<\/div>\n\n\n\n<div class=\"wp-block-column is-layout-flow wp-block-column-is-layout-flow\">\n<figure class=\"wp-block-image size-full\"><img decoding=\"async\" width=\"750\" height=\"1360\" src=\"https:\/\/www.mcallenflatware.com\/wp-content\/uploads\/2025\/10\/Wholesale-Round-handle-Measuring-Spoon-15.webp\" alt=\"\" class=\"wp-image-2466\" srcset=\"https:\/\/www.mcallenflatware.com\/wp-content\/uploads\/2025\/10\/Wholesale-Round-handle-Measuring-Spoon-15.webp 750w, https:\/\/www.mcallenflatware.com\/wp-content\/uploads\/2025\/10\/Wholesale-Round-handle-Measuring-Spoon-15-7x12.webp 7w, https:\/\/www.mcallenflatware.com\/wp-content\/uploads\/2025\/10\/Wholesale-Round-handle-Measuring-Spoon-15-600x1088.webp 600w\" sizes=\"(max-width: 750px) 100vw, 750px\" \/><\/figure>\n<\/div>\n<\/div>","protected":false},"excerpt":{"rendered":"<p class=\"tw-data-text tw-text-large tw-ta\" dir=\"ltr\" role=\"text\" data-placeholder=\"\u7ffb\u8bd1\" data-ved=\"2ahUKEwiyhqC54PWPAxUs1jQHHZXjJswQ3ewLegQIFBAW\" aria-label=\"\u8bd1\u6587\uff1aEsta cuchara medidora de acero inoxidable de 20 ml es uno de nuestros productos estrella, dise\u00f1ado para quienes valoran la precisi\u00f3n y la comodidad. Fabricada en acero inoxidable 304 de alta calidad para uso alimentario, es duradera, segura e higi\u00e9nica. Su precisa capacidad de 20 ml y su exclusivo dise\u00f1o redondeado le permiten medir ingredientes para hornear, preparar bebidas y realizar otras mediciones precisas con facilidad, evitando derrames. Ofrecemos descuentos por compras al por mayor y flexibilidad de personalizaci\u00f3n.\">Cucharas medidoras personalizadas a granel. Fabricadas en acero inoxidable de calidad alimentaria, con mango redondo y graduaciones precisas en varios tama\u00f1os, perfectas para hornear y cocinar. Ofrecemos una selecci\u00f3n al por mayor a precios competitivos. \u00a1Cons\u00faltenos ahora!<\/p>\n<p><strong>Marca:<\/strong> Mcallen<br \/><strong>Material:<\/strong> Acero inoxidable<br \/><strong>Color:<\/strong> Plata, oro, negro, oro rosa, etc.<br \/><strong>Tama\u00f1o:<\/strong> 5ML,10ML,15ML,20ML,25ML,30ML<br \/><strong>Plazo de entrega de la muestra:<\/strong> En 3 d\u00edas<br \/><strong>OEM\/ODM:<\/strong> Disponible<\/p>\n<h2>Cucharas medidoras personalizadas:<\/h2>\n<p><strong>Acero inoxidable:<\/strong> Acero inoxidable 18\/10, 304, 316, 410, 430, 420<br \/><strong>Logotipo:<\/strong> Grabado por l\u00e1ser, serigraf\u00eda, impresi\u00f3n UV, impresi\u00f3n por transferencia t\u00e9rmica, gofrado, etc.<br \/><strong>Color:<\/strong> Oro, plata o personalizado<br \/><strong>Embalaje:<\/strong> A granel, bolsa OPP, caja de color, caja de regalo, personalizado<\/p>","protected":false},"featured_media":2460,"template":"","meta":[],"product_brand":[],"product_cat":[24,32],"product_tag":[],"class_list":{"0":"post-2451","1":"product","2":"type-product","3":"status-publish","4":"has-post-thumbnail","6":"product_cat-wholesale-kitchen-utensils","7":"product_cat-custom-baking-tools-utensils","9":"first","10":"instock","11":"shipping-taxable","12":"product-type-simple"},"_links":{"self":[{"href":"https:\/\/www.mcallenflatware.com\/es\/wp-json\/wp\/v2\/product\/2451","targetHints":{"allow":["GET"]}}],"collection":[{"href":"https:\/\/www.mcallenflatware.com\/es\/wp-json\/wp\/v2\/product"}],"about":[{"href":"https:\/\/www.mcallenflatware.com\/es\/wp-json\/wp\/v2\/types\/product"}],"wp:featuredmedia":[{"embeddable":true,"href":"https:\/\/www.mcallenflatware.com\/es\/wp-json\/wp\/v2\/media\/2460"}],"wp:attachment":[{"href":"https:\/\/www.mcallenflatware.com\/es\/wp-json\/wp\/v2\/media?parent=2451"}],"wp:term":[{"taxonomy":"product_brand","embeddable":true,"href":"https:\/\/www.mcallenflatware.com\/es\/wp-json\/wp\/v2\/product_brand?post=2451"},{"taxonomy":"product_cat","embeddable":true,"href":"https:\/\/www.mcallenflatware.com\/es\/wp-json\/wp\/v2\/product_cat?post=2451"},{"taxonomy":"product_tag","embeddable":true,"href":"https:\/\/www.mcallenflatware.com\/es\/wp-json\/wp\/v2\/product_tag?post=2451"}],"curies":[{"name":"wp","href":"https:\/\/api.w.org\/{rel}","templated":true}]}}