{"id":2585,"date":"2025-12-20T02:45:49","date_gmt":"2025-12-20T02:45:49","guid":{"rendered":"https:\/\/www.mcallenflatware.com\/?post_type=product&#038;p=2585"},"modified":"2025-12-20T03:04:53","modified_gmt":"2025-12-20T03:04:53","slug":"wholesale-flatware-set-modern","status":"publish","type":"product","link":"https:\/\/www.mcallenflatware.com\/es\/product\/wholesale-flatware-set-modern\/","title":{"rendered":"Juego de cubiertos al por mayor Juego de cubiertos modernos de acero inoxidable Pulido espejo"},"content":{"rendered":"<h2 class=\"wp-block-heading\">Juego de cubiertos modernos Caracter\u00edsticas:<\/h2>\n\n\n\n<div class=\"wp-block-columns is-layout-flex wp-container-core-columns-is-layout-9d6595d7 wp-block-columns-is-layout-flex\">\n<div class=\"wp-block-column is-layout-flow wp-block-column-is-layout-flow\" style=\"flex-basis:66.66%\">\n<p><strong>Apariencia exquisita:<\/strong> Una fusi\u00f3n magistral de elegancia cl\u00e1sica y est\u00e9tica minimalista moderna. Los detalles decorativos \u00fanicos y las curvas fluidas de los tiradores representan una combinaci\u00f3n perfecta entre funcionalidad y arte.<\/p>\n\n\n\n<p><strong>Materiales de calidad superior:<\/strong> Fabricado con acero inoxidable 304 de alta calidad seleccionado, lo que garantiza que la vajilla sea duradera, resistente a la corrosi\u00f3n y al \u00f3xido, y que resista el paso del tiempo.<\/p>\n\n\n\n<p><strong>Pulido espejo: <\/strong>Gracias a un proceso de pulido espejo de primera calidad, la superficie es tan lisa como un espejo y presenta un brillo blanco plateado puro y resplandeciente. Cada uso refleja el ambiente refinado de la mesa del comedor, mostrando un estilo elegante.<\/p>\n\n\n\n<p><strong>Meticulosa artesan\u00eda: <\/strong>Los bordes y juntas de cada pieza de vajilla est\u00e1n meticulosamente pulidos, lo que da como resultado una superficie lisa y sin rebabas para una experiencia de uso segura y c\u00f3moda.<\/p>\n\n\n\n<p><strong>Agarre ergon\u00f3mico: <\/strong>Los mangos tienen un dise\u00f1o ergon\u00f3mico que permite un agarre c\u00f3modo y estable, lo que los hace f\u00e1ciles de usar tanto para las comidas cotidianas como para las ocasiones formales.<\/p>\n\n\n\n<p><strong>Juego completo de cubiertos: <\/strong>Incluye varios tipos de cubiertos, como cuchillos, tenedores, cucharas de sopa y cucharas de postre, con tama\u00f1os cient\u00edficamente combinados. Ya sea que se utilicen individualmente o se exhiban como un juego, crean una est\u00e9tica visual armoniosa y unificada.<\/p>\n\n\n\n<p><strong>Multifuncional y adecuado para diversos escenarios gastron\u00f3micos.<\/strong>, Desde platos principales y sopas hasta postres y ensaladas, es la opci\u00f3n ideal para mejorar la calidad de las comidas familiares diarias y celebrar reuniones acogedoras.<\/p>\n<\/div>\n\n\n\n<div class=\"wp-block-column is-layout-flow wp-block-column-is-layout-flow\" style=\"flex-basis:33.33%\">\n<figure class=\"wp-block-image size-full\"><img decoding=\"async\" width=\"560\" height=\"560\" src=\"https:\/\/www.mcallenflatware.com\/wp-content\/uploads\/2025\/12\/wholesale-flatware-set-modern-stainless-steel-cutlery-set-mirror-polished-custom-4.webp\" alt=\"Juego de cubiertos al por mayor, juego de cubiertos modernos de acero inoxidable, pulido espejo, personalizado (4)\" class=\"wp-image-2594\" srcset=\"https:\/\/www.mcallenflatware.com\/wp-content\/uploads\/2025\/12\/wholesale-flatware-set-modern-stainless-steel-cutlery-set-mirror-polished-custom-4.webp 560w, https:\/\/www.mcallenflatware.com\/wp-content\/uploads\/2025\/12\/wholesale-flatware-set-modern-stainless-steel-cutlery-set-mirror-polished-custom-4-150x150.webp 150w, https:\/\/www.mcallenflatware.com\/wp-content\/uploads\/2025\/12\/wholesale-flatware-set-modern-stainless-steel-cutlery-set-mirror-polished-custom-4-12x12.webp 12w, https:\/\/www.mcallenflatware.com\/wp-content\/uploads\/2025\/12\/wholesale-flatware-set-modern-stainless-steel-cutlery-set-mirror-polished-custom-4-300x300.webp 300w, https:\/\/www.mcallenflatware.com\/wp-content\/uploads\/2025\/12\/wholesale-flatware-set-modern-stainless-steel-cutlery-set-mirror-polished-custom-4-100x100.webp 100w\" sizes=\"(max-width: 560px) 100vw, 560px\" \/><\/figure>\n<\/div>\n<\/div>\n\n\n\n<div class=\"wp-block-columns is-layout-flex wp-container-core-columns-is-layout-9d6595d7 wp-block-columns-is-layout-flex\">\n<div class=\"wp-block-column is-layout-flow wp-block-column-is-layout-flow\">\n<figure class=\"wp-block-image size-full\"><img decoding=\"async\" width=\"560\" height=\"560\" src=\"https:\/\/www.mcallenflatware.com\/wp-content\/uploads\/2025\/12\/wholesale-flatware-set-modern-mirror-polished-stainless-steel-cutlery-set-custom-4.webp\" alt=\"Juego de cubiertos al por mayor, juego de cubiertos modernos de acero inoxidable pulido espejo, personalizado (4)\" class=\"wp-image-2589\" srcset=\"https:\/\/www.mcallenflatware.com\/wp-content\/uploads\/2025\/12\/wholesale-flatware-set-modern-mirror-polished-stainless-steel-cutlery-set-custom-4.webp 560w, https:\/\/www.mcallenflatware.com\/wp-content\/uploads\/2025\/12\/wholesale-flatware-set-modern-mirror-polished-stainless-steel-cutlery-set-custom-4-150x150.webp 150w, https:\/\/www.mcallenflatware.com\/wp-content\/uploads\/2025\/12\/wholesale-flatware-set-modern-mirror-polished-stainless-steel-cutlery-set-custom-4-12x12.webp 12w, https:\/\/www.mcallenflatware.com\/wp-content\/uploads\/2025\/12\/wholesale-flatware-set-modern-mirror-polished-stainless-steel-cutlery-set-custom-4-300x300.webp 300w, https:\/\/www.mcallenflatware.com\/wp-content\/uploads\/2025\/12\/wholesale-flatware-set-modern-mirror-polished-stainless-steel-cutlery-set-custom-4-100x100.webp 100w\" sizes=\"(max-width: 560px) 100vw, 560px\" \/><\/figure>\n<\/div>\n\n\n\n<div class=\"wp-block-column is-layout-flow wp-block-column-is-layout-flow\">\n<figure class=\"wp-block-image size-full\"><img decoding=\"async\" width=\"560\" height=\"560\" src=\"https:\/\/www.mcallenflatware.com\/wp-content\/uploads\/2025\/12\/wholesale-flatware-set-modern-mirror-polished-stainless-steel-cutlery-set-custom-3.webp\" alt=\"Juego de cubiertos al por mayor, juego de cubiertos modernos de acero inoxidable pulido espejo, personalizado (3)\" class=\"wp-image-2588\" srcset=\"https:\/\/www.mcallenflatware.com\/wp-content\/uploads\/2025\/12\/wholesale-flatware-set-modern-mirror-polished-stainless-steel-cutlery-set-custom-3.webp 560w, https:\/\/www.mcallenflatware.com\/wp-content\/uploads\/2025\/12\/wholesale-flatware-set-modern-mirror-polished-stainless-steel-cutlery-set-custom-3-150x150.webp 150w, https:\/\/www.mcallenflatware.com\/wp-content\/uploads\/2025\/12\/wholesale-flatware-set-modern-mirror-polished-stainless-steel-cutlery-set-custom-3-12x12.webp 12w, https:\/\/www.mcallenflatware.com\/wp-content\/uploads\/2025\/12\/wholesale-flatware-set-modern-mirror-polished-stainless-steel-cutlery-set-custom-3-300x300.webp 300w, https:\/\/www.mcallenflatware.com\/wp-content\/uploads\/2025\/12\/wholesale-flatware-set-modern-mirror-polished-stainless-steel-cutlery-set-custom-3-100x100.webp 100w\" sizes=\"(max-width: 560px) 100vw, 560px\" \/><\/figure>\n<\/div>\n<\/div>\n\n\n\n<p><\/p>","protected":false},"excerpt":{"rendered":"<p>Juego de cubiertos al por mayor de estilo moderno, fabricado en acero inoxidable, juego completo de 6 piezas con acabado pulido espejo. Suministro directo del fabricante Mcallen, que ofrece personalizaci\u00f3n rentable. \u00a1No dude en ponerse en contacto con nosotros para solicitar un presupuesto ahora mismo!<\/p>\n<h2>Juego de cubiertos modernos<\/h2>\n<p><strong>Marca:<\/strong> Mcallen<br \/><strong>Material:<\/strong> Acero inoxidable<br \/><strong>Color:<\/strong>\u00a0 Plata, oro, negro mate, oro rosa o personalizado.<br \/><strong>Pulido:<\/strong> Pulido espejo<br \/><strong>Estilo de dise\u00f1o:<\/strong> Lujo moderno<br \/><strong>Plazo de entrega de la muestra:<\/strong> En 3 d\u00edas<br \/><strong>OEM\/ODM:<\/strong> Disponible<\/p>\n<h2>Juego de cubiertos personalizado moderno:<\/h2>\n<p><strong>Acero inoxidable:<\/strong> Acero inoxidable 18\/10, 304, 316, 410, 430, 420<br \/><strong>Logotipo:<\/strong> Grabado por l\u00e1ser, serigraf\u00eda, impresi\u00f3n UV, impresi\u00f3n por transferencia t\u00e9rmica, gofrado, etc.<br \/><strong>Embalaje:<\/strong> 4\/8\/12\/16\/20\/24\/45\/48\/72pcs set<br \/><strong>Acabados superficiales:<\/strong> Pulido espejo, mate, pulido al agua, capa de titanio<br \/><strong>Embalaje:<\/strong> A granel, bolsa opp, caja de color, caja de regalo, personalizado<\/p>","protected":false},"featured_media":2592,"template":"","meta":[],"product_brand":[],"product_cat":[23,29],"product_tag":[],"class_list":{"0":"post-2585","1":"product","2":"type-product","3":"status-publish","4":"has-post-thumbnail","6":"product_cat-wholesale-flatware","7":"product_cat-bulk-flatware","9":"first","10":"instock","11":"shipping-taxable","12":"product-type-simple"},"_links":{"self":[{"href":"https:\/\/www.mcallenflatware.com\/es\/wp-json\/wp\/v2\/product\/2585","targetHints":{"allow":["GET"]}}],"collection":[{"href":"https:\/\/www.mcallenflatware.com\/es\/wp-json\/wp\/v2\/product"}],"about":[{"href":"https:\/\/www.mcallenflatware.com\/es\/wp-json\/wp\/v2\/types\/product"}],"wp:featuredmedia":[{"embeddable":true,"href":"https:\/\/www.mcallenflatware.com\/es\/wp-json\/wp\/v2\/media\/2592"}],"wp:attachment":[{"href":"https:\/\/www.mcallenflatware.com\/es\/wp-json\/wp\/v2\/media?parent=2585"}],"wp:term":[{"taxonomy":"product_brand","embeddable":true,"href":"https:\/\/www.mcallenflatware.com\/es\/wp-json\/wp\/v2\/product_brand?post=2585"},{"taxonomy":"product_cat","embeddable":true,"href":"https:\/\/www.mcallenflatware.com\/es\/wp-json\/wp\/v2\/product_cat?post=2585"},{"taxonomy":"product_tag","embeddable":true,"href":"https:\/\/www.mcallenflatware.com\/es\/wp-json\/wp\/v2\/product_tag?post=2585"}],"curies":[{"name":"wp","href":"https:\/\/api.w.org\/{rel}","templated":true}]}}