{"id":2842,"date":"2026-02-05T02:04:40","date_gmt":"2026-02-05T02:04:40","guid":{"rendered":"https:\/\/www.mcallenflatware.com\/?post_type=product&#038;p=2842"},"modified":"2026-02-05T03:05:55","modified_gmt":"2026-02-05T03:05:55","slug":"custom-hammered-flatware","status":"publish","type":"product","link":"https:\/\/www.mcallenflatware.com\/es\/product\/custom-hammered-flatware\/","title":{"rendered":"Custom Hammered Cubiertos, Morror Pulido de acero inoxidable Cubiertos Set Proveedor"},"content":{"rendered":"<div class=\"wp-block-columns is-layout-flex wp-container-core-columns-is-layout-9d6595d7 wp-block-columns-is-layout-flex\">\n<div class=\"wp-block-column is-layout-flow wp-block-column-is-layout-flow\">\n<h2 class=\"wp-block-heading\">Cubiertos Martillados Caracter\u00edsticas:<\/h2>\n\n\n\n<p><strong>Mango ergon\u00f3mico martillado:<\/strong> El acabado martillado texturizado proporciona un agarre c\u00f3modo y antideslizante, mientras que el pulido elegante y reflectante a\u00f1ade un toque de lujo moderno a cualquier entorno de mesa.<\/p>\n\n\n\n<p><strong>Materia segura para los alimentos<\/strong>l: Fabricado en acero inoxidable apto para uso alimentario, resistente a la corrosi\u00f3n y sin BPA, lo que garantiza un uso seguro y duradero en entornos comerciales y dom\u00e9sticos.<\/p>\n\n\n\n<p><strong>Construcci\u00f3n forjada de una pieza:<\/strong> Su dise\u00f1o grueso y sin costuras elimina las trampas de suciedad ocultas, facilitando la limpieza y resistiendo la flexi\u00f3n o la rotura incluso con el uso intensivo diario.<\/p>\n\n\n\n<p><strong>Cuchillo profesional de dise\u00f1o dentado<\/strong>: La afilada cuchilla de grandes dientes corta con suavidad filetes y carnes duras, mejorando la experiencia gastron\u00f3mica de sus clientes.<\/p>\n\n\n\n<p><strong>Acabado pulido espejo<\/strong>: La superficie de alto brillo, resistente a las huellas dactilares, permanece brillante durante a\u00f1os, manteniendo un aspecto de primera calidad que impresiona a los invitados.<\/p>\n\n\n\n<p><strong>MOQ flexible:<\/strong> Admite pruebas de lotes peque\u00f1os y pedidos a granel de gran volumen para adaptarse a su plan de inventario.<\/p>\n<\/div>\n\n\n\n<div class=\"wp-block-column is-layout-flow wp-block-column-is-layout-flow\"><div class=\"wp-block-image\">\n<figure class=\"aligncenter size-full\"><img decoding=\"async\" width=\"800\" height=\"800\" src=\"https:\/\/www.mcallenflatware.com\/wp-content\/uploads\/2026\/02\/custom-hammered-flatware-stainless-steel-cutlery-set-2.webp\" alt=\"juego de cubiertos de acero inoxidable martillado personalizado (2)\" class=\"wp-image-2844\" style=\"object-fit:cover\" srcset=\"https:\/\/www.mcallenflatware.com\/wp-content\/uploads\/2026\/02\/custom-hammered-flatware-stainless-steel-cutlery-set-2.webp 800w, https:\/\/www.mcallenflatware.com\/wp-content\/uploads\/2026\/02\/custom-hammered-flatware-stainless-steel-cutlery-set-2-150x150.webp 150w, https:\/\/www.mcallenflatware.com\/wp-content\/uploads\/2026\/02\/custom-hammered-flatware-stainless-steel-cutlery-set-2-768x768.webp 768w, https:\/\/www.mcallenflatware.com\/wp-content\/uploads\/2026\/02\/custom-hammered-flatware-stainless-steel-cutlery-set-2-12x12.webp 12w, https:\/\/www.mcallenflatware.com\/wp-content\/uploads\/2026\/02\/custom-hammered-flatware-stainless-steel-cutlery-set-2-600x600.webp 600w, https:\/\/www.mcallenflatware.com\/wp-content\/uploads\/2026\/02\/custom-hammered-flatware-stainless-steel-cutlery-set-2-300x300.webp 300w, https:\/\/www.mcallenflatware.com\/wp-content\/uploads\/2026\/02\/custom-hammered-flatware-stainless-steel-cutlery-set-2-100x100.webp 100w\" sizes=\"(max-width: 800px) 100vw, 800px\" \/><\/figure>\n<\/div><\/div>\n<\/div>\n\n\n\n<div class=\"wp-block-columns is-layout-flex wp-container-core-columns-is-layout-9d6595d7 wp-block-columns-is-layout-flex\">\n<div class=\"wp-block-column is-layout-flow wp-block-column-is-layout-flow\"><\/div>\n\n\n\n<div class=\"wp-block-column is-layout-flow wp-block-column-is-layout-flow\"><\/div>\n<\/div>","protected":false},"excerpt":{"rendered":"<p>Nuestros cubiertos martillados personalizados, fabricados en acero inoxidable apto para uso alimentario, presentan un exclusivo dise\u00f1o de mango martillado para un agarre superior y un estilo atemporal. Perfecto para restaurantes, hoteles, bodas o juegos de regalo de marca. Ofrecemos personalizaci\u00f3n completa para que coincida con la identidad de su marca. P\u00f3ngase en contacto con nosotros para obtener m\u00e1s productos.<\/p>\n<h2>Atributos de la Cuberter\u00eda Martillada<\/h2>\n<p><strong>Marca:<\/strong> Mcallen<br \/><strong>Material:<\/strong> Acero inoxidable<br \/><strong>Color:<\/strong> Oro, Plata<br \/><strong>Dise\u00f1o:<\/strong> Dise\u00f1o martillado<br \/><strong>Plazo de entrega de la muestra:<\/strong> En 3 d\u00edas<br \/><strong>OEM\/ODM:<\/strong> Disponible<\/p>\n<h2>Cubiertos martillados personalizados:<\/h2>\n<p><strong>Acero inoxidable:<\/strong> Acero inoxidable 18\/10, 304, 316, 410, 430, 420<br \/><strong>Logotipo:<\/strong> Grabado por l\u00e1ser, serigraf\u00eda, impresi\u00f3n UV, impresi\u00f3n por transferencia t\u00e9rmica, gofrado, etc.<br \/><strong>Embalaje:<\/strong> 4\/8\/12\/16\/20\/24\/45\/48\/72pcs set<br \/><strong>Acabados superficiales:<\/strong> Pulido espejo, mate, pulido al agua, capa de titanio<br \/><strong>Embalaje:<\/strong> A granel, bolsa opp, caja de color, caja de regalo, personalizado<\/p>","protected":false},"featured_media":2846,"template":"","meta":[],"product_brand":[],"product_cat":[23,29],"product_tag":[],"class_list":{"0":"post-2842","1":"product","2":"type-product","3":"status-publish","4":"has-post-thumbnail","6":"product_cat-wholesale-flatware","7":"product_cat-bulk-flatware","9":"first","10":"instock","11":"shipping-taxable","12":"product-type-simple"},"_links":{"self":[{"href":"https:\/\/www.mcallenflatware.com\/es\/wp-json\/wp\/v2\/product\/2842","targetHints":{"allow":["GET"]}}],"collection":[{"href":"https:\/\/www.mcallenflatware.com\/es\/wp-json\/wp\/v2\/product"}],"about":[{"href":"https:\/\/www.mcallenflatware.com\/es\/wp-json\/wp\/v2\/types\/product"}],"wp:featuredmedia":[{"embeddable":true,"href":"https:\/\/www.mcallenflatware.com\/es\/wp-json\/wp\/v2\/media\/2846"}],"wp:attachment":[{"href":"https:\/\/www.mcallenflatware.com\/es\/wp-json\/wp\/v2\/media?parent=2842"}],"wp:term":[{"taxonomy":"product_brand","embeddable":true,"href":"https:\/\/www.mcallenflatware.com\/es\/wp-json\/wp\/v2\/product_brand?post=2842"},{"taxonomy":"product_cat","embeddable":true,"href":"https:\/\/www.mcallenflatware.com\/es\/wp-json\/wp\/v2\/product_cat?post=2842"},{"taxonomy":"product_tag","embeddable":true,"href":"https:\/\/www.mcallenflatware.com\/es\/wp-json\/wp\/v2\/product_tag?post=2842"}],"curies":[{"name":"wp","href":"https:\/\/api.w.org\/{rel}","templated":true}]}}