{"id":2883,"date":"2026-02-26T09:38:26","date_gmt":"2026-02-26T09:38:26","guid":{"rendered":"https:\/\/www.mcallenflatware.com\/?post_type=product&#038;p=2883"},"modified":"2026-02-26T10:10:26","modified_gmt":"2026-02-26T10:10:26","slug":"wholesale-hammered-stainless-flatware","status":"publish","type":"product","link":"https:\/\/www.mcallenflatware.com\/es\/product\/wholesale-hammered-stainless-flatware\/","title":{"rendered":"Mayorista Cubiertos Inoxidables Martillados, Cuberteria Moderna 4 Piezas Proveedor"},"content":{"rendered":"<div class=\"wp-block-columns is-layout-flex wp-container-core-columns-is-layout-9d6595d7 wp-block-columns-is-layout-flex\">\n<div class=\"wp-block-column is-layout-flow wp-block-column-is-layout-flow\">\n<h2 class=\"wp-block-heading\">Cubiertos de acero inoxidable martillado Caracter\u00edsticas:<\/h2>\n\n\n\n<p><strong>Artesan\u00eda martillada a mano:<\/strong> La exclusiva textura martillada irregular del mango a\u00f1ade un toque de elegancia industrial y evita que resbale durante su uso.<\/p>\n\n\n\n<p><strong>Acero inoxidable de calidad alimentaria:<\/strong> Utilizando material de acero inoxidable 18\/10, resistente al \u00f3xido, a prueba de corrosi\u00f3n y construido para durar, muy superior a los cubiertos est\u00e1ndar 18\/0.<\/p>\n\n\n\n<p><strong>Peso equilibrado y resistente:<\/strong> Mecanizado de precisi\u00f3n para un equilibrio perfecto que evite el vuelco de los platos.<\/p>\n\n\n\n<p><strong>Pulido espejo: <\/strong>Acabado de espejo ultrabrillante y resistente a los ara\u00f1azos; el afilado cuchillo de sierra para bistec corta la carne sin esfuerzo y sin desgarrarla.<\/p>\n\n\n\n<p><strong>Apto para lavavajillas<\/strong>: Mantiene su brillo y textura incluso despu\u00e9s de cientos de lavados, sin necesidad de lavar a mano.<\/p>\n\n\n\n<p><strong>Se adapta a diversas ocasiones<\/strong>: Cl\u00e1sico juego de 4 piezas, transiciones sin problemas de cenas familiares informales a eventos formales, bodas y servicios de catering.<\/p>\n<\/div>\n\n\n\n<div class=\"wp-block-column is-layout-flow wp-block-column-is-layout-flow\"><div class=\"wp-block-image\">\n<figure class=\"aligncenter size-full\"><img decoding=\"async\" width=\"800\" height=\"800\" src=\"https:\/\/www.mcallenflatware.com\/wp-content\/uploads\/2026\/02\/wholesale-hammered-stainless-flatware-2.webp\" alt=\"venta al por mayor de cubiertos de acero inoxidable martillado (2)\" class=\"wp-image-2885\" style=\"object-fit:cover\" srcset=\"https:\/\/www.mcallenflatware.com\/wp-content\/uploads\/2026\/02\/wholesale-hammered-stainless-flatware-2.webp 800w, https:\/\/www.mcallenflatware.com\/wp-content\/uploads\/2026\/02\/wholesale-hammered-stainless-flatware-2-150x150.webp 150w, https:\/\/www.mcallenflatware.com\/wp-content\/uploads\/2026\/02\/wholesale-hammered-stainless-flatware-2-768x768.webp 768w, https:\/\/www.mcallenflatware.com\/wp-content\/uploads\/2026\/02\/wholesale-hammered-stainless-flatware-2-12x12.webp 12w, https:\/\/www.mcallenflatware.com\/wp-content\/uploads\/2026\/02\/wholesale-hammered-stainless-flatware-2-600x600.webp 600w, https:\/\/www.mcallenflatware.com\/wp-content\/uploads\/2026\/02\/wholesale-hammered-stainless-flatware-2-300x300.webp 300w, https:\/\/www.mcallenflatware.com\/wp-content\/uploads\/2026\/02\/wholesale-hammered-stainless-flatware-2-100x100.webp 100w\" sizes=\"(max-width: 800px) 100vw, 800px\" \/><\/figure>\n<\/div><\/div>\n<\/div>","protected":false},"excerpt":{"rendered":"<p>Eleve la mesa con nuestro juego de cubiertos de acero inoxidable martillado al por mayor. Mangos con textura, acabado de espejo, cuchillo de carne afilada, apto para lavavajillas, ergon\u00f3mico, dise\u00f1o de 4 piezas, perfecto para el uso diario o comedor comercial. Suministro directo de f\u00e1brica Mcallen. P\u00f3ngase en contacto con nosotros para presupuestos al por mayor y personalizados.<\/p>\n<h2 id=\"block-792b966c-c506-49fa-b3c8-9881ee38a4f5\" class=\"block-editor-rich-text__editable block-editor-block-list__block wp-block is-selected wp-block-heading rich-text\" role=\"document\" aria-label=\"Bloque: R\u00fabrica\" data-block=\"792b966c-c506-49fa-b3c8-9881ee38a4f5\" data-type=\"core\/heading\" data-title=\"Heading\" data-wp-block-attribute-key=\"content\">Cubiertos de acero inoxidable martillado Atributos:<\/h2>\n<p><strong>Marca:<\/strong> Mcallen<br \/><strong>Material:<\/strong> Acero inoxidable<br \/><strong>Color:<\/strong>\u00a0 Plata, oro, negro, oro rosa, arco iris.<br \/><strong>Dise\u00f1o: <\/strong>Asa cuadrada moderna<br \/><strong>Plazo de entrega de la muestra:<\/strong> En 3 d\u00edas<br \/><strong>OEM\/ODM:<\/strong> Disponible<\/p>\n<h2>Cubiertos para Restaurantes Personalizados:<\/h2>\n<p><strong>Acero inoxidable:<\/strong> Acero inoxidable 18\/10, 304, 316, 410, 430, 420<br \/><strong>Logotipo:<\/strong> Grabado por l\u00e1ser, serigraf\u00eda\/impresi\u00f3n por transferencia UV\/t\u00e9rmica, gofrado, etc.<br \/><strong>Embalaje:<\/strong> 4\/8\/12\/16\/20\/24\/45\/48\/72pcs set<br \/><strong>Acabados superficiales:<\/strong> Pulido espejo, mate, pulido al agua, capa de titanio<br \/><strong>Embalaje:<\/strong> A granel, bolsa OPP, caja de color, caja de regalo, personalizado<\/p>","protected":false},"featured_media":2891,"template":"","meta":[],"product_brand":[],"product_cat":[23,29],"product_tag":[],"class_list":{"0":"post-2883","1":"product","2":"type-product","3":"status-publish","4":"has-post-thumbnail","6":"product_cat-wholesale-flatware","7":"product_cat-bulk-flatware","9":"first","10":"instock","11":"shipping-taxable","12":"product-type-simple"},"_links":{"self":[{"href":"https:\/\/www.mcallenflatware.com\/es\/wp-json\/wp\/v2\/product\/2883","targetHints":{"allow":["GET"]}}],"collection":[{"href":"https:\/\/www.mcallenflatware.com\/es\/wp-json\/wp\/v2\/product"}],"about":[{"href":"https:\/\/www.mcallenflatware.com\/es\/wp-json\/wp\/v2\/types\/product"}],"wp:featuredmedia":[{"embeddable":true,"href":"https:\/\/www.mcallenflatware.com\/es\/wp-json\/wp\/v2\/media\/2891"}],"wp:attachment":[{"href":"https:\/\/www.mcallenflatware.com\/es\/wp-json\/wp\/v2\/media?parent=2883"}],"wp:term":[{"taxonomy":"product_brand","embeddable":true,"href":"https:\/\/www.mcallenflatware.com\/es\/wp-json\/wp\/v2\/product_brand?post=2883"},{"taxonomy":"product_cat","embeddable":true,"href":"https:\/\/www.mcallenflatware.com\/es\/wp-json\/wp\/v2\/product_cat?post=2883"},{"taxonomy":"product_tag","embeddable":true,"href":"https:\/\/www.mcallenflatware.com\/es\/wp-json\/wp\/v2\/product_tag?post=2883"}],"curies":[{"name":"wp","href":"https:\/\/api.w.org\/{rel}","templated":true}]}}