{"id":2893,"date":"2026-03-04T07:07:09","date_gmt":"2026-03-04T07:07:09","guid":{"rendered":"https:\/\/www.mcallenflatware.com\/?post_type=product&#038;p=2893"},"modified":"2026-03-04T07:20:00","modified_gmt":"2026-03-04T07:20:00","slug":"wholesale-modern-cutlery-set","status":"publish","type":"product","link":"https:\/\/www.mcallenflatware.com\/es\/product\/wholesale-modern-cutlery-set\/","title":{"rendered":"Mayorista Cuberteria Moderna, Cubiertos Mango Cuadrado Plata Espejo Pulido Personalizado"},"content":{"rendered":"<div class=\"wp-block-columns is-layout-flex wp-container-core-columns-is-layout-9d6595d7 wp-block-columns-is-layout-flex\">\n<div class=\"wp-block-column is-layout-flow wp-block-column-is-layout-flow\">\n<h2 class=\"wp-block-heading\"> Juego de cubiertos modernos Caracter\u00edsticas:<\/h2>\n\n\n\n<p><strong>Asa cuadrada de dise\u00f1o moderno: <\/strong>Un exclusivo mango geom\u00e9trico cuadrado ofrece un aspecto elegante y contempor\u00e1neo y un agarre c\u00f3modo, perfecto para los servicios de mesa modernos.<\/p>\n\n\n\n<p><strong>Acabado pulido espejo de primera calidad:<\/strong> La exquisita superficie pulida a espejo ofrece un aspecto elegante y brillante que realza cualquier experiencia culinaria y es f\u00e1cil de limpiar.<\/p>\n\n\n\n<p><strong>Material duradero de alta calidad<\/strong>: Fabricado en acero inoxidable de calidad alimentaria, resistente a la corrosi\u00f3n, robusto y duradero para el uso diario, hoteles, restaurantes y catering.<\/p>\n\n\n\n<p><strong>Al por mayor y personalizable:<\/strong> Admite pedidos al por mayor y acepta logotipos, colores y envases personalizados para satisfacer las necesidades de su empresa y marca.<\/p>\n\n\n\n<p><strong>Juego de cubiertos modernos multiusos:<\/strong> Juego completo y funcional de cubiertos ideal para el hogar, bodas, banquetes y catering comercial.<\/p>\n<\/div>\n\n\n\n<div class=\"wp-block-column is-layout-flow wp-block-column-is-layout-flow\"><div class=\"wp-block-image\">\n<figure class=\"aligncenter size-full\"><img decoding=\"async\" width=\"800\" height=\"800\" src=\"https:\/\/www.mcallenflatware.com\/wp-content\/uploads\/2026\/03\/Wholesale-Modern-Cutlery-Set\uff0cModern-Square-Handle-Flatware-Mirror-Polish-Custom-2.webp\" alt=\"Mayorista Cuberteria Moderna, Cuberteria Moderna Mango Cuadrado Espejo Pulido Personalizado (2)\" class=\"wp-image-2895\" style=\"object-fit:cover\" srcset=\"https:\/\/www.mcallenflatware.com\/wp-content\/uploads\/2026\/03\/Wholesale-Modern-Cutlery-Set\uff0cModern-Square-Handle-Flatware-Mirror-Polish-Custom-2.webp 800w, https:\/\/www.mcallenflatware.com\/wp-content\/uploads\/2026\/03\/Wholesale-Modern-Cutlery-Set\uff0cModern-Square-Handle-Flatware-Mirror-Polish-Custom-2-150x150.webp 150w, https:\/\/www.mcallenflatware.com\/wp-content\/uploads\/2026\/03\/Wholesale-Modern-Cutlery-Set\uff0cModern-Square-Handle-Flatware-Mirror-Polish-Custom-2-768x768.webp 768w, https:\/\/www.mcallenflatware.com\/wp-content\/uploads\/2026\/03\/Wholesale-Modern-Cutlery-Set\uff0cModern-Square-Handle-Flatware-Mirror-Polish-Custom-2-12x12.webp 12w, https:\/\/www.mcallenflatware.com\/wp-content\/uploads\/2026\/03\/Wholesale-Modern-Cutlery-Set\uff0cModern-Square-Handle-Flatware-Mirror-Polish-Custom-2-600x600.webp 600w, https:\/\/www.mcallenflatware.com\/wp-content\/uploads\/2026\/03\/Wholesale-Modern-Cutlery-Set\uff0cModern-Square-Handle-Flatware-Mirror-Polish-Custom-2-300x300.webp 300w, https:\/\/www.mcallenflatware.com\/wp-content\/uploads\/2026\/03\/Wholesale-Modern-Cutlery-Set\uff0cModern-Square-Handle-Flatware-Mirror-Polish-Custom-2-100x100.webp 100w\" sizes=\"(max-width: 800px) 100vw, 800px\" \/><\/figure>\n<\/div><\/div>\n<\/div>","protected":false},"excerpt":{"rendered":"<div>Cuberter\u00eda moderna al por mayor con mangos cuadrados con un acabado pulido espejo de primera calidad y fabricada en acero inoxidable de calidad alimentaria, ideal para elevar la configuraci\u00f3n de la mesa en hoteles, banquetes y cenas diarias. Admitimos pedidos al por mayor al por mayor y opciones totalmente personalizables, incluyendo logotipos, colores y embalaje. \u00a1Cons\u00faltenos ahora!<\/div>\n<h2 id=\"block-792b966c-c506-49fa-b3c8-9881ee38a4f5\" class=\"block-editor-rich-text__editable block-editor-block-list__block wp-block is-selected wp-block-heading rich-text\" role=\"document\" aria-label=\"Bloque: R\u00fabrica\" data-block=\"792b966c-c506-49fa-b3c8-9881ee38a4f5\" data-type=\"core\/heading\" data-title=\"Heading\" data-wp-block-attribute-key=\"content\">\u00a0Cuberter\u00eda moderna Atributos:<\/h2>\n<p><strong>Marca:<\/strong> Mcallen<br \/><strong>Material:<\/strong> Acero inoxidable<br \/><strong>Color:<\/strong>\u00a0 Plata, oro, negro, oro rosa, arco iris.<br \/><strong>Dise\u00f1o: <\/strong>Asa cuadrada moderna<br \/><strong>Plazo de entrega de la muestra:<\/strong> En 3 d\u00edas<br \/><strong>OEM\/ODM:<\/strong> Disponible<\/p>\n<h2>Cubiertos para Restaurantes Personalizados:<\/h2>\n<p><strong>Acero inoxidable:<\/strong> Acero inoxidable 18\/10, 304, 316, 410, 430, 420<br \/><strong>Logotipo:<\/strong> Grabado por l\u00e1ser, serigraf\u00eda\/impresi\u00f3n por transferencia UV\/t\u00e9rmica, gofrado, etc.<br \/><strong>Embalaje:<\/strong> 4\/8\/12\/16\/20\/24\/45\/48\/72pcs set<br \/><strong>Acabados superficiales:<\/strong> Pulido espejo, mate, pulido al agua, capa de titanio<br \/><strong>Embalaje:<\/strong> A granel, bolsa OPP, caja de color, caja de regalo, personalizado<\/p>","protected":false},"featured_media":2896,"template":"","meta":[],"product_brand":[],"product_cat":[23,29],"product_tag":[],"class_list":{"0":"post-2893","1":"product","2":"type-product","3":"status-publish","4":"has-post-thumbnail","6":"product_cat-wholesale-flatware","7":"product_cat-bulk-flatware","9":"first","10":"instock","11":"shipping-taxable","12":"product-type-simple"},"_links":{"self":[{"href":"https:\/\/www.mcallenflatware.com\/es\/wp-json\/wp\/v2\/product\/2893","targetHints":{"allow":["GET"]}}],"collection":[{"href":"https:\/\/www.mcallenflatware.com\/es\/wp-json\/wp\/v2\/product"}],"about":[{"href":"https:\/\/www.mcallenflatware.com\/es\/wp-json\/wp\/v2\/types\/product"}],"wp:featuredmedia":[{"embeddable":true,"href":"https:\/\/www.mcallenflatware.com\/es\/wp-json\/wp\/v2\/media\/2896"}],"wp:attachment":[{"href":"https:\/\/www.mcallenflatware.com\/es\/wp-json\/wp\/v2\/media?parent=2893"}],"wp:term":[{"taxonomy":"product_brand","embeddable":true,"href":"https:\/\/www.mcallenflatware.com\/es\/wp-json\/wp\/v2\/product_brand?post=2893"},{"taxonomy":"product_cat","embeddable":true,"href":"https:\/\/www.mcallenflatware.com\/es\/wp-json\/wp\/v2\/product_cat?post=2893"},{"taxonomy":"product_tag","embeddable":true,"href":"https:\/\/www.mcallenflatware.com\/es\/wp-json\/wp\/v2\/product_tag?post=2893"}],"curies":[{"name":"wp","href":"https:\/\/api.w.org\/{rel}","templated":true}]}}