{"id":2906,"date":"2026-03-04T08:30:25","date_gmt":"2026-03-04T08:30:25","guid":{"rendered":"https:\/\/www.mcallenflatware.com\/?post_type=product&#038;p=2906"},"modified":"2026-03-04T08:52:33","modified_gmt":"2026-03-04T08:52:33","slug":"wholesale-modernist-flatware","status":"publish","type":"product","link":"https:\/\/www.mcallenflatware.com\/es\/product\/wholesale-modernist-flatware\/","title":{"rendered":"Mayorista Cuberteria Modernista, Cuberteria Mango Cuadrado Geometrico Inoxidable Personalizado"},"content":{"rendered":"<div class=\"wp-block-columns is-layout-flex wp-container-core-columns-is-layout-9d6595d7 wp-block-columns-is-layout-flex\">\n<div class=\"wp-block-column is-layout-flow wp-block-column-is-layout-flow\">\n<h2 class=\"wp-block-heading\">Cubiertos Modernistas Caracter\u00edsticas:<\/h2>\n\n\n\n<p><strong>Asa cuadrada geom\u00e9trica moderna<\/strong>: Asa cuadrada \u00fanica con l\u00edneas geom\u00e9tricas limpias para un entorno de mesa contempor\u00e1neo.<\/p>\n\n\n\n<p><strong>Acero inoxidable de calidad alimentaria<\/strong>: Seguro, resistente a la corrosi\u00f3n y duradero para el uso diario a largo plazo.<\/p>\n\n\n\n<p><strong>Pulido espejo y agarre c\u00f3modo<\/strong>: Superficie lisa y pulida con dise\u00f1o ergon\u00f3mico para un manejo c\u00f3modo.<\/p>\n\n\n\n<p><strong>Apto para lavavajillas y resistente<\/strong>: F\u00e1cil de limpiar y fabricada para soportar un uso comercial de alta frecuencia.<\/p>\n\n\n\n<p><strong>Vers\u00e1til para m\u00faltiples escenarios<\/strong>: Perfecto para hoteles, restaurantes, bodas, catering y cenas en casa.<\/p>\n\n\n\n<p><strong>Juego de cubiertos de acero inoxidable de 5 piezas<\/strong>: Configuraci\u00f3n completa, estilo unificado, duradero y f\u00e1cil de mantener, mejorando la experiencia gastron\u00f3mica, adecuado para la compra al por mayor y las necesidades de personalizaci\u00f3n de hoteles y escenarios de catering.<\/p>\n<\/div>\n\n\n\n<div class=\"wp-block-column is-layout-flow wp-block-column-is-layout-flow\"><div class=\"wp-block-image\">\n<figure class=\"aligncenter size-full\"><img decoding=\"async\" width=\"1600\" height=\"1600\" src=\"https:\/\/www.mcallenflatware.com\/wp-content\/uploads\/2026\/03\/wholesale-modernist-flatware-geometric-square-handle-silverware-2.webp\" alt=\"al por mayor cubiertos modernistas mango cuadrado geometrico cubiertos (2)\" class=\"wp-image-2912\" style=\"object-fit:cover\" srcset=\"https:\/\/www.mcallenflatware.com\/wp-content\/uploads\/2026\/03\/wholesale-modernist-flatware-geometric-square-handle-silverware-2.webp 1600w, https:\/\/www.mcallenflatware.com\/wp-content\/uploads\/2026\/03\/wholesale-modernist-flatware-geometric-square-handle-silverware-2-150x150.webp 150w, https:\/\/www.mcallenflatware.com\/wp-content\/uploads\/2026\/03\/wholesale-modernist-flatware-geometric-square-handle-silverware-2-768x768.webp 768w, https:\/\/www.mcallenflatware.com\/wp-content\/uploads\/2026\/03\/wholesale-modernist-flatware-geometric-square-handle-silverware-2-12x12.webp 12w, https:\/\/www.mcallenflatware.com\/wp-content\/uploads\/2026\/03\/wholesale-modernist-flatware-geometric-square-handle-silverware-2-1200x1200.webp 1200w, https:\/\/www.mcallenflatware.com\/wp-content\/uploads\/2026\/03\/wholesale-modernist-flatware-geometric-square-handle-silverware-2-600x600.webp 600w, https:\/\/www.mcallenflatware.com\/wp-content\/uploads\/2026\/03\/wholesale-modernist-flatware-geometric-square-handle-silverware-2-300x300.webp 300w, https:\/\/www.mcallenflatware.com\/wp-content\/uploads\/2026\/03\/wholesale-modernist-flatware-geometric-square-handle-silverware-2-100x100.webp 100w\" sizes=\"(max-width: 1600px) 100vw, 1600px\" \/><\/figure>\n<\/div><\/div>\n<\/div>\n\n\n\n<div class=\"wp-block-columns is-layout-flex wp-container-core-columns-is-layout-9d6595d7 wp-block-columns-is-layout-flex\">\n<div class=\"wp-block-column is-layout-flow wp-block-column-is-layout-flow\"><\/div>\n\n\n\n<div class=\"wp-block-column is-layout-flow wp-block-column-is-layout-flow\"><\/div>\n<\/div>","protected":false},"excerpt":{"rendered":"<p>Los cubiertos modernistas al por mayor cuentan con un moderno dise\u00f1o geom\u00e9trico de mango cuadrado con l\u00edneas limpias, un acabado pulido espejo, agarre ergon\u00f3mico y un pr\u00e1ctico juego de 5 piezas para escenas de comedor comercial. Mcallen suministro directo de f\u00e1brica. P\u00f3ngase en contacto con nosotros para soluciones al por mayor y personalizadas.<\/p>\n<h2>Atributos de la cuberter\u00eda modernista<\/h2>\n<p><strong>Marca:<\/strong> Mcallen<br \/><strong>Material:<\/strong> Acero inoxidable<br \/><strong>Color:<\/strong> Oro, Plata<br \/><strong>Dise\u00f1o:<\/strong> Dise\u00f1o martillado<br \/><strong>Plazo de entrega de la muestra:<\/strong> En 3 d\u00edas<br \/><strong>OEM\/ODM:<\/strong> Disponible<\/p>\n<h2>Cubiertos martillados personalizados:<\/h2>\n<p><strong>Acero inoxidable:<\/strong> Acero inoxidable 18\/10, 304, 316, 410, 430, 420<br \/><strong>Logotipo:<\/strong> Grabado por l\u00e1ser, serigraf\u00eda, impresi\u00f3n UV, impresi\u00f3n por transferencia t\u00e9rmica, gofrado, etc.<br \/><strong>Embalaje:<\/strong> 4\/8\/12\/16\/20\/24\/45\/48\/72pcs set<br \/><strong>Acabados superficiales:<\/strong> Pulido espejo, mate, pulido al agua, capa de titanio<br \/><strong>Embalaje:<\/strong> A granel, bolsa opp, caja de color, caja de regalo, personalizado<\/p>","protected":false},"featured_media":2915,"template":"","meta":[],"product_brand":[],"product_cat":[23,29],"product_tag":[],"class_list":{"0":"post-2906","1":"product","2":"type-product","3":"status-publish","4":"has-post-thumbnail","6":"product_cat-wholesale-flatware","7":"product_cat-bulk-flatware","9":"first","10":"instock","11":"shipping-taxable","12":"product-type-simple"},"_links":{"self":[{"href":"https:\/\/www.mcallenflatware.com\/es\/wp-json\/wp\/v2\/product\/2906","targetHints":{"allow":["GET"]}}],"collection":[{"href":"https:\/\/www.mcallenflatware.com\/es\/wp-json\/wp\/v2\/product"}],"about":[{"href":"https:\/\/www.mcallenflatware.com\/es\/wp-json\/wp\/v2\/types\/product"}],"wp:featuredmedia":[{"embeddable":true,"href":"https:\/\/www.mcallenflatware.com\/es\/wp-json\/wp\/v2\/media\/2915"}],"wp:attachment":[{"href":"https:\/\/www.mcallenflatware.com\/es\/wp-json\/wp\/v2\/media?parent=2906"}],"wp:term":[{"taxonomy":"product_brand","embeddable":true,"href":"https:\/\/www.mcallenflatware.com\/es\/wp-json\/wp\/v2\/product_brand?post=2906"},{"taxonomy":"product_cat","embeddable":true,"href":"https:\/\/www.mcallenflatware.com\/es\/wp-json\/wp\/v2\/product_cat?post=2906"},{"taxonomy":"product_tag","embeddable":true,"href":"https:\/\/www.mcallenflatware.com\/es\/wp-json\/wp\/v2\/product_tag?post=2906"}],"curies":[{"name":"wp","href":"https:\/\/api.w.org\/{rel}","templated":true}]}}