{"id":2936,"date":"2026-03-16T06:44:44","date_gmt":"2026-03-16T06:44:44","guid":{"rendered":"https:\/\/www.mcallenflatware.com\/?post_type=product&#038;p=2936"},"modified":"2026-03-16T07:15:32","modified_gmt":"2026-03-16T07:15:32","slug":"wholesale-vintage-flatware-set","status":"publish","type":"product","link":"https:\/\/www.mcallenflatware.com\/es\/product\/wholesale-vintage-flatware-set\/","title":{"rendered":"Mayorista Cubiertos Vintage Set Plata, Acero Inoxidable Cultery 5-Pieza Proveedor"},"content":{"rendered":"<div class=\"wp-block-columns is-layout-flex wp-container-core-columns-is-layout-9d6595d7 wp-block-columns-is-layout-flex\">\n<div class=\"wp-block-column is-layout-flow wp-block-column-is-layout-flow\">\n<h2 class=\"wp-block-heading\">Juego de Cubiertos Vintage Caracter\u00edsticas:<\/h2>\n\n\n\n<p><strong>Asa de dise\u00f1o vintage<\/strong>: El elegante mango de estilo romano ofrece un agarre c\u00f3modo y una est\u00e9tica cortesana atemporal, ideal para cenas de lujo, banquetes y hoteles.<\/p>\n\n\n\n<p><strong>Acero inoxidable de calidad alimentaria:<\/strong> Fabricado en acero inoxidable 304\/410, resistente a la oxidaci\u00f3n y apto para alimentos, con un acabado pulido a espejo para una limpieza f\u00e1cil y un brillo duradero.<\/p>\n\n\n\n<p><strong>Artesan\u00eda de precisi\u00f3n<\/strong>: Hojas de cuchillo dentadas para facilitar el corte, p\u00faas de tenedor lisas y cuencos de cuchara perfectamente curvados; las uniones sin juntas evitan la acumulaci\u00f3n de suciedad para mayor higiene.<\/p>\n\n\n\n<p><strong>Opciones del juego de 5 piezas<\/strong>: Incluye varios tama\u00f1os y utensilios de postre para cubrir todas las necesidades culinarias, disponibles en juegos de una o varias piezas para el hogar, bodas y venta al por mayor.<\/p>\n\n\n\n<p><strong>Estilo de lujo vers\u00e1til:<\/strong> El acabado plateado cl\u00e1sico complementa los ambientes de mesa elegantes, vintage o modernos, elevando la experiencia gastron\u00f3mica tanto como vajilla funcional como pieza decorativa.<\/p>\n<\/div>\n\n\n\n<div class=\"wp-block-column is-layout-flow wp-block-column-is-layout-flow\"><div class=\"wp-block-image\">\n<figure class=\"aligncenter size-full\"><img decoding=\"async\" width=\"800\" height=\"800\" src=\"https:\/\/www.mcallenflatware.com\/wp-content\/uploads\/2026\/03\/wholesale-vintage-flatware-set-stainless-steel.webp\" alt=\"mayorista juego de cubiertos vintage acero inoxidable\" class=\"wp-image-2941\" style=\"object-fit:cover\" srcset=\"https:\/\/www.mcallenflatware.com\/wp-content\/uploads\/2026\/03\/wholesale-vintage-flatware-set-stainless-steel.webp 800w, https:\/\/www.mcallenflatware.com\/wp-content\/uploads\/2026\/03\/wholesale-vintage-flatware-set-stainless-steel-150x150.webp 150w, https:\/\/www.mcallenflatware.com\/wp-content\/uploads\/2026\/03\/wholesale-vintage-flatware-set-stainless-steel-768x768.webp 768w, https:\/\/www.mcallenflatware.com\/wp-content\/uploads\/2026\/03\/wholesale-vintage-flatware-set-stainless-steel-12x12.webp 12w, https:\/\/www.mcallenflatware.com\/wp-content\/uploads\/2026\/03\/wholesale-vintage-flatware-set-stainless-steel-600x600.webp 600w, https:\/\/www.mcallenflatware.com\/wp-content\/uploads\/2026\/03\/wholesale-vintage-flatware-set-stainless-steel-300x300.webp 300w, https:\/\/www.mcallenflatware.com\/wp-content\/uploads\/2026\/03\/wholesale-vintage-flatware-set-stainless-steel-100x100.webp 100w\" sizes=\"(max-width: 800px) 100vw, 800px\" \/><\/figure>\n<\/div><\/div>\n<\/div>\n\n\n\n<div class=\"wp-block-columns is-layout-flex wp-container-core-columns-is-layout-9d6595d7 wp-block-columns-is-layout-flex\">\n<div class=\"wp-block-column is-layout-flow wp-block-column-is-layout-flow\"><\/div>\n\n\n\n<div class=\"wp-block-column is-layout-flow wp-block-column-is-layout-flow\"><\/div>\n<\/div>","protected":false},"excerpt":{"rendered":"<p>Juego de cubiertos vintage al por mayor con construcci\u00f3n de acero inoxidable de primera calidad y asas cl\u00e1sicas de estilo romano, ideal para compras al por mayor en restaurantes y eventos. Apoyar el servicio OEM \/ ODM. \u00a1P\u00f3ngase en contacto con nosotros ahora para precios competitivos y opciones de embalaje personalizado!<\/p>\n<h2>Juego de Cubiertos Vintage Atributos<\/h2>\n<p><strong>Marca:<\/strong> Mcallen<br \/><strong>Material:<\/strong> Acero inoxidable<br \/><strong>Color:<\/strong> Plata<br \/><strong>Dise\u00f1o:<\/strong> Dise\u00f1o martillado<br \/><strong>Plazo de entrega de la muestra:<\/strong> En 3 d\u00edas<br \/><strong>OEM\/ODM:<\/strong> Disponible<\/p>\n<h2>Cubiertos martillados personalizados:<\/h2>\n<p><strong>Acero inoxidable:<\/strong> Acero inoxidable 18\/10, 304, 316, 410, 430, 420<br \/><strong>Logotipo:<\/strong> Grabado por l\u00e1ser, serigraf\u00eda, impresi\u00f3n UV, impresi\u00f3n por transferencia t\u00e9rmica, gofrado, etc.<br \/><strong>Embalaje:<\/strong> 4\/8\/12\/16\/20\/24\/45\/48\/72pcs set<br \/><strong>Acabados superficiales:<\/strong> Pulido espejo, mate, pulido al agua, capa de titanio<br \/><strong>Embalaje:<\/strong> A granel, bolsa opp, caja de color, caja de regalo, personalizado<\/p>","protected":false},"featured_media":2943,"template":"","meta":[],"product_brand":[],"product_cat":[23,29],"product_tag":[],"class_list":{"0":"post-2936","1":"product","2":"type-product","3":"status-publish","4":"has-post-thumbnail","6":"product_cat-wholesale-flatware","7":"product_cat-bulk-flatware","9":"first","10":"instock","11":"shipping-taxable","12":"product-type-simple"},"_links":{"self":[{"href":"https:\/\/www.mcallenflatware.com\/es\/wp-json\/wp\/v2\/product\/2936","targetHints":{"allow":["GET"]}}],"collection":[{"href":"https:\/\/www.mcallenflatware.com\/es\/wp-json\/wp\/v2\/product"}],"about":[{"href":"https:\/\/www.mcallenflatware.com\/es\/wp-json\/wp\/v2\/types\/product"}],"wp:featuredmedia":[{"embeddable":true,"href":"https:\/\/www.mcallenflatware.com\/es\/wp-json\/wp\/v2\/media\/2943"}],"wp:attachment":[{"href":"https:\/\/www.mcallenflatware.com\/es\/wp-json\/wp\/v2\/media?parent=2936"}],"wp:term":[{"taxonomy":"product_brand","embeddable":true,"href":"https:\/\/www.mcallenflatware.com\/es\/wp-json\/wp\/v2\/product_brand?post=2936"},{"taxonomy":"product_cat","embeddable":true,"href":"https:\/\/www.mcallenflatware.com\/es\/wp-json\/wp\/v2\/product_cat?post=2936"},{"taxonomy":"product_tag","embeddable":true,"href":"https:\/\/www.mcallenflatware.com\/es\/wp-json\/wp\/v2\/product_tag?post=2936"}],"curies":[{"name":"wp","href":"https:\/\/api.w.org\/{rel}","templated":true}]}}