{"id":2944,"date":"2026-03-16T07:29:22","date_gmt":"2026-03-16T07:29:22","guid":{"rendered":"https:\/\/www.mcallenflatware.com\/?post_type=product&#038;p=2944"},"modified":"2026-03-16T08:18:53","modified_gmt":"2026-03-16T08:18:53","slug":"modern-flatware-set-wholesale","status":"publish","type":"product","link":"https:\/\/www.mcallenflatware.com\/es\/product\/modern-flatware-set-wholesale\/","title":{"rendered":"Juego de Cubiertos al por Mayor con Mango Pulido Espejo para Restaurante"},"content":{"rendered":"<div class=\"wp-block-columns is-layout-flex wp-container-core-columns-is-layout-9d6595d7 wp-block-columns-is-layout-flex\">\n<div class=\"wp-block-column is-layout-flow wp-block-column-is-layout-flow\">\n<h2 class=\"wp-block-heading\">Juego de Cubiertos Modernos Caracter\u00edsticas:<\/h2>\n\n\n\n<p><strong>Elegante dise\u00f1o de asa en forma de l\u00e1grima:<\/strong> Moderna forma aerodin\u00e1mica minimalista, elegante y vers\u00e1til para restaurantes, hoteles y eventos.<\/p>\n\n\n\n<p><strong>Artesan\u00eda de conformado de una pieza:<\/strong> Sin costuras, duradero y dif\u00edcil de romper, lo que garantiza un uso comercial duradero.<\/p>\n\n\n\n<p><strong>Empu\u00f1adura ergon\u00f3mica:<\/strong> Mango bien equilibrado para una sujeci\u00f3n estable, c\u00f3modo para el uso diario y prolongado.<\/p>\n\n\n\n<p><strong>Acero inoxidable de calidad alimentaria y pulido espejo<\/strong>: Resistente al \u00f3xido, acabado brillante, f\u00e1cil de limpiar y apto para lavavajillas.<\/p>\n\n\n\n<p><strong>Servicios de personalizaci\u00f3n:<\/strong> Mcallen admite la personalizaci\u00f3n OEM\/ODM, incluido el grabado del logotipo, la textura del asa, el tama\u00f1o y el grosor, el tratamiento de la superficie y el dise\u00f1o exclusivo del envase, para ayudarle a desarrollar productos que satisfagan las demandas del mercado.<\/p>\n<\/div>\n\n\n\n<div class=\"wp-block-column is-layout-flow wp-block-column-is-layout-flow\"><div class=\"wp-block-image\">\n<figure class=\"aligncenter size-full\"><img decoding=\"async\" width=\"800\" height=\"800\" src=\"https:\/\/www.mcallenflatware.com\/wp-content\/uploads\/2026\/03\/modern-flatware-set-wholesale-high-quality-cutlery-set-custom.webp\" alt=\"juego de cubiertos modernos al por mayor juego de cubiertos de alta calidad personalizados\" class=\"wp-image-2947\" style=\"object-fit:cover\" srcset=\"https:\/\/www.mcallenflatware.com\/wp-content\/uploads\/2026\/03\/modern-flatware-set-wholesale-high-quality-cutlery-set-custom.webp 800w, https:\/\/www.mcallenflatware.com\/wp-content\/uploads\/2026\/03\/modern-flatware-set-wholesale-high-quality-cutlery-set-custom-150x150.webp 150w, https:\/\/www.mcallenflatware.com\/wp-content\/uploads\/2026\/03\/modern-flatware-set-wholesale-high-quality-cutlery-set-custom-768x768.webp 768w, https:\/\/www.mcallenflatware.com\/wp-content\/uploads\/2026\/03\/modern-flatware-set-wholesale-high-quality-cutlery-set-custom-12x12.webp 12w, https:\/\/www.mcallenflatware.com\/wp-content\/uploads\/2026\/03\/modern-flatware-set-wholesale-high-quality-cutlery-set-custom-600x600.webp 600w, https:\/\/www.mcallenflatware.com\/wp-content\/uploads\/2026\/03\/modern-flatware-set-wholesale-high-quality-cutlery-set-custom-300x300.webp 300w, https:\/\/www.mcallenflatware.com\/wp-content\/uploads\/2026\/03\/modern-flatware-set-wholesale-high-quality-cutlery-set-custom-100x100.webp 100w\" sizes=\"(max-width: 800px) 100vw, 800px\" \/><\/figure>\n<\/div><\/div>\n<\/div>\n\n\n\n<div class=\"wp-block-columns is-layout-flex wp-container-core-columns-is-layout-9d6595d7 wp-block-columns-is-layout-flex\">\n<div class=\"wp-block-column is-layout-flow wp-block-column-is-layout-flow\"><\/div>\n\n\n\n<div class=\"wp-block-column is-layout-flow wp-block-column-is-layout-flow\"><\/div>\n<\/div>","protected":false},"excerpt":{"rendered":"<p>Mcallen moderno juego de cubiertos al por mayor cuenta con un mango elegante y sin fisuras de una sola pieza de construcci\u00f3n, pulido espejo. Perfecto para restaurantes, hoteles y banquetes. Opciones personalizadas OEM \/ ODM est\u00e1n disponibles. P\u00f3ngase en contacto con nosotros para precios al por mayor y detalles del producto.<\/p>\n<h2>Atributos del juego de cubiertos moderno<\/h2>\n<p><strong>Marca:<\/strong> Mcallen<br \/><strong>Material:<\/strong> Acero inoxidable<br \/><strong>Color:<\/strong> Oro, Plata<br \/><strong>Dise\u00f1o:<\/strong> Dise\u00f1o martillado<br \/><strong>Plazo de entrega de la muestra:<\/strong> En 3 d\u00edas<br \/><strong>OEM\/ODM:<\/strong> Disponible<\/p>\n<h2>Cubiertos martillados personalizados:<\/h2>\n<p><strong>Acero inoxidable:<\/strong> Acero inoxidable 18\/10, 304, 316, 410, 430, 420<br \/><strong>Logotipo:<\/strong> Grabado por l\u00e1ser, serigraf\u00eda, impresi\u00f3n UV, impresi\u00f3n por transferencia t\u00e9rmica, gofrado, etc.<br \/><strong>Embalaje:<\/strong> 4\/8\/12\/16\/20\/24\/45\/48\/72pcs set<br \/><strong>Acabados superficiales:<\/strong> Pulido espejo, mate, pulido al agua, capa de titanio<br \/><strong>Embalaje:<\/strong> A granel, bolsa opp, caja de color, caja de regalo, personalizado<\/p>","protected":false},"featured_media":2951,"template":"","meta":[],"product_brand":[],"product_cat":[23,29],"product_tag":[],"class_list":{"0":"post-2944","1":"product","2":"type-product","3":"status-publish","4":"has-post-thumbnail","6":"product_cat-wholesale-flatware","7":"product_cat-bulk-flatware","9":"first","10":"instock","11":"shipping-taxable","12":"product-type-simple"},"_links":{"self":[{"href":"https:\/\/www.mcallenflatware.com\/es\/wp-json\/wp\/v2\/product\/2944","targetHints":{"allow":["GET"]}}],"collection":[{"href":"https:\/\/www.mcallenflatware.com\/es\/wp-json\/wp\/v2\/product"}],"about":[{"href":"https:\/\/www.mcallenflatware.com\/es\/wp-json\/wp\/v2\/types\/product"}],"wp:featuredmedia":[{"embeddable":true,"href":"https:\/\/www.mcallenflatware.com\/es\/wp-json\/wp\/v2\/media\/2951"}],"wp:attachment":[{"href":"https:\/\/www.mcallenflatware.com\/es\/wp-json\/wp\/v2\/media?parent=2944"}],"wp:term":[{"taxonomy":"product_brand","embeddable":true,"href":"https:\/\/www.mcallenflatware.com\/es\/wp-json\/wp\/v2\/product_brand?post=2944"},{"taxonomy":"product_cat","embeddable":true,"href":"https:\/\/www.mcallenflatware.com\/es\/wp-json\/wp\/v2\/product_cat?post=2944"},{"taxonomy":"product_tag","embeddable":true,"href":"https:\/\/www.mcallenflatware.com\/es\/wp-json\/wp\/v2\/product_tag?post=2944"}],"curies":[{"name":"wp","href":"https:\/\/api.w.org\/{rel}","templated":true}]}}