{"id":3153,"date":"2026-05-11T08:47:44","date_gmt":"2026-05-11T08:47:44","guid":{"rendered":"https:\/\/www.mcallenflatware.com\/?post_type=product&#038;p=3153"},"modified":"2026-05-12T01:22:05","modified_gmt":"2026-05-12T01:22:05","slug":"wholesale-18-10-stainless-steel-flatware","status":"publish","type":"product","link":"https:\/\/www.mcallenflatware.com\/es\/product\/wholesale-18-10-stainless-steel-flatware\/","title":{"rendered":"Mayorista Cubiertos de Acero Inoxidable 18\/10, Cubiertos de Textura Trenzada Estilo Occidental Personalizados"},"content":{"rendered":"<div class=\"wp-block-columns is-layout-flex wp-container-core-columns-is-layout-9d6595d7 wp-block-columns-is-layout-flex\">\n<div class=\"wp-block-column is-layout-flow wp-block-column-is-layout-flow\">\n<h2 class=\"wp-block-heading\">Cubiertos de acero inoxidable 18\/10 Caracter\u00edsticas:<\/h2>\n\n\n\n<p><strong>Exclusivo dise\u00f1o de asa con textura tejida<\/strong>: La textura de precisi\u00f3n tejida con diamantes crea un aspecto de lujo vintage a la vez que mejora la comodidad de agarre. La superficie texturizada tambi\u00e9n ayuda a reducir las huellas dactilares visibles durante el uso diario.<\/p>\n\n\n\n<p><strong>Construcci\u00f3n de acero inoxidable 18\/10 de primera calidad<\/strong>: Fabricado en acero inoxidable de alta calidad apto para uso alimentario con una excelente resistencia a la corrosi\u00f3n y el \u00f3xido. La estructura engrosada del mango garantiza una larga durabilidad en entornos de lavavajillas comerciales.<\/p>\n\n\n\n<p><strong>Acabado premium pulido a espejo<\/strong>: M\u00faltiples procesos de pulido a mano crean un profundo brillo de espejo que realza la presentaci\u00f3n de una mesa de lujo. Mantiene un brillo duradero incluso con un uso frecuente.<\/p>\n\n\n\n<p><strong>Configuraci\u00f3n completa de cubiertos<\/strong>: Incluye cuchillos de mesa, tenedores, cucharas, utensilios de postre y cucharas agitadoras para aplicaciones gastron\u00f3micas vers\u00e1tiles. Ideal para hoteles, bodas, restaurantes y servicios de banquetes.<\/p>\n\n\n\n<p><strong>Cumplimiento mundial de la seguridad alimentaria<\/strong>: Cumple las normas de la FDA, la LFGB y la UE sobre contacto con alimentos, con estrictas pruebas de calidad y trazabilidad de materiales. Apoya la distribuci\u00f3n mayorista global y los proyectos de aprovisionamiento comercial.<\/p>\n<\/div>\n\n\n\n<div class=\"wp-block-column is-layout-flow wp-block-column-is-layout-flow\"><div class=\"wp-block-image\">\n<figure class=\"aligncenter size-full\"><img decoding=\"async\" width=\"800\" height=\"800\" src=\"https:\/\/www.mcallenflatware.com\/wp-content\/uploads\/2026\/05\/Wholesale-1810-Stainless-Steel-Flatware-Braided-Texture-Mirror-Polished-Cutlery-for-Hotels-Custom.webp\" alt=\"Mayorista 1810 Cubiertos de Acero Inoxidable, Textura Trenzada Espejo Pulido Cubiertos para Hoteles Personalizados\" class=\"wp-image-3158\" style=\"object-fit:cover\" srcset=\"https:\/\/www.mcallenflatware.com\/wp-content\/uploads\/2026\/05\/Wholesale-1810-Stainless-Steel-Flatware-Braided-Texture-Mirror-Polished-Cutlery-for-Hotels-Custom.webp 800w, https:\/\/www.mcallenflatware.com\/wp-content\/uploads\/2026\/05\/Wholesale-1810-Stainless-Steel-Flatware-Braided-Texture-Mirror-Polished-Cutlery-for-Hotels-Custom-150x150.webp 150w, https:\/\/www.mcallenflatware.com\/wp-content\/uploads\/2026\/05\/Wholesale-1810-Stainless-Steel-Flatware-Braided-Texture-Mirror-Polished-Cutlery-for-Hotels-Custom-768x768.webp 768w, https:\/\/www.mcallenflatware.com\/wp-content\/uploads\/2026\/05\/Wholesale-1810-Stainless-Steel-Flatware-Braided-Texture-Mirror-Polished-Cutlery-for-Hotels-Custom-12x12.webp 12w, https:\/\/www.mcallenflatware.com\/wp-content\/uploads\/2026\/05\/Wholesale-1810-Stainless-Steel-Flatware-Braided-Texture-Mirror-Polished-Cutlery-for-Hotels-Custom-600x600.webp 600w, https:\/\/www.mcallenflatware.com\/wp-content\/uploads\/2026\/05\/Wholesale-1810-Stainless-Steel-Flatware-Braided-Texture-Mirror-Polished-Cutlery-for-Hotels-Custom-300x300.webp 300w, https:\/\/www.mcallenflatware.com\/wp-content\/uploads\/2026\/05\/Wholesale-1810-Stainless-Steel-Flatware-Braided-Texture-Mirror-Polished-Cutlery-for-Hotels-Custom-100x100.webp 100w\" sizes=\"(max-width: 800px) 100vw, 800px\" \/><\/figure>\n<\/div><\/div>\n<\/div>\n\n\n\n<div class=\"wp-block-columns is-layout-flex wp-container-core-columns-is-layout-9d6595d7 wp-block-columns-is-layout-flex\">\n<div class=\"wp-block-column is-layout-flow wp-block-column-is-layout-flow\"><\/div>\n\n\n\n<div class=\"wp-block-column is-layout-flow wp-block-column-is-layout-flow\"><\/div>\n<\/div>","protected":false},"excerpt":{"rendered":"<p>Los cubiertos de acero inoxidable 18\/10 al por mayor ofrecen durabilidad comercial, un acabado pulido a espejo y elegantes mangos texturizados ideales para restaurantes, hoteles y proyectos de catering. El soporte OEM\/ODM directo de f\u00e1brica garantiza un suministro constante al por mayor. P\u00f3ngase en contacto con nosotros para obtener un presupuesto al por mayor.<\/p>\n<h2>Cubiertos de acero inoxidable 18\/10 Atributos<\/h2>\n<p><strong>Marca:<\/strong> Mcallen<br \/><strong>Material:<\/strong> Acero inoxidable<br \/><strong>Color:<\/strong> Oro, Plata<br \/><strong>Dise\u00f1o:<\/strong> Dise\u00f1o en relieve<br \/><strong>Plazo de entrega de la muestra:<\/strong> En 3 d\u00edas<br \/><strong>OEM\/ODM:<\/strong> Disponible<\/p>\n<h2>Cubiertos de acero inoxidable 18\/10 personalizados:<\/h2>\n<p><strong>Acero inoxidable:<\/strong> Acero inoxidable 18\/10, 304, 316, 410, 430, 420<br \/><strong>Logotipo:<\/strong> Grabado por l\u00e1ser, serigraf\u00eda, impresi\u00f3n UV, impresi\u00f3n por transferencia t\u00e9rmica, gofrado, etc.<br \/><strong>Embalaje:<\/strong> 4\/8\/12\/16\/20\/24\/45\/48\/72pcs set<br \/><strong>Acabados superficiales:<\/strong> Pulido espejo, mate, pulido al agua, capa de titanio<br \/><strong>Embalaje:<\/strong> A granel, bolsa opp, caja de color, caja de regalo, personalizado<\/p>","protected":false},"featured_media":3159,"template":"","meta":[],"product_brand":[],"product_cat":[23,29],"product_tag":[],"class_list":{"0":"post-3153","1":"product","2":"type-product","3":"status-publish","4":"has-post-thumbnail","6":"product_cat-wholesale-flatware","7":"product_cat-bulk-flatware","9":"first","10":"instock","11":"shipping-taxable","12":"product-type-simple"},"_links":{"self":[{"href":"https:\/\/www.mcallenflatware.com\/es\/wp-json\/wp\/v2\/product\/3153","targetHints":{"allow":["GET"]}}],"collection":[{"href":"https:\/\/www.mcallenflatware.com\/es\/wp-json\/wp\/v2\/product"}],"about":[{"href":"https:\/\/www.mcallenflatware.com\/es\/wp-json\/wp\/v2\/types\/product"}],"wp:featuredmedia":[{"embeddable":true,"href":"https:\/\/www.mcallenflatware.com\/es\/wp-json\/wp\/v2\/media\/3159"}],"wp:attachment":[{"href":"https:\/\/www.mcallenflatware.com\/es\/wp-json\/wp\/v2\/media?parent=3153"}],"wp:term":[{"taxonomy":"product_brand","embeddable":true,"href":"https:\/\/www.mcallenflatware.com\/es\/wp-json\/wp\/v2\/product_brand?post=3153"},{"taxonomy":"product_cat","embeddable":true,"href":"https:\/\/www.mcallenflatware.com\/es\/wp-json\/wp\/v2\/product_cat?post=3153"},{"taxonomy":"product_tag","embeddable":true,"href":"https:\/\/www.mcallenflatware.com\/es\/wp-json\/wp\/v2\/product_tag?post=3153"}],"curies":[{"name":"wp","href":"https:\/\/api.w.org\/{rel}","templated":true}]}}