{"id":618,"date":"2024-11-01T07:54:04","date_gmt":"2024-11-01T07:54:04","guid":{"rendered":"https:\/\/www.mcallenflatware.com\/?post_type=product&#038;p=618"},"modified":"2024-11-20T08:01:04","modified_gmt":"2024-11-20T08:01:04","slug":"wholesale-stainless-steel-flatware","status":"publish","type":"product","link":"https:\/\/www.mcallenflatware.com\/es\/product\/wholesale-stainless-steel-flatware\/","title":{"rendered":"Mayorista Cubiertos de Acero Inoxidable Oro Plata Juego de Cubiertos Cl\u00e1sico de 5 Piezas"},"content":{"rendered":"<h2 class=\"wp-block-heading\">Cubiertos de acero inoxidable Caracter\u00edsticas:<\/h2>\n\n\n\n<div class=\"wp-block-columns is-layout-flex wp-container-core-columns-is-layout-9d6595d7 wp-block-columns-is-layout-flex\">\n<div class=\"wp-block-column is-layout-flow wp-block-column-is-layout-flow\" style=\"flex-basis:66.66%\">\n<p><strong>Acero inoxidable de alta calidad<\/strong><br>Hecho de acero inoxidable de alta calidad (como 18\/10), m\u00e1s duradero y resistente al desgaste, el uso a largo plazo para mantener como nuevo<\/p>\n\n\n\n<p><strong>Precioso pulido<\/strong><br>La superficie de los cubiertos de acero inoxidable es pulida, lisa y brillante, lo que realza su belleza visual.<\/p>\n\n\n\n<p><strong>Dise\u00f1o cl\u00e1sico<\/strong><br>Los bordes de la Cuberter\u00eda de Acero Inoxidable son redondeados, sin esquinas afiladas, mostrando l\u00edneas cl\u00e1sicas y contornos elegantes, aptos para diversos servicios de mesa.<\/p>\n\n\n\n<p><strong>C\u00f3modo al tacto<\/strong><br>Cada juego de cubiertos est\u00e1 cuidadosamente dise\u00f1ado, es ergon\u00f3mico, ligero de usar y c\u00f3modo al tacto.<\/p>\n\n\n\n<p><strong>F\u00e1cil de limpiar y mantener<\/strong><br>Las caracter\u00edsticas del acero inoxidable lo hacen resistente a las altas temperaturas y se puede meter en el lavavajillas para limpiarlo f\u00e1cilmente.<\/p>\n\n\n\n<p><strong>M\u00faltiples opciones de color<\/strong><br>Ofrecemos dos colores cl\u00e1sicos, dorado y plateado, para satisfacer las necesidades est\u00e9ticas de los distintos consumidores. La vajilla dorada a\u00f1ade un ambiente magn\u00edfico al banquete, mientras que la plateada refleja sencillez y elegancia.<\/p>\n<\/div>\n\n\n\n<div class=\"wp-block-column is-layout-flow wp-block-column-is-layout-flow\" style=\"flex-basis:33.33%\">\n<figure class=\"wp-block-image size-full\"><img decoding=\"async\" width=\"786\" height=\"1056\" src=\"https:\/\/www.mcallenflatware.com\/wp-content\/uploads\/2024\/11\/Stainless-Steel-Flatware-wholesale-5.webp\" alt=\"Cubiertos de acero inoxidable al por mayor (5)\" class=\"wp-image-619\" srcset=\"https:\/\/www.mcallenflatware.com\/wp-content\/uploads\/2024\/11\/Stainless-Steel-Flatware-wholesale-5.webp 786w, https:\/\/www.mcallenflatware.com\/wp-content\/uploads\/2024\/11\/Stainless-Steel-Flatware-wholesale-5-768x1032.webp 768w, https:\/\/www.mcallenflatware.com\/wp-content\/uploads\/2024\/11\/Stainless-Steel-Flatware-wholesale-5-600x806.webp 600w\" sizes=\"(max-width: 786px) 100vw, 786px\" \/><\/figure>\n<\/div>\n<\/div>","protected":false},"excerpt":{"rendered":"<p>Los cubiertos de acero inoxidable personalizados y al por mayor pueden personalizarse en varios colores. Es duradera y ergon\u00f3mica. La superficie pulida brillante es un estilo cl\u00e1sico de venta caliente. Para el mejor descuento, por favor p\u00f3ngase en contacto con Mcallen Cubiertos Set Fabricante.<\/p>\n<h2>Atributos de los cubiertos de acero inoxidable<\/h2>\n<p><strong>Marca:<\/strong> Mcallen<br \/><strong>Material:<\/strong> Acero inoxidable<br \/><strong>Color:<\/strong> Oro, plata o personalizado<br \/><strong>Pulido:<\/strong> Pulido espejo<br \/><strong>Estilo de dise\u00f1o:<\/strong> Cl\u00e1sico, moderno<br \/><strong>Plazo de entrega de la muestra:<\/strong> En 3 d\u00edas<br \/><strong>OEM\/ODM:<\/strong> Disponible<\/p>\n<h2>Cubiertos de acero inoxidable personalizados:<\/h2>\n<p><strong>Acero inoxidable:<\/strong> Acero inoxidable 18\/10, 304, 316, 410, 430, 420<br \/><strong>Logotipo:<\/strong> Grabado por l\u00e1ser, serigraf\u00eda, impresi\u00f3n UV, impresi\u00f3n por transferencia t\u00e9rmica, gofrado, etc.<br \/><strong>Embalaje:<\/strong> 4\/8\/12\/16\/20\/24\/45\/48\/72pcs set<br \/><strong>Acabados superficiales:<\/strong> Pulido espejo, mate, pulido al agua, capa de titanio<br \/><strong>Embalaje:<\/strong> A granel, bolsa opp, caja de color, caja de regalo, personalizado<\/p>","protected":false},"featured_media":620,"template":"","meta":[],"product_brand":[],"product_cat":[23],"product_tag":[],"class_list":{"0":"post-618","1":"product","2":"type-product","3":"status-publish","4":"has-post-thumbnail","6":"product_cat-wholesale-flatware","8":"first","9":"instock","10":"shipping-taxable","11":"product-type-simple"},"_links":{"self":[{"href":"https:\/\/www.mcallenflatware.com\/es\/wp-json\/wp\/v2\/product\/618","targetHints":{"allow":["GET"]}}],"collection":[{"href":"https:\/\/www.mcallenflatware.com\/es\/wp-json\/wp\/v2\/product"}],"about":[{"href":"https:\/\/www.mcallenflatware.com\/es\/wp-json\/wp\/v2\/types\/product"}],"wp:featuredmedia":[{"embeddable":true,"href":"https:\/\/www.mcallenflatware.com\/es\/wp-json\/wp\/v2\/media\/620"}],"wp:attachment":[{"href":"https:\/\/www.mcallenflatware.com\/es\/wp-json\/wp\/v2\/media?parent=618"}],"wp:term":[{"taxonomy":"product_brand","embeddable":true,"href":"https:\/\/www.mcallenflatware.com\/es\/wp-json\/wp\/v2\/product_brand?post=618"},{"taxonomy":"product_cat","embeddable":true,"href":"https:\/\/www.mcallenflatware.com\/es\/wp-json\/wp\/v2\/product_cat?post=618"},{"taxonomy":"product_tag","embeddable":true,"href":"https:\/\/www.mcallenflatware.com\/es\/wp-json\/wp\/v2\/product_tag?post=618"}],"curies":[{"name":"wp","href":"https:\/\/api.w.org\/{rel}","templated":true}]}}