{"id":873,"date":"2024-11-11T09:10:11","date_gmt":"2024-11-11T09:10:11","guid":{"rendered":"https:\/\/www.mcallenflatware.com\/?post_type=product&#038;p=873"},"modified":"2024-11-12T18:20:57","modified_gmt":"2024-11-12T18:20:57","slug":"hammered-flatware-wholesale","status":"publish","type":"product","link":"https:\/\/www.mcallenflatware.com\/es\/product\/hammered-flatware-wholesale\/","title":{"rendered":"Cubiertos Martillados a Medida Acero Inoxidable Portugu\u00e9s"},"content":{"rendered":"<h2 class=\"wp-block-heading\">Cubiertos Martillados Caracter\u00edsticas:<\/h2>\n\n\n\n<div class=\"wp-block-columns is-layout-flex wp-container-core-columns-is-layout-9d6595d7 wp-block-columns-is-layout-flex\">\n<div class=\"wp-block-column is-layout-flow wp-block-column-is-layout-flow\" style=\"flex-basis:66.66%\">\n<p><strong>Materiales de alta calidad<\/strong><br>Nuestra cuberter\u00eda martillada pulida est\u00e1 fabricada en acero inoxidable de alta calidad. Son duraderos y resistentes a la corrosi\u00f3n, por lo que resultan perfectos para un uso frecuente en bodas, restaurantes e incluso en casa.<\/p>\n\n\n\n<p><strong>Dise\u00f1o \u00fanico martillado<\/strong><br>El exquisito acabado martillado y la textura de piedra, combinados con el pulido a espejo, confieren a la cuberter\u00eda de estilo portugu\u00e9s un lujoso dise\u00f1o que impresionar\u00e1 a sus invitados.<\/p>\n\n\n\n<p><strong>F\u00e1cil de limpiar, ecol\u00f3gicamente sostenible<\/strong><br>El dise\u00f1o de superficie lisa hace que estos cubiertos sean f\u00e1ciles de limpiar, respetuosos con el medio ambiente y reutilizables.<\/p>\n\n\n\n<p><strong>Opciones personalizadas<\/strong><br>Los pedidos OEM\/ODM son bienvenidos; tambi\u00e9n podemos permitir la impresi\u00f3n de logotipos personalizados, m\u00faltiples opciones de color y admitir la personalizaci\u00f3n personalizada.<\/p>\n<\/div>\n\n\n\n<div class=\"wp-block-column is-layout-flow wp-block-column-is-layout-flow\" style=\"flex-basis:33.33%\">\n<figure class=\"wp-block-image size-full\"><img decoding=\"async\" width=\"1024\" height=\"1024\" src=\"https:\/\/www.mcallenflatware.com\/wp-content\/uploads\/2024\/11\/Wholesale-Hammered-Flatware-3.webp\" alt=\"Mayorista Cubiertos Martillados 3\" class=\"wp-image-876\" srcset=\"https:\/\/www.mcallenflatware.com\/wp-content\/uploads\/2024\/11\/Wholesale-Hammered-Flatware-3.webp 1024w, https:\/\/www.mcallenflatware.com\/wp-content\/uploads\/2024\/11\/Wholesale-Hammered-Flatware-3-150x150.webp 150w, https:\/\/www.mcallenflatware.com\/wp-content\/uploads\/2024\/11\/Wholesale-Hammered-Flatware-3-768x768.webp 768w, https:\/\/www.mcallenflatware.com\/wp-content\/uploads\/2024\/11\/Wholesale-Hammered-Flatware-3-600x600.webp 600w, https:\/\/www.mcallenflatware.com\/wp-content\/uploads\/2024\/11\/Wholesale-Hammered-Flatware-3-300x300.webp 300w, https:\/\/www.mcallenflatware.com\/wp-content\/uploads\/2024\/11\/Wholesale-Hammered-Flatware-3-100x100.webp 100w\" sizes=\"(max-width: 1024px) 100vw, 1024px\" \/><\/figure>\n<\/div>\n<\/div>","protected":false},"excerpt":{"rendered":"<p>Cubiertos martillados personalizados al por mayor, juego de cubiertos de acero inoxidable estilo portugu\u00e9s, dise\u00f1o de mango de textura de piedra, pulido espejo, moderno y elegante. \u00a1Mcallen fabricante de cubiertos ofrece servicios personalizados rentables, bienvenidos a preguntar!<\/p>\n<h2>Atributos de la Cuberter\u00eda Martillada<\/h2>\n<p><strong>Marca:<\/strong> Mcallen<br \/><strong>Material:<\/strong> Acero inoxidable<br \/><strong>Color:<\/strong>\u00a0 Plata\/Oro rosa\/Oro\/negro o personalizado<br \/><strong>Pulido:<\/strong> Pulido espejo<br \/><strong>Estilo de dise\u00f1o:<\/strong>\u00a0 A la portuguesa<br \/><strong>Plazo de entrega de la muestra:<\/strong> En 3 d\u00edas<br \/><strong>OEM\/ODM:<\/strong> Disponible<\/p>\n<h2>Cubiertos de acero inoxidable personalizados:<\/h2>\n<p><strong>Acero inoxidable:<\/strong> Acero inoxidable 18\/10, 304, 316, 410, 430, 420<br \/><strong>Logotipo:<\/strong> Grabado por l\u00e1ser, serigraf\u00eda, impresi\u00f3n UV, impresi\u00f3n por transferencia t\u00e9rmica, gofrado, etc.<br \/><strong>Embalaje:<\/strong> 4\/8\/12\/16\/20\/24\/45\/48\/72pcs set<br \/><strong>Acabados superficiales:<\/strong> Pulido espejo, mate, pulido al agua, capa de titanio<br \/><strong>Embalaje:<\/strong> A granel, bolsa opp, caja de color, caja de regalo, personalizado<\/p>","protected":false},"featured_media":877,"template":"","meta":[],"product_brand":[],"product_cat":[23,29],"product_tag":[],"class_list":{"0":"post-873","1":"product","2":"type-product","3":"status-publish","4":"has-post-thumbnail","6":"product_cat-wholesale-flatware","7":"product_cat-bulk-flatware","9":"first","10":"instock","11":"shipping-taxable","12":"product-type-simple"},"_links":{"self":[{"href":"https:\/\/www.mcallenflatware.com\/es\/wp-json\/wp\/v2\/product\/873","targetHints":{"allow":["GET"]}}],"collection":[{"href":"https:\/\/www.mcallenflatware.com\/es\/wp-json\/wp\/v2\/product"}],"about":[{"href":"https:\/\/www.mcallenflatware.com\/es\/wp-json\/wp\/v2\/types\/product"}],"wp:featuredmedia":[{"embeddable":true,"href":"https:\/\/www.mcallenflatware.com\/es\/wp-json\/wp\/v2\/media\/877"}],"wp:attachment":[{"href":"https:\/\/www.mcallenflatware.com\/es\/wp-json\/wp\/v2\/media?parent=873"}],"wp:term":[{"taxonomy":"product_brand","embeddable":true,"href":"https:\/\/www.mcallenflatware.com\/es\/wp-json\/wp\/v2\/product_brand?post=873"},{"taxonomy":"product_cat","embeddable":true,"href":"https:\/\/www.mcallenflatware.com\/es\/wp-json\/wp\/v2\/product_cat?post=873"},{"taxonomy":"product_tag","embeddable":true,"href":"https:\/\/www.mcallenflatware.com\/es\/wp-json\/wp\/v2\/product_tag?post=873"}],"curies":[{"name":"wp","href":"https:\/\/api.w.org\/{rel}","templated":true}]}}