{"id":880,"date":"2025-09-24T10:29:25","date_gmt":"2025-09-24T10:29:25","guid":{"rendered":"https:\/\/www.mcallenflatware.com\/?post_type=product&#038;p=880"},"modified":"2025-09-24T10:29:25","modified_gmt":"2025-09-24T10:29:25","slug":"bulk-vintage-flatware","status":"publish","type":"product","link":"https:\/\/www.mcallenflatware.com\/es\/product\/bulk-vintage-flatware\/","title":{"rendered":"Cubiertos Vintage a Granel Acero Inoxidable Oro Plateado Lujo Estilo Real"},"content":{"rendered":"<h2 class=\"wp-block-heading\">Cubiertos Vintage Caracter\u00edsticas:<\/h2>\n\n\n\n<div class=\"wp-block-columns is-layout-flex wp-container-core-columns-is-layout-9d6595d7 wp-block-columns-is-layout-flex\">\n<div class=\"wp-block-column is-layout-flow wp-block-column-is-layout-flow\" style=\"flex-basis:66.66%\">\n<p><strong>Dise\u00f1o retro cl\u00e1sico<\/strong><br>Exclusivo dise\u00f1o de asa real, una fusi\u00f3n de estilo retro y lujosa modernidad, muy adecuado para ocasiones y banquetes de alto nivel.<\/p>\n\n\n\n<p><strong>Acero inoxidable de alta calidad<\/strong><br>Fabricado en acero inoxidable de alta calidad para uso alimentario, no es f\u00e1cil de corroer y es duradero, con acabado pulido a espejo, bonito y f\u00e1cil de limpiar.<\/p>\n\n\n\n<p><strong>Precioso dorado y plateado<\/strong><br>Disponible en oro, plata o ambos, magn\u00edfico y \u00fanico. Al mismo tiempo, el apoyo personalizado diferentes colores.<\/p>\n\n\n\n<p><strong>Realzar el sabor de la mesa<\/strong><br>Este juego de vajilla est\u00e1 hecho de materiales de alta calidad y bien dise\u00f1ado, adecuado para cualquier mesa, haciendo que la experiencia de comer sea m\u00e1s hermosa y aristocr\u00e1tica.<\/p>\n\n\n\n<p><strong>Salud y seguridad<\/strong><br>Utilizaci\u00f3n de materiales de acero inoxidable respetuosos con el medio ambiente y con la seguridad alimentaria para garantizar un uso seguro y saludable, apto para el contacto con todo tipo de alimentos.<\/p>\n<\/div>\n\n\n\n<div class=\"wp-block-column is-layout-flow wp-block-column-is-layout-flow\" style=\"flex-basis:33.33%\">\n<figure class=\"wp-block-image size-full\"><img decoding=\"async\" width=\"1000\" height=\"1000\" src=\"https:\/\/www.mcallenflatware.com\/wp-content\/uploads\/2024\/11\/Bulk-Vintage-Flatware-4.webp\" alt=\"Cubiertos Vintage a Granel 4\" class=\"wp-image-885\" srcset=\"https:\/\/www.mcallenflatware.com\/wp-content\/uploads\/2024\/11\/Bulk-Vintage-Flatware-4.webp 1000w, https:\/\/www.mcallenflatware.com\/wp-content\/uploads\/2024\/11\/Bulk-Vintage-Flatware-4-150x150.webp 150w, https:\/\/www.mcallenflatware.com\/wp-content\/uploads\/2024\/11\/Bulk-Vintage-Flatware-4-768x768.webp 768w, https:\/\/www.mcallenflatware.com\/wp-content\/uploads\/2024\/11\/Bulk-Vintage-Flatware-4-600x600.webp 600w, https:\/\/www.mcallenflatware.com\/wp-content\/uploads\/2024\/11\/Bulk-Vintage-Flatware-4-300x300.webp 300w, https:\/\/www.mcallenflatware.com\/wp-content\/uploads\/2024\/11\/Bulk-Vintage-Flatware-4-100x100.webp 100w\" sizes=\"(max-width: 1000px) 100vw, 1000px\" \/><\/figure>\n<\/div>\n<\/div>","protected":false},"excerpt":{"rendered":"<p>Cubiertos a granel de la vendimia de encargo tiene dise\u00f1o real lujoso de la manija, conveniente para los restaurantes de gama alta. \u00a1Mcallen fabricante ofrece el mejor descuento para pedidos al por mayor, recepci\u00f3n para consultarnos!<\/p>\n<h2>Atributos de la cuberter\u00eda vintage<\/h2>\n<p><strong>Marca:<\/strong> Mcallen<br \/><strong>Material:<\/strong> Acero inoxidable<br \/><strong>Color:<\/strong>\u00a0 Plata, oro o personalizado<br \/><strong>Pulido:<\/strong> Pulido espejo<br \/><strong>Estilo de dise\u00f1o:<\/strong> Lujo al estilo real<br \/><strong>Plazo de entrega de la muestra:<\/strong> En 3 d\u00edas<br \/><strong>OEM\/ODM:<\/strong> Disponible<\/p>\n<h2>Cubiertos de acero inoxidable personalizados:<\/h2>\n<p><strong>Acero inoxidable:<\/strong> Acero inoxidable 18\/10, 304, 316, 410, 430, 420<br \/><strong>Logotipo:<\/strong> Grabado por l\u00e1ser, serigraf\u00eda, impresi\u00f3n UV, impresi\u00f3n por transferencia t\u00e9rmica, gofrado, etc.<br \/><strong>Embalaje:<\/strong> 4\/8\/12\/16\/20\/24\/45\/48\/72pcs set<br \/><strong>Acabados superficiales:<\/strong> Pulido espejo, mate, pulido al agua, capa de titanio<br \/><strong>Embalaje:<\/strong> A granel, bolsa opp, caja de color, caja de regalo, personalizado<\/p>","protected":false},"featured_media":882,"template":"","meta":[],"product_brand":[],"product_cat":[23,29],"product_tag":[],"class_list":{"0":"post-880","1":"product","2":"type-product","3":"status-publish","4":"has-post-thumbnail","6":"product_cat-wholesale-flatware","7":"product_cat-bulk-flatware","9":"first","10":"instock","11":"shipping-taxable","12":"product-type-simple"},"_links":{"self":[{"href":"https:\/\/www.mcallenflatware.com\/es\/wp-json\/wp\/v2\/product\/880","targetHints":{"allow":["GET"]}}],"collection":[{"href":"https:\/\/www.mcallenflatware.com\/es\/wp-json\/wp\/v2\/product"}],"about":[{"href":"https:\/\/www.mcallenflatware.com\/es\/wp-json\/wp\/v2\/types\/product"}],"wp:featuredmedia":[{"embeddable":true,"href":"https:\/\/www.mcallenflatware.com\/es\/wp-json\/wp\/v2\/media\/882"}],"wp:attachment":[{"href":"https:\/\/www.mcallenflatware.com\/es\/wp-json\/wp\/v2\/media?parent=880"}],"wp:term":[{"taxonomy":"product_brand","embeddable":true,"href":"https:\/\/www.mcallenflatware.com\/es\/wp-json\/wp\/v2\/product_brand?post=880"},{"taxonomy":"product_cat","embeddable":true,"href":"https:\/\/www.mcallenflatware.com\/es\/wp-json\/wp\/v2\/product_cat?post=880"},{"taxonomy":"product_tag","embeddable":true,"href":"https:\/\/www.mcallenflatware.com\/es\/wp-json\/wp\/v2\/product_tag?post=880"}],"curies":[{"name":"wp","href":"https:\/\/api.w.org\/{rel}","templated":true}]}}