{"id":881,"date":"2024-11-12T07:27:45","date_gmt":"2024-11-12T07:27:45","guid":{"rendered":"https:\/\/www.mcallenflatware.com\/?post_type=product&#038;p=881"},"modified":"2024-11-12T07:31:13","modified_gmt":"2024-11-12T07:31:13","slug":"wholesale-kitchen-utensils-set","status":"publish","type":"product","link":"https:\/\/www.mcallenflatware.com\/es\/product\/wholesale-kitchen-utensils-set\/","title":{"rendered":"Mayorista Juego Utensilios Cocina Acero Inoxidable para Hogar Comercial"},"content":{"rendered":"<div class=\"wp-block-columns is-layout-flex wp-container-core-columns-is-layout-9d6595d7 wp-block-columns-is-layout-flex\">\n<div class=\"wp-block-column is-layout-flow wp-block-column-is-layout-flow\">\n<h2 class=\"wp-block-heading\"><strong>Utensilios de cocina completos 22 piezas<\/strong><\/h2>\n\n\n\n<div class=\"wp-block-columns is-layout-flex wp-container-core-columns-is-layout-9d6595d7 wp-block-columns-is-layout-flex\">\n<div class=\"wp-block-column is-layout-flow wp-block-column-is-layout-flow\">\n<ol class=\"wp-block-list\">\n<li>Espumadera redonda<\/li>\n\n\n\n<li>Pasapur\u00e9s<\/li>\n\n\n\n<li>Tenedor para carne<\/li>\n\n\n\n<li>Servidor de pasta<\/li>\n\n\n\n<li>Esp\u00e1tula ranurada<\/li>\n\n\n\n<li>Cazo sopero<\/li>\n\n\n\n<li>Pelador en Y<\/li>\n\n\n\n<li>Rallador<\/li>\n\n\n\n<li>Abrelatas<\/li>\n\n\n\n<li>Batidor de 9 pulgadas<\/li>\n\n\n\n<li>Mini batidor<\/li>\n<\/ol>\n<\/div>\n\n\n\n<div class=\"wp-block-column is-layout-flow wp-block-column-is-layout-flow\">\n<ol start=\"12\" class=\"wp-block-list\">\n<li>Prensa de ajos<\/li>\n\n\n\n<li>Rueda cortapastas<\/li>\n\n\n\n<li>Peladora<\/li>\n\n\n\n<li>Cuchara para helado<\/li>\n\n\n\n<li>Pinzas para cuencos y platos<\/li>\n\n\n\n<li>Abridor de botellas<\/li>\n\n\n\n<li>Cuchara de caf\u00e9 de 30 ml<\/li>\n\n\n\n<li>Cuchara de caf\u00e9 de 15 ml<\/li>\n\n\n\n<li>Cuchara para caf\u00e9 de 20 ml<\/li>\n\n\n\n<li>Juego de cucharas medidoras de 5 piezas<\/li>\n\n\n\n<li>Juego de cucharas medidoras de 4 piezas<\/li>\n<\/ol>\n<\/div>\n<\/div>\n<\/div>\n\n\n\n<div class=\"wp-block-column is-layout-flow wp-block-column-is-layout-flow\">\n<figure class=\"wp-block-image size-full\"><img decoding=\"async\" width=\"1000\" height=\"1000\" src=\"https:\/\/www.mcallenflatware.com\/wp-content\/uploads\/2024\/11\/Wholesale-Kitchen-Utensils-Set.webp\" alt=\"Mayorista Juego Utensilios Cocina\" class=\"wp-image-1020\" srcset=\"https:\/\/www.mcallenflatware.com\/wp-content\/uploads\/2024\/11\/Wholesale-Kitchen-Utensils-Set.webp 1000w, https:\/\/www.mcallenflatware.com\/wp-content\/uploads\/2024\/11\/Wholesale-Kitchen-Utensils-Set-150x150.webp 150w, https:\/\/www.mcallenflatware.com\/wp-content\/uploads\/2024\/11\/Wholesale-Kitchen-Utensils-Set-768x768.webp 768w, https:\/\/www.mcallenflatware.com\/wp-content\/uploads\/2024\/11\/Wholesale-Kitchen-Utensils-Set-600x600.webp 600w, https:\/\/www.mcallenflatware.com\/wp-content\/uploads\/2024\/11\/Wholesale-Kitchen-Utensils-Set-300x300.webp 300w, https:\/\/www.mcallenflatware.com\/wp-content\/uploads\/2024\/11\/Wholesale-Kitchen-Utensils-Set-100x100.webp 100w\" sizes=\"(max-width: 1000px) 100vw, 1000px\" \/><\/figure>\n<\/div>\n<\/div>\n\n\n\n<div class=\"wp-block-columns is-layout-flex wp-container-core-columns-is-layout-9d6595d7 wp-block-columns-is-layout-flex\">\n<div class=\"wp-block-column is-layout-flow wp-block-column-is-layout-flow\">\n<figure class=\"wp-block-image size-full\"><img decoding=\"async\" width=\"1000\" height=\"1000\" src=\"https:\/\/www.mcallenflatware.com\/wp-content\/uploads\/2024\/11\/Wholesale-Kitchen-Utensils-Set-.webp\" alt=\"Mayorista-Set de utensilios de cocina\" class=\"wp-image-889\" srcset=\"https:\/\/www.mcallenflatware.com\/wp-content\/uploads\/2024\/11\/Wholesale-Kitchen-Utensils-Set-.webp 1000w, https:\/\/www.mcallenflatware.com\/wp-content\/uploads\/2024\/11\/Wholesale-Kitchen-Utensils-Set--150x150.webp 150w, https:\/\/www.mcallenflatware.com\/wp-content\/uploads\/2024\/11\/Wholesale-Kitchen-Utensils-Set--768x768.webp 768w, https:\/\/www.mcallenflatware.com\/wp-content\/uploads\/2024\/11\/Wholesale-Kitchen-Utensils-Set--600x600.webp 600w, https:\/\/www.mcallenflatware.com\/wp-content\/uploads\/2024\/11\/Wholesale-Kitchen-Utensils-Set--300x300.webp 300w, https:\/\/www.mcallenflatware.com\/wp-content\/uploads\/2024\/11\/Wholesale-Kitchen-Utensils-Set--100x100.webp 100w\" sizes=\"(max-width: 1000px) 100vw, 1000px\" \/><\/figure>\n<\/div>\n\n\n\n<div class=\"wp-block-column is-layout-flow wp-block-column-is-layout-flow\">\n<h2 class=\"wp-block-heading\">Juego de utensilios de cocina Caracter\u00edsticas:<\/h2>\n\n\n\n<div class=\"wp-block-group is-nowrap is-layout-flex wp-container-core-group-is-layout-ad2f72ca wp-block-group-is-layout-flex\">\n<p><strong>Multifuncional y adecuado para cualquier ocasi\u00f3n<\/strong><br>Dispone de diversos utensilios de cocina para satisfacer distintas necesidades culinarias. Es adecuado para restaurantes, hoteles y otras industrias de catering, as\u00ed como para cocinas dom\u00e9sticas.<\/p>\n<\/div>\n\n\n\n<p><strong>Material duradero y resistente a altas temperaturas<\/strong><br>Fabricado en acero inoxidable de alta resistencia, es resistente a las altas temperaturas, a prueba de \u00f3xido, no se deforma f\u00e1cilmente y puede soportar un uso y una limpieza frecuentes.<\/p>\n\n\n\n<p><strong>Dise\u00f1o ergon\u00f3mico<\/strong><br>El dise\u00f1o del mango de acero es ergon\u00f3mico, c\u00f3modo de sujetar y reduce la fatiga producida por el uso prolongado.<\/p>\n\n\n\n<p><strong>F\u00e1cil de limpiar y mantener<\/strong><br>Las propiedades del acero inoxidable lo hacen resistente al calor y se puede limpiar f\u00e1cilmente en el lavavajillas.<\/p>\n<\/div>\n<\/div>","protected":false},"excerpt":{"rendered":"<p>Venta al por mayor juegos de utensilios de cocina de acero inoxidable, una variedad de utensilios de cocina, no t\u00f3xicos y duraderos, adecuados para uso comercial y dom\u00e9stico de cocina. \u00a1Fabricante de venta directa, proporcionar soluciones personalizadas rentables, bienvenidos a preguntar por la muestra gratis!<\/p>\n<h2>Juego de utensilios de cocina Atributos<\/h2>\n<p><strong>Marca:<\/strong> Mcallen<br \/><strong>Material:<\/strong> Acero inoxidable<br \/><strong>Tipo:<\/strong> Espumadera redonda, pasapur\u00e9s, tenedor para carne, servidor de pasta, cuchar\u00f3n para sopa, pelador, rallador, abrelatas, batidor, abrebotellas, cuchar\u00f3n para caf\u00e9, juego de cucharas medidoras<br \/><strong>Color:<\/strong> Oro, plata o personalizado<br \/><strong>Dise\u00f1o del asa:<\/strong> Mango de acero<br \/><strong>Plazo de entrega de la muestra:<\/strong> En 3 d\u00edas<br \/><strong>OEM\/ODM:<\/strong> Disponible<\/p>\n<h2>Juego de utensilios de cocina personalizados:<\/h2>\n<p><strong>Acero inoxidable:<\/strong>\u00a0Acero inoxidable 18\/10, 304, 316, 410, 430, 420<br \/><strong>Logotipo:<\/strong>\u00a0Grabado por l\u00e1ser, serigraf\u00eda, impresi\u00f3n UV, impresi\u00f3n por transferencia t\u00e9rmica, gofrado, etc.<br \/><strong>Acabados superficiales:<\/strong>\u00a0Pulido espejo, mate<br \/><b>Asa:<\/b>\u00a0Mangos de acero inoxidable, madera o silicona.<br \/><strong>Embalaje:<\/strong>\u00a0A granel, bolsa opp, caja de color, o personalizado<\/p>","protected":false},"featured_media":889,"template":"","meta":[],"product_brand":[],"product_cat":[24,33],"product_tag":[],"class_list":{"0":"post-881","1":"product","2":"type-product","3":"status-publish","4":"has-post-thumbnail","6":"product_cat-wholesale-kitchen-utensils","7":"product_cat-wholesale-cooking-utensils","9":"first","10":"instock","11":"shipping-taxable","12":"product-type-simple"},"_links":{"self":[{"href":"https:\/\/www.mcallenflatware.com\/es\/wp-json\/wp\/v2\/product\/881","targetHints":{"allow":["GET"]}}],"collection":[{"href":"https:\/\/www.mcallenflatware.com\/es\/wp-json\/wp\/v2\/product"}],"about":[{"href":"https:\/\/www.mcallenflatware.com\/es\/wp-json\/wp\/v2\/types\/product"}],"wp:featuredmedia":[{"embeddable":true,"href":"https:\/\/www.mcallenflatware.com\/es\/wp-json\/wp\/v2\/media\/889"}],"wp:attachment":[{"href":"https:\/\/www.mcallenflatware.com\/es\/wp-json\/wp\/v2\/media?parent=881"}],"wp:term":[{"taxonomy":"product_brand","embeddable":true,"href":"https:\/\/www.mcallenflatware.com\/es\/wp-json\/wp\/v2\/product_brand?post=881"},{"taxonomy":"product_cat","embeddable":true,"href":"https:\/\/www.mcallenflatware.com\/es\/wp-json\/wp\/v2\/product_cat?post=881"},{"taxonomy":"product_tag","embeddable":true,"href":"https:\/\/www.mcallenflatware.com\/es\/wp-json\/wp\/v2\/product_tag?post=881"}],"curies":[{"name":"wp","href":"https:\/\/api.w.org\/{rel}","templated":true}]}}