{"id":890,"date":"2025-09-24T10:29:25","date_gmt":"2025-09-24T10:29:25","guid":{"rendered":"https:\/\/www.mcallenflatware.com\/?post_type=product&#038;p=890"},"modified":"2025-09-24T10:31:20","modified_gmt":"2025-09-24T10:31:20","slug":"modern-flatware-wholesale","status":"publish","type":"product","link":"https:\/\/www.mcallenflatware.com\/es\/product\/modern-flatware-wholesale\/","title":{"rendered":"Mayorista Cubiertos Modernos Acero Inoxidable Mango Cuadrado"},"content":{"rendered":"<h2 class=\"wp-block-heading\">Cubiertos modernos Caracter\u00edsticas:<\/h2>\n\n\n\n<div class=\"wp-block-columns is-layout-flex wp-container-core-columns-is-layout-9d6595d7 wp-block-columns-is-layout-flex\">\n<div class=\"wp-block-column is-layout-flow wp-block-column-is-layout-flow\" style=\"flex-basis:66.66%\">\n<p><strong>Moderno dise\u00f1o de asa cuadrada<\/strong><br>Estilo minimalista moderno, las asas cuadradas son ergon\u00f3micas, m\u00e1s c\u00f3modas, estables y mejoran la experiencia gastron\u00f3mica. Adecuado para hogares modernos y restaurantes de alta gama.<\/p>\n\n\n\n<p><strong>Material de acero inoxidable de alta calidad<\/strong><br>Fabricada en acero inoxidable de alta calidad, tiene una gran resistencia para garantizar que la cuberter\u00eda sea brillante y duradera.<\/p>\n\n\n\n<p><strong>Varias opciones de color para personalizar<\/strong><br>Disponible en oro, plata, negro y oro rosa, y puede personalizarse con envoltorios, logotipos, etc.<\/p>\n\n\n\n<p><strong>F\u00e1cil de limpiar, apto para lavavajillas<\/strong><br>La superficie es lisa, resistente al desgaste y puede lavarse en el lavavajillas. Es muy c\u00f3modo para el uso diario y restaura r\u00e1pidamente un aspecto liso.<\/p>\n\n\n\n<p><strong>Descuentos por compras al por mayor<\/strong><br>Dise\u00f1ado para compras al por mayor, grandes cantidades pueden disfrutar de descuentos, y se puede utilizar para diversos eventos a gran escala con alta demanda, como catering, hoteles, banquetes de boda, etc.<\/p>\n<\/div>\n\n\n\n<div class=\"wp-block-column is-layout-flow wp-block-column-is-layout-flow\" style=\"flex-basis:33.33%\">\n<figure class=\"wp-block-image size-full\"><img decoding=\"async\" width=\"960\" height=\"960\" src=\"https:\/\/www.mcallenflatware.com\/wp-content\/uploads\/2024\/11\/Wholesale-Modern-Flatware-7.webp\" alt=\"Mayorista Cubiertos Modernos 7\" class=\"wp-image-897\" srcset=\"https:\/\/www.mcallenflatware.com\/wp-content\/uploads\/2024\/11\/Wholesale-Modern-Flatware-7.webp 960w, https:\/\/www.mcallenflatware.com\/wp-content\/uploads\/2024\/11\/Wholesale-Modern-Flatware-7-150x150.webp 150w, https:\/\/www.mcallenflatware.com\/wp-content\/uploads\/2024\/11\/Wholesale-Modern-Flatware-7-768x768.webp 768w, https:\/\/www.mcallenflatware.com\/wp-content\/uploads\/2024\/11\/Wholesale-Modern-Flatware-7-600x600.webp 600w, https:\/\/www.mcallenflatware.com\/wp-content\/uploads\/2024\/11\/Wholesale-Modern-Flatware-7-300x300.webp 300w, https:\/\/www.mcallenflatware.com\/wp-content\/uploads\/2024\/11\/Wholesale-Modern-Flatware-7-100x100.webp 100w\" sizes=\"(max-width: 960px) 100vw, 960px\" \/><\/figure>\n<\/div>\n<\/div>","protected":false},"excerpt":{"rendered":"<p>Cubiertos modernos al por mayor personalizados de acero inoxidable, el dise\u00f1o de mango cuadrado es elegante y c\u00f3modo, adecuado para restaurantes y grandes eventos. Amazon caliente juego de cubiertos de venta, ofrece precio de f\u00e1brica OEM y ODM personalizaci\u00f3n. \u00a1Bienvenido a preguntar!<\/p>\n<h2>Atributos de la cuberter\u00eda moderna<\/h2>\n<p><strong>Marca:<\/strong> Mcallen<br \/><strong>Material:<\/strong> Acero inoxidable<br \/><strong>Color:<\/strong> Plata, oro, oro rosa, negro o personalizado<br \/><strong>Pulido:<\/strong> Pulido espejo<br \/><strong>Dise\u00f1o:<\/strong>\u00a0 Asa cuadrada moderna<br \/><strong>Plazo de entrega de la muestra:<\/strong> En 3 d\u00edas<br \/><strong>OEM\/ODM:<\/strong> Disponible<\/p>\n<h2>Cubiertos de acero inoxidable personalizados:<\/h2>\n<p><strong>Acero inoxidable:<\/strong> Acero inoxidable 18\/10, 304, 316, 410, 430, 420<br \/><strong>Logotipo:<\/strong> Grabado por l\u00e1ser, serigraf\u00eda, impresi\u00f3n UV, impresi\u00f3n por transferencia t\u00e9rmica, gofrado, etc.<br \/><strong>Embalaje:<\/strong> 4\/8\/12\/16\/20\/24\/45\/48\/72pcs set<br \/><strong>Acabados superficiales:<\/strong> Pulido espejo, mate, pulido al agua, capa de titanio<br \/><strong>Embalaje:<\/strong> A granel, bolsa opp, caja de color, caja de regalo, personalizado<\/p>","protected":false},"featured_media":895,"template":"","meta":[],"product_brand":[],"product_cat":[23,29],"product_tag":[],"class_list":{"0":"post-890","1":"product","2":"type-product","3":"status-publish","4":"has-post-thumbnail","6":"product_cat-wholesale-flatware","7":"product_cat-bulk-flatware","9":"first","10":"instock","11":"shipping-taxable","12":"product-type-simple"},"_links":{"self":[{"href":"https:\/\/www.mcallenflatware.com\/es\/wp-json\/wp\/v2\/product\/890","targetHints":{"allow":["GET"]}}],"collection":[{"href":"https:\/\/www.mcallenflatware.com\/es\/wp-json\/wp\/v2\/product"}],"about":[{"href":"https:\/\/www.mcallenflatware.com\/es\/wp-json\/wp\/v2\/types\/product"}],"wp:featuredmedia":[{"embeddable":true,"href":"https:\/\/www.mcallenflatware.com\/es\/wp-json\/wp\/v2\/media\/895"}],"wp:attachment":[{"href":"https:\/\/www.mcallenflatware.com\/es\/wp-json\/wp\/v2\/media?parent=890"}],"wp:term":[{"taxonomy":"product_brand","embeddable":true,"href":"https:\/\/www.mcallenflatware.com\/es\/wp-json\/wp\/v2\/product_brand?post=890"},{"taxonomy":"product_cat","embeddable":true,"href":"https:\/\/www.mcallenflatware.com\/es\/wp-json\/wp\/v2\/product_cat?post=890"},{"taxonomy":"product_tag","embeddable":true,"href":"https:\/\/www.mcallenflatware.com\/es\/wp-json\/wp\/v2\/product_tag?post=890"}],"curies":[{"name":"wp","href":"https:\/\/api.w.org\/{rel}","templated":true}]}}