{"id":899,"date":"2024-11-12T09:16:44","date_gmt":"2024-11-12T09:16:44","guid":{"rendered":"https:\/\/www.mcallenflatware.com\/?post_type=product&#038;p=899"},"modified":"2024-11-12T09:16:45","modified_gmt":"2024-11-12T09:16:45","slug":"stainless-steel-cooking-utensils-custom","status":"publish","type":"product","link":"https:\/\/www.mcallenflatware.com\/es\/product\/stainless-steel-cooking-utensils-custom\/","title":{"rendered":"Custom utensilios de cocina de acero inoxidable mango de madera 7 PCs directo de f\u00e1brica"},"content":{"rendered":"<h2 class=\"wp-block-heading\">Utensilios de cocina de acero inoxidable Caracter\u00edsticas:<\/h2>\n\n\n\n<div class=\"wp-block-columns is-layout-flex wp-container-core-columns-is-layout-9d6595d7 wp-block-columns-is-layout-flex\">\n<div class=\"wp-block-column is-layout-flow wp-block-column-is-layout-flow\" style=\"flex-basis:66.66%\">\n<p><strong>Material de alta calidad<\/strong><br>Fabricado en acero inoxidable, inoxidable y duradero, capaz de soportar un uso y una limpieza frecuentes.<\/p>\n\n\n\n<p><strong>F\u00e1cil de limpiar y mantener<\/strong><br>Las propiedades del acero inoxidable lo hacen resistente al calor y se puede limpiar f\u00e1cilmente en el lavavajillas.<\/p>\n\n\n\n<p><strong>Set multifuncional<\/strong><br>El juego contiene 7 utensilios de cocina diferentes, que cubren una amplia gama de necesidades, desde la cocina b\u00e1sica hasta la alta cocina, como cuchar\u00f3n sopero, embudo, esp\u00e1tula para fre\u00edr, batidor, etc.<\/p>\n\n\n\n<p><strong>Ahorro de espacio<\/strong><br>Cada pieza de la bater\u00eda de cocina est\u00e1 dise\u00f1ada con orificios de almacenamiento en los extremos, c\u00f3modos para guardar contra la pared y de f\u00e1cil acceso, aprovechando al m\u00e1ximo el espacio vertical.<\/p>\n\n\n\n<p><strong>Asas de madera<\/strong><br>Empu\u00f1aduras ergon\u00f3micas para mayor comodidad y mangos antideslizantes para mayor seguridad.<\/p>\n\n\n\n<p><strong>Asequible<\/strong><br>Venta directa del fabricante de utensilios de cocina Mcallen, disfruta de los mejores descuentos para grandes pedidos personalizados al por mayor.<\/p>\n<\/div>\n\n\n\n<div class=\"wp-block-column is-layout-flow wp-block-column-is-layout-flow\" style=\"flex-basis:33.33%\">\n<figure class=\"wp-block-image size-full\"><img decoding=\"async\" width=\"800\" height=\"800\" src=\"https:\/\/www.mcallenflatware.com\/wp-content\/uploads\/2024\/11\/Custom-Cooking-Utensils-.webp\" alt=\"Utensilios de cocina a medida\" class=\"wp-image-915\" srcset=\"https:\/\/www.mcallenflatware.com\/wp-content\/uploads\/2024\/11\/Custom-Cooking-Utensils-.webp 800w, https:\/\/www.mcallenflatware.com\/wp-content\/uploads\/2024\/11\/Custom-Cooking-Utensils--150x150.webp 150w, https:\/\/www.mcallenflatware.com\/wp-content\/uploads\/2024\/11\/Custom-Cooking-Utensils--768x768.webp 768w, https:\/\/www.mcallenflatware.com\/wp-content\/uploads\/2024\/11\/Custom-Cooking-Utensils--600x600.webp 600w, https:\/\/www.mcallenflatware.com\/wp-content\/uploads\/2024\/11\/Custom-Cooking-Utensils--300x300.webp 300w, https:\/\/www.mcallenflatware.com\/wp-content\/uploads\/2024\/11\/Custom-Cooking-Utensils--100x100.webp 100w\" sizes=\"(max-width: 800px) 100vw, 800px\" \/><\/figure>\n<\/div>\n<\/div>","protected":false},"excerpt":{"rendered":"<p>Este juego de utensilios de cocina personalizados de 7 piezas est\u00e1 fabricado con material de acero inoxidable de alta calidad, duradero y resistente. Este juego de utensilios de cocina multifuncional incluye varias herramientas, como una esp\u00e1tula para fre\u00edr, un embudo, un cuchar\u00f3n para sopa, etc. Satisface sus diversas necesidades culinarias, lo que resulta ideal para empresas de catering y cocinas dom\u00e9sticas, y admite la personalizaci\u00f3n a granel.<\/p>\n<h2>Utensilios de cocina Atributos<\/h2>\n<p><strong>Marca:<\/strong> Mcallen<br \/><strong>Tipo de utensilio:<\/strong> esp\u00e1tulas para fre\u00edr, cucharas, cucharones, tenedores, etc.<br \/><strong>Material:<\/strong> Acero inoxidable<br \/><strong>Color:<\/strong> Oro, plata o personalizado<br \/><strong>Pulido:<\/strong> Pulido espejo<br \/><strong>Dise\u00f1o del asa:<\/strong> Mango de madera<br \/><strong>Plazo de entrega de la muestra:<\/strong> En 3 d\u00edas<br \/><strong>OEM\/ODM:<\/strong> Disponible<\/p>\n<h2>Utensilios de cocina a medida:<\/h2>\n<p><strong>Acero inoxidable:<\/strong>\u00a0Acero inoxidable 18\/10, 304, 316, 410, 430, 420<br \/><strong>Logotipo:<\/strong>\u00a0Grabado por l\u00e1ser, serigraf\u00eda, impresi\u00f3n UV, impresi\u00f3n por transferencia t\u00e9rmica, gofrado, etc.<br \/><strong>Acabados superficiales:<\/strong>\u00a0Pulido espejo, mate<br \/><b>Asa:<\/b>\u00a0Mangos de acero inoxidable, madera o silicona.<br \/><strong>Embalaje:<\/strong>\u00a0A granel, bolsa opp, caja de color, o personalizado<\/p>","protected":false},"featured_media":915,"template":"","meta":[],"product_brand":[],"product_cat":[24,33],"product_tag":[],"class_list":{"0":"post-899","1":"product","2":"type-product","3":"status-publish","4":"has-post-thumbnail","6":"product_cat-wholesale-kitchen-utensils","7":"product_cat-wholesale-cooking-utensils","9":"first","10":"instock","11":"shipping-taxable","12":"product-type-simple"},"_links":{"self":[{"href":"https:\/\/www.mcallenflatware.com\/es\/wp-json\/wp\/v2\/product\/899","targetHints":{"allow":["GET"]}}],"collection":[{"href":"https:\/\/www.mcallenflatware.com\/es\/wp-json\/wp\/v2\/product"}],"about":[{"href":"https:\/\/www.mcallenflatware.com\/es\/wp-json\/wp\/v2\/types\/product"}],"wp:featuredmedia":[{"embeddable":true,"href":"https:\/\/www.mcallenflatware.com\/es\/wp-json\/wp\/v2\/media\/915"}],"wp:attachment":[{"href":"https:\/\/www.mcallenflatware.com\/es\/wp-json\/wp\/v2\/media?parent=899"}],"wp:term":[{"taxonomy":"product_brand","embeddable":true,"href":"https:\/\/www.mcallenflatware.com\/es\/wp-json\/wp\/v2\/product_brand?post=899"},{"taxonomy":"product_cat","embeddable":true,"href":"https:\/\/www.mcallenflatware.com\/es\/wp-json\/wp\/v2\/product_cat?post=899"},{"taxonomy":"product_tag","embeddable":true,"href":"https:\/\/www.mcallenflatware.com\/es\/wp-json\/wp\/v2\/product_tag?post=899"}],"curies":[{"name":"wp","href":"https:\/\/api.w.org\/{rel}","templated":true}]}}