{"id":905,"date":"2024-11-11T10:47:44","date_gmt":"2024-11-11T10:47:44","guid":{"rendered":"https:\/\/www.mcallenflatware.com\/?post_type=product&#038;p=905"},"modified":"2025-11-24T04:11:11","modified_gmt":"2025-11-24T04:11:11","slug":"bulk-childrens-cutlery-set","status":"publish","type":"product","link":"https:\/\/www.mcallenflatware.com\/es\/product\/bulk-childrens-cutlery-set\/","title":{"rendered":"Juego de cubiertos infantiles a granel de acero inoxidable con mango de silicona y bloques de juguete"},"content":{"rendered":"<h2 class=\"wp-block-heading\">Juego de cubiertos para ni\u00f1os Caracter\u00edsticas:<\/h2>\n\n\n\n<div class=\"wp-block-columns is-layout-flex wp-container-core-columns-is-layout-9d6595d7 wp-block-columns-is-layout-flex\">\n<div class=\"wp-block-column is-layout-flow wp-block-column-is-layout-flow\" style=\"flex-basis:66.66%\">\n<p><strong>Bonita asa, dise\u00f1o apilable<\/strong><br>El mango est\u00e1 dise\u00f1ado con bloques de construcci\u00f3n, colores brillantes, y se puede apilar, lo que es conveniente para acampar.<br>Antideslizante y bonito, puede atraer la atenci\u00f3n de los ni\u00f1os y es uno de los estilos m\u00e1s populares.<\/p>\n\n\n\n<p><strong>Dise\u00f1o de bordes redondeados<\/strong><br>El cuchillo, el tenedor y la cuchara est\u00e1n dise\u00f1ados con bordes redondeados, sin aristas cortantes, para evitar que los ni\u00f1os se hagan da\u00f1o y garantizar la seguridad en las comidas.<\/p>\n\n\n\n<p><strong>Material sano y ecol\u00f3gico<\/strong><br>El material de alta calidad de acero inoxidable 304 es seguro para los ni\u00f1os, duradero y respetuoso con el medio ambiente.<\/p>\n\n\n\n<p><strong>F\u00e1cil de limpiar<br><\/strong>El tratamiento liso como un espejo de este acero inoxidable facilita la limpieza y es apto para lavadora<\/p>\n\n\n\n<p><strong>Servicio OEM\/ODM <\/strong><br>Damos la bienvenida a cualquier socio OEM\/ODM y personalizamos los productos seg\u00fan sus necesidades.<\/p>\n<\/div>\n\n\n\n<div class=\"wp-block-column is-layout-flow wp-block-column-is-layout-flow\" style=\"flex-basis:33.33%\">\n<figure class=\"wp-block-image size-full\"><img decoding=\"async\" width=\"1200\" height=\"1386\" src=\"https:\/\/www.mcallenflatware.com\/wp-content\/uploads\/2024\/11\/Bulk-Childrens-Cutlery-Set-6.webp\" alt=\"Juego de 6 cubiertos infantiles a granel\" class=\"wp-image-913\" srcset=\"https:\/\/www.mcallenflatware.com\/wp-content\/uploads\/2024\/11\/Bulk-Childrens-Cutlery-Set-6.webp 1200w, https:\/\/www.mcallenflatware.com\/wp-content\/uploads\/2024\/11\/Bulk-Childrens-Cutlery-Set-6-768x887.webp 768w, https:\/\/www.mcallenflatware.com\/wp-content\/uploads\/2024\/11\/Bulk-Childrens-Cutlery-Set-6-600x693.webp 600w\" sizes=\"(max-width: 1200px) 100vw, 1200px\" \/><\/figure>\n<\/div>\n<\/div>\n\n\n\n<p><\/p>","protected":false},"excerpt":{"rendered":"<p>Juego de cubiertos infantiles personalizados, con mango apilable en forma de bloque de construcci\u00f3n y caja de pc, adecuados para viajes de camping. Rico en colores y seguro en materiales, es una cuberter\u00eda infantil muy vendida. Le invitamos a solicitar un presupuesto sin compromiso.<\/p>\n<h2>Juego de cubiertos para ni\u00f1os Atributos<\/h2>\n<p><strong>Marca:<\/strong> Mcallen<br \/><strong>Material:<\/strong> Acero inoxidable<br \/><strong>Color:<\/strong> Plata, asa de colores<br \/><strong>Pulido:<\/strong> Pulido espejo<br \/><strong>Dise\u00f1o:<\/strong> Bonito asa para bloques de construcci\u00f3n<br \/><strong>Plazo de entrega de la muestra:<\/strong> En 3 d\u00edas<br \/><strong>OEM\/ODM:<\/strong> Disponible<\/p>\n<h2>Juego de cubiertos personalizados para ni\u00f1os:<\/h2>\n<p><strong>Acero inoxidable:<\/strong> Acero inoxidable 18\/10, 304, 316, 410, 430, 420<br \/><strong>Logotipo:<\/strong> Grabado por l\u00e1ser, serigraf\u00eda, impresi\u00f3n UV, impresi\u00f3n por transferencia t\u00e9rmica, gofrado, etc.<br \/><strong>Embalaje:<\/strong> 4\/8\/12\/16\/20\/24\/45\/48\/72pcs set<br \/><strong>Acabados superficiales:<\/strong> Pulido espejo, mate, pulido al agua, capa de titanio<br \/><strong>Embalaje:<\/strong> A granel, bolsa opp, caja de color, caja de regalo, personalizado<\/p>","protected":false},"featured_media":911,"template":"","meta":[],"product_brand":[],"product_cat":[23,28],"product_tag":[],"class_list":{"0":"post-905","1":"product","2":"type-product","3":"status-publish","4":"has-post-thumbnail","6":"product_cat-wholesale-flatware","7":"product_cat-childrens-cutlery-set-wholesale","9":"first","10":"instock","11":"shipping-taxable","12":"product-type-simple"},"_links":{"self":[{"href":"https:\/\/www.mcallenflatware.com\/es\/wp-json\/wp\/v2\/product\/905","targetHints":{"allow":["GET"]}}],"collection":[{"href":"https:\/\/www.mcallenflatware.com\/es\/wp-json\/wp\/v2\/product"}],"about":[{"href":"https:\/\/www.mcallenflatware.com\/es\/wp-json\/wp\/v2\/types\/product"}],"wp:featuredmedia":[{"embeddable":true,"href":"https:\/\/www.mcallenflatware.com\/es\/wp-json\/wp\/v2\/media\/911"}],"wp:attachment":[{"href":"https:\/\/www.mcallenflatware.com\/es\/wp-json\/wp\/v2\/media?parent=905"}],"wp:term":[{"taxonomy":"product_brand","embeddable":true,"href":"https:\/\/www.mcallenflatware.com\/es\/wp-json\/wp\/v2\/product_brand?post=905"},{"taxonomy":"product_cat","embeddable":true,"href":"https:\/\/www.mcallenflatware.com\/es\/wp-json\/wp\/v2\/product_cat?post=905"},{"taxonomy":"product_tag","embeddable":true,"href":"https:\/\/www.mcallenflatware.com\/es\/wp-json\/wp\/v2\/product_tag?post=905"}],"curies":[{"name":"wp","href":"https:\/\/api.w.org\/{rel}","templated":true}]}}