{"id":906,"date":"2024-11-12T04:14:27","date_gmt":"2024-11-12T04:14:27","guid":{"rendered":"https:\/\/www.mcallenflatware.com\/?post_type=product&#038;p=906"},"modified":"2024-11-12T04:14:27","modified_gmt":"2024-11-12T04:14:27","slug":"wholesale-cooking-utensils-set","status":"publish","type":"product","link":"https:\/\/www.mcallenflatware.com\/es\/product\/wholesale-cooking-utensils-set\/","title":{"rendered":"Mayorista Utensilios de Cocina Set Utensilios de Cocina Acero Inoxidable No T\u00f3xico"},"content":{"rendered":"<h2 class=\"wp-block-heading\">Juego de utensilios de cocina Caracter\u00edsticas:<\/h2>\n\n\n\n<div class=\"wp-block-columns is-layout-flex wp-container-core-columns-is-layout-9d6595d7 wp-block-columns-is-layout-flex\">\n<div class=\"wp-block-column is-layout-flow wp-block-column-is-layout-flow\" style=\"flex-basis:66.66%\">\n<p><strong>Acero inoxidable duradero<\/strong><br>Fabricado en acero inoxidable de alta calidad apto para uso alimentario, seguro y no t\u00f3xico, con una excelente resistencia al desgaste para un uso prolongado.<\/p>\n\n\n\n<p><strong>F\u00e1cil de limpiar<\/strong><br>Superficie lisa y pulida para utensilios de cocina, f\u00e1cil de limpiar, apta para lavavajillas.<\/p>\n\n\n\n<p><strong>Dise\u00f1o de anillo de almacenamiento final<\/strong><br>Cada utensilio de cocina est\u00e1 equipado con un orificio de almacenamiento en el extremo, que es conveniente para colgar en la pared para el almacenamiento y la mejora de la utilizaci\u00f3n del espacio de la cocina.<\/p>\n\n\n\n<p><strong>Asa antideslizante<\/strong><br>Mango de dise\u00f1o ergon\u00f3mico, c\u00f3modo y seguro de usar.<\/p>\n\n\n\n<p><strong>Elecci\u00f3n vers\u00e1til<\/strong><br>Mcallen ofrece varios tipos: esp\u00e1tulas, cucharas soperas, escurridores, esp\u00e1tulas macizas y perforadas, esp\u00e1tulas para sart\u00e9n, tenedores para pasta, batidores de huevos y tenedores. Admite la personalizaci\u00f3n a granel.<\/p>\n<\/div>\n\n\n\n<div class=\"wp-block-column is-layout-flow wp-block-column-is-layout-flow\" style=\"flex-basis:33.33%\">\n<figure class=\"wp-block-image size-full\"><img decoding=\"async\" width=\"800\" height=\"800\" src=\"https:\/\/www.mcallenflatware.com\/wp-content\/uploads\/2024\/11\/Wholesale-Cooking-Utensils.webp\" alt=\"Venta al por mayor de utensilios de cocina\" class=\"wp-image-907\" srcset=\"https:\/\/www.mcallenflatware.com\/wp-content\/uploads\/2024\/11\/Wholesale-Cooking-Utensils.webp 800w, https:\/\/www.mcallenflatware.com\/wp-content\/uploads\/2024\/11\/Wholesale-Cooking-Utensils-150x150.webp 150w, https:\/\/www.mcallenflatware.com\/wp-content\/uploads\/2024\/11\/Wholesale-Cooking-Utensils-768x768.webp 768w, https:\/\/www.mcallenflatware.com\/wp-content\/uploads\/2024\/11\/Wholesale-Cooking-Utensils-600x600.webp 600w, https:\/\/www.mcallenflatware.com\/wp-content\/uploads\/2024\/11\/Wholesale-Cooking-Utensils-300x300.webp 300w, https:\/\/www.mcallenflatware.com\/wp-content\/uploads\/2024\/11\/Wholesale-Cooking-Utensils-100x100.webp 100w\" sizes=\"(max-width: 800px) 100vw, 800px\" \/><\/figure>\n<\/div>\n<\/div>","protected":false},"excerpt":{"rendered":"<p>El juego de utensilios de cocina al por mayor Mcallen est\u00e1 fabricado con acero inoxidable de calidad alimentaria seleccionado, que es seguro, no t\u00f3xico y duradero. El juego incluye una variedad de utensilios como esp\u00e1tulas, escurridores, cucharas soperas, etc. para satisfacer diferentes necesidades culinarias. Es la mejor opci\u00f3n para las cocinas dom\u00e9sticas y el sector de la restauraci\u00f3n \u00a1para comprar al por mayor!<\/p>\n<h2>Juego de utensilios de cocina Atributos<\/h2>\n<p><strong>Marca:<\/strong> Mcallen<br \/><strong>Tipo de utensilio:<\/strong> esp\u00e1tulas, cucharas soperas, coladores, tenedores para pasta, etc.<br \/><strong>Material:<\/strong> Acero inoxidable<br \/><strong>Color:<\/strong> Oro, plata o personalizado<br \/><strong>Pulido:<\/strong> Pulido espejo, mate<br \/><strong>Dise\u00f1o del asa:<\/strong> Mango de acero antideslizante<br \/><strong>Plazo de entrega de la muestra:<\/strong> En 3 d\u00edas<br \/><strong>OEM\/ODM:<\/strong> Disponible<\/p>\n<h2>Juego de utensilios de cocina personalizados:<\/h2>\n<p><strong>Acero inoxidable:<\/strong> Acero inoxidable 18\/10, 304, 316, 410, 430, 420<br \/><strong>Logotipo:<\/strong> Grabado por l\u00e1ser, serigraf\u00eda, impresi\u00f3n UV, impresi\u00f3n por transferencia t\u00e9rmica, gofrado, etc.<br \/><strong>Acabados superficiales:<\/strong> Pulido espejo, mate<br \/><b>Asa:<\/b>\u00a0Mangos de acero inoxidable, madera o silicona.<br \/><strong>Embalaje:<\/strong> A granel, bolsa opp, caja de color, o personalizado<\/p>","protected":false},"featured_media":907,"template":"","meta":[],"product_brand":[],"product_cat":[24,33],"product_tag":[],"class_list":{"0":"post-906","1":"product","2":"type-product","3":"status-publish","4":"has-post-thumbnail","6":"product_cat-wholesale-kitchen-utensils","7":"product_cat-wholesale-cooking-utensils","9":"first","10":"instock","11":"shipping-taxable","12":"product-type-simple"},"_links":{"self":[{"href":"https:\/\/www.mcallenflatware.com\/es\/wp-json\/wp\/v2\/product\/906","targetHints":{"allow":["GET"]}}],"collection":[{"href":"https:\/\/www.mcallenflatware.com\/es\/wp-json\/wp\/v2\/product"}],"about":[{"href":"https:\/\/www.mcallenflatware.com\/es\/wp-json\/wp\/v2\/types\/product"}],"wp:featuredmedia":[{"embeddable":true,"href":"https:\/\/www.mcallenflatware.com\/es\/wp-json\/wp\/v2\/media\/907"}],"wp:attachment":[{"href":"https:\/\/www.mcallenflatware.com\/es\/wp-json\/wp\/v2\/media?parent=906"}],"wp:term":[{"taxonomy":"product_brand","embeddable":true,"href":"https:\/\/www.mcallenflatware.com\/es\/wp-json\/wp\/v2\/product_brand?post=906"},{"taxonomy":"product_cat","embeddable":true,"href":"https:\/\/www.mcallenflatware.com\/es\/wp-json\/wp\/v2\/product_cat?post=906"},{"taxonomy":"product_tag","embeddable":true,"href":"https:\/\/www.mcallenflatware.com\/es\/wp-json\/wp\/v2\/product_tag?post=906"}],"curies":[{"name":"wp","href":"https:\/\/api.w.org\/{rel}","templated":true}]}}