{"id":914,"date":"2024-11-12T03:03:42","date_gmt":"2024-11-12T03:03:42","guid":{"rendered":"https:\/\/www.mcallenflatware.com\/?post_type=product&#038;p=914"},"modified":"2025-11-24T04:10:15","modified_gmt":"2025-11-24T04:10:15","slug":"childrens-cutlery-wholesale","status":"publish","type":"product","link":"https:\/\/www.mcallenflatware.com\/es\/product\/childrens-cutlery-wholesale\/","title":{"rendered":"Mayorista Cubiertos Infantiles Acero Inoxidable con Bonito Mango"},"content":{"rendered":"<h2 class=\"wp-block-heading\">Cubiertos para ni\u00f1os Caracter\u00edsticas:<\/h2>\n\n\n\n<div class=\"wp-block-columns is-layout-flex wp-container-core-columns-is-layout-9d6595d7 wp-block-columns-is-layout-flex\">\n<div class=\"wp-block-column is-layout-flow wp-block-column-is-layout-flow\" style=\"flex-basis:66.66%\">\n<p><strong>Acero inoxidable no t\u00f3xico y respetuoso con el medio ambiente<\/strong><br>Fabricado en acero inoxidable de calidad alimentaria, seguro, no t\u00f3xico, resistente al desgaste, apto para ni\u00f1os<\/p>\n\n\n\n<p><strong>Dise\u00f1o seguro de bordes redondeados<\/strong><br>Todos los tenedores y cucharas est\u00e1n dise\u00f1ados con bordes redondeados para evitar ara\u00f1azos. Es m\u00e1s seguro de usar y est\u00e1 dise\u00f1ado para los ni\u00f1os.<\/p>\n\n\n\n<p><strong>Bonito dise\u00f1o<\/strong><br>El asa en forma de animal jirafa es colorida y gusta mucho a los ni\u00f1os, atrayendo la atenci\u00f3n del usuario.<\/p>\n\n\n\n<p><strong>Asa antideslizante<\/strong><br>El material utilizado para el mango es c\u00f3modo y f\u00e1cil de sujetar. Se adapta perfectamente a la peque\u00f1a palma de la mano del ni\u00f1o, es estable y ayuda a los ni\u00f1os a aprender a comer de forma independiente.<\/p>\n\n\n\n<p><strong>F\u00e1cil de limpiar<\/strong><br>El material de acero inoxidable a prueba de \u00f3xido es f\u00e1cil de limpiar y se puede meter en el lavavajillas.<\/p>\n\n\n\n<p><strong>Ligero y port\u00e1til<\/strong><br>Equipada con una pr\u00e1ctica caja, la vajilla es ligera y f\u00e1cil de transportar, adecuada para el hogar, la escuela y los comedores al aire libre.<\/p>\n<\/div>\n\n\n\n<div class=\"wp-block-column is-layout-flow wp-block-column-is-layout-flow\" style=\"flex-basis:33.33%\">\n<figure class=\"wp-block-image size-full\"><img decoding=\"async\" width=\"709\" height=\"812\" src=\"https:\/\/www.mcallenflatware.com\/wp-content\/uploads\/2024\/11\/Wholesale-Childrens-Cutlery-1.webp\" alt=\"Mayorista de Cubiertos para Ni\u00f1os 1\" class=\"wp-image-917\" srcset=\"https:\/\/www.mcallenflatware.com\/wp-content\/uploads\/2024\/11\/Wholesale-Childrens-Cutlery-1.webp 709w, https:\/\/www.mcallenflatware.com\/wp-content\/uploads\/2024\/11\/Wholesale-Childrens-Cutlery-1-600x687.webp 600w\" sizes=\"(max-width: 709px) 100vw, 709px\" \/><\/figure>\n<\/div>\n<\/div>\n\n\n\n<p><\/p>","protected":false},"excerpt":{"rendered":"<p>Esta cuberter\u00eda infantil al por mayor viene con un bonito dise\u00f1o de mango, que puede aumentar la diversi\u00f3n de las comidas de los ni\u00f1os. El dise\u00f1o de bordes redondeados y el mango antideslizante garantizan un uso seguro y c\u00f3modo. Es ligero y port\u00e1til, adecuado para el uso diario y para llevar a cabo, y es una opci\u00f3n ideal para la cena de los ni\u00f1os.<\/p>\n<h2>Cubiertos para ni\u00f1os Atributos<\/h2>\n<p><strong>Marca:<\/strong> Mcallen<br \/><strong>Material:<\/strong> Acero inoxidable<br \/><strong>Color:<\/strong> Plata, asa de color<br \/><strong>Pulido:<\/strong> Pulido espejo<br \/><strong>Dise\u00f1o<\/strong><strong>:<\/strong> Bonito, con asa en forma de animal<br \/><strong>Plazo de entrega de la muestra:<\/strong> En 3 d\u00edas<br \/><strong>OEM\/ODM:<\/strong> Disponible<\/p>\n<h2>Cubiertos infantiles personalizados:<\/h2>\n<p><strong>Acero inoxidable:<\/strong> Acero inoxidable 18\/10, 304, 316, 410, 430, 420<br \/><strong>Logotipo:<\/strong> Grabado por l\u00e1ser, serigraf\u00eda, impresi\u00f3n UV, impresi\u00f3n por transferencia t\u00e9rmica, gofrado, etc.<br \/><strong>Embalaje:<\/strong> 4\/8\/12\/16\/20\/24\/45\/48\/72pcs set<br \/><strong>Acabados superficiales:<\/strong> Pulido espejo, mate, pulido al agua, capa de titanio<br \/><strong>Embalaje:<\/strong> A granel, bolsa opp, caja de color, caja de regalo, personalizado<\/p>","protected":false},"featured_media":917,"template":"","meta":[],"product_brand":[],"product_cat":[23,28],"product_tag":[],"class_list":{"0":"post-914","1":"product","2":"type-product","3":"status-publish","4":"has-post-thumbnail","6":"product_cat-wholesale-flatware","7":"product_cat-childrens-cutlery-set-wholesale","9":"first","10":"instock","11":"shipping-taxable","12":"product-type-simple"},"_links":{"self":[{"href":"https:\/\/www.mcallenflatware.com\/es\/wp-json\/wp\/v2\/product\/914","targetHints":{"allow":["GET"]}}],"collection":[{"href":"https:\/\/www.mcallenflatware.com\/es\/wp-json\/wp\/v2\/product"}],"about":[{"href":"https:\/\/www.mcallenflatware.com\/es\/wp-json\/wp\/v2\/types\/product"}],"wp:featuredmedia":[{"embeddable":true,"href":"https:\/\/www.mcallenflatware.com\/es\/wp-json\/wp\/v2\/media\/917"}],"wp:attachment":[{"href":"https:\/\/www.mcallenflatware.com\/es\/wp-json\/wp\/v2\/media?parent=914"}],"wp:term":[{"taxonomy":"product_brand","embeddable":true,"href":"https:\/\/www.mcallenflatware.com\/es\/wp-json\/wp\/v2\/product_brand?post=914"},{"taxonomy":"product_cat","embeddable":true,"href":"https:\/\/www.mcallenflatware.com\/es\/wp-json\/wp\/v2\/product_cat?post=914"},{"taxonomy":"product_tag","embeddable":true,"href":"https:\/\/www.mcallenflatware.com\/es\/wp-json\/wp\/v2\/product_tag?post=914"}],"curies":[{"name":"wp","href":"https:\/\/api.w.org\/{rel}","templated":true}]}}