{"id":918,"date":"2024-11-12T09:52:26","date_gmt":"2024-11-12T09:52:26","guid":{"rendered":"https:\/\/www.mcallenflatware.com\/?post_type=product&#038;p=918"},"modified":"2024-11-12T09:52:28","modified_gmt":"2024-11-12T09:52:28","slug":"bulk-serving-utensils","status":"publish","type":"product","link":"https:\/\/www.mcallenflatware.com\/es\/product\/bulk-serving-utensils\/","title":{"rendered":"Utensilios para servir a granel Juego de 6 piezas de acero inoxidable Glod Colorido"},"content":{"rendered":"<h2 class=\"wp-block-heading\">Utensilios para servir Caracter\u00edsticas:<\/h2>\n\n\n\n<div class=\"wp-block-columns is-layout-flex wp-container-core-columns-is-layout-9d6595d7 wp-block-columns-is-layout-flex\">\n<div class=\"wp-block-column is-layout-flow wp-block-column-is-layout-flow\" style=\"flex-basis:66.66%\">\n<p><strong>Juego de 6 cubiertos para servir<\/strong><br>El juego incluye 1 esp\u00e1tula para tartas, 1 esp\u00e1tula ranurada, 1 cuchara para servir, 1 tenedor para embutidos, 1 cuchillo para mantequilla, 1 cuchar\u00f3n para sopa<\/p>\n\n\n\n<p><strong>Dise\u00f1o minimalista y elegante<\/strong><br>L\u00edneas sencillas y modernas, superficie pulida y brillante, adecuada para el uso diario.<\/p>\n\n\n\n<p><strong>Acero inoxidable de alta calidad<\/strong><br>Fabricado en acero inoxidable de calidad alimentaria, duradero y a prueba de \u00f3xido para garantizar un uso prolongado<\/p>\n\n\n\n<p><strong>Amplia gama de aplicaciones<\/strong><br>Tanto si se trata de una reuni\u00f3n familiar, una fiesta, una cafeter\u00eda o una cocina profesional, este set proporciona un uso eficiente.<\/p>\n\n\n\n<p><strong>F\u00e1cil de limpiar<\/strong><br>La superficie lisa es f\u00e1cil de limpiar y se puede meter directamente en el lavavajillas para una limpieza a fondo.<\/p>\n\n\n\n<p><strong>M\u00faltiples opciones de color<\/strong><br>Proporcionar oro popular, plata, oro rosa, galvanoplastia opciones de color rico, hermoso y conveniente para los usuarios a elegir de acuerdo a las preferencias personales o estilo de cocina.<\/p>\n<\/div>\n\n\n\n<div class=\"wp-block-column is-layout-flow wp-block-column-is-layout-flow\" style=\"flex-basis:33.33%\">\n<figure class=\"wp-block-image size-full\"><img decoding=\"async\" width=\"1335\" height=\"1432\" src=\"https:\/\/www.mcallenflatware.com\/wp-content\/uploads\/2024\/11\/Bulk-Serving-Utensils1-1.webp\" alt=\"Granel-Servicio-Utensilios1) (1)\" class=\"wp-image-920\" srcset=\"https:\/\/www.mcallenflatware.com\/wp-content\/uploads\/2024\/11\/Bulk-Serving-Utensils1-1.webp 1335w, https:\/\/www.mcallenflatware.com\/wp-content\/uploads\/2024\/11\/Bulk-Serving-Utensils1-1-768x824.webp 768w, https:\/\/www.mcallenflatware.com\/wp-content\/uploads\/2024\/11\/Bulk-Serving-Utensils1-1-1200x1287.webp 1200w, https:\/\/www.mcallenflatware.com\/wp-content\/uploads\/2024\/11\/Bulk-Serving-Utensils1-1-600x644.webp 600w\" sizes=\"(max-width: 1335px) 100vw, 1335px\" \/><\/figure>\n<\/div>\n<\/div>","protected":false},"excerpt":{"rendered":"<p>Los utensilios de acero inoxidable para servir incluyen 6 piezas b\u00e1sicas, adecuadas para tartas, quesos y postres. Disponible en una variedad de colores y opciones personalizadas. Venta directa de f\u00e1brica, admite compras al por mayor y servicios de comercio electr\u00f3nico de Amazon. Bienvenido a realizar consultas gratuitas.<\/p>\n<h2>Utensilios para servir Atributos<\/h2>\n<p><strong>Marca:<\/strong> Mcallen<br \/><strong>Material:<\/strong> Acero inoxidable<br \/><strong>Color:<\/strong> Oro, plata o personalizado<br \/><strong>Pulido:<\/strong> Pulido espejo<br \/><strong>Plazo de entrega de la muestra:<\/strong> En 3 d\u00edas<br \/><strong>OEM\/ODM:<\/strong> Disponible<\/p>\n<h2>Utensilios de servir personalizados:<\/h2>\n<p><strong>Acero inoxidable:<\/strong> Acero inoxidable 18\/10, 304, 316, 410, 430, 420<br \/><strong>Logotipo:<\/strong> Grabado por l\u00e1ser, serigraf\u00eda, impresi\u00f3n UV, impresi\u00f3n por transferencia t\u00e9rmica, gofrado, etc.<br \/><strong>Acabados superficiales:<\/strong> Pulido espejo, mate<br \/><strong>Embalaje:<\/strong> A granel, bolsa opp, caja de color, personalizado<\/p>","protected":false},"featured_media":923,"template":"","meta":[],"product_brand":[],"product_cat":[24,31],"product_tag":[],"class_list":{"0":"post-918","1":"product","2":"type-product","3":"status-publish","4":"has-post-thumbnail","6":"product_cat-wholesale-kitchen-utensils","7":"product_cat-wholesale-serving-utensils","9":"first","10":"instock","11":"shipping-taxable","12":"product-type-simple"},"_links":{"self":[{"href":"https:\/\/www.mcallenflatware.com\/es\/wp-json\/wp\/v2\/product\/918","targetHints":{"allow":["GET"]}}],"collection":[{"href":"https:\/\/www.mcallenflatware.com\/es\/wp-json\/wp\/v2\/product"}],"about":[{"href":"https:\/\/www.mcallenflatware.com\/es\/wp-json\/wp\/v2\/types\/product"}],"wp:featuredmedia":[{"embeddable":true,"href":"https:\/\/www.mcallenflatware.com\/es\/wp-json\/wp\/v2\/media\/923"}],"wp:attachment":[{"href":"https:\/\/www.mcallenflatware.com\/es\/wp-json\/wp\/v2\/media?parent=918"}],"wp:term":[{"taxonomy":"product_brand","embeddable":true,"href":"https:\/\/www.mcallenflatware.com\/es\/wp-json\/wp\/v2\/product_brand?post=918"},{"taxonomy":"product_cat","embeddable":true,"href":"https:\/\/www.mcallenflatware.com\/es\/wp-json\/wp\/v2\/product_cat?post=918"},{"taxonomy":"product_tag","embeddable":true,"href":"https:\/\/www.mcallenflatware.com\/es\/wp-json\/wp\/v2\/product_tag?post=918"}],"curies":[{"name":"wp","href":"https:\/\/api.w.org\/{rel}","templated":true}]}}