{"id":919,"date":"2024-11-11T11:09:53","date_gmt":"2024-11-11T11:09:53","guid":{"rendered":"https:\/\/www.mcallenflatware.com\/?post_type=product&#038;p=919"},"modified":"2024-11-12T18:23:46","modified_gmt":"2024-11-12T18:23:46","slug":"wholesale-flatware-sets-for-16","status":"publish","type":"product","link":"https:\/\/www.mcallenflatware.com\/es\/product\/wholesale-flatware-sets-for-16\/","title":{"rendered":"Venta al por mayor juegos de cubiertos para 16 de acero inoxidable con caja de la ventana de PC"},"content":{"rendered":"<h2 class=\"wp-block-heading\">Caracter\u00edsticas de los juegos de cubiertos para 16 :<\/h2>\n\n\n\n<div class=\"wp-block-columns is-layout-flex wp-container-core-columns-is-layout-9d6595d7 wp-block-columns-is-layout-flex\">\n<div class=\"wp-block-column is-layout-flow wp-block-column-is-layout-flow\" style=\"flex-basis:66.66%\">\n<p><strong>Acero inoxidable de alta calidad<\/strong><br>Fabricado en acero inoxidable de alta calidad, material duradero y ecol\u00f3gico, y certificado para la seguridad alimentaria, puede mantener su brillo y calidad durante mucho tiempo.<\/p>\n\n\n\n<p><strong>Dise\u00f1o cl\u00e1sico, agarre c\u00f3modo<\/strong><br>El dise\u00f1o es moderno y elegante, adecuado para diversas ocasiones o estilos de mesa.<\/p>\n\n\n\n<p><strong>Embalaje en caja de regalo personalizable<\/strong><br>Equipado con exquisita caja de embalaje conjunto, con ventana transparente PC, puede ver directamente la calidad del producto, adecuado para dar regalos y ventas. Proporcionar OEM y ODM de una parada de servicio personalizado conjunto de cubiertos.<\/p>\n<\/div>\n\n\n\n<div class=\"wp-block-column is-layout-flow wp-block-column-is-layout-flow\" style=\"flex-basis:33.33%\">\n<figure class=\"wp-block-image size-full\"><img decoding=\"async\" width=\"750\" height=\"750\" src=\"https:\/\/www.mcallenflatware.com\/wp-content\/uploads\/2024\/11\/Wholesale-Flatware-Sets-for-16-5.webp\" alt=\"Mayorista Juegos de Cubiertos para 16 5\" class=\"wp-image-929\" srcset=\"https:\/\/www.mcallenflatware.com\/wp-content\/uploads\/2024\/11\/Wholesale-Flatware-Sets-for-16-5.webp 750w, https:\/\/www.mcallenflatware.com\/wp-content\/uploads\/2024\/11\/Wholesale-Flatware-Sets-for-16-5-150x150.webp 150w, https:\/\/www.mcallenflatware.com\/wp-content\/uploads\/2024\/11\/Wholesale-Flatware-Sets-for-16-5-600x600.webp 600w, https:\/\/www.mcallenflatware.com\/wp-content\/uploads\/2024\/11\/Wholesale-Flatware-Sets-for-16-5-300x300.webp 300w, https:\/\/www.mcallenflatware.com\/wp-content\/uploads\/2024\/11\/Wholesale-Flatware-Sets-for-16-5-100x100.webp 100w\" sizes=\"(max-width: 750px) 100vw, 750px\" \/><\/figure>\n<\/div>\n<\/div>","protected":false},"excerpt":{"rendered":"<p><span style=\"font-size: 16px;\">Los juegos de cubiertos al por mayor para 16, fabricados con materiales de acero inoxidable, est\u00e1n disponibles con opciones personalizadas de logotipo, embalaje y color. Directo de f\u00e1brica, ofrecemos soluciones OEM rentables y apoyamos los servicios de comercio electr\u00f3nico de Amazon. \u00a1Mejor descuento para pedidos grandes, bienvenido a preguntar!<\/span><\/p>\n<h2>Atributos de los juegos de cubiertos para 16\u00a0<\/h2>\n<p><strong>Marca:<\/strong> Mcallen<br \/><strong>Material:<\/strong> Acero inoxidable<br \/><strong>Color:<\/strong>\u00a0 Plata\/oro\/oro rosa\/negro\/arco iris<br \/><strong>Pulido:<\/strong> Pulido espejo<br \/><strong>Estilo de dise\u00f1o:<\/strong> Cl\u00e1sico<br \/><strong>Plazo de entrega de la muestra:<\/strong> En 3 d\u00edas<br \/><strong>OEM\/ODM:<\/strong> Disponible<\/p>\n<h2>Juegos de cubiertos personalizados para 16:<\/h2>\n<p><strong>Acero inoxidable:<\/strong> Acero inoxidable 18\/10, 304, 316, 410, 430, 420<br \/><strong>Logotipo:<\/strong> Grabado por l\u00e1ser, serigraf\u00eda, impresi\u00f3n UV, impresi\u00f3n por transferencia t\u00e9rmica, gofrado, etc.<br \/><strong>Embalaje:<\/strong> 4\/8\/12\/16\/20\/24\/45\/48\/72pcs set<br \/><strong>Acabados superficiales:<\/strong> Pulido espejo, mate, pulido al agua, capa de titanio<br \/><strong>Embalaje:<\/strong> A granel, bolsa opp, caja de color, caja de regalo, personalizado<\/p>","protected":false},"featured_media":926,"template":"","meta":[],"product_brand":[],"product_cat":[23,30],"product_tag":[],"class_list":{"0":"post-919","1":"product","2":"type-product","3":"status-publish","4":"has-post-thumbnail","6":"product_cat-wholesale-flatware","7":"product_cat-custom-cutlery-gift-set","9":"first","10":"instock","11":"shipping-taxable","12":"product-type-simple"},"_links":{"self":[{"href":"https:\/\/www.mcallenflatware.com\/es\/wp-json\/wp\/v2\/product\/919","targetHints":{"allow":["GET"]}}],"collection":[{"href":"https:\/\/www.mcallenflatware.com\/es\/wp-json\/wp\/v2\/product"}],"about":[{"href":"https:\/\/www.mcallenflatware.com\/es\/wp-json\/wp\/v2\/types\/product"}],"wp:featuredmedia":[{"embeddable":true,"href":"https:\/\/www.mcallenflatware.com\/es\/wp-json\/wp\/v2\/media\/926"}],"wp:attachment":[{"href":"https:\/\/www.mcallenflatware.com\/es\/wp-json\/wp\/v2\/media?parent=919"}],"wp:term":[{"taxonomy":"product_brand","embeddable":true,"href":"https:\/\/www.mcallenflatware.com\/es\/wp-json\/wp\/v2\/product_brand?post=919"},{"taxonomy":"product_cat","embeddable":true,"href":"https:\/\/www.mcallenflatware.com\/es\/wp-json\/wp\/v2\/product_cat?post=919"},{"taxonomy":"product_tag","embeddable":true,"href":"https:\/\/www.mcallenflatware.com\/es\/wp-json\/wp\/v2\/product_tag?post=919"}],"curies":[{"name":"wp","href":"https:\/\/api.w.org\/{rel}","templated":true}]}}