{"id":924,"date":"2024-11-12T10:54:35","date_gmt":"2024-11-12T10:54:35","guid":{"rendered":"https:\/\/www.mcallenflatware.com\/?post_type=product&#038;p=924"},"modified":"2024-11-12T13:14:24","modified_gmt":"2024-11-12T13:14:24","slug":"custom-cake-server","status":"publish","type":"product","link":"https:\/\/www.mcallenflatware.com\/es\/product\/custom-cake-server\/","title":{"rendered":"Servidor de Tartas Personalizado para Boda Cumplea\u00f1os Cuchillo para Tartas y Juego de Servir"},"content":{"rendered":"<h2 class=\"wp-block-heading\">Cake Server Caracter\u00edsticas:<\/h2>\n\n\n\n<div class=\"wp-block-columns is-layout-flex wp-container-core-columns-is-layout-9d6595d7 wp-block-columns-is-layout-flex\">\n<div class=\"wp-block-column is-layout-flow wp-block-column-is-layout-flow\" style=\"flex-basis:66.66%\">\n<p><strong>Servidor de tartas minimalista y elegante<\/strong><br>Dise\u00f1o minimalista y elegante, incluye cuchillo para tartas y esp\u00e1tula para tartas, puede transferir sin problemas tartas de varios tama\u00f1os y tipos, adecuado para tartas, queso, pan, postres, etc.<\/p>\n\n\n\n<p><strong>Materiales de alta calidad<\/strong><br>Fabricado en acero inoxidable 304, robusto y duradero, a prueba de \u00f3xido y resistente a la corrosi\u00f3n, adecuado para un uso prolongado.<\/p>\n\n\n\n<p><strong>F\u00e1cil de limpiar<\/strong><br>Acabado liso para facilitar la limpieza, reduce los restos de manchas, apto para lavavajillas<\/p>\n\n\n\n<p><strong>C\u00f3modo agarre<\/strong><br>El mango es suave y agradable al tacto, lo que hace que cada pieza de cuberter\u00eda sea c\u00f3moda de sujetar.<\/p>\n\n\n\n<p><strong>Adecuado para m\u00faltiples ocasiones<\/strong><br>Especialmente indicado para bodas, cumplea\u00f1os, fiestas y otras ocasiones que requieran cortar y servir pasteles.<\/p>\n<\/div>\n\n\n\n<div class=\"wp-block-column is-layout-flow wp-block-column-is-layout-flow\" style=\"flex-basis:33.33%\">\n<figure class=\"wp-block-image size-full\"><img decoding=\"async\" width=\"800\" height=\"874\" src=\"https:\/\/www.mcallenflatware.com\/wp-content\/uploads\/2024\/11\/Wholesale-Cake-Serving-Set-1.webp\" alt=\"Juego de porciones de tarta para mayoristas (1)\" class=\"wp-image-931\" srcset=\"https:\/\/www.mcallenflatware.com\/wp-content\/uploads\/2024\/11\/Wholesale-Cake-Serving-Set-1.webp 800w, https:\/\/www.mcallenflatware.com\/wp-content\/uploads\/2024\/11\/Wholesale-Cake-Serving-Set-1-768x839.webp 768w, https:\/\/www.mcallenflatware.com\/wp-content\/uploads\/2024\/11\/Wholesale-Cake-Serving-Set-1-600x656.webp 600w\" sizes=\"(max-width: 800px) 100vw, 800px\" \/><\/figure>\n<\/div>\n<\/div>","protected":false},"excerpt":{"rendered":"<p>Dise\u00f1ado para cortar y servir tartas, este juego de dos piezas para servir tartas incluye un cuchillo para tartas y un servidor de tartas. Fabricado en acero inoxidable de alta calidad para garantizar su durabilidad y f\u00e1cil limpieza. Adecuado para bodas, banquetes y otras ocasiones, admite personalizaci\u00f3n y es apto para compras al por mayor.<\/p>\n<h2>Atributos del servidor de tartas<\/h2>\n<p><strong>Marca:<\/strong> Mcallen<br \/><strong>Material:<\/strong> Acero inoxidable<br \/><strong>Color:<\/strong> Oro, plata, negro, rosa o personalizado<br \/><strong>Pulido:<\/strong> Pulido espejo, mate<br \/><strong>Plazo de entrega de la muestra:<\/strong> En 3 d\u00edas<br \/><strong>OEM\/ODM:<\/strong> Disponible<\/p>\n<h2>Servidor de tartas personalizado:<\/h2>\n<p><strong>Acero inoxidable:<\/strong> Acero inoxidable 18\/10, 304, 316, 410, 430, 420<br \/><strong>Logotipo:<\/strong> Grabado por l\u00e1ser, serigraf\u00eda, impresi\u00f3n UV, impresi\u00f3n por transferencia t\u00e9rmica, gofrado, etc.<br \/><strong>Acabados superficiales:<\/strong> Pulido espejo, mate<br \/><strong>Embalaje:<\/strong> A granel, bolsa opp, caja de color, caja de regalo, personalizado<\/p>","protected":false},"featured_media":932,"template":"","meta":[],"product_brand":[],"product_cat":[24,31],"product_tag":[],"class_list":{"0":"post-924","1":"product","2":"type-product","3":"status-publish","4":"has-post-thumbnail","6":"product_cat-wholesale-kitchen-utensils","7":"product_cat-wholesale-serving-utensils","9":"first","10":"instock","11":"shipping-taxable","12":"product-type-simple"},"_links":{"self":[{"href":"https:\/\/www.mcallenflatware.com\/es\/wp-json\/wp\/v2\/product\/924","targetHints":{"allow":["GET"]}}],"collection":[{"href":"https:\/\/www.mcallenflatware.com\/es\/wp-json\/wp\/v2\/product"}],"about":[{"href":"https:\/\/www.mcallenflatware.com\/es\/wp-json\/wp\/v2\/types\/product"}],"wp:featuredmedia":[{"embeddable":true,"href":"https:\/\/www.mcallenflatware.com\/es\/wp-json\/wp\/v2\/media\/932"}],"wp:attachment":[{"href":"https:\/\/www.mcallenflatware.com\/es\/wp-json\/wp\/v2\/media?parent=924"}],"wp:term":[{"taxonomy":"product_brand","embeddable":true,"href":"https:\/\/www.mcallenflatware.com\/es\/wp-json\/wp\/v2\/product_brand?post=924"},{"taxonomy":"product_cat","embeddable":true,"href":"https:\/\/www.mcallenflatware.com\/es\/wp-json\/wp\/v2\/product_cat?post=924"},{"taxonomy":"product_tag","embeddable":true,"href":"https:\/\/www.mcallenflatware.com\/es\/wp-json\/wp\/v2\/product_tag?post=924"}],"curies":[{"name":"wp","href":"https:\/\/api.w.org\/{rel}","templated":true}]}}