{"id":930,"date":"2024-11-11T12:02:44","date_gmt":"2024-11-11T12:02:44","guid":{"rendered":"https:\/\/www.mcallenflatware.com\/?post_type=product&#038;p=930"},"modified":"2024-11-11T12:03:04","modified_gmt":"2024-11-11T12:03:04","slug":"bulk-20-pc-flatware-set","status":"publish","type":"product","link":"https:\/\/www.mcallenflatware.com\/es\/product\/bulk-20-pc-flatware-set\/","title":{"rendered":"Juego de 20 cubiertos de acero inoxidable Sliver Glod a granel"},"content":{"rendered":"<h2 class=\"wp-block-heading\">Caracter\u00edsticas del juego de cubiertos de 20 piezas:<\/h2>\n\n\n\n<div class=\"wp-block-columns is-layout-flex wp-container-core-columns-is-layout-9d6595d7 wp-block-columns-is-layout-flex\">\n<div class=\"wp-block-column is-layout-flow wp-block-column-is-layout-flow\" style=\"flex-basis:66.66%\">\n<p><strong>Juego completo de cubiertos<\/strong><br>Una variedad de juegos de cubiertos que incluye 4 cuchillos de cena, 4 tenedores de cena, 4 cucharas de comida, 4 cucharillas de t\u00e9 y 4 tenedores de t\u00e9 proporcionar\u00e1 las necesidades completas de juego de cubiertos para familias o fiestas.<\/p>\n\n\n\n<p><strong>Material de acero inoxidable duradero<\/strong><br>El material de acero inoxidable pulido es sano, seguro e inoxidable.<\/p>\n\n\n\n<p><strong>Embalaje colorido<\/strong><br>Suministramos cajas de pl\u00e1stico con logotipos y dise\u00f1os personalizados para crear productos atractivos.<\/p>\n\n\n\n<p><strong>Prestar servicios personalizados a los vendedores de comercio electr\u00f3nico<\/strong><br>Proporcionar servicios personalizados OEM y ODM para diferentes vendedores, incluidos Amazon, Lazada, Shopee, etc., para ayudar a los clientes a ampliar r\u00e1pidamente los servicios.<\/p>\n<\/div>\n\n\n\n<div class=\"wp-block-column is-layout-flow wp-block-column-is-layout-flow\" style=\"flex-basis:33.33%\">\n<figure class=\"wp-block-image size-full\"><img decoding=\"async\" width=\"800\" height=\"800\" src=\"https:\/\/www.mcallenflatware.com\/wp-content\/uploads\/2024\/11\/Bulk-20-PC-Flatware-Set-6.webp\" alt=\"Juego de Cubiertos a Granel de 20 Piezas 6\" class=\"wp-image-941\" srcset=\"https:\/\/www.mcallenflatware.com\/wp-content\/uploads\/2024\/11\/Bulk-20-PC-Flatware-Set-6.webp 800w, https:\/\/www.mcallenflatware.com\/wp-content\/uploads\/2024\/11\/Bulk-20-PC-Flatware-Set-6-150x150.webp 150w, https:\/\/www.mcallenflatware.com\/wp-content\/uploads\/2024\/11\/Bulk-20-PC-Flatware-Set-6-768x768.webp 768w, https:\/\/www.mcallenflatware.com\/wp-content\/uploads\/2024\/11\/Bulk-20-PC-Flatware-Set-6-600x600.webp 600w, https:\/\/www.mcallenflatware.com\/wp-content\/uploads\/2024\/11\/Bulk-20-PC-Flatware-Set-6-300x300.webp 300w, https:\/\/www.mcallenflatware.com\/wp-content\/uploads\/2024\/11\/Bulk-20-PC-Flatware-Set-6-100x100.webp 100w\" sizes=\"(max-width: 800px) 100vw, 800px\" \/><\/figure>\n<\/div>\n<\/div>","protected":false},"excerpt":{"rendered":"<p>Nuestro juego de cubiertos a granel de 20 piezas con caja, de acero inoxidable dorado y plateado, pulido y brillante, con cuchillo, tenedor, cuchara, cucharilla y cuchara peque\u00f1a, puede satisfacer diversas necesidades culinarias. Bienvenido a contactar con nosotros para m\u00e1s soluciones personalizadas rentables al por mayor.<\/p>\n<h2>Atributos del juego de cubiertos de 20 piezas\u00a0<\/h2>\n<p><strong>Marca:<\/strong> Mcallen<br \/><strong>Material:<\/strong> Acero inoxidable<br \/><strong>Color:<\/strong>\u00a0 Plata\/Oro\/Oro rosa\/Negro<br \/><strong>Pulido:<\/strong> Pulido espejo<br \/><strong>Tipo de Cubiertos:<\/strong>\u00a0 Cuchillos, tenedores, cucharas, cucharillas y tenedores de t\u00e9<br \/><strong>Plazo de entrega de la muestra:<\/strong> En 3 d\u00edas<br \/><strong>OEM\/ODM:<\/strong> Disponible<\/p>\n<h2>Juego de Cubiertos de 20 Piezas Personalizado:<\/h2>\n<p><strong>Acero inoxidable:<\/strong> Acero inoxidable 18\/10, 304, 316, 410, 430, 420<br \/><strong>Logotipo:<\/strong> Grabado por l\u00e1ser, serigraf\u00eda, impresi\u00f3n UV, impresi\u00f3n por transferencia t\u00e9rmica, gofrado, etc.<br \/><strong>Embalaje:<\/strong> 4\/8\/12\/16\/20\/24\/45\/48\/72pcs set<br \/><strong>Acabados superficiales:<\/strong> Pulido espejo, mate, pulido al agua, capa de titanio<br \/><strong>Embalaje:<\/strong> A granel, bolsa opp, caja de color, caja de regalo, personalizado<\/p>","protected":false},"featured_media":940,"template":"","meta":[],"product_brand":[],"product_cat":[23,30],"product_tag":[],"class_list":{"0":"post-930","1":"product","2":"type-product","3":"status-publish","4":"has-post-thumbnail","6":"product_cat-wholesale-flatware","7":"product_cat-custom-cutlery-gift-set","9":"first","10":"instock","11":"shipping-taxable","12":"product-type-simple"},"_links":{"self":[{"href":"https:\/\/www.mcallenflatware.com\/es\/wp-json\/wp\/v2\/product\/930","targetHints":{"allow":["GET"]}}],"collection":[{"href":"https:\/\/www.mcallenflatware.com\/es\/wp-json\/wp\/v2\/product"}],"about":[{"href":"https:\/\/www.mcallenflatware.com\/es\/wp-json\/wp\/v2\/types\/product"}],"wp:featuredmedia":[{"embeddable":true,"href":"https:\/\/www.mcallenflatware.com\/es\/wp-json\/wp\/v2\/media\/940"}],"wp:attachment":[{"href":"https:\/\/www.mcallenflatware.com\/es\/wp-json\/wp\/v2\/media?parent=930"}],"wp:term":[{"taxonomy":"product_brand","embeddable":true,"href":"https:\/\/www.mcallenflatware.com\/es\/wp-json\/wp\/v2\/product_brand?post=930"},{"taxonomy":"product_cat","embeddable":true,"href":"https:\/\/www.mcallenflatware.com\/es\/wp-json\/wp\/v2\/product_cat?post=930"},{"taxonomy":"product_tag","embeddable":true,"href":"https:\/\/www.mcallenflatware.com\/es\/wp-json\/wp\/v2\/product_tag?post=930"}],"curies":[{"name":"wp","href":"https:\/\/api.w.org\/{rel}","templated":true}]}}