{"id":942,"date":"2025-09-24T09:28:27","date_gmt":"2025-09-24T09:28:27","guid":{"rendered":"https:\/\/www.mcallenflatware.com\/?post_type=product&#038;p=942"},"modified":"2025-09-24T10:35:10","modified_gmt":"2025-09-24T10:35:10","slug":"bulk-cutlery-set-for-24","status":"publish","type":"product","link":"https:\/\/www.mcallenflatware.com\/es\/product\/bulk-cutlery-set-for-24\/","title":{"rendered":"Juego de Cubiertos de Lujo Personalizado para 24 PC de Acero Inoxidable con Maleta"},"content":{"rendered":"<h2 class=\"wp-block-heading\"> Caracter\u00edsticas del juego de cubiertos para 24:<\/h2>\n\n\n\n<div class=\"wp-block-columns is-layout-flex wp-container-core-columns-is-layout-9d6595d7 wp-block-columns-is-layout-flex\">\n<div class=\"wp-block-column is-layout-flow wp-block-column-is-layout-flow\" style=\"flex-basis:66.66%\">\n<p><strong>El juego de cubiertos de 24 piezas incluye<\/strong><br>6 cuchillos de mesa<br>6 tenedores<br>6 cucharas<br>6 cucharaditas<br>1 caja de regalo de madera dorada<\/p>\n\n\n\n<p><strong>Material sano de acero inoxidable<\/strong><br>Acero inoxidable 18\/10 de la m\u00e1s alta calidad, con muy buena resistencia a la corrosi\u00f3n, apto para lavavajillas.<\/p>\n\n\n\n<p><strong>Exquisita caja de regalo de madera<\/strong><br>Equipado con una caja de regalo de mano dorada, de alta gama y lujosa, es una opci\u00f3n ideal para regalos de boda<\/p>\n\n\n\n<p><strong>Servicios personalizados OEM y ODM<\/strong><br>El juego de cubiertos puede combinarse seg\u00fan las necesidades reales, y hay disponibles logotipos personalizados, embalajes, colores y otras opciones de elegancia para ocasiones especiales.<\/p>\n<\/div>\n\n\n\n<div class=\"wp-block-column is-layout-flow wp-block-column-is-layout-flow\" style=\"flex-basis:33.33%\">\n<figure class=\"wp-block-image size-full\"><img decoding=\"async\" width=\"800\" height=\"800\" src=\"https:\/\/www.mcallenflatware.com\/wp-content\/uploads\/2024\/11\/Bulk-24-PC-Cutlery-Set-1.webp\" alt=\"Juego de cubiertos a granel de 24 piezas 1\" class=\"wp-image-953\" srcset=\"https:\/\/www.mcallenflatware.com\/wp-content\/uploads\/2024\/11\/Bulk-24-PC-Cutlery-Set-1.webp 800w, https:\/\/www.mcallenflatware.com\/wp-content\/uploads\/2024\/11\/Bulk-24-PC-Cutlery-Set-1-150x150.webp 150w, https:\/\/www.mcallenflatware.com\/wp-content\/uploads\/2024\/11\/Bulk-24-PC-Cutlery-Set-1-768x768.webp 768w, https:\/\/www.mcallenflatware.com\/wp-content\/uploads\/2024\/11\/Bulk-24-PC-Cutlery-Set-1-600x600.webp 600w, https:\/\/www.mcallenflatware.com\/wp-content\/uploads\/2024\/11\/Bulk-24-PC-Cutlery-Set-1-300x300.webp 300w, https:\/\/www.mcallenflatware.com\/wp-content\/uploads\/2024\/11\/Bulk-24-PC-Cutlery-Set-1-100x100.webp 100w\" sizes=\"(max-width: 800px) 100vw, 800px\" \/><\/figure>\n<\/div>\n<\/div>","protected":false},"excerpt":{"rendered":"<p>Cubiertos de acero inoxidable personalizado 24 piezas con caja de madera de lujo, adecuado para regalos de boda. Precio de f\u00e1brica de alta calidad al por mayor soluci\u00f3n de Mcallen fabricante. \u00a1P\u00f3ngase en contacto con nosotros para una cotizaci\u00f3n!<\/p>\n<h2>Atributos del juego de cubiertos para 24<\/h2>\n<p><strong>Marca:<\/strong> Mcallen<br \/><strong>Material:<\/strong> Acero inoxidable<br \/><strong>Color:<\/strong> Plata\/Oro\/Oro rosa\/Colorido\/Negro<br \/><strong>Pulido:<\/strong> Pulido espejo<br \/><strong>Embalaje:<\/strong> 24 piezas con caja port\u00e1til de madera dorada<br \/><strong>Plazo de entrega de la muestra:<\/strong> En 3 d\u00edas<br \/><strong>OEM\/ODM:<\/strong> Disponible<\/p>\n<h2>Juego de cubiertos personalizado para 24:<\/h2>\n<p><strong>Acero inoxidable:<\/strong> Acero inoxidable 18\/10, 304, 316, 410, 430, 420<br \/><strong>Logotipo:<\/strong> Grabado por l\u00e1ser, serigraf\u00eda, impresi\u00f3n UV, impresi\u00f3n por transferencia t\u00e9rmica, gofrado, etc.<br \/><strong>Embalaje:<\/strong> 4\/8\/12\/16\/20\/24\/45\/48\/72pcs set<br \/><strong>Acabados superficiales:<\/strong> Pulido espejo, mate, pulido al agua, capa de titanio<br \/><strong>Embalaje:<\/strong> A granel, bolsa opp, caja de color, caja de regalo, personalizado<\/p>","protected":false},"featured_media":956,"template":"","meta":[],"product_brand":[],"product_cat":[23,30],"product_tag":[],"class_list":{"0":"post-942","1":"product","2":"type-product","3":"status-publish","4":"has-post-thumbnail","6":"product_cat-wholesale-flatware","7":"product_cat-custom-cutlery-gift-set","9":"first","10":"instock","11":"shipping-taxable","12":"product-type-simple"},"_links":{"self":[{"href":"https:\/\/www.mcallenflatware.com\/es\/wp-json\/wp\/v2\/product\/942","targetHints":{"allow":["GET"]}}],"collection":[{"href":"https:\/\/www.mcallenflatware.com\/es\/wp-json\/wp\/v2\/product"}],"about":[{"href":"https:\/\/www.mcallenflatware.com\/es\/wp-json\/wp\/v2\/types\/product"}],"wp:featuredmedia":[{"embeddable":true,"href":"https:\/\/www.mcallenflatware.com\/es\/wp-json\/wp\/v2\/media\/956"}],"wp:attachment":[{"href":"https:\/\/www.mcallenflatware.com\/es\/wp-json\/wp\/v2\/media?parent=942"}],"wp:term":[{"taxonomy":"product_brand","embeddable":true,"href":"https:\/\/www.mcallenflatware.com\/es\/wp-json\/wp\/v2\/product_brand?post=942"},{"taxonomy":"product_cat","embeddable":true,"href":"https:\/\/www.mcallenflatware.com\/es\/wp-json\/wp\/v2\/product_cat?post=942"},{"taxonomy":"product_tag","embeddable":true,"href":"https:\/\/www.mcallenflatware.com\/es\/wp-json\/wp\/v2\/product_tag?post=942"}],"curies":[{"name":"wp","href":"https:\/\/api.w.org\/{rel}","templated":true}]}}