{"id":958,"date":"2024-11-11T12:54:37","date_gmt":"2024-11-11T12:54:37","guid":{"rendered":"https:\/\/www.mcallenflatware.com\/?post_type=product&#038;p=958"},"modified":"2024-11-11T12:54:38","modified_gmt":"2024-11-11T12:54:38","slug":"48-piece-cutlery-set-wholesale","status":"publish","type":"product","link":"https:\/\/www.mcallenflatware.com\/es\/product\/48-piece-cutlery-set-wholesale\/","title":{"rendered":"Mayorista Juego de 48 cubiertos de acero inoxidable con caja"},"content":{"rendered":"<h2 class=\"wp-block-heading\">Caracter\u00edsticas del juego de cubiertos de 48 piezas :<\/h2>\n\n\n\n<div class=\"wp-block-columns is-layout-flex wp-container-core-columns-is-layout-9d6595d7 wp-block-columns-is-layout-flex\">\n<div class=\"wp-block-column is-layout-flow wp-block-column-is-layout-flow\" style=\"flex-basis:66.66%\">\n<p><strong>Necesidades de las grandes reuniones<\/strong><br>Equipado con diferentes vajillas, incluidos cuchillos, tenedores, cucharas, etc., para satisfacer las necesidades de reuniones familiares, cumplea\u00f1os, bodas y banquetes festivos.<\/p>\n\n\n\n<p><strong>Exquisito embalaje en caja de regalo<\/strong><br>Con el embalaje en caja de regalo, puede personalizar el patr\u00f3n de color del logotipo para crear productos de marca.<\/p>\n\n\n\n<p><strong>Cuberter\u00eda elegante y c\u00f3moda<br><\/strong>Superficie brillante pulida, cuberter\u00eda moderna y sencilla, asas de dise\u00f1o ergon\u00f3mico y<strong> <\/strong>c\u00f3modo agarre, mejoran la experiencia gastron\u00f3mica.<\/p>\n<\/div>\n\n\n\n<div class=\"wp-block-column is-layout-flow wp-block-column-is-layout-flow\" style=\"flex-basis:33.33%\">\n<figure class=\"wp-block-image size-full\"><img decoding=\"async\" width=\"1200\" height=\"1200\" src=\"https:\/\/www.mcallenflatware.com\/wp-content\/uploads\/2024\/11\/Bulk-48-Piece-Cutlery-Set-1.webp\" alt=\"Juego de cubiertos a granel de 48 piezas 1\" class=\"wp-image-961\" srcset=\"https:\/\/www.mcallenflatware.com\/wp-content\/uploads\/2024\/11\/Bulk-48-Piece-Cutlery-Set-1.webp 1200w, https:\/\/www.mcallenflatware.com\/wp-content\/uploads\/2024\/11\/Bulk-48-Piece-Cutlery-Set-1-150x150.webp 150w, https:\/\/www.mcallenflatware.com\/wp-content\/uploads\/2024\/11\/Bulk-48-Piece-Cutlery-Set-1-768x768.webp 768w, https:\/\/www.mcallenflatware.com\/wp-content\/uploads\/2024\/11\/Bulk-48-Piece-Cutlery-Set-1-600x600.webp 600w, https:\/\/www.mcallenflatware.com\/wp-content\/uploads\/2024\/11\/Bulk-48-Piece-Cutlery-Set-1-300x300.webp 300w, https:\/\/www.mcallenflatware.com\/wp-content\/uploads\/2024\/11\/Bulk-48-Piece-Cutlery-Set-1-100x100.webp 100w\" sizes=\"(max-width: 1200px) 100vw, 1200px\" \/><\/figure>\n<\/div>\n<\/div>","protected":false},"excerpt":{"rendered":"<p>Juego de cubiertos de 48 piezas al por mayor, logotipo, color y tama\u00f1o personalizables. El juego de cubiertos est\u00e1 hecho de acero inoxidable, lujoso y duradero, con embalaje de caja de regalo, adecuado para fiestas, regalos de boda, etc. \u00a1Mejor descuento para grandes cantidades, bienvenido a preguntar en cualquier momento!<\/p>\n<h2>Atributos del juego de cubiertos de 48 piezas\u00a0<\/h2>\n<p><strong>Marca:<\/strong> Mcallen<br \/><strong>Material:<\/strong> Acero inoxidable<br \/><strong>Color:<\/strong> Plata\/Oro<br \/><strong>Pulido:<\/strong> Pulido espejo<br \/><strong>Dise\u00f1o:<\/strong> Morden, 48 piezas con caja de colores<br \/><strong>Plazo de entrega de la muestra:<\/strong> En 3 d\u00edas<br \/><strong>OEM\/ODM:<\/strong> Disponible<\/p>\n<h2>Cubiertos de acero inoxidable personalizados:<\/h2>\n<p><strong>Acero inoxidable:<\/strong> Acero inoxidable 18\/10, 304, 316, 410, 430, 420<br \/><strong>Logotipo:<\/strong> Grabado por l\u00e1ser, serigraf\u00eda, impresi\u00f3n UV, impresi\u00f3n por transferencia t\u00e9rmica, gofrado, etc.<br \/><strong>Embalaje:<\/strong> 4\/8\/12\/16\/20\/24\/45\/48\/72pcs set<br \/><strong>Acabados superficiales:<\/strong> Pulido espejo, mate, pulido al agua, capa de titanio<br \/><strong>Embalaje:<\/strong> A granel, bolsa opp, caja de color, caja de regalo, personalizado<\/p>","protected":false},"featured_media":962,"template":"","meta":[],"product_brand":[],"product_cat":[23,30],"product_tag":[],"class_list":{"0":"post-958","1":"product","2":"type-product","3":"status-publish","4":"has-post-thumbnail","6":"product_cat-wholesale-flatware","7":"product_cat-custom-cutlery-gift-set","9":"first","10":"instock","11":"shipping-taxable","12":"product-type-simple"},"_links":{"self":[{"href":"https:\/\/www.mcallenflatware.com\/es\/wp-json\/wp\/v2\/product\/958","targetHints":{"allow":["GET"]}}],"collection":[{"href":"https:\/\/www.mcallenflatware.com\/es\/wp-json\/wp\/v2\/product"}],"about":[{"href":"https:\/\/www.mcallenflatware.com\/es\/wp-json\/wp\/v2\/types\/product"}],"wp:featuredmedia":[{"embeddable":true,"href":"https:\/\/www.mcallenflatware.com\/es\/wp-json\/wp\/v2\/media\/962"}],"wp:attachment":[{"href":"https:\/\/www.mcallenflatware.com\/es\/wp-json\/wp\/v2\/media?parent=958"}],"wp:term":[{"taxonomy":"product_brand","embeddable":true,"href":"https:\/\/www.mcallenflatware.com\/es\/wp-json\/wp\/v2\/product_brand?post=958"},{"taxonomy":"product_cat","embeddable":true,"href":"https:\/\/www.mcallenflatware.com\/es\/wp-json\/wp\/v2\/product_cat?post=958"},{"taxonomy":"product_tag","embeddable":true,"href":"https:\/\/www.mcallenflatware.com\/es\/wp-json\/wp\/v2\/product_tag?post=958"}],"curies":[{"name":"wp","href":"https:\/\/api.w.org\/{rel}","templated":true}]}}