{"id":960,"date":"2024-11-12T11:15:54","date_gmt":"2024-11-12T11:15:54","guid":{"rendered":"https:\/\/www.mcallenflatware.com\/?post_type=product&#038;p=960"},"modified":"2024-11-12T11:22:07","modified_gmt":"2024-11-12T11:22:07","slug":"wholesale-sauce-cups","status":"publish","type":"product","link":"https:\/\/www.mcallenflatware.com\/es\/product\/wholesale-sauce-cups\/","title":{"rendered":"Mayorista Vasos para Salsas 1.5oz 2.5oz 4oz Vasos de Acero Inoxidable para Condimentos"},"content":{"rendered":"<h2 class=\"wp-block-heading\">Caracter\u00edsticas:<\/h2>\n\n\n\n<div class=\"wp-block-columns is-layout-flex wp-container-core-columns-is-layout-9d6595d7 wp-block-columns-is-layout-flex\">\n<div class=\"wp-block-column is-layout-flow wp-block-column-is-layout-flow\" style=\"flex-basis:66.66%\">\n<p><strong>M\u00faltiples opciones de volumen<\/strong><br>Los tama\u00f1os de 1,5 onzas, 2,5 onzas y 4 onzas satisfacen las diferentes necesidades de raciones para salsas y guarniciones.<\/p>\n\n\n\n<p><strong>Material de alta calidad<\/strong><br>Fabricado en acero inoxidable de calidad alimentaria para una excelente resistencia a la corrosi\u00f3n y durabilidad.<\/p>\n\n\n\n<p><strong>Almacenamiento apilable<\/strong><br>Los vasos est\u00e1n dise\u00f1ados para apilarlos f\u00e1cilmente y ahorrar espacio en las cocinas dom\u00e9sticas y comerciales.<\/p>\n\n\n\n<p><strong>F\u00e1cil de limpiar y mantener<\/strong><br>Superficie lisa, no es f\u00e1cil que queden restos de comida, se puede aclarar directamente con agua o meter en el lavavajillas.<\/p>\n\n\n\n<p><strong>Versatilidad<\/strong><br>Puede utilizarse para condimentos, salsas para mojar, ali\u00f1os para ensaladas, salsas de acompa\u00f1amiento y muchos otros usos.<\/p>\n<\/div>\n\n\n\n<div class=\"wp-block-column is-layout-flow wp-block-column-is-layout-flow\" style=\"flex-basis:33.33%\">\n<figure class=\"wp-block-image size-full\"><img decoding=\"async\" width=\"679\" height=\"641\" src=\"https:\/\/www.mcallenflatware.com\/wp-content\/uploads\/2024\/11\/Wholesale-Sauce-Cups-2.webp\" alt=\"Venta al por mayor-Sauce-Cups (2)\" class=\"wp-image-967\" srcset=\"https:\/\/www.mcallenflatware.com\/wp-content\/uploads\/2024\/11\/Wholesale-Sauce-Cups-2.webp 679w, https:\/\/www.mcallenflatware.com\/wp-content\/uploads\/2024\/11\/Wholesale-Sauce-Cups-2-600x566.webp 600w\" sizes=\"(max-width: 679px) 100vw, 679px\" \/><\/figure>\n<\/div>\n<\/div>\n\n\n\n<p><\/p>","protected":false},"excerpt":{"rendered":"<p>Estas tazas de salsa al por mayor vienen en tres capacidades diferentes 1,5 oz, 2,5 oz, y 4 oz tazas de condimentos de acero inoxidable para una variedad de aderezos y salsas. Ya sea para uso dom\u00e9stico o servicio de comida comercial, estas tazas de condimentos de alta calidad son ideales. Se aceptan consultas.<\/p>\n<h2>Atributos de las tazas de salsa<\/h2>\n<p><strong>Marca:<\/strong> Mcallen<br \/><strong>Material:<\/strong> Acero inoxidable<br \/><strong>Tama\u00f1o:<\/strong>1.5oz,2.5oz,4.0oz<br \/><strong>Plazo de entrega de la muestra:<\/strong> En 3 d\u00edas<br \/><strong>OEM\/ODM:<\/strong> Disponible<\/p>\n<h2>Vasos para salsas personalizados:<\/h2>\n<p><strong>Acero inoxidable:<\/strong> Acero inoxidable 18\/10, 304, 316, 410, 430, 420<br \/><strong>Logotipo:<\/strong> Grabado por l\u00e1ser, serigraf\u00eda, impresi\u00f3n UV, impresi\u00f3n por transferencia t\u00e9rmica, gofrado, etc.<br \/><strong>Acabados superficiales:<\/strong> Pulido espejo, mate, pulido al agua, capa de titanio<br \/><strong>Embalaje:<\/strong> A granel, bolsa opp, caja de color, caja de regalo, personalizado<\/p>","protected":false},"featured_media":966,"template":"","meta":[],"product_brand":[],"product_cat":[24,31],"product_tag":[],"class_list":{"0":"post-960","1":"product","2":"type-product","3":"status-publish","4":"has-post-thumbnail","6":"product_cat-wholesale-kitchen-utensils","7":"product_cat-wholesale-serving-utensils","9":"first","10":"instock","11":"shipping-taxable","12":"product-type-simple"},"_links":{"self":[{"href":"https:\/\/www.mcallenflatware.com\/es\/wp-json\/wp\/v2\/product\/960","targetHints":{"allow":["GET"]}}],"collection":[{"href":"https:\/\/www.mcallenflatware.com\/es\/wp-json\/wp\/v2\/product"}],"about":[{"href":"https:\/\/www.mcallenflatware.com\/es\/wp-json\/wp\/v2\/types\/product"}],"wp:featuredmedia":[{"embeddable":true,"href":"https:\/\/www.mcallenflatware.com\/es\/wp-json\/wp\/v2\/media\/966"}],"wp:attachment":[{"href":"https:\/\/www.mcallenflatware.com\/es\/wp-json\/wp\/v2\/media?parent=960"}],"wp:term":[{"taxonomy":"product_brand","embeddable":true,"href":"https:\/\/www.mcallenflatware.com\/es\/wp-json\/wp\/v2\/product_brand?post=960"},{"taxonomy":"product_cat","embeddable":true,"href":"https:\/\/www.mcallenflatware.com\/es\/wp-json\/wp\/v2\/product_cat?post=960"},{"taxonomy":"product_tag","embeddable":true,"href":"https:\/\/www.mcallenflatware.com\/es\/wp-json\/wp\/v2\/product_tag?post=960"}],"curies":[{"name":"wp","href":"https:\/\/api.w.org\/{rel}","templated":true}]}}