{"id":965,"date":"2024-11-12T01:45:41","date_gmt":"2024-11-12T01:45:41","guid":{"rendered":"https:\/\/www.mcallenflatware.com\/?post_type=product&#038;p=965"},"modified":"2024-11-13T12:51:37","modified_gmt":"2024-11-13T12:51:37","slug":"custom-travel-cutlery-set","status":"publish","type":"product","link":"https:\/\/www.mcallenflatware.com\/es\/product\/custom-travel-cutlery-set\/","title":{"rendered":"Juego de cubiertos de viaje personalizados Cuchara y tenedor port\u00e1tiles de acero inoxidable con caja"},"content":{"rendered":"<h2 class=\"wp-block-heading\"> Juego de cubiertos de viaje Caracter\u00edsticas:<\/h2>\n\n\n\n<div class=\"wp-block-columns is-layout-flex wp-container-core-columns-is-layout-9d6595d7 wp-block-columns-is-layout-flex\">\n<div class=\"wp-block-column is-layout-flow wp-block-column-is-layout-flow\" style=\"flex-basis:66.66%\">\n<p><strong>Dise\u00f1o port\u00e1til<br><\/strong>Equipado con un tenedor de acero inoxidable, una cuchara, palillos y una caja de pl\u00e1stico, es c\u00f3modo y ligero, apto para viajes, camping, oficina y cenas.<\/p>\n\n\n\n<p><strong>Material ecol\u00f3gico de acero inoxidable<\/strong><br>Acero inoxidable de calidad alimentaria, el material es seguro, resistente al desgaste y f\u00e1cil de limpiar<\/p>\n\n\n\n<p><strong>Aspecto elegante<\/strong><br>Dise\u00f1o moderno y minimalista, disponible en varios colores populares como oro, plata, oro rosa y blanco, que son a la vez bonitos y pr\u00e1cticos.<\/p>\n\n\n\n<p><strong>Personalizaci\u00f3n<\/strong><br>Proporcionamos servicio OEM&amp;ODM, personalizamos el logotipo, el embalaje, el color y creamos juegos de cubiertos especiales.<\/p>\n<\/div>\n\n\n\n<div class=\"wp-block-column is-layout-flow wp-block-column-is-layout-flow\" style=\"flex-basis:33.33%\">\n<figure class=\"wp-block-image size-full\"><img decoding=\"async\" width=\"800\" height=\"800\" src=\"https:\/\/www.mcallenflatware.com\/wp-content\/uploads\/2024\/11\/Custom-Travel-Cutlery-Set-3.webp\" alt=\"Juego de 3 cubiertos de viaje personalizados\" class=\"wp-image-973\" srcset=\"https:\/\/www.mcallenflatware.com\/wp-content\/uploads\/2024\/11\/Custom-Travel-Cutlery-Set-3.webp 800w, https:\/\/www.mcallenflatware.com\/wp-content\/uploads\/2024\/11\/Custom-Travel-Cutlery-Set-3-150x150.webp 150w, https:\/\/www.mcallenflatware.com\/wp-content\/uploads\/2024\/11\/Custom-Travel-Cutlery-Set-3-768x768.webp 768w, https:\/\/www.mcallenflatware.com\/wp-content\/uploads\/2024\/11\/Custom-Travel-Cutlery-Set-3-600x600.webp 600w, https:\/\/www.mcallenflatware.com\/wp-content\/uploads\/2024\/11\/Custom-Travel-Cutlery-Set-3-300x300.webp 300w, https:\/\/www.mcallenflatware.com\/wp-content\/uploads\/2024\/11\/Custom-Travel-Cutlery-Set-3-100x100.webp 100w\" sizes=\"(max-width: 800px) 100vw, 800px\" \/><\/figure>\n<\/div>\n<\/div>","protected":false},"excerpt":{"rendered":"<p>Juego de cubiertos de viaje personalizados, compuesto por un tenedor, una cuchara y unos palillos de acero inoxidable de alta calidad, aptos para camping, oficina y comedor. M\u00faltiples opciones de color, logotipo personalizable, embalaje, color. Venta directa de f\u00e1brica, precio al por mayor disponible. \u00a1Bienvenido a preguntar!<\/p>\n<h2>Juego de cubiertos de viaje Atributos<\/h2>\n<p><strong>Marca:<\/strong> Mcallen<br \/><strong>Material:<\/strong> Acero inoxidable<br \/><strong>Color:<\/strong> Plata\/Oro\/Rosa\/Negro<br \/><strong>Pulido:<\/strong> Pulido espejo<br \/><strong>Dise\u00f1o:<\/strong>\u00a0 Cuchara, tenedor y palillos en caja de pl\u00e1stico<br \/><strong>Plazo de entrega de la muestra:<\/strong> En 3 d\u00edas<br \/><strong>OEM\/ODM:<\/strong> Disponible<\/p>\n<h2>Juego de cubiertos de viaje personalizados:<\/h2>\n<p><strong>Acero inoxidable:<\/strong> Acero inoxidable 18\/10, 304, 316, 410, 430, 420<br \/><strong>Logotipo:<\/strong> Grabado por l\u00e1ser, serigraf\u00eda, impresi\u00f3n UV, impresi\u00f3n por transferencia t\u00e9rmica, gofrado, etc.<br \/><strong>Embalaje:<\/strong> 4\/8\/12\/16\/20\/24\/45\/48\/72pcs set<br \/><strong>Acabados superficiales:<\/strong> Pulido espejo, mate, pulido al agua, capa de titanio<br \/><strong>Embalaje:<\/strong> A granel, bolsa opp, caja de color, caja de regalo, personalizado<\/p>","protected":false},"featured_media":971,"template":"","meta":[],"product_brand":[],"product_cat":[23,27],"product_tag":[],"class_list":{"0":"post-965","1":"product","2":"type-product","3":"status-publish","4":"has-post-thumbnail","6":"product_cat-wholesale-flatware","7":"product_cat-custom-portable-cutlery-set","9":"first","10":"instock","11":"shipping-taxable","12":"product-type-simple"},"_links":{"self":[{"href":"https:\/\/www.mcallenflatware.com\/es\/wp-json\/wp\/v2\/product\/965","targetHints":{"allow":["GET"]}}],"collection":[{"href":"https:\/\/www.mcallenflatware.com\/es\/wp-json\/wp\/v2\/product"}],"about":[{"href":"https:\/\/www.mcallenflatware.com\/es\/wp-json\/wp\/v2\/types\/product"}],"wp:featuredmedia":[{"embeddable":true,"href":"https:\/\/www.mcallenflatware.com\/es\/wp-json\/wp\/v2\/media\/971"}],"wp:attachment":[{"href":"https:\/\/www.mcallenflatware.com\/es\/wp-json\/wp\/v2\/media?parent=965"}],"wp:term":[{"taxonomy":"product_brand","embeddable":true,"href":"https:\/\/www.mcallenflatware.com\/es\/wp-json\/wp\/v2\/product_brand?post=965"},{"taxonomy":"product_cat","embeddable":true,"href":"https:\/\/www.mcallenflatware.com\/es\/wp-json\/wp\/v2\/product_cat?post=965"},{"taxonomy":"product_tag","embeddable":true,"href":"https:\/\/www.mcallenflatware.com\/es\/wp-json\/wp\/v2\/product_tag?post=965"}],"curies":[{"name":"wp","href":"https:\/\/api.w.org\/{rel}","templated":true}]}}