{"id":970,"date":"2024-11-12T12:20:33","date_gmt":"2024-11-12T12:20:33","guid":{"rendered":"https:\/\/www.mcallenflatware.com\/?post_type=product&#038;p=970"},"modified":"2024-11-12T12:20:34","modified_gmt":"2024-11-12T12:20:34","slug":"custom-bar-spoon","status":"publish","type":"product","link":"https:\/\/www.mcallenflatware.com\/es\/product\/custom-bar-spoon\/","title":{"rendered":"Cuchara de bar personalizada Cucharas de c\u00f3ctel de acero inoxidable"},"content":{"rendered":"<h2 class=\"wp-block-heading\">Cuchara de bar Caracter\u00edsticas:<\/h2>\n\n\n\n<div class=\"wp-block-columns is-layout-flex wp-container-core-columns-is-layout-9d6595d7 wp-block-columns-is-layout-flex\">\n<div class=\"wp-block-column is-layout-flow wp-block-column-is-layout-flow\" style=\"flex-basis:66.66%\">\n<p><strong>Varias longitudes<\/strong><br>30 cm, 40 cm y 50 cm, adecuados para diferentes tama\u00f1os de vasos y jarras para satisfacer las diversas necesidades de los camareros.<\/p>\n\n\n\n<p><strong>Material de acero inoxidable de alta calidad<\/strong><br>Resistente a la corrosi\u00f3n y al \u00f3xido, duradero, f\u00e1cil de limpiar y sin olor residual.<\/p>\n\n\n\n<p><strong>Asa espiral cl\u00e1sica<\/strong><br>Dise\u00f1o en espiral, la proporci\u00f3n de grosor adecuada para facilitar una mezcla r\u00e1pida y estable, y al mismo tiempo un agarre c\u00f3modo, no es f\u00e1cil que resbale.<\/p>\n\n\n\n<p><strong>Aspecto exquisito<\/strong><br>La superficie pulida y el brillo met\u00e1lico realzan el sentido profesional de la cocteler\u00eda y la est\u00e9tica.<\/p>\n\n\n\n<p><strong>Aplicaciones multifuncionales<br><\/strong>Estas cucharas de bar pueden utilizarse para remover, romper el hielo y desviar otras bebidas, adem\u00e1s de para mezclar c\u00f3cteles.<\/p>\n\n\n\n<p><strong>F\u00e1cil de limpiar<\/strong><br>Superficie lisa, puede enjuagarse directamente con agua o limpiarse en el lavavajillas.<\/p>\n<\/div>\n\n\n\n<div class=\"wp-block-column is-layout-flow wp-block-column-is-layout-flow\" style=\"flex-basis:33.33%\">\n<figure class=\"wp-block-image size-full\"><img decoding=\"async\" width=\"750\" height=\"824\" src=\"https:\/\/www.mcallenflatware.com\/wp-content\/uploads\/2024\/11\/Custom-Bar-Spoons-5.webp\" alt=\"Custom-Bar-Spoons (5)\" class=\"wp-image-983\" srcset=\"https:\/\/www.mcallenflatware.com\/wp-content\/uploads\/2024\/11\/Custom-Bar-Spoons-5.webp 750w, https:\/\/www.mcallenflatware.com\/wp-content\/uploads\/2024\/11\/Custom-Bar-Spoons-5-600x659.webp 600w\" sizes=\"(max-width: 750px) 100vw, 750px\" \/><\/figure>\n<\/div>\n<\/div>","protected":false},"excerpt":{"rendered":"<p>Con varias opciones de longitud, esta cuchara de bar personalizada est\u00e1 dise\u00f1ada para la preparaci\u00f3n de c\u00f3cteles. La cuchara mezcladora est\u00e1 fabricada en acero inoxidable de alta calidad y el dise\u00f1o cl\u00e1sico del mango en espiral facilita la mezcla r\u00e1pida y garantiza que las bebidas queden bien mezcladas. Ideal para bares, restaurantes y uso dom\u00e9stico.<\/p>\n<h2>Atributos de la cuchara de bar<\/h2>\n<p><strong>Marca:<\/strong> Mcallen<br \/><strong>Material:<\/strong> Acero inoxidable<br \/><strong>Color:<\/strong> Plata, oro, chapado negro, cobre<br \/><strong>Longitud:<\/strong> 30 cm, 40 cm, 50 cm<br \/><strong>Pulido:<\/strong> Pulido espejo<br \/><strong>Plazo de entrega de la muestra:<\/strong> En 3 d\u00edas<br \/><strong>OEM\/ODM:<\/strong> Disponible<\/p>\n<h2>Cucharas de bar personalizadas:<\/h2>\n<p><strong>Acero inoxidable:<\/strong> Acero inoxidable 18\/10, 304, 316, 410, 430, 420<br \/><strong>Logotipo:<\/strong> Grabado por l\u00e1ser, serigraf\u00eda, impresi\u00f3n UV, impresi\u00f3n por transferencia t\u00e9rmica, gofrado, etc.<br \/><strong>Acabados superficiales:<\/strong> Pulido espejo, mate.<br \/><strong>Embalaje:<\/strong> A granel, bolsa opp, caja de color, caja de regalo, personalizado<\/p>","protected":false},"featured_media":1015,"template":"","meta":[],"product_brand":[],"product_cat":[26,34],"product_tag":[],"class_list":{"0":"post-970","1":"product","2":"type-product","3":"status-publish","4":"has-post-thumbnail","6":"product_cat-wholesale-bar-supplies-tools","7":"product_cat-custom-bar-spoon","9":"first","10":"instock","11":"shipping-taxable","12":"product-type-simple"},"_links":{"self":[{"href":"https:\/\/www.mcallenflatware.com\/es\/wp-json\/wp\/v2\/product\/970","targetHints":{"allow":["GET"]}}],"collection":[{"href":"https:\/\/www.mcallenflatware.com\/es\/wp-json\/wp\/v2\/product"}],"about":[{"href":"https:\/\/www.mcallenflatware.com\/es\/wp-json\/wp\/v2\/types\/product"}],"wp:featuredmedia":[{"embeddable":true,"href":"https:\/\/www.mcallenflatware.com\/es\/wp-json\/wp\/v2\/media\/1015"}],"wp:attachment":[{"href":"https:\/\/www.mcallenflatware.com\/es\/wp-json\/wp\/v2\/media?parent=970"}],"wp:term":[{"taxonomy":"product_brand","embeddable":true,"href":"https:\/\/www.mcallenflatware.com\/es\/wp-json\/wp\/v2\/product_brand?post=970"},{"taxonomy":"product_cat","embeddable":true,"href":"https:\/\/www.mcallenflatware.com\/es\/wp-json\/wp\/v2\/product_cat?post=970"},{"taxonomy":"product_tag","embeddable":true,"href":"https:\/\/www.mcallenflatware.com\/es\/wp-json\/wp\/v2\/product_tag?post=970"}],"curies":[{"name":"wp","href":"https:\/\/api.w.org\/{rel}","templated":true}]}}