{"id":976,"date":"2024-11-11T13:11:51","date_gmt":"2024-11-11T13:11:51","guid":{"rendered":"https:\/\/www.mcallenflatware.com\/?post_type=product&#038;p=976"},"modified":"2024-11-11T13:11:52","modified_gmt":"2024-11-11T13:11:52","slug":"bulk-portable-cutlery-set-stainless-steel","status":"publish","type":"product","link":"https:\/\/www.mcallenflatware.com\/es\/product\/bulk-portable-cutlery-set-stainless-steel\/","title":{"rendered":"Juego de cubiertos port\u00e1til a granel de acero inoxidable con bolsa de cremallera"},"content":{"rendered":"<h2 class=\"wp-block-heading\">Juego de cubiertos port\u00e1til Caracter\u00edsticas:<\/h2>\n\n\n\n<div class=\"wp-block-columns is-layout-flex wp-container-core-columns-is-layout-9d6595d7 wp-block-columns-is-layout-flex\">\n<div class=\"wp-block-column is-layout-flow wp-block-column-is-layout-flow\" style=\"flex-basis:66.66%\">\n<p><strong>Dise\u00f1o port\u00e1til<\/strong><br>El juego de cubiertos con cuchara, tenedor, cuchillo, pinza para servir, plato de cena, etc. es peque\u00f1o y port\u00e1til, y se puede guardar en una bolsa con cremallera para mantenerlo limpio, adecuado para viajes, picnics y actividades al aire libre.<\/p>\n\n\n\n<p><strong>Material seguro y de alta calidad<\/strong><br>Material de acero inoxidable 304, resistente a la corrosi\u00f3n, a prueba de \u00f3xido, no t\u00f3xico y seguro.<\/p>\n\n\n\n<p><strong>No se mancha f\u00e1cilmente, f\u00e1cil de limpiar<\/strong><br>La superficie de acero inoxidable es lisa y muy f\u00e1cil de limpiar, y se puede lavar en el lavavajillas.<\/p>\n\n\n\n<p><strong>Aspecto moderno<\/strong><br>El estilo del dise\u00f1o es sencillo y moderno, adecuado para diferentes ocasiones, y el aspecto es moderno.<\/p>\n\n\n\n<p><strong>Opciones de personalizaci\u00f3n<\/strong><br>Apoyar juego de cubiertos personalizados o bolsas para satisfacer las necesidades personalizadas, que es una opci\u00f3n ideal para regalos de empresa, recuerdos o regalos especiales.<\/p>\n<\/div>\n\n\n\n<div class=\"wp-block-column is-layout-flow wp-block-column-is-layout-flow\" style=\"flex-basis:33.33%\">\n<figure class=\"wp-block-image size-full\"><img decoding=\"async\" width=\"800\" height=\"800\" src=\"https:\/\/www.mcallenflatware.com\/wp-content\/uploads\/2024\/11\/Bulk-Portable-Cutlery-Set-.webp\" alt=\"Juego de cubiertos port\u00e1tiles a granel\" class=\"wp-image-984\" srcset=\"https:\/\/www.mcallenflatware.com\/wp-content\/uploads\/2024\/11\/Bulk-Portable-Cutlery-Set-.webp 800w, https:\/\/www.mcallenflatware.com\/wp-content\/uploads\/2024\/11\/Bulk-Portable-Cutlery-Set--150x150.webp 150w, https:\/\/www.mcallenflatware.com\/wp-content\/uploads\/2024\/11\/Bulk-Portable-Cutlery-Set--768x768.webp 768w, https:\/\/www.mcallenflatware.com\/wp-content\/uploads\/2024\/11\/Bulk-Portable-Cutlery-Set--600x600.webp 600w, https:\/\/www.mcallenflatware.com\/wp-content\/uploads\/2024\/11\/Bulk-Portable-Cutlery-Set--300x300.webp 300w, https:\/\/www.mcallenflatware.com\/wp-content\/uploads\/2024\/11\/Bulk-Portable-Cutlery-Set--100x100.webp 100w\" sizes=\"(max-width: 800px) 100vw, 800px\" \/><\/figure>\n<\/div>\n<\/div>","protected":false},"excerpt":{"rendered":"<p>Nuestro juego de cubiertos port\u00e1til a granel con bolsa de cremallera para camping y viajes al aire libre. Equipado con cuchara de acero inoxidable, tenedor, cuchillo, clip de servir, plato de cena. \u00a1Desde la f\u00e1brica de Mcallen, proporcionar soluciones personalizadas y al por mayor juego de cubiertos precio de f\u00e1brica, bienvenido a preguntar!<\/p>\n<h2>Juego de cubiertos port\u00e1til Atributos<\/h2>\n<p><strong>Marca:<\/strong> Mcallen<br \/><strong>Material:<\/strong> Acero inoxidable<br \/><strong>Color:<\/strong> Plata\/Oro<br \/><strong>Pulido:<\/strong> Pulido espejo<br \/><strong>Dise\u00f1o:<\/strong>\u00a0 con bolsa port\u00e1til con cremallera<br \/><strong>Plazo de entrega de la muestra:<\/strong> En 3 d\u00edas<br \/><strong>OEM\/ODM:<\/strong> Disponible<\/p>\n<h2>Juego de cubiertos port\u00e1til personalizado:<\/h2>\n<p><strong>Acero inoxidable:<\/strong> Acero inoxidable 18\/10, 304, 316, 410, 430, 420<br \/><strong>Logotipo:<\/strong> Grabado por l\u00e1ser, serigraf\u00eda, impresi\u00f3n UV, impresi\u00f3n por transferencia t\u00e9rmica, gofrado, etc.<br \/><strong>Embalaje:<\/strong> 4\/8\/12\/16\/20\/24\/45\/48\/72pcs set<br \/><strong>Acabados superficiales:<\/strong> Pulido espejo, mate, pulido al agua, capa de titanio<br \/><strong>Embalaje:<\/strong> A granel, bolsa opp, caja de color, caja de regalo, personalizado<\/p>","protected":false},"featured_media":984,"template":"","meta":[],"product_brand":[],"product_cat":[23,27],"product_tag":[],"class_list":{"0":"post-976","1":"product","2":"type-product","3":"status-publish","4":"has-post-thumbnail","6":"product_cat-wholesale-flatware","7":"product_cat-custom-portable-cutlery-set","9":"first","10":"instock","11":"shipping-taxable","12":"product-type-simple"},"_links":{"self":[{"href":"https:\/\/www.mcallenflatware.com\/es\/wp-json\/wp\/v2\/product\/976","targetHints":{"allow":["GET"]}}],"collection":[{"href":"https:\/\/www.mcallenflatware.com\/es\/wp-json\/wp\/v2\/product"}],"about":[{"href":"https:\/\/www.mcallenflatware.com\/es\/wp-json\/wp\/v2\/types\/product"}],"wp:featuredmedia":[{"embeddable":true,"href":"https:\/\/www.mcallenflatware.com\/es\/wp-json\/wp\/v2\/media\/984"}],"wp:attachment":[{"href":"https:\/\/www.mcallenflatware.com\/es\/wp-json\/wp\/v2\/media?parent=976"}],"wp:term":[{"taxonomy":"product_brand","embeddable":true,"href":"https:\/\/www.mcallenflatware.com\/es\/wp-json\/wp\/v2\/product_brand?post=976"},{"taxonomy":"product_cat","embeddable":true,"href":"https:\/\/www.mcallenflatware.com\/es\/wp-json\/wp\/v2\/product_cat?post=976"},{"taxonomy":"product_tag","embeddable":true,"href":"https:\/\/www.mcallenflatware.com\/es\/wp-json\/wp\/v2\/product_tag?post=976"}],"curies":[{"name":"wp","href":"https:\/\/api.w.org\/{rel}","templated":true}]}}