{"id":985,"date":"2024-11-12T12:37:56","date_gmt":"2024-11-12T12:37:56","guid":{"rendered":"https:\/\/www.mcallenflatware.com\/?post_type=product&#038;p=985"},"modified":"2024-11-12T12:37:57","modified_gmt":"2024-11-12T12:37:57","slug":"wholesale-stirring-spoon","status":"publish","type":"product","link":"https:\/\/www.mcallenflatware.com\/es\/product\/wholesale-stirring-spoon\/","title":{"rendered":"Mayorista Cuchara Agitadora Acero Inoxidable Cucharas Largas para Mezclar Bebidas"},"content":{"rendered":"<h2 class=\"wp-block-heading\">Cuchara agitadora Caracter\u00edsticas:<\/h2>\n\n\n\n<div class=\"wp-block-columns is-layout-flex wp-container-core-columns-is-layout-9d6595d7 wp-block-columns-is-layout-flex\">\n<div class=\"wp-block-column is-layout-flow wp-block-column-is-layout-flow\" style=\"flex-basis:66.66%\">\n<p><strong>Ligero y duradero<\/strong><br>El material resistente y el dise\u00f1o ligero hacen que sea f\u00e1cil remover una gran variedad de bebidas sin perder la forma.<\/p>\n\n\n\n<p><strong>Material de acero inoxidable de alta calidad<\/strong><br>Resistente a la corrosi\u00f3n y al \u00f3xido, duradero, f\u00e1cil de limpiar y sin olor residual.<\/p>\n\n\n\n<p><strong>Dise\u00f1o colorido<\/strong><br>Una variedad de opciones de color hace que la cuchara mezcladora sea m\u00e1s reconocible y visualmente atractiva para una decoraci\u00f3n personalizada.<\/p>\n\n\n\n<p><strong>Aplicaci\u00f3n multifuncional<\/strong><br>Adecuado para caf\u00e9, t\u00e9, c\u00f3cteles, zumos y otras bebidas, para satisfacer las necesidades de mezcla de diferentes bebidas.<\/p>\n\n\n\n<p><strong>Ergon\u00f3mico<\/strong><br>Mango fino, f\u00e1cil de agarrar y remover, adecuado para el uso diario frecuente.<\/p>\n\n\n\n<p><strong>F\u00e1cil de limpiar<\/strong><br>Superficie lisa, puede enjuagarse directamente con agua o limpiarse en el lavavajillas.<\/p>\n<\/div>\n\n\n\n<div class=\"wp-block-column is-layout-flow wp-block-column-is-layout-flow\" style=\"flex-basis:33.33%\">\n<figure class=\"wp-block-image size-full\"><img decoding=\"async\" width=\"800\" height=\"800\" src=\"https:\/\/www.mcallenflatware.com\/wp-content\/uploads\/2024\/11\/Wholesale-Stirring-Spoon.webp\" alt=\"Mayorista-Stirring-Spoon\" class=\"wp-image-986\" srcset=\"https:\/\/www.mcallenflatware.com\/wp-content\/uploads\/2024\/11\/Wholesale-Stirring-Spoon.webp 800w, https:\/\/www.mcallenflatware.com\/wp-content\/uploads\/2024\/11\/Wholesale-Stirring-Spoon-150x150.webp 150w, https:\/\/www.mcallenflatware.com\/wp-content\/uploads\/2024\/11\/Wholesale-Stirring-Spoon-768x768.webp 768w, https:\/\/www.mcallenflatware.com\/wp-content\/uploads\/2024\/11\/Wholesale-Stirring-Spoon-600x600.webp 600w, https:\/\/www.mcallenflatware.com\/wp-content\/uploads\/2024\/11\/Wholesale-Stirring-Spoon-300x300.webp 300w, https:\/\/www.mcallenflatware.com\/wp-content\/uploads\/2024\/11\/Wholesale-Stirring-Spoon-100x100.webp 100w\" sizes=\"(max-width: 800px) 100vw, 800px\" \/><\/figure>\n<\/div>\n<\/div>","protected":false},"excerpt":{"rendered":"<p>Esta colorida cuchara para remover bebidas es ideal para remover bebidas como caf\u00e9, t\u00e9, c\u00f3cteles y zumos. Fabricada en acero inoxidable de alta calidad, tiene un mango fino y ligero. Venta directa de f\u00e1brica, el mejor descuento para la costumbre a granel, bienvenido a consultar para obtener m\u00e1s informaci\u00f3n de precios.<\/p>\n<h2>Atributos de la cuchara agitadora<\/h2>\n<p><strong>Marca:<\/strong> Mcallen<br \/><strong>Material:<\/strong> Acero inoxidable<br \/><strong>Color:<\/strong> Plata, oro, chapado en negro, cobre o personalizable<br \/><strong>Pulido:<\/strong> Pulido espejo<br \/><strong>Plazo de entrega de la muestra:<\/strong> En 3 d\u00edas<br \/><strong>OEM\/ODM:<\/strong> Disponible<\/p>\n<h2>Cuchara agitadora personalizada:<\/h2>\n<p><strong>Acero inoxidable:<\/strong>\u00a0Acero inoxidable 18\/10, 304, 316, 410, 430, 420<br \/><strong>Logotipo:<\/strong>\u00a0Grabado por l\u00e1ser, serigraf\u00eda, impresi\u00f3n UV, impresi\u00f3n por transferencia t\u00e9rmica, gofrado, etc.<br \/><strong>Acabados superficiales:<\/strong>\u00a0Pulido espejo, mate.<br \/><strong>Embalaje:<\/strong>\u00a0A granel, bolsa opp, caja de color, caja de regalo, personalizado<\/p>","protected":false},"featured_media":986,"template":"","meta":[],"product_brand":[],"product_cat":[26,34],"product_tag":[],"class_list":{"0":"post-985","1":"product","2":"type-product","3":"status-publish","4":"has-post-thumbnail","6":"product_cat-wholesale-bar-supplies-tools","7":"product_cat-custom-bar-spoon","9":"first","10":"instock","11":"shipping-taxable","12":"product-type-simple"},"_links":{"self":[{"href":"https:\/\/www.mcallenflatware.com\/es\/wp-json\/wp\/v2\/product\/985","targetHints":{"allow":["GET"]}}],"collection":[{"href":"https:\/\/www.mcallenflatware.com\/es\/wp-json\/wp\/v2\/product"}],"about":[{"href":"https:\/\/www.mcallenflatware.com\/es\/wp-json\/wp\/v2\/types\/product"}],"wp:featuredmedia":[{"embeddable":true,"href":"https:\/\/www.mcallenflatware.com\/es\/wp-json\/wp\/v2\/media\/986"}],"wp:attachment":[{"href":"https:\/\/www.mcallenflatware.com\/es\/wp-json\/wp\/v2\/media?parent=985"}],"wp:term":[{"taxonomy":"product_brand","embeddable":true,"href":"https:\/\/www.mcallenflatware.com\/es\/wp-json\/wp\/v2\/product_brand?post=985"},{"taxonomy":"product_cat","embeddable":true,"href":"https:\/\/www.mcallenflatware.com\/es\/wp-json\/wp\/v2\/product_cat?post=985"},{"taxonomy":"product_tag","embeddable":true,"href":"https:\/\/www.mcallenflatware.com\/es\/wp-json\/wp\/v2\/product_tag?post=985"}],"curies":[{"name":"wp","href":"https:\/\/api.w.org\/{rel}","templated":true}]}}