{"id":994,"date":"2024-11-12T03:18:20","date_gmt":"2024-11-12T03:18:20","guid":{"rendered":"https:\/\/www.mcallenflatware.com\/?post_type=product&#038;p=994"},"modified":"2024-11-13T07:59:34","modified_gmt":"2024-11-13T07:59:34","slug":"custom-camping-flatware","status":"publish","type":"product","link":"https:\/\/www.mcallenflatware.com\/es\/product\/custom-camping-flatware\/","title":{"rendered":"Cubiertos de camping personalizados Acero inoxidable 3 en 1 con bolsa"},"content":{"rendered":"<div class=\"wp-block-columns is-layout-flex wp-container-core-columns-is-layout-9d6595d7 wp-block-columns-is-layout-flex\">\n<div class=\"wp-block-column is-layout-flow wp-block-column-is-layout-flow\" style=\"flex-basis:66.66%\">\n<h2 class=\"wp-block-heading\">Cubiertos de camping Caracter\u00edsticas:<\/h2>\n\n\n\n<p><strong>Dise\u00f1o pr\u00e1ctico 3 en 1<\/strong><br>El dise\u00f1o de tres piezas de cuchillo, tenedor y cuchara viene con una bolsa de tela, que no es f\u00e1cil de perder. Ligero y c\u00f3modo, adecuado para camping, viajes y uso en la oficina.<\/p>\n\n\n\n<p><strong>Acero inoxidable resistente al desgaste y f\u00e1cil de limpiar<\/strong><br>Fabricado en acero inoxidable 304 de alta calidad, con una superficie lisa y f\u00e1cil de limpiar y un dise\u00f1o minimalista y bonito.<\/p>\n\n\n\n<p><strong>Logotipo personalizable<\/strong><br>Puede personalizar el logotipo en el juego de cubiertos o en el embalaje, lo que ofrece varias opciones de personalizaci\u00f3n para ayudar a la promoci\u00f3n de la marca.<\/p>\n<\/div>\n\n\n\n<div class=\"wp-block-column is-layout-flow wp-block-column-is-layout-flow\" style=\"flex-basis:33.33%\"><div class=\"wp-block-image\">\n<figure class=\"aligncenter size-full\"><img decoding=\"async\" width=\"800\" height=\"800\" src=\"https:\/\/www.mcallenflatware.com\/wp-content\/uploads\/2024\/11\/Custom-Camping-Flatware-1.jpg\" alt=\"Cubiertos de camping personalizados 1\" class=\"wp-image-996\" srcset=\"https:\/\/www.mcallenflatware.com\/wp-content\/uploads\/2024\/11\/Custom-Camping-Flatware-1.jpg 800w, https:\/\/www.mcallenflatware.com\/wp-content\/uploads\/2024\/11\/Custom-Camping-Flatware-1-150x150.jpg 150w, https:\/\/www.mcallenflatware.com\/wp-content\/uploads\/2024\/11\/Custom-Camping-Flatware-1-768x768.jpg 768w, https:\/\/www.mcallenflatware.com\/wp-content\/uploads\/2024\/11\/Custom-Camping-Flatware-1-600x600.jpg 600w, https:\/\/www.mcallenflatware.com\/wp-content\/uploads\/2024\/11\/Custom-Camping-Flatware-1-300x300.jpg 300w, https:\/\/www.mcallenflatware.com\/wp-content\/uploads\/2024\/11\/Custom-Camping-Flatware-1-100x100.jpg 100w\" sizes=\"(max-width: 800px) 100vw, 800px\" \/><\/figure>\n<\/div><\/div>\n<\/div>\n\n\n\n<p><\/p>","protected":false},"excerpt":{"rendered":"<p><span class=\"Editor_t__not_edited__WuRP8\">Nuestra cuberter\u00eda de camping personalizada<\/span><span class=\"Editor_t__not_edited__WuRP8\">\u00a0es\u00a0<\/span><span class=\"Editor_t__added__LtuNJ\">fabricado<\/span><span class=\"Editor_t__not_edited__WuRP8\">\u00a0<\/span><span class=\"Editor_t__added__LtuNJ\">de<\/span><span class=\"Editor_t__not_edited__WuRP8\">\u00a0<\/span><span class=\"Editor_t__added__LtuNJ\">ligero\u00a0<\/span><span class=\"Editor_t__not_edited__WuRP8\">acero inoxidable de calidad alimentaria<\/span><span class=\"Editor_t__not_edited__WuRP8\">\u00a0<\/span><span class=\"Editor_t__not_edited__WuRP8\">y\u00a0<\/span><span class=\"Editor_t__not_edited_long__JuNNx\">viene con una bolsa OPP port\u00e1til para\u00a0<\/span><span class=\"Editor_t__added__LtuNJ\">llevando<\/span><span class=\"Editor_t__not_edited__WuRP8\">\u00a0<\/span><span class=\"Editor_t__added__LtuNJ\">comodidad<\/span><span class=\"Editor_t__not_edited__WuRP8\">. En\u00a0<\/span><span class=\"Editor_t__added__LtuNJ\">suave\u00a0<\/span><span class=\"Editor_t__not_edited__WuRP8\">superficie es\u00a0<\/span><span class=\"Editor_t__added__LtuNJ\">f\u00e1cilmente<\/span><span class=\"Editor_t__not_edited__WuRP8\">\u00a0<\/span><span class=\"Editor_t__added__LtuNJ\">limpiado<\/span><span class=\"Editor_t__not_edited_long__JuNNx\">. Es\u00a0<\/span><span class=\"Editor_t__added__LtuNJ\">a<\/span><span class=\"Editor_t__not_edited__WuRP8\">\u00a0<\/span><span class=\"Editor_t__added__LtuNJ\">muy<\/span><span class=\"Editor_t__not_edited__WuRP8\">\u00a0<\/span><span class=\"Editor_t__added__LtuNJ\">bien\u00a0<\/span><span class=\"Editor_t__not_edited_long__JuNNx\">elecci\u00f3n para acampar en familia y en equipo.<\/span> \u00a1Bienvenido a informarse!<\/p>\n<h2>Cubiertos de camping Atributos<\/h2>\n<p><strong>Marca:<\/strong> Mcallen<br \/><strong>Material:<\/strong> Acero inoxidable<br \/><strong>Color:<\/strong> Plata<br \/><strong>Pulido:<\/strong> Pulido espejo<br \/><strong>Dise\u00f1o:<\/strong>\u00a0 3 en 1, con bolsa<br \/><strong>Plazo de entrega de la muestra:<\/strong> En 3 d\u00edas<br \/><strong>OEM\/ODM:<\/strong> Disponible<\/p>\n<h2>Cubiertos de camping personalizados:<\/h2>\n<p><strong>Acero inoxidable:<\/strong> Acero inoxidable 18\/10, 304, 316, 410, 430, 420<br \/><strong>Logotipo:<\/strong> Grabado por l\u00e1ser, serigraf\u00eda, impresi\u00f3n UV, impresi\u00f3n por transferencia t\u00e9rmica, gofrado, etc.<br \/><strong>Embalaje:<\/strong> 4\/8\/12\/16\/20\/24\/45\/48\/72pcs set<br \/><strong>Acabados superficiales:<\/strong> Pulido espejo, mate, pulido al agua, capa de titanio<br \/><strong>Embalaje:<\/strong> A granel, bolsa opp, caja de color, caja de regalo, personalizado<\/p>","protected":false},"featured_media":996,"template":"","meta":[],"product_brand":[],"product_cat":[23,27],"product_tag":[],"class_list":{"0":"post-994","1":"product","2":"type-product","3":"status-publish","4":"has-post-thumbnail","6":"product_cat-wholesale-flatware","7":"product_cat-custom-portable-cutlery-set","9":"first","10":"instock","11":"shipping-taxable","12":"product-type-simple"},"_links":{"self":[{"href":"https:\/\/www.mcallenflatware.com\/es\/wp-json\/wp\/v2\/product\/994","targetHints":{"allow":["GET"]}}],"collection":[{"href":"https:\/\/www.mcallenflatware.com\/es\/wp-json\/wp\/v2\/product"}],"about":[{"href":"https:\/\/www.mcallenflatware.com\/es\/wp-json\/wp\/v2\/types\/product"}],"wp:featuredmedia":[{"embeddable":true,"href":"https:\/\/www.mcallenflatware.com\/es\/wp-json\/wp\/v2\/media\/996"}],"wp:attachment":[{"href":"https:\/\/www.mcallenflatware.com\/es\/wp-json\/wp\/v2\/media?parent=994"}],"wp:term":[{"taxonomy":"product_brand","embeddable":true,"href":"https:\/\/www.mcallenflatware.com\/es\/wp-json\/wp\/v2\/product_brand?post=994"},{"taxonomy":"product_cat","embeddable":true,"href":"https:\/\/www.mcallenflatware.com\/es\/wp-json\/wp\/v2\/product_cat?post=994"},{"taxonomy":"product_tag","embeddable":true,"href":"https:\/\/www.mcallenflatware.com\/es\/wp-json\/wp\/v2\/product_tag?post=994"}],"curies":[{"name":"wp","href":"https:\/\/api.w.org\/{rel}","templated":true}]}}